{"id":21538,"date":"2025-11-14T11:15:11","date_gmt":"2025-11-14T04:15:11","guid":{"rendered":"https:\/\/web-ban-le.mbws.vn\/giay-dep-nam-nu\/?post_type=product&#038;p=21538"},"modified":"2025-11-14T11:15:50","modified_gmt":"2025-11-14T04:15:50","slug":"giay-nam-lucky-181-giay-sneaker-nam-phoi-luoi-thoang-khi-shoes-cao-su","status":"publish","type":"product","link":"https:\/\/web-ban-le.mbws.vn\/giay-dep-nam-nu\/san-pham\/giay-nam-lucky-181-giay-sneaker-nam-phoi-luoi-thoang-khi-shoes-cao-su\/","title":{"rendered":"Gi\u00e0y Nam Lucky &#8211; 181, Gi\u00e0y Sneaker Nam Ph\u1ed1i L\u01b0\u1edbi Tho\u00e1ng Kh\u00ed Shoes Cao Su"},"content":{"rendered":"<div class=\"e8lZp3\">\n<p class=\"QN2lPu\">Chi ti\u1ebft s\u1ea3n ph\u1ea9m Gi\u00e0y Nam Store<\/p>\n<p class=\"QN2lPu\">\ufe0fXu\u1ea5t x\u1ee9 : Gi\u00e0y Qu\u1ea3ng Ch\u00e2u<\/p>\n<p class=\"QN2lPu\">\ufe0fCh\u1ea5t li\u1ec7u : \u0110\u1ebf Cao Su Non, Da PU<\/p>\n<p class=\"QN2lPu\">\ufe0fTh\u00f4ng s\u1ed1 k\u00edch th\u01b0\u1edbc : 39 40 41 42 43 44<\/p>\n<p class=\"QN2lPu\">\ufe0fM\u00e0u s\u1eafc : X\u00e1m<\/p>\n<p class=\"QN2lPu\">\ufe0f M\u00e3 H\u00e0ng : 181<\/p>\n<p class=\"QN2lPu\">C\u00c1CH CH\u1eccN SIZE Gi\u00e0y Sneaker Nam:<\/p>\n<p class=\"QN2lPu\">Chi\u1ec1u d\u00e0i b\u00e0n ch\u00e2n (\u0111o t\u1eeb g\u00f3t ch\u00e2n \u0111\u1ebfn ng\u00f3n c\u00e1i) v\u00e0 Chi\u1ec1u r\u1ed9ng b\u00e0n ch\u00e2n PH\u1ea2I NH\u1ece H\u01a0N KICH TH\u01af\u1edaC T\u01af\u01a0NG \u1ee8NG D\u01af\u1edaI \u0110\u00c2Y:<\/p>\n<p class=\"QN2lPu\">Size 39 chi\u1ec1u d\u00e0i b\u00ean trong Gi\u00e0y 24.5cm, Chi\u1ec1u r\u1ed9ng b\u00ean trong Gi\u00e0y 9.5cm<\/p>\n<p class=\"QN2lPu\">Size 40 chi\u1ec1u d\u00e0i b\u00ean trong Gi\u00e0y 25cm, Chi\u1ec1u r\u1ed9ng b\u00ean trong Gi\u00e0y 9.5cm -10cm<\/p>\n<p class=\"QN2lPu\">Size 41 chi\u1ec1u d\u00e0i b\u00ean trong Gi\u00e0y 25.5cm, Chi\u1ec1u r\u1ed9ng b\u00ean trong Gi\u00e0y 10cm<\/p>\n<p class=\"QN2lPu\">Size 42 chi\u1ec1u d\u00e0i b\u00ean trong Gi\u00e0y 26cm, Chi\u1ec1u r\u1ed9ng b\u00ean trong Gi\u00e0y 10cm &#8211; 10.5cm<\/p>\n<p class=\"QN2lPu\">Size 43 chi\u1ec1u d\u00e0i b\u00ean trong Gi\u00e0y 26.5cm, Chi\u1ec1u r\u1ed9ng b\u00ean trong Gi\u00e0y 10.5cm<\/p>\n<p class=\"QN2lPu\">Size 44 chi\u1ec1u d\u00e0i b\u00ean trong Gi\u00e0y 27cm, Chi\u1ec1u r\u1ed9ng b\u00ean trong Gi\u00e0y 10.5cm -11cm<\/p>\n<p class=\"QN2lPu\">H\u01af\u1edaNG D\u1eaaN B\u1ea2O QU\u1ea2N GI\u00c0Y TH\u1ec2 THAO NAM<\/p>\n<p class=\"QN2lPu\">\ufe0f \u0110\u1ec3 gi\u00e0y \u1edf n\u01a1i kh\u00f4 r\u00e1o tho\u00e1ng m\u00e1t \u0111\u1ec3 gi\u1eef gi\u00e0y \u0111\u01b0\u1ee3c b\u1ec1n \u0111\u1eb9p h\u01a1n<\/p>\n<p class=\"QN2lPu\">\ufe0f V\u1ec7 sinh gi\u00e0y, d\u00f9ng kh\u0103n hay b\u00e0n tr\u1ea3i l\u00f4ng m\u1ec1m \u0111\u1ec3 ch\u1ea3i s\u1ea1ch gi\u00e0y c\u00f9ng v\u1edbi n\u01b0\u1edbc t\u1ea9y r\u1eeda gi\u00e0y chuy\u00ean d\u1ee5ng v\u1edbi da hay da Pu<\/p>\n<p class=\"QN2lPu\">\ufe0f C\u00f3 th\u1ec3 gi\u1eb7t gi\u00e0y c\u00f9ng v\u1edbi ch\u1ea5t t\u1ea9y r\u1eeda nh\u1eb9<\/p>\n<p class=\"QN2lPu\">KHUY\u1ebeN C\u00c1O<\/p>\n<p class=\"QN2lPu\">Kh\u00f4ng d\u00f9ng h\u00f3a ch\u1ea5t hay b\u1ed9t gi\u1eb7t c\u00f3 ho\u1ea1t t\u00ednh t\u1ea9y r\u1eeda m\u1ea1nh<\/p>\n<p class=\"QN2lPu\">Kh\u00f4ng d\u00f9ng b\u00e0n ch\u1ea3i c\u1ee9ng \u0111\u1ec3 v\u1ec7 sinh gi\u00e0y s\u1ebd l\u00e0m h\u01b0<\/p>\n<p class=\"QN2lPu\">Kh\u00f4ng \u0111i m\u01b0a ng\u00e2m n\u01b0\u1edbc l\u00e2u, kh\u00f4ng ph\u01a1i gi\u00e0y tr\u1ef1c ti\u1ebfp d\u01b0\u1edbi ngo\u00e0i tr\u1eddi n\u1eafng g\u1eaft<\/p>\n<p class=\"QN2lPu\">#giaythethao; #giaynam; #giaysneaker; #giaysneakernam; #giaythethaonam; #giaynamsneaker; #giaychaybonam; #giaynamdep; #giaynamthethao; #sneakernam; #giaynamtrang; #giaynamcongso; #giaynamdecao; #giaythethaosneaker; #giaysneakernamtrang; #giaybuocday; #giaycocao; #giaycaoco;<\/p>\n<div class=\"QN2lPu\">\n<div style=\"position: relative; width: 100%; padding-bottom: 119.048%;\"><picture class=\"UkIsx8\"><source srcset=\"https:\/\/down-vn.img.susercontent.com\/file\/sg-11134202-7rdvu-lyxiqbazwv3662@resize_w875_nl.webp 1x, https:\/\/down-vn.img.susercontent.com\/file\/sg-11134202-7rdvu-lyxiqbazwv3662@resize_w1750_nl.webp 2x\" type=\"image\/webp\" class=\"UkIsx8\"><img decoding=\"async\" width=\"875\" loading=\"lazy\" class=\"uXN1L5 lazyload GqYslU\" srcset=\"https:\/\/down-vn.img.susercontent.com\/file\/sg-11134202-7rdvu-lyxiqbazwv3662@resize_w875_nl 1x, https:\/\/down-vn.img.susercontent.com\/file\/sg-11134202-7rdvu-lyxiqbazwv3662@resize_w1750_nl 2x\" src=\"https:\/\/down-vn.img.susercontent.com\/file\/sg-11134202-7rdvu-lyxiqbazwv3662\" height=\"1042\"><\/picture><\/div>\n<\/div>\n<div class=\"QN2lPu\">\n<div style=\"position: relative; width: 100%; padding-bottom: 97.9432%;\"><picture class=\"UkIsx8\"><source srcset=\"https:\/\/down-vn.img.susercontent.com\/file\/sg-11134202-7rdyg-lyxiqbh3mje2ac@resize_w875_nl.webp 1x, https:\/\/down-vn.img.susercontent.com\/file\/sg-11134202-7rdyg-lyxiqbh3mje2ac@resize_w1750_nl.webp 2x\" type=\"image\/webp\" class=\"UkIsx8\"><img decoding=\"async\" width=\"875\" loading=\"lazy\" class=\"uXN1L5 lazyload GqYslU\" srcset=\"https:\/\/down-vn.img.susercontent.com\/file\/sg-11134202-7rdyg-lyxiqbh3mje2ac@resize_w875_nl 1x, https:\/\/down-vn.img.susercontent.com\/file\/sg-11134202-7rdyg-lyxiqbh3mje2ac@resize_w1750_nl 2x\" src=\"https:\/\/down-vn.img.susercontent.com\/file\/sg-11134202-7rdyg-lyxiqbh3mje2ac\" height=\"857\"><\/picture><\/div>\n<\/div>\n<div class=\"QN2lPu\">\n<div style=\"position: relative; width: 100%; padding-bottom: 97.9432%;\"><picture class=\"UkIsx8\"><source srcset=\"https:\/\/down-vn.img.susercontent.com\/file\/sg-11134202-7rdye-lyxiqbl9gfly4e@resize_w875_nl.webp 1x, https:\/\/down-vn.img.susercontent.com\/file\/sg-11134202-7rdye-lyxiqbl9gfly4e@resize_w1750_nl.webp 2x\" type=\"image\/webp\" class=\"UkIsx8\"><img decoding=\"async\" width=\"875\" loading=\"lazy\" class=\"uXN1L5 lazyload GqYslU\" srcset=\"https:\/\/down-vn.img.susercontent.com\/file\/sg-11134202-7rdye-lyxiqbl9gfly4e@resize_w875_nl 1x, https:\/\/down-vn.img.susercontent.com\/file\/sg-11134202-7rdye-lyxiqbl9gfly4e@resize_w1750_nl 2x\" src=\"https:\/\/down-vn.img.susercontent.com\/file\/sg-11134202-7rdye-lyxiqbl9gfly4e\" height=\"857\"><\/picture><\/div>\n<\/div>\n<div class=\"QN2lPu\">\n<div style=\"position: relative; width: 100%; padding-bottom: 89.2061%;\"><picture class=\"UkIsx8\"><source srcset=\"https:\/\/down-vn.img.susercontent.com\/file\/sg-11134202-7rdwj-lyxiqbup2myf09@resize_w875_nl.webp 1x, https:\/\/down-vn.img.susercontent.com\/file\/sg-11134202-7rdwj-lyxiqbup2myf09@resize_w1750_nl.webp 2x\" type=\"image\/webp\" class=\"UkIsx8\"><img decoding=\"async\" width=\"875\" loading=\"lazy\" class=\"uXN1L5 lazyload GqYslU\" srcset=\"https:\/\/down-vn.img.susercontent.com\/file\/sg-11134202-7rdwj-lyxiqbup2myf09@resize_w875_nl 1x, https:\/\/down-vn.img.susercontent.com\/file\/sg-11134202-7rdwj-lyxiqbup2myf09@resize_w1750_nl 2x\" src=\"https:\/\/down-vn.img.susercontent.com\/file\/sg-11134202-7rdwj-lyxiqbup2myf09\" height=\"781\"><\/picture><\/div>\n<\/div>\n<div class=\"QN2lPu\">\n<div style=\"position: relative; width: 100%; padding-bottom: 104.058%;\"><picture class=\"UkIsx8\"><source srcset=\"https:\/\/down-vn.img.susercontent.com\/file\/sg-11134202-7rdxr-lyxiqd9r1boi33@resize_w875_nl.webp 1x, https:\/\/down-vn.img.susercontent.com\/file\/sg-11134202-7rdxr-lyxiqd9r1boi33@resize_w1750_nl.webp 2x\" type=\"image\/webp\" class=\"UkIsx8\"><img decoding=\"async\" width=\"875\" loading=\"lazy\" class=\"uXN1L5 lazyload GqYslU\" srcset=\"https:\/\/down-vn.img.susercontent.com\/file\/sg-11134202-7rdxr-lyxiqd9r1boi33@resize_w875_nl 1x, https:\/\/down-vn.img.susercontent.com\/file\/sg-11134202-7rdxr-lyxiqd9r1boi33@resize_w1750_nl 2x\" src=\"https:\/\/down-vn.img.susercontent.com\/file\/sg-11134202-7rdxr-lyxiqd9r1boi33\" height=\"911\"><\/picture><\/div>\n<\/div>\n<div class=\"QN2lPu\">\n<div style=\"position: relative; width: 100%; padding-bottom: 106.383%;\"><picture class=\"UkIsx8\"><source srcset=\"https:\/\/down-vn.img.susercontent.com\/file\/sg-11134202-7rdw7-lyxiqdgyqrzcc2@resize_w875_nl.webp 1x, https:\/\/down-vn.img.susercontent.com\/file\/sg-11134202-7rdw7-lyxiqdgyqrzcc2@resize_w1750_nl.webp 2x\" type=\"image\/webp\" class=\"UkIsx8\"><img decoding=\"async\" width=\"875\" loading=\"lazy\" class=\"uXN1L5 lazyload GqYslU\" srcset=\"https:\/\/down-vn.img.susercontent.com\/file\/sg-11134202-7rdw7-lyxiqdgyqrzcc2@resize_w875_nl 1x, https:\/\/down-vn.img.susercontent.com\/file\/sg-11134202-7rdw7-lyxiqdgyqrzcc2@resize_w1750_nl 2x\" src=\"https:\/\/down-vn.img.susercontent.com\/file\/sg-11134202-7rdw7-lyxiqdgyqrzcc2\" height=\"931\"><\/picture><\/div>\n<\/div>\n<div class=\"QN2lPu\">\n<div style=\"position: relative; width: 100%; padding-bottom: 81.2348%;\"><picture class=\"UkIsx8\"><source srcset=\"https:\/\/down-vn.img.susercontent.com\/file\/sg-11134202-7rdy4-lyxiqdztxr36aa@resize_w875_nl.webp 1x, https:\/\/down-vn.img.susercontent.com\/file\/sg-11134202-7rdy4-lyxiqdztxr36aa@resize_w1750_nl.webp 2x\" type=\"image\/webp\" class=\"UkIsx8\"><img decoding=\"async\" width=\"875\" loading=\"lazy\" class=\"uXN1L5 lazyload GqYslU\" srcset=\"https:\/\/down-vn.img.susercontent.com\/file\/sg-11134202-7rdy4-lyxiqdztxr36aa@resize_w875_nl 1x, https:\/\/down-vn.img.susercontent.com\/file\/sg-11134202-7rdy4-lyxiqdztxr36aa@resize_w1750_nl 2x\" src=\"https:\/\/down-vn.img.susercontent.com\/file\/sg-11134202-7rdy4-lyxiqdztxr36aa\" height=\"711\"><\/picture><\/div>\n<\/div>\n<div class=\"QN2lPu\">\n<div style=\"position: relative; width: 100%; padding-bottom: 151.286%;\"><picture class=\"UkIsx8\"><source srcset=\"https:\/\/down-vn.img.susercontent.com\/file\/sg-11134202-7rdvs-lyxiqe67ofhw79@resize_w875_nl.webp 1x, https:\/\/down-vn.img.susercontent.com\/file\/sg-11134202-7rdvs-lyxiqe67ofhw79@resize_w1750_nl.webp 2x\" type=\"image\/webp\" class=\"UkIsx8\"><img decoding=\"async\" width=\"875\" loading=\"lazy\" class=\"uXN1L5 lazyload GqYslU\" srcset=\"https:\/\/down-vn.img.susercontent.com\/file\/sg-11134202-7rdvs-lyxiqe67ofhw79@resize_w875_nl 1x, https:\/\/down-vn.img.susercontent.com\/file\/sg-11134202-7rdvs-lyxiqe67ofhw79@resize_w1750_nl 2x\" src=\"https:\/\/down-vn.img.susercontent.com\/file\/sg-11134202-7rdvs-lyxiqe67ofhw79\" height=\"1324\"><\/picture><\/div>\n<\/div>\n<div class=\"QN2lPu\">\n<div style=\"position: relative; width: 100%; padding-bottom: 151.286%;\"><picture class=\"UkIsx8\"><source srcset=\"https:\/\/down-vn.img.susercontent.com\/file\/sg-11134202-7rdvu-lyxiqecbgwhgf0@resize_w875_nl.webp 1x, https:\/\/down-vn.img.susercontent.com\/file\/sg-11134202-7rdvu-lyxiqecbgwhgf0@resize_w1750_nl.webp 2x\" type=\"image\/webp\" class=\"UkIsx8\"><img decoding=\"async\" width=\"875\" loading=\"lazy\" class=\"uXN1L5 lazyload GqYslU\" srcset=\"https:\/\/down-vn.img.susercontent.com\/file\/sg-11134202-7rdvu-lyxiqecbgwhgf0@resize_w875_nl 1x, https:\/\/down-vn.img.susercontent.com\/file\/sg-11134202-7rdvu-lyxiqecbgwhgf0@resize_w1750_nl 2x\" src=\"https:\/\/down-vn.img.susercontent.com\/file\/sg-11134202-7rdvu-lyxiqecbgwhgf0\" height=\"1324\"><\/picture><\/div>\n<\/div>\n<div class=\"QN2lPu\">\n<div style=\"position: relative; width: 100%; padding-bottom: 149.254%;\"><picture class=\"UkIsx8\"><source srcset=\"https:\/\/down-vn.img.susercontent.com\/file\/sg-11134202-7rdx3-lyxiqejj4xv822@resize_w875_nl.webp 1x, https:\/\/down-vn.img.susercontent.com\/file\/sg-11134202-7rdx3-lyxiqejj4xv822@resize_w1750_nl.webp 2x\" type=\"image\/webp\" class=\"UkIsx8\"><img decoding=\"async\" width=\"875\" loading=\"lazy\" class=\"uXN1L5 lazyload QSLoEa GqYslU\" srcset=\"https:\/\/down-vn.img.susercontent.com\/file\/sg-11134202-7rdx3-lyxiqejj4xv822@resize_w875_nl 1x, https:\/\/down-vn.img.susercontent.com\/file\/sg-11134202-7rdx3-lyxiqejj4xv822@resize_w1750_nl 2x\" src=\"https:\/\/down-vn.img.susercontent.com\/file\/sg-11134202-7rdx3-lyxiqejj4xv822\" height=\"1306\"><\/picture><\/div>\n<\/div>\n<div class=\"QN2lPu\">\n<div style=\"position: relative; width: 100%; padding-bottom: 158.73%;\"><picture class=\"UkIsx8\"><source srcset=\"https:\/\/down-vn.img.susercontent.com\/file\/sg-11134202-7rdw3-lyxiqf60816vb7@resize_w875_nl.webp 1x, https:\/\/down-vn.img.susercontent.com\/file\/sg-11134202-7rdw3-lyxiqf60816vb7@resize_w1750_nl.webp 2x\" type=\"image\/webp\" class=\"UkIsx8\"><img decoding=\"async\" width=\"875\" loading=\"lazy\" class=\"uXN1L5 lazyload QSLoEa GqYslU\" srcset=\"https:\/\/down-vn.img.susercontent.com\/file\/sg-11134202-7rdw3-lyxiqf60816vb7@resize_w875_nl 1x, https:\/\/down-vn.img.susercontent.com\/file\/sg-11134202-7rdw3-lyxiqf60816vb7@resize_w1750_nl 2x\" src=\"https:\/\/down-vn.img.susercontent.com\/file\/sg-11134202-7rdw3-lyxiqf60816vb7\" height=\"1389\"><\/picture><\/div>\n<\/div>\n<div class=\"QN2lPu\">\n<div style=\"position: relative; width: 100%; padding-bottom: 172.414%;\"><picture class=\"UkIsx8\"><source srcset=\"https:\/\/down-vn.img.susercontent.com\/file\/sg-11134202-7rdye-lyxiqfmdk2ua6b@resize_w875_nl.webp 1x, https:\/\/down-vn.img.susercontent.com\/file\/sg-11134202-7rdye-lyxiqfmdk2ua6b@resize_w1750_nl.webp 2x\" type=\"image\/webp\" class=\"UkIsx8\"><img decoding=\"async\" width=\"875\" loading=\"lazy\" class=\"uXN1L5 lazyload QSLoEa GqYslU\" srcset=\"https:\/\/down-vn.img.susercontent.com\/file\/sg-11134202-7rdye-lyxiqfmdk2ua6b@resize_w875_nl 1x, https:\/\/down-vn.img.susercontent.com\/file\/sg-11134202-7rdye-lyxiqfmdk2ua6b@resize_w1750_nl 2x\" src=\"https:\/\/down-vn.img.susercontent.com\/file\/sg-11134202-7rdye-lyxiqfmdk2ua6b\" height=\"1509\"><\/picture><\/div>\n<\/div>\n<\/div>\n","protected":false},"excerpt":{"rendered":"<p>Chi ti\u1ebft s\u1ea3n ph\u1ea9m Gi\u00e0y Nam Store \ufe0fXu\u1ea5t x\u1ee9 : Gi\u00e0y Qu\u1ea3ng Ch\u00e2u \ufe0fCh\u1ea5t li\u1ec7u : \u0110\u1ebf Cao Su Non, Da PU \ufe0fTh\u00f4ng s\u1ed1 k\u00edch th\u01b0\u1edbc : 39 40 41 42 43 44 \ufe0fM\u00e0u s\u1eafc : X\u00e1m \ufe0f M\u00e3 H\u00e0ng : 181 C\u00c1CH CH\u1eccN SIZE Gi\u00e0y Sneaker Nam: Chi\u1ec1u d\u00e0i b\u00e0n ch\u00e2n (\u0111o t\u1eeb g\u00f3t&#8230;<\/p>\n","protected":false},"featured_media":21567,"comment_status":"open","ping_status":"closed","template":"","meta":[],"product_brand":[],"product_cat":[1313],"product_tag":[],"class_list":{"0":"post-21538","1":"product","2":"type-product","3":"status-publish","4":"has-post-thumbnail","6":"product_cat-giay-the-thao-sneakers","8":"first","9":"instock","10":"sale","11":"shipping-taxable","12":"product-type-variable"},"_links":{"self":[{"href":"https:\/\/web-ban-le.mbws.vn\/giay-dep-nam-nu\/wp-json\/wp\/v2\/product\/21538","targetHints":{"allow":["GET"]}}],"collection":[{"href":"https:\/\/web-ban-le.mbws.vn\/giay-dep-nam-nu\/wp-json\/wp\/v2\/product"}],"about":[{"href":"https:\/\/web-ban-le.mbws.vn\/giay-dep-nam-nu\/wp-json\/wp\/v2\/types\/product"}],"replies":[{"embeddable":true,"href":"https:\/\/web-ban-le.mbws.vn\/giay-dep-nam-nu\/wp-json\/wp\/v2\/comments?post=21538"}],"wp:featuredmedia":[{"embeddable":true,"href":"https:\/\/web-ban-le.mbws.vn\/giay-dep-nam-nu\/wp-json\/wp\/v2\/media\/21567"}],"wp:attachment":[{"href":"https:\/\/web-ban-le.mbws.vn\/giay-dep-nam-nu\/wp-json\/wp\/v2\/media?parent=21538"}],"wp:term":[{"taxonomy":"product_brand","embeddable":true,"href":"https:\/\/web-ban-le.mbws.vn\/giay-dep-nam-nu\/wp-json\/wp\/v2\/product_brand?post=21538"},{"taxonomy":"product_cat","embeddable":true,"href":"https:\/\/web-ban-le.mbws.vn\/giay-dep-nam-nu\/wp-json\/wp\/v2\/product_cat?post=21538"},{"taxonomy":"product_tag","embeddable":true,"href":"https:\/\/web-ban-le.mbws.vn\/giay-dep-nam-nu\/wp-json\/wp\/v2\/product_tag?post=21538"}],"curies":[{"name":"wp","href":"https:\/\/api.w.org\/{rel}","templated":true}]}}