{"id":21588,"date":"2025-11-14T11:15:31","date_gmt":"2025-11-14T04:15:31","guid":{"rendered":"https:\/\/web-ban-le.mbws.vn\/giay-dep-nam-nu\/?post_type=product&#038;p=21588"},"modified":"2025-11-14T11:16:15","modified_gmt":"2025-11-14T04:16:15","slug":"giay-nam-cao-co-phong-cach-thoi-trang-de-phoi-do-size-39-44","status":"publish","type":"product","link":"https:\/\/web-ban-le.mbws.vn\/giay-dep-nam-nu\/san-pham\/giay-nam-cao-co-phong-cach-thoi-trang-de-phoi-do-size-39-44\/","title":{"rendered":"Gi\u00e0y Nam Cao C\u1ed5 Phong C\u00e1ch Th\u1eddi Trang D\u1ec5 Ph\u1ed1i \u0110\u1ed3 Size 39-44"},"content":{"rendered":"<div class=\"e8lZp3\">\n<p class=\"QN2lPu\">Chi ti\u1ebft s\u1ea3n ph\u1ea9m Gi\u00e0y Sneaker Nam<\/p>\n<p class=\"QN2lPu\">Xu\u1ea5t x\u1ee9 : Gi\u00e0y Qu\u1ea3ng Ch\u00e2u<\/p>\n<p class=\"QN2lPu\">Ch\u1ea5t li\u1ec7u : \u0110\u1ebf Cao Su Non, Da PU<\/p>\n<p class=\"QN2lPu\">Th\u00f4ng s\u1ed1 k\u00edch th\u01b0\u1edbc : 39 40 41 42 43 44<\/p>\n<p class=\"QN2lPu\">M\u00e0u s\u1eafc : \u0110en, Xanh Lam, X\u00e1m<\/p>\n<p class=\"QN2lPu\">&nbsp;<\/p>\n<p class=\"QN2lPu\">C\u00c1CH CH\u1eccN SIZE Gi\u00e0y Sneaker Nam:<\/p>\n<p class=\"QN2lPu\">Chi\u1ec1u d\u00e0i b\u00e0n ch\u00e2n (\u0111o t\u1eeb g\u00f3t ch\u00e2n \u0111\u1ebfn ng\u00f3n c\u00e1i) v\u00e0 Chi\u1ec1u r\u1ed9ng b\u00e0n ch\u00e2n PH\u1ea2I NH\u1ece H\u01a0N KICH TH\u01af\u1edaC T\u01af\u01a0NG \u1ee8NG D\u01af\u1edaI \u0110\u00c2Y:<\/p>\n<p class=\"QN2lPu\">Size 39 chi\u1ec1u d\u00e0i b\u00ean trong Gi\u00e0y 24.5cm, Chi\u1ec1u r\u1ed9ng b\u00ean trong Gi\u00e0y 9.5cm<\/p>\n<p class=\"QN2lPu\">Size 40 chi\u1ec1u d\u00e0i b\u00ean trong Gi\u00e0y 25cm, Chi\u1ec1u r\u1ed9ng b\u00ean trong Gi\u00e0y 9.5cm -10cm<\/p>\n<p class=\"QN2lPu\">Size 41 chi\u1ec1u d\u00e0i b\u00ean trong Gi\u00e0y 25.5cm, Chi\u1ec1u r\u1ed9ng b\u00ean trong Gi\u00e0y 10cm<\/p>\n<p class=\"QN2lPu\">Size 42 chi\u1ec1u d\u00e0i b\u00ean trong Gi\u00e0y 26cm, Chi\u1ec1u r\u1ed9ng b\u00ean trong Gi\u00e0y 10cm &#8211; 10.5cm<\/p>\n<p class=\"QN2lPu\">Size 43 chi\u1ec1u d\u00e0i b\u00ean trong Gi\u00e0y 26.5cm, Chi\u1ec1u r\u1ed9ng b\u00ean trong Gi\u00e0y 10.5cm<\/p>\n<p class=\"QN2lPu\">Size 44 chi\u1ec1u d\u00e0i b\u00ean trong Gi\u00e0y 27cm, Chi\u1ec1u r\u1ed9ng b\u00ean trong Gi\u00e0y 10.5cm -11cm<\/p>\n<p class=\"QN2lPu\">&nbsp;<\/p>\n<div class=\"QN2lPu\">\n<div style=\"position: relative; width: 100%; padding-bottom: 100%;\"><picture class=\"UkIsx8\"><source srcset=\"https:\/\/down-vn.img.susercontent.com\/file\/vn-11134208-7ras8-mdh7yezeemcxb6@resize_w875_nl.webp 1x, https:\/\/down-vn.img.susercontent.com\/file\/vn-11134208-7ras8-mdh7yezeemcxb6@resize_w1750_nl.webp 2x\" type=\"image\/webp\" class=\"UkIsx8\"><img decoding=\"async\" width=\"875\" loading=\"lazy\" class=\"uXN1L5 lazyload GqYslU\" srcset=\"https:\/\/down-vn.img.susercontent.com\/file\/vn-11134208-7ras8-mdh7yezeemcxb6@resize_w875_nl 1x, https:\/\/down-vn.img.susercontent.com\/file\/vn-11134208-7ras8-mdh7yezeemcxb6@resize_w1750_nl 2x\" src=\"https:\/\/down-vn.img.susercontent.com\/file\/vn-11134208-7ras8-mdh7yezeemcxb6\" height=\"875\"><\/picture><\/div>\n<\/div>\n<div class=\"QN2lPu\">\n<div style=\"position: relative; width: 100%; padding-bottom: 100%;\"><picture class=\"UkIsx8\"><source srcset=\"https:\/\/down-vn.img.susercontent.com\/file\/vn-11134208-7ras8-mdh7yezeg0xd04@resize_w875_nl.webp 1x, https:\/\/down-vn.img.susercontent.com\/file\/vn-11134208-7ras8-mdh7yezeg0xd04@resize_w1750_nl.webp 2x\" type=\"image\/webp\" class=\"UkIsx8\"><img decoding=\"async\" width=\"875\" loading=\"lazy\" class=\"uXN1L5 lazyload GqYslU\" srcset=\"https:\/\/down-vn.img.susercontent.com\/file\/vn-11134208-7ras8-mdh7yezeg0xd04@resize_w875_nl 1x, https:\/\/down-vn.img.susercontent.com\/file\/vn-11134208-7ras8-mdh7yezeg0xd04@resize_w1750_nl 2x\" src=\"https:\/\/down-vn.img.susercontent.com\/file\/vn-11134208-7ras8-mdh7yezeg0xd04\" height=\"875\"><\/picture><\/div>\n<\/div>\n<div class=\"QN2lPu\">\n<div style=\"position: relative; width: 100%; padding-bottom: 100%;\"><picture class=\"UkIsx8\"><source srcset=\"https:\/\/down-vn.img.susercontent.com\/file\/vn-11134208-7ras8-mdh7yezehfht17@resize_w875_nl.webp 1x, https:\/\/down-vn.img.susercontent.com\/file\/vn-11134208-7ras8-mdh7yezehfht17@resize_w1750_nl.webp 2x\" type=\"image\/webp\" class=\"UkIsx8\"><img decoding=\"async\" width=\"875\" loading=\"lazy\" class=\"uXN1L5 lazyload GqYslU\" srcset=\"https:\/\/down-vn.img.susercontent.com\/file\/vn-11134208-7ras8-mdh7yezehfht17@resize_w875_nl 1x, https:\/\/down-vn.img.susercontent.com\/file\/vn-11134208-7ras8-mdh7yezehfht17@resize_w1750_nl 2x\" src=\"https:\/\/down-vn.img.susercontent.com\/file\/vn-11134208-7ras8-mdh7yezehfht17\" height=\"875\"><\/picture><\/div>\n<\/div>\n<div class=\"QN2lPu\">\n<div style=\"position: relative; width: 100%; padding-bottom: 100%;\"><picture class=\"UkIsx8\"><source srcset=\"https:\/\/down-vn.img.susercontent.com\/file\/vn-11134208-7ras8-mdh7yezy3z5d01@resize_w875_nl.webp 1x, https:\/\/down-vn.img.susercontent.com\/file\/vn-11134208-7ras8-mdh7yezy3z5d01@resize_w1750_nl.webp 2x\" type=\"image\/webp\" class=\"UkIsx8\"><img decoding=\"async\" width=\"875\" loading=\"lazy\" class=\"uXN1L5 lazyload GqYslU\" srcset=\"https:\/\/down-vn.img.susercontent.com\/file\/vn-11134208-7ras8-mdh7yezy3z5d01@resize_w875_nl 1x, https:\/\/down-vn.img.susercontent.com\/file\/vn-11134208-7ras8-mdh7yezy3z5d01@resize_w1750_nl 2x\" src=\"https:\/\/down-vn.img.susercontent.com\/file\/vn-11134208-7ras8-mdh7yezy3z5d01\" height=\"875\"><\/picture><\/div>\n<\/div>\n<div class=\"QN2lPu\">\n<div style=\"position: relative; width: 100%; padding-bottom: 100%;\"><picture class=\"UkIsx8\"><source srcset=\"https:\/\/down-vn.img.susercontent.com\/file\/vn-11134208-7ras8-mdh7yezy5dpt0b@resize_w875_nl.webp 1x, https:\/\/down-vn.img.susercontent.com\/file\/vn-11134208-7ras8-mdh7yezy5dpt0b@resize_w1750_nl.webp 2x\" type=\"image\/webp\" class=\"UkIsx8\"><img decoding=\"async\" width=\"875\" loading=\"lazy\" class=\"uXN1L5 lazyload GqYslU\" srcset=\"https:\/\/down-vn.img.susercontent.com\/file\/vn-11134208-7ras8-mdh7yezy5dpt0b@resize_w875_nl 1x, https:\/\/down-vn.img.susercontent.com\/file\/vn-11134208-7ras8-mdh7yezy5dpt0b@resize_w1750_nl 2x\" src=\"https:\/\/down-vn.img.susercontent.com\/file\/vn-11134208-7ras8-mdh7yezy5dpt0b\" height=\"875\"><\/picture><\/div>\n<\/div>\n<div class=\"QN2lPu\">\n<div style=\"position: relative; width: 100%; padding-bottom: 100%;\"><picture class=\"UkIsx8\"><source srcset=\"https:\/\/down-vn.img.susercontent.com\/file\/vn-11134208-7ras8-mdh7yezy6sa975@resize_w875_nl.webp 1x, https:\/\/down-vn.img.susercontent.com\/file\/vn-11134208-7ras8-mdh7yezy6sa975@resize_w1750_nl.webp 2x\" type=\"image\/webp\" class=\"UkIsx8\"><img decoding=\"async\" width=\"875\" loading=\"lazy\" class=\"uXN1L5 lazyload GqYslU\" srcset=\"https:\/\/down-vn.img.susercontent.com\/file\/vn-11134208-7ras8-mdh7yezy6sa975@resize_w875_nl 1x, https:\/\/down-vn.img.susercontent.com\/file\/vn-11134208-7ras8-mdh7yezy6sa975@resize_w1750_nl 2x\" src=\"https:\/\/down-vn.img.susercontent.com\/file\/vn-11134208-7ras8-mdh7yezy6sa975\" height=\"875\"><\/picture><\/div>\n<\/div>\n<div class=\"QN2lPu\">\n<div style=\"position: relative; width: 100%; padding-bottom: 100%;\"><picture class=\"UkIsx8\"><source srcset=\"https:\/\/down-vn.img.susercontent.com\/file\/vn-11134208-7ras8-mdh7yezy86upbe@resize_w875_nl.webp 1x, https:\/\/down-vn.img.susercontent.com\/file\/vn-11134208-7ras8-mdh7yezy86upbe@resize_w1750_nl.webp 2x\" type=\"image\/webp\" class=\"UkIsx8\"><img decoding=\"async\" width=\"875\" loading=\"lazy\" class=\"uXN1L5 lazyload QSLoEa GqYslU\" srcset=\"https:\/\/down-vn.img.susercontent.com\/file\/vn-11134208-7ras8-mdh7yezy86upbe@resize_w875_nl 1x, https:\/\/down-vn.img.susercontent.com\/file\/vn-11134208-7ras8-mdh7yezy86upbe@resize_w1750_nl 2x\" src=\"https:\/\/down-vn.img.susercontent.com\/file\/vn-11134208-7ras8-mdh7yezy86upbe\" height=\"875\"><\/picture><\/div>\n<\/div>\n<div class=\"QN2lPu\">\n<div style=\"position: relative; width: 100%; padding-bottom: 100%;\"><picture class=\"UkIsx8\"><source srcset=\"https:\/\/down-vn.img.susercontent.com\/file\/vn-11134208-7ras8-mdh7yezy9lf5d9@resize_w875_nl.webp 1x, https:\/\/down-vn.img.susercontent.com\/file\/vn-11134208-7ras8-mdh7yezy9lf5d9@resize_w1750_nl.webp 2x\" type=\"image\/webp\" class=\"UkIsx8\"><img decoding=\"async\" width=\"875\" loading=\"lazy\" class=\"uXN1L5 lazyload QSLoEa GqYslU\" srcset=\"https:\/\/down-vn.img.susercontent.com\/file\/vn-11134208-7ras8-mdh7yezy9lf5d9@resize_w875_nl 1x, https:\/\/down-vn.img.susercontent.com\/file\/vn-11134208-7ras8-mdh7yezy9lf5d9@resize_w1750_nl 2x\" src=\"https:\/\/down-vn.img.susercontent.com\/file\/vn-11134208-7ras8-mdh7yezy9lf5d9\" height=\"875\"><\/picture><\/div>\n<\/div>\n<div class=\"QN2lPu\">\n<div style=\"position: relative; width: 100%; padding-bottom: 100%;\"><picture class=\"UkIsx8\"><source srcset=\"https:\/\/down-vn.img.susercontent.com\/file\/vn-11134208-7ras8-mdh7yezyazzl1a@resize_w875_nl.webp 1x, https:\/\/down-vn.img.susercontent.com\/file\/vn-11134208-7ras8-mdh7yezyazzl1a@resize_w1750_nl.webp 2x\" type=\"image\/webp\" class=\"UkIsx8\"><img decoding=\"async\" width=\"875\" loading=\"lazy\" class=\"uXN1L5 lazyload QSLoEa GqYslU\" srcset=\"https:\/\/down-vn.img.susercontent.com\/file\/vn-11134208-7ras8-mdh7yezyazzl1a@resize_w875_nl 1x, https:\/\/down-vn.img.susercontent.com\/file\/vn-11134208-7ras8-mdh7yezyazzl1a@resize_w1750_nl 2x\" src=\"https:\/\/down-vn.img.susercontent.com\/file\/vn-11134208-7ras8-mdh7yezyazzl1a\" height=\"875\"><\/picture><\/div>\n<\/div>\n<div class=\"QN2lPu\">\n<div style=\"position: relative; width: 100%; padding-bottom: 100%;\"><picture class=\"UkIsx8\"><source srcset=\"https:\/\/down-vn.img.susercontent.com\/file\/vn-11134208-7ras8-mdh7yezycek1d3@resize_w875_nl.webp 1x, https:\/\/down-vn.img.susercontent.com\/file\/vn-11134208-7ras8-mdh7yezycek1d3@resize_w1750_nl.webp 2x\" type=\"image\/webp\" class=\"UkIsx8\"><img decoding=\"async\" width=\"875\" loading=\"lazy\" class=\"uXN1L5 lazyload QSLoEa GqYslU\" srcset=\"https:\/\/down-vn.img.susercontent.com\/file\/vn-11134208-7ras8-mdh7yezycek1d3@resize_w875_nl 1x, https:\/\/down-vn.img.susercontent.com\/file\/vn-11134208-7ras8-mdh7yezycek1d3@resize_w1750_nl 2x\" src=\"https:\/\/down-vn.img.susercontent.com\/file\/vn-11134208-7ras8-mdh7yezycek1d3\" height=\"875\"><\/picture><\/div>\n<\/div>\n<p class=\"QN2lPu\">\n<p class=\"QN2lPu\">H\u01af\u1edaNG D\u1eaaN B\u1ea2O QU\u1ea2N GI\u00c0Y TH\u1ec2 THAO NAM<\/p>\n<p class=\"QN2lPu\">\u0110\u1ec3 gi\u00e0y \u1edf n\u01a1i kh\u00f4 r\u00e1o tho\u00e1ng m\u00e1t \u0111\u1ec3 gi\u1eef gi\u00e0y \u0111\u01b0\u1ee3c b\u1ec1n \u0111\u1eb9p h\u01a1n<\/p>\n<p class=\"QN2lPu\">V\u1ec7 sinh gi\u00e0y, d\u00f9ng kh\u0103n hay b\u00e0n tr\u1ea3i l\u00f4ng m\u1ec1m \u0111\u1ec3 ch\u1ea3i s\u1ea1ch gi\u00e0y c\u00f9ng v\u1edbi n\u01b0\u1edbc t\u1ea9y r\u1eeda gi\u00e0y chuy\u00ean d\u1ee5ng v\u1edbi da hay da Pu<\/p>\n<p class=\"QN2lPu\">C\u00f3 th\u1ec3 gi\u1eb7t gi\u00e0y c\u00f9ng v\u1edbi ch\u1ea5t t\u1ea9y r\u1eeda nh\u1eb9<\/p>\n<p class=\"QN2lPu\">&nbsp;<\/p>\n<p class=\"QN2lPu\">KHUY\u1ebeN C\u00c1O<\/p>\n<p class=\"QN2lPu\">Kh\u00f4ng d\u00f9ng h\u00f3a ch\u1ea5t hay b\u1ed9t gi\u1eb7t c\u00f3 ho\u1ea1t t\u00ednh t\u1ea9y r\u1eeda m\u1ea1nh<\/p>\n<p class=\"QN2lPu\">Kh\u00f4ng d\u00f9ng b\u00e0n ch\u1ea3i c\u1ee9ng \u0111\u1ec3 v\u1ec7 sinh gi\u00e0y s\u1ebd l\u00e0m h\u01b0<\/p>\n<p class=\"QN2lPu\">Kh\u00f4ng \u0111i m\u01b0a ng\u00e2m n\u01b0\u1edbc l\u00e2u, kh\u00f4ng ph\u01a1i gi\u00e0y tr\u1ef1c ti\u1ebfp d\u01b0\u1edbi ngo\u00e0i tr\u1eddi n\u1eafng g\u1eaft<\/p>\n<p class=\"QN2lPu\">&nbsp;<\/p>\n<p class=\"QN2lPu\">\n<p class=\"QN2lPu\">\n<p class=\"QN2lPu\">\n<p class=\"QN2lPu\">#giaythethao; #giaynam; #giaysneaker; #giaysneakernam; #giaythethaonam; #giaynamsneaker; #giaychaybonam; #giaynamdep; #giaynamthethao; #sneakernam; #giaynamtrang; #giaynamcongso; #giaynamdecao; #giaythethaosneaker; #giaysneakernamtrang; #giaybuocday; #giaycocao; #giaycaoco;<\/p>\n<p class=\"QN2lPu\">&nbsp;<\/p>\n<p class=\"QN2lPu\">&nbsp;<\/p>\n<p class=\"QN2lPu\">&nbsp;<\/p>\n<p class=\"QN2lPu\">&nbsp;<\/p>\n<\/div>\n","protected":false},"excerpt":{"rendered":"<p>Chi ti\u1ebft s\u1ea3n ph\u1ea9m Gi\u00e0y Sneaker Nam Xu\u1ea5t x\u1ee9 : Gi\u00e0y Qu\u1ea3ng Ch\u00e2u Ch\u1ea5t li\u1ec7u : \u0110\u1ebf Cao Su Non, Da PU Th\u00f4ng s\u1ed1 k\u00edch th\u01b0\u1edbc : 39 40 41 42 43 44 M\u00e0u s\u1eafc : \u0110en, Xanh Lam, X\u00e1m &nbsp; C\u00c1CH CH\u1eccN SIZE Gi\u00e0y Sneaker Nam: Chi\u1ec1u d\u00e0i b\u00e0n ch\u00e2n (\u0111o t\u1eeb g\u00f3t ch\u00e2n&#8230;<\/p>\n","protected":false},"featured_media":21627,"comment_status":"open","ping_status":"closed","template":"","meta":[],"product_brand":[],"product_cat":[1313],"product_tag":[],"class_list":{"0":"post-21588","1":"product","2":"type-product","3":"status-publish","4":"has-post-thumbnail","6":"product_cat-giay-the-thao-sneakers","8":"first","9":"instock","10":"sale","11":"shipping-taxable","12":"product-type-variable"},"_links":{"self":[{"href":"https:\/\/web-ban-le.mbws.vn\/giay-dep-nam-nu\/wp-json\/wp\/v2\/product\/21588","targetHints":{"allow":["GET"]}}],"collection":[{"href":"https:\/\/web-ban-le.mbws.vn\/giay-dep-nam-nu\/wp-json\/wp\/v2\/product"}],"about":[{"href":"https:\/\/web-ban-le.mbws.vn\/giay-dep-nam-nu\/wp-json\/wp\/v2\/types\/product"}],"replies":[{"embeddable":true,"href":"https:\/\/web-ban-le.mbws.vn\/giay-dep-nam-nu\/wp-json\/wp\/v2\/comments?post=21588"}],"wp:featuredmedia":[{"embeddable":true,"href":"https:\/\/web-ban-le.mbws.vn\/giay-dep-nam-nu\/wp-json\/wp\/v2\/media\/21627"}],"wp:attachment":[{"href":"https:\/\/web-ban-le.mbws.vn\/giay-dep-nam-nu\/wp-json\/wp\/v2\/media?parent=21588"}],"wp:term":[{"taxonomy":"product_brand","embeddable":true,"href":"https:\/\/web-ban-le.mbws.vn\/giay-dep-nam-nu\/wp-json\/wp\/v2\/product_brand?post=21588"},{"taxonomy":"product_cat","embeddable":true,"href":"https:\/\/web-ban-le.mbws.vn\/giay-dep-nam-nu\/wp-json\/wp\/v2\/product_cat?post=21588"},{"taxonomy":"product_tag","embeddable":true,"href":"https:\/\/web-ban-le.mbws.vn\/giay-dep-nam-nu\/wp-json\/wp\/v2\/product_tag?post=21588"}],"curies":[{"name":"wp","href":"https:\/\/api.w.org\/{rel}","templated":true}]}}