{"id":21812,"date":"2025-11-14T11:16:53","date_gmt":"2025-11-14T04:16:53","guid":{"rendered":"https:\/\/web-ban-le.mbws.vn\/giay-dep-nam-nu\/?post_type=product&#038;p=21812"},"modified":"2025-11-14T11:17:18","modified_gmt":"2025-11-14T04:17:18","slug":"giay-nam-lucky-m291-giay-sneaker-nam-the-thao-thoang-khi-phong-cach-manh-me-de-em-chong-tron-truot","status":"publish","type":"product","link":"https:\/\/web-ban-le.mbws.vn\/giay-dep-nam-nu\/san-pham\/giay-nam-lucky-m291-giay-sneaker-nam-the-thao-thoang-khi-phong-cach-manh-me-de-em-chong-tron-truot\/","title":{"rendered":"Gi\u00e0y Nam Lucky M291, Gi\u00e0y Sneaker  Nam Th\u1ec3 Thao Tho\u00e1ng Kh\u00ed &#8211; Phong C\u00e1ch M\u1ea1nh M\u1ebd, \u0110\u1ebf \u00cam Ch\u1ed1ng Tr\u01a1n Tr\u01b0\u1ee3t"},"content":{"rendered":"<div class=\"e8lZp3\">\n<p class=\"QN2lPu\">Chi ti\u1ebft s\u1ea3n ph\u1ea9m Gi\u00e0y Ch\u1ea1y B\u1ed9 Nam<\/p>\n<p class=\"QN2lPu\">\ufe0fXu\u1ea5t x\u1ee9 : Gi\u00e0y Qu\u1ea3ng Ch\u00e2u<\/p>\n<p class=\"QN2lPu\">\ufe0fTh\u00f4ng s\u1ed1 k\u00edch th\u01b0\u1edbc : 39 40 41 42 43 44<\/p>\n<p class=\"QN2lPu\">\ufe0fM\u00e0u s\u1eafc: X\u00e1m, \u0110en<\/p>\n<div class=\"QN2lPu\">\n<div style=\"position: relative; width: 100%; padding-bottom: 100%;\"><picture class=\"UkIsx8\"><source srcset=\"https:\/\/down-vn.img.susercontent.com\/file\/sg-11134202-7rfh3-m95e1gkrwb4pe5@resize_w875_nl.webp 1x, https:\/\/down-vn.img.susercontent.com\/file\/sg-11134202-7rfh3-m95e1gkrwb4pe5@resize_w1750_nl.webp 2x\" type=\"image\/webp\" class=\"UkIsx8\"><img decoding=\"async\" width=\"875\" loading=\"lazy\" class=\"uXN1L5 lazyload GqYslU\" srcset=\"https:\/\/down-vn.img.susercontent.com\/file\/sg-11134202-7rfh3-m95e1gkrwb4pe5@resize_w875_nl 1x, https:\/\/down-vn.img.susercontent.com\/file\/sg-11134202-7rfh3-m95e1gkrwb4pe5@resize_w1750_nl 2x\" src=\"https:\/\/down-vn.img.susercontent.com\/file\/sg-11134202-7rfh3-m95e1gkrwb4pe5\" height=\"875\"><\/picture><\/div>\n<\/div>\n<div class=\"QN2lPu\">\n<div style=\"position: relative; width: 100%; padding-bottom: 100%;\"><picture class=\"UkIsx8\"><source srcset=\"https:\/\/down-vn.img.susercontent.com\/file\/sg-11134202-7rfib-m95e1gphnycnef@resize_w875_nl.webp 1x, https:\/\/down-vn.img.susercontent.com\/file\/sg-11134202-7rfib-m95e1gphnycnef@resize_w1750_nl.webp 2x\" type=\"image\/webp\" class=\"UkIsx8\"><img decoding=\"async\" width=\"875\" loading=\"lazy\" class=\"uXN1L5 lazyload GqYslU\" srcset=\"https:\/\/down-vn.img.susercontent.com\/file\/sg-11134202-7rfib-m95e1gphnycnef@resize_w875_nl 1x, https:\/\/down-vn.img.susercontent.com\/file\/sg-11134202-7rfib-m95e1gphnycnef@resize_w1750_nl 2x\" src=\"https:\/\/down-vn.img.susercontent.com\/file\/sg-11134202-7rfib-m95e1gphnycnef\" height=\"875\"><\/picture><\/div>\n<\/div>\n<div class=\"QN2lPu\">\n<div style=\"position: relative; width: 100%; padding-bottom: 100%;\"><picture class=\"UkIsx8\"><source srcset=\"https:\/\/down-vn.img.susercontent.com\/file\/sg-11134202-7rfi1-m95e1gwff92h71@resize_w875_nl.webp 1x, https:\/\/down-vn.img.susercontent.com\/file\/sg-11134202-7rfi1-m95e1gwff92h71@resize_w1750_nl.webp 2x\" type=\"image\/webp\" class=\"UkIsx8\"><img decoding=\"async\" width=\"875\" loading=\"lazy\" class=\"uXN1L5 lazyload GqYslU\" srcset=\"https:\/\/down-vn.img.susercontent.com\/file\/sg-11134202-7rfi1-m95e1gwff92h71@resize_w875_nl 1x, https:\/\/down-vn.img.susercontent.com\/file\/sg-11134202-7rfi1-m95e1gwff92h71@resize_w1750_nl 2x\" src=\"https:\/\/down-vn.img.susercontent.com\/file\/sg-11134202-7rfi1-m95e1gwff92h71\" height=\"875\"><\/picture><\/div>\n<\/div>\n<div class=\"QN2lPu\">\n<div style=\"position: relative; width: 100%; padding-bottom: 100%;\"><picture class=\"UkIsx8\"><source srcset=\"https:\/\/down-vn.img.susercontent.com\/file\/sg-11134202-7rff9-m95e1h1faqoh03@resize_w875_nl.webp 1x, https:\/\/down-vn.img.susercontent.com\/file\/sg-11134202-7rff9-m95e1h1faqoh03@resize_w1750_nl.webp 2x\" type=\"image\/webp\" class=\"UkIsx8\"><img decoding=\"async\" width=\"875\" loading=\"lazy\" class=\"uXN1L5 lazyload GqYslU\" srcset=\"https:\/\/down-vn.img.susercontent.com\/file\/sg-11134202-7rff9-m95e1h1faqoh03@resize_w875_nl 1x, https:\/\/down-vn.img.susercontent.com\/file\/sg-11134202-7rff9-m95e1h1faqoh03@resize_w1750_nl 2x\" src=\"https:\/\/down-vn.img.susercontent.com\/file\/sg-11134202-7rff9-m95e1h1faqoh03\" height=\"875\"><\/picture><\/div>\n<\/div>\n<div class=\"QN2lPu\">\n<div style=\"position: relative; width: 100%; padding-bottom: 100%;\"><picture class=\"UkIsx8\"><source srcset=\"https:\/\/down-vn.img.susercontent.com\/file\/sg-11134202-7rfi0-m95e1h6511nm91@resize_w875_nl.webp 1x, https:\/\/down-vn.img.susercontent.com\/file\/sg-11134202-7rfi0-m95e1h6511nm91@resize_w1750_nl.webp 2x\" type=\"image\/webp\" class=\"UkIsx8\"><img decoding=\"async\" width=\"875\" loading=\"lazy\" class=\"uXN1L5 lazyload GqYslU\" srcset=\"https:\/\/down-vn.img.susercontent.com\/file\/sg-11134202-7rfi0-m95e1h6511nm91@resize_w875_nl 1x, https:\/\/down-vn.img.susercontent.com\/file\/sg-11134202-7rfi0-m95e1h6511nm91@resize_w1750_nl 2x\" src=\"https:\/\/down-vn.img.susercontent.com\/file\/sg-11134202-7rfi0-m95e1h6511nm91\" height=\"875\"><\/picture><\/div>\n<\/div>\n<div class=\"QN2lPu\">\n<div style=\"position: relative; width: 100%; padding-bottom: 100%;\"><picture class=\"UkIsx8\"><source srcset=\"https:\/\/down-vn.img.susercontent.com\/file\/sg-11134202-7rffm-m95e1hborgmf74@resize_w875_nl.webp 1x, https:\/\/down-vn.img.susercontent.com\/file\/sg-11134202-7rffm-m95e1hborgmf74@resize_w1750_nl.webp 2x\" type=\"image\/webp\" class=\"UkIsx8\"><img decoding=\"async\" width=\"875\" loading=\"lazy\" class=\"uXN1L5 lazyload GqYslU\" srcset=\"https:\/\/down-vn.img.susercontent.com\/file\/sg-11134202-7rffm-m95e1hborgmf74@resize_w875_nl 1x, https:\/\/down-vn.img.susercontent.com\/file\/sg-11134202-7rffm-m95e1hborgmf74@resize_w1750_nl 2x\" src=\"https:\/\/down-vn.img.susercontent.com\/file\/sg-11134202-7rffm-m95e1hborgmf74\" height=\"875\"><\/picture><\/div>\n<\/div>\n<div class=\"QN2lPu\">\n<div style=\"position: relative; width: 100%; padding-bottom: 100%;\"><picture class=\"UkIsx8\"><source srcset=\"https:\/\/down-vn.img.susercontent.com\/file\/sg-11134202-7rfhp-m95e1hgelyo05b@resize_w875_nl.webp 1x, https:\/\/down-vn.img.susercontent.com\/file\/sg-11134202-7rfhp-m95e1hgelyo05b@resize_w1750_nl.webp 2x\" type=\"image\/webp\" class=\"UkIsx8\"><img decoding=\"async\" width=\"875\" loading=\"lazy\" class=\"uXN1L5 lazyload GqYslU\" srcset=\"https:\/\/down-vn.img.susercontent.com\/file\/sg-11134202-7rfhp-m95e1hgelyo05b@resize_w875_nl 1x, https:\/\/down-vn.img.susercontent.com\/file\/sg-11134202-7rfhp-m95e1hgelyo05b@resize_w1750_nl 2x\" src=\"https:\/\/down-vn.img.susercontent.com\/file\/sg-11134202-7rfhp-m95e1hgelyo05b\" height=\"875\"><\/picture><\/div>\n<\/div>\n<div class=\"QN2lPu\">\n<div style=\"position: relative; width: 100%; padding-bottom: 100%;\"><picture class=\"UkIsx8\"><source srcset=\"https:\/\/down-vn.img.susercontent.com\/file\/sg-11134202-7rff7-m95e1hmiboh564@resize_w875_nl.webp 1x, https:\/\/down-vn.img.susercontent.com\/file\/sg-11134202-7rff7-m95e1hmiboh564@resize_w1750_nl.webp 2x\" type=\"image\/webp\" class=\"UkIsx8\"><img decoding=\"async\" width=\"875\" loading=\"lazy\" class=\"uXN1L5 lazyload QSLoEa GqYslU\" srcset=\"https:\/\/down-vn.img.susercontent.com\/file\/sg-11134202-7rff7-m95e1hmiboh564@resize_w875_nl 1x, https:\/\/down-vn.img.susercontent.com\/file\/sg-11134202-7rff7-m95e1hmiboh564@resize_w1750_nl 2x\" src=\"https:\/\/down-vn.img.susercontent.com\/file\/sg-11134202-7rff7-m95e1hmiboh564\" height=\"875\"><\/picture><\/div>\n<\/div>\n<div class=\"QN2lPu\">\n<div style=\"position: relative; width: 100%; padding-bottom: 100%;\"><picture class=\"UkIsx8\"><source srcset=\"https:\/\/down-vn.img.susercontent.com\/file\/sg-11134202-7rfhb-m95e1hsm2oxs52@resize_w875_nl.webp 1x, https:\/\/down-vn.img.susercontent.com\/file\/sg-11134202-7rfhb-m95e1hsm2oxs52@resize_w1750_nl.webp 2x\" type=\"image\/webp\" class=\"UkIsx8\"><img decoding=\"async\" width=\"875\" loading=\"lazy\" class=\"uXN1L5 lazyload QSLoEa GqYslU\" srcset=\"https:\/\/down-vn.img.susercontent.com\/file\/sg-11134202-7rfhb-m95e1hsm2oxs52@resize_w875_nl 1x, https:\/\/down-vn.img.susercontent.com\/file\/sg-11134202-7rfhb-m95e1hsm2oxs52@resize_w1750_nl 2x\" src=\"https:\/\/down-vn.img.susercontent.com\/file\/sg-11134202-7rfhb-m95e1hsm2oxs52\" height=\"875\"><\/picture><\/div>\n<\/div>\n<p class=\"QN2lPu\">C\u00c1CH CH\u1eccN SIZE Gi\u00e0y Sneaker Nam:<\/p>\n<p class=\"QN2lPu\">Chi\u1ec1u d\u00e0i b\u00e0n ch\u00e2n (\u0111o t\u1eeb g\u00f3t ch\u00e2n \u0111\u1ebfn ng\u00f3n c\u00e1i) v\u00e0 Chi\u1ec1u r\u1ed9ng b\u00e0n ch\u00e2n PH\u1ea2I NH\u1ece H\u01a0N K\u00cdCH TH\u01af\u1edaC T\u01af\u01a0NG \u1ee8NG D\u01af\u1edaI \u0110\u00c2Y:<\/p>\n<p class=\"QN2lPu\">Size 39 chi\u1ec1u d\u00e0i b\u00ean trong Gi\u00e0y 24.5cm, Chi\u1ec1u r\u1ed9ng b\u00ean trong Gi\u00e0y 9.5cm<\/p>\n<p class=\"QN2lPu\">Size 40 chi\u1ec1u d\u00e0i b\u00ean trong Gi\u00e0y 25cm, Chi\u1ec1u r\u1ed9ng b\u00ean trong Gi\u00e0y 9.5cm &#8211; 10cm<\/p>\n<p class=\"QN2lPu\">Size 41 chi\u1ec1u d\u00e0i b\u00ean trong Gi\u00e0y 25.5cm, Chi\u1ec1u r\u1ed9ng b\u00ean trong Gi\u00e0y 10cm<\/p>\n<p class=\"QN2lPu\">Size 42 chi\u1ec1u d\u00e0i b\u00ean trong Gi\u00e0y 26cm, Chi\u1ec1u r\u1ed9ng b\u00ean trong Gi\u00e0y 10cm &#8211; 10.5cm<\/p>\n<p class=\"QN2lPu\">Size 43 chi\u1ec1u d\u00e0i b\u00ean trong Gi\u00e0y 26.5cm, Chi\u1ec1u r\u1ed9ng b\u00ean trong Gi\u00e0y 10.5cm<\/p>\n<p class=\"QN2lPu\">Size 44 chi\u1ec1u d\u00e0i b\u00ean trong Gi\u00e0y 27cm, Chi\u1ec1u r\u1ed9ng b\u00ean trong Gi\u00e0y 10.5cm &#8211; 11cm<\/p>\n<div class=\"QN2lPu\">\n<div style=\"position: relative; width: 100%; padding-bottom: 74.9064%;\"><picture class=\"UkIsx8\"><source srcset=\"https:\/\/down-vn.img.susercontent.com\/file\/sg-11134202-7rfgi-m95e1hx1z25l02@resize_w875_nl.webp 1x, https:\/\/down-vn.img.susercontent.com\/file\/sg-11134202-7rfgi-m95e1hx1z25l02@resize_w1750_nl.webp 2x\" type=\"image\/webp\" class=\"UkIsx8\"><img decoding=\"async\" width=\"875\" loading=\"lazy\" class=\"uXN1L5 lazyload QSLoEa GqYslU\" srcset=\"https:\/\/down-vn.img.susercontent.com\/file\/sg-11134202-7rfgi-m95e1hx1z25l02@resize_w875_nl 1x, https:\/\/down-vn.img.susercontent.com\/file\/sg-11134202-7rfgi-m95e1hx1z25l02@resize_w1750_nl 2x\" src=\"https:\/\/down-vn.img.susercontent.com\/file\/sg-11134202-7rfgi-m95e1hx1z25l02\" height=\"655\"><\/picture><\/div>\n<\/div>\n<p class=\"QN2lPu\">Gi\u00e0y Nam Ch\u1ea1y B\u1ed9 \u0110\u1eb6C \u0110I\u1ec2M S\u1ea2N PH\u1ea8M:<\/p>\n<p class=\"QN2lPu\">\ufe0f Gi\u00e0y d\u1ec5 ph\u1ed1i \u0111\u1ed3, th\u00edch h\u1ee3p cho c\u00e1c ho\u1ea1t \u0111\u1ed9ng \u0111i l\u1ea1i h\u00e0ng ng\u00e0y, ch\u1ea1y b\u1ed9.<\/p>\n<p class=\"QN2lPu\">\ufe0f \u0110\u1ebf x\u1ebb r\u00e3nh t\u1ea1o c\u1ea3m gi\u00e1c tho\u1ea3i m\u00e1i khi \u0111i, thi\u1ebft k\u1ebf ch\u1ed1ng tr\u01b0\u1ee3t.<\/p>\n<p class=\"QN2lPu\">\ufe0f Th\u00edch h\u1ee3p v\u1edbi c\u00e1c m\u00f9a trong n\u0103m: Xu\u00e2n &#8211; H\u00e8 &#8211; Thu &#8211; \u0110\u00f4ng.<\/p>\n<p class=\"QN2lPu\">\ufe0f Thi\u1ebft k\u1ebf \u00f4m ch\u00e2n, g\u1ecdn d\u00e1ng, d\u1ec5 ph\u1ed1i \u0111\u1ed3.<\/p>\n<p class=\"QN2lPu\">H\u01af\u1edaNG D\u1eaaN B\u1ea2O QU\u1ea2N GI\u00c0Y TH\u1ec2 THAO NAM<\/p>\n<p class=\"QN2lPu\">\ufe0f \u0110\u1ec3 gi\u00e0y \u1edf n\u01a1i kh\u00f4 r\u00e1o, tho\u00e1ng m\u00e1t \u0111\u1ec3 gi\u1eef gi\u00e0y b\u1ec1n \u0111\u1eb9p h\u01a1n.<\/p>\n<p class=\"QN2lPu\">\ufe0f V\u1ec7 sinh gi\u00e0y b\u1eb1ng kh\u0103n ho\u1eb7c b\u00e0n ch\u1ea3i l\u00f4ng m\u1ec1m v\u1edbi n\u01b0\u1edbc t\u1ea9y r\u1eeda chuy\u00ean d\u1ee5ng.<\/p>\n<p class=\"QN2lPu\">\ufe0f C\u00f3 th\u1ec3 gi\u1eb7t gi\u00e0y v\u1edbi ch\u1ea5t t\u1ea9y r\u1eeda nh\u1eb9.<\/p>\n<p class=\"QN2lPu\">KHUY\u1ebeN C\u00c1O<\/p>\n<p class=\"QN2lPu\">Kh\u00f4ng d\u00f9ng h\u00f3a ch\u1ea5t hay b\u1ed9t gi\u1eb7t c\u00f3 ho\u1ea1t t\u00ednh t\u1ea9y r\u1eeda m\u1ea1nh.<\/p>\n<p class=\"QN2lPu\">Kh\u00f4ng d\u00f9ng b\u00e0n ch\u1ea3i c\u1ee9ng \u0111\u1ec3 v\u1ec7 sinh gi\u00e0y v\u00ec s\u1ebd l\u00e0m h\u01b0 gi\u00e0y.<\/p>\n<p class=\"QN2lPu\">Kh\u00f4ng \u0111i m\u01b0a ng\u00e2m n\u01b0\u1edbc l\u00e2u, kh\u00f4ng ph\u01a1i gi\u00e0y tr\u1ef1c ti\u1ebfp d\u01b0\u1edbi n\u1eafng g\u1eaft.<\/p>\n<p class=\"QN2lPu\">#giaynam #giay #the #thao #nam #sneaker #giaythethaonam #giaysneaker #gia #re #dep #giayluoi #giaycongso #giaytangchieucao #giaytrang #giaytapgym #giaychaybo #gns #gi\u00e0yth\u1ec3thao<\/p>\n<\/div>\n","protected":false},"excerpt":{"rendered":"<p>Chi ti\u1ebft s\u1ea3n ph\u1ea9m Gi\u00e0y Ch\u1ea1y B\u1ed9 Nam \ufe0fXu\u1ea5t x\u1ee9 : Gi\u00e0y Qu\u1ea3ng Ch\u00e2u \ufe0fTh\u00f4ng s\u1ed1 k\u00edch th\u01b0\u1edbc : 39 40 41 42 43 44 \ufe0fM\u00e0u s\u1eafc: X\u00e1m, \u0110en C\u00c1CH CH\u1eccN SIZE Gi\u00e0y Sneaker Nam: Chi\u1ec1u d\u00e0i b\u00e0n ch\u00e2n (\u0111o t\u1eeb g\u00f3t ch\u00e2n \u0111\u1ebfn ng\u00f3n c\u00e1i) v\u00e0 Chi\u1ec1u r\u1ed9ng b\u00e0n ch\u00e2n PH\u1ea2I NH\u1ece H\u01a0N K\u00cdCH&#8230;<\/p>\n","protected":false},"featured_media":21850,"comment_status":"open","ping_status":"closed","template":"","meta":[],"product_brand":[],"product_cat":[1313],"product_tag":[],"class_list":{"0":"post-21812","1":"product","2":"type-product","3":"status-publish","4":"has-post-thumbnail","6":"product_cat-giay-the-thao-sneakers","8":"first","9":"instock","10":"sale","11":"shipping-taxable","12":"product-type-variable"},"_links":{"self":[{"href":"https:\/\/web-ban-le.mbws.vn\/giay-dep-nam-nu\/wp-json\/wp\/v2\/product\/21812","targetHints":{"allow":["GET"]}}],"collection":[{"href":"https:\/\/web-ban-le.mbws.vn\/giay-dep-nam-nu\/wp-json\/wp\/v2\/product"}],"about":[{"href":"https:\/\/web-ban-le.mbws.vn\/giay-dep-nam-nu\/wp-json\/wp\/v2\/types\/product"}],"replies":[{"embeddable":true,"href":"https:\/\/web-ban-le.mbws.vn\/giay-dep-nam-nu\/wp-json\/wp\/v2\/comments?post=21812"}],"wp:featuredmedia":[{"embeddable":true,"href":"https:\/\/web-ban-le.mbws.vn\/giay-dep-nam-nu\/wp-json\/wp\/v2\/media\/21850"}],"wp:attachment":[{"href":"https:\/\/web-ban-le.mbws.vn\/giay-dep-nam-nu\/wp-json\/wp\/v2\/media?parent=21812"}],"wp:term":[{"taxonomy":"product_brand","embeddable":true,"href":"https:\/\/web-ban-le.mbws.vn\/giay-dep-nam-nu\/wp-json\/wp\/v2\/product_brand?post=21812"},{"taxonomy":"product_cat","embeddable":true,"href":"https:\/\/web-ban-le.mbws.vn\/giay-dep-nam-nu\/wp-json\/wp\/v2\/product_cat?post=21812"},{"taxonomy":"product_tag","embeddable":true,"href":"https:\/\/web-ban-le.mbws.vn\/giay-dep-nam-nu\/wp-json\/wp\/v2\/product_tag?post=21812"}],"curies":[{"name":"wp","href":"https:\/\/api.w.org\/{rel}","templated":true}]}}