{"id":21888,"date":"2025-11-14T11:17:19","date_gmt":"2025-11-14T04:17:19","guid":{"rendered":"https:\/\/web-ban-le.mbws.vn\/giay-dep-nam-nu\/?post_type=product&#038;p=21888"},"modified":"2025-11-14T11:17:41","modified_gmt":"2025-11-14T04:17:41","slug":"dep-con-meo-danh-cho-ban-nu-voi-hinh-meo-ngo-nghinh-h63-size-tu-36-den-41-lucky-shoes-vn","status":"publish","type":"product","link":"https:\/\/web-ban-le.mbws.vn\/giay-dep-nam-nu\/san-pham\/dep-con-meo-danh-cho-ban-nu-voi-hinh-meo-ngo-nghinh-h63-size-tu-36-den-41-lucky-shoes-vn\/","title":{"rendered":"D\u00c9P CON M\u00c8O d\u00e0nh cho b\u1ea1n n\u1eef v\u1edbi h\u00ecnh m\u00e8o ng\u1ed9 ngh\u0129nh [H63] size t\u1eeb 36 \u0111\u1ebfn 41 LUCKY SHOES VN"},"content":{"rendered":"<div class=\"e8lZp3\">\n<p class=\"QN2lPu\">D\u00e9p r\u1ea5t nh\u00ecn r\u1ea5t c\u01b0ng,r\u1ea5t \u0111\u00e1ng y\u00eau,xinh x\u1eafn d\u00e0nh cho c\u00e1c b\u1ea1n n\u1eef c\u00f3 size t\u1eeb 36\/37 \u0111\u1ebfn 40\/41.<\/p>\n<p class=\"QN2lPu\">Ngo\u00e0i ra, shop c\u00f3 s\u1eb5n d\u00e9p m\u00e8o d\u00e0nh CHO B\u1ea0N N\u1eee size t\u1eeb 20\/21 \u0111\u1ebfn 34\/35 (xem s\u1ea3n ph\u1ea9m c\u1ee7a shop \u0111\u1ec3 bi\u1ebft th\u00eam chi ti\u1ebft)<\/p>\n<p class=\"QN2lPu\">\n<p class=\"QN2lPu\">Kh\u00e1ch h\u00e0ng khi mua \u0111\u01b0\u1ee3c gi\u1ea3m ph\u00ed v\u1eadn chuy\u1ec3n v\u00ec shop mua g\u00f3i Freeship Extra c\u1ee7a shopee \u1ea1.<\/p>\n<p class=\"QN2lPu\">\n<p class=\"QN2lPu\">Chi ti\u1ebft s\u1ea3n ph\u1ea9m d\u00e9p m\u00e8o d\u00e0nh cho b\u1ea1n n\u1eef:<\/p>\n<p class=\"QN2lPu\">\u2714 M\u00e0u s\u1eafc d\u00e9p c\u00f3 3 m\u00e0u tr\u1eafng, m\u00e0u v\u00e0ngm\u00e0u h\u1ed3ng<\/p>\n<p class=\"QN2lPu\">\u2714 Ch\u1ea5t li\u1ec7u d\u00e9p: cao su t\u1ea1o b\u1ecdt <\/p>\n<p class=\"QN2lPu\">\u2714 \u0110\u1ebf d\u00e9p: cao su x\u1ed1p \u0111\u01b0\u1ee3c thi\u1ebft k\u1ebf th\u00f4ng minh t\u0103ng ma s\u00e1t , ch\u1ed1ng tr\u01a1n tr\u01b0\u1ee3t.<\/p>\n<p class=\"QN2lPu\">\u2714 Quai \u0111eo d\u00e9p: \u0111i\u1ec1u ch\u1ec9nh tr\u01b0\u1edbc sau linh ho\u1ea1t.<\/p>\n<p class=\"QN2lPu\">\u2714 Thi\u1ebft k\u1ebf D\u00c9P L\u1ed6 nhi\u1ec1u gi\u00fap meo\u00e1ng kh\u00ed gi\u00fap \u0111\u00f4i ch\u00e2n lu\u00f4n kh\u00f4 meo\u00e1ng c\u1ea3 ng\u00e0y.<\/p>\n<p class=\"QN2lPu\">\n<p class=\"QN2lPu\">\u2764\ufe0fC\u00c1CH CH\u1eccN SIZE D\u00c9P m\u00e8o:<\/p>\n<p class=\"QN2lPu\">Chi\u1ec1u d\u00e0i l\u00f2ng D\u00c9P = chi\u1ec1u d\u00e0i ch\u00e2n + (0.2cm \u0111\u1ebfn 0.5cm). Khuy\u1ebfn kh\u00edch n\u00ean c\u1ed9ng th\u00eam \u00edt (t\u1ea7m 0.2cm) v\u00ec d\u00e9p kh\u00e1 r\u1ed9ng.<\/p>\n<p class=\"QN2lPu\">\u261b L\u01b0u \u00fd: chi\u1ec1u d\u00e0i ch\u00e2n \u0111o t\u1eeb g\u00f3t \u0111\u1ebfn ng\u00f3n d\u00e0i nh\u1ea5t.\u0110\u1ed1i v\u1edbi c\u00e1c b\u00e9 c\u00f3 b\u00e0n ch\u00e2n d\u00e0y ho\u1eb7c b\u1ec1 ngang r\u1ed9ng c\u00e1c m\u1eb9 n\u00ean l\u1ea5y t\u0103ng l\u00ean 1 size nh\u00e9!<\/p>\n<p class=\"QN2lPu\">N\u1ebeU PH\u00c2N V\u00c2N H\u00c3Y INBOX CHO SHOP<\/p>\n<p class=\"QN2lPu\">\n<p class=\"QN2lPu\">\u2605 Size 20\/21 chi\u1ec1u d\u00e0i l\u00f2ng D\u00c9P 14,5cm, D\u00c9P m\u00e8o CHO B\u00c9 1-2 tu\u1ed5i <\/p>\n<p class=\"QN2lPu\">\u2605 Size 22\/23 chi\u1ec1u d\u00e0i l\u00f2ng D\u00c9P 15,5cm, D\u00c9P m\u00e8o CHO B\u00c9 2.5-3 tu\u1ed5i <\/p>\n<p class=\"QN2lPu\">\u2605 Size 24\/25 chi\u1ec1u d\u00e0i l\u00f2ng D\u00c9P 16,5cm, D\u00c9P m\u00e8o CHO B\u00c9 3.5 tu\u1ed5i <\/p>\n<p class=\"QN2lPu\">\u2605 Size 26\/27 chi\u1ec1u d\u00e0i l\u00f2ng D\u00c9P 17,5cm, D\u00c9P m\u00e8o CHO B\u00c9 4-4.5 tu\u1ed5i <\/p>\n<p class=\"QN2lPu\">\u2605 Size 28\/29 chi\u1ec1u d\u00e0i l\u00f2ng D\u00c9P 18,5cm, D\u00c9P m\u00e8o CHO B\u00c9 5 tu\u1ed5i <\/p>\n<p class=\"QN2lPu\">\u2605 Size 30\/31 chi\u1ec1u d\u00e0i l\u00f2ng D\u00c9P 19,5cm, D\u00c9P m\u00e8o CHO B\u00c9 6-7 tu\u1ed5i <\/p>\n<p class=\"QN2lPu\">\u2605 Size 32\/33 chi\u1ec1u d\u00e0i l\u00f2ng D\u00c9P 20,5cm, D\u00c9P m\u00e8o CHO B\u00c9 8 tu\u1ed5i <\/p>\n<p class=\"QN2lPu\">\u2605 Size 34\/35 chi\u1ec1u d\u00e0i l\u00f2ng D\u00c9P 21,5cm, D\u00c9P m\u00e8o CHO B\u00c9 9-10 tu\u1ed5i <\/p>\n<p class=\"QN2lPu\">\n<p class=\"QN2lPu\">\u2605 Size 36\/37 chi\u1ec1u d\u00e0i l\u00f2ng D\u00c9P  23cm, D\u00e9p m\u00e8o ng\u01b0\u1eddi l\u1edbn<\/p>\n<p class=\"QN2lPu\">\u2605 Size 38\/39 chi\u1ec1u d\u00e0i l\u00f2ng D\u00c9P 24cm, D\u00e9p m\u00e8o ng\u01b0\u1eddi l\u1edbn<\/p>\n<p class=\"QN2lPu\">\u2605 Size 40\/41 chi\u1ec1u d\u00e0i l\u00f2ng D\u00c9P  25cm, D\u00e9p m\u00e8o ng\u01b0\u1eddi l\u1edbn<\/p>\n<p class=\"QN2lPu\">\n<p class=\"QN2lPu\">L\u01b0u \u00fd v\u1eadn chuy\u1ec3n<\/p>\n<p class=\"QN2lPu\">\u261b Giao h\u00e0ng nhanh trong 2h khi ch\u1ecdn GrabExpress ho\u1eb7c NowShip<\/p>\n<p class=\"QN2lPu\">\n<p class=\"QN2lPu\">LUCKY SHOES VN CAM K\u1ebeT:<\/p>\n<p class=\"QN2lPu\">\u261b S\u1ea3n ph\u1ea9m D\u00c9P CON M\u00c8O CH\u1ea4T L\u01af\u1ee2NG, gi\u1ed1ng m\u00f4 t\u1ea3 100%<\/p>\n<p class=\"QN2lPu\">\u261b Ho\u00e0n ti\u1ec1n n\u1ebfu s\u1ea3n ph\u1ea9m kh\u00f4ng gi\u1ed1ng v\u1edbi m\u00f4 t\u1ea3<\/p>\n<p class=\"QN2lPu\">\u261b H\u1ed7 tr\u1ee3 \u0111\u1ed5i size khi kh\u00f4ng v\u1eeba<\/p>\n<p class=\"QN2lPu\">\n<p class=\"QN2lPu\">#dep_meo #dep_meo_ngo_nghinh #suc_ngo_nghinh #suc_hinh_thu #dep_con_meo #dep_hinh_meo #suc_cross #suc_crocs #dep_meoi_trang #dep_cross_hot #suc_meoi_trang #suc_sieu_nhe<\/p>\n<\/div>\n","protected":false},"excerpt":{"rendered":"<p>D\u00e9p r\u1ea5t nh\u00ecn r\u1ea5t c\u01b0ng,r\u1ea5t \u0111\u00e1ng y\u00eau,xinh x\u1eafn d\u00e0nh cho c\u00e1c b\u1ea1n n\u1eef c\u00f3 size t\u1eeb 36\/37 \u0111\u1ebfn 40\/41. Ngo\u00e0i ra, shop c\u00f3 s\u1eb5n d\u00e9p m\u00e8o d\u00e0nh CHO B\u1ea0N N\u1eee size t\u1eeb 20\/21 \u0111\u1ebfn 34\/35 (xem s\u1ea3n ph\u1ea9m c\u1ee7a shop \u0111\u1ec3 bi\u1ebft th\u00eam chi ti\u1ebft) Kh\u00e1ch h\u00e0ng khi mua \u0111\u01b0\u1ee3c gi\u1ea3m ph\u00ed v\u1eadn chuy\u1ec3n v\u00ec&#8230;<\/p>\n","protected":false},"featured_media":21916,"comment_status":"open","ping_status":"closed","template":"","meta":[],"product_brand":[],"product_cat":[1341],"product_tag":[],"class_list":{"0":"post-21888","1":"product","2":"type-product","3":"status-publish","4":"has-post-thumbnail","6":"product_cat-dep-di-trong-nha","8":"first","9":"instock","10":"sale","11":"shipping-taxable","12":"product-type-variable"},"_links":{"self":[{"href":"https:\/\/web-ban-le.mbws.vn\/giay-dep-nam-nu\/wp-json\/wp\/v2\/product\/21888","targetHints":{"allow":["GET"]}}],"collection":[{"href":"https:\/\/web-ban-le.mbws.vn\/giay-dep-nam-nu\/wp-json\/wp\/v2\/product"}],"about":[{"href":"https:\/\/web-ban-le.mbws.vn\/giay-dep-nam-nu\/wp-json\/wp\/v2\/types\/product"}],"replies":[{"embeddable":true,"href":"https:\/\/web-ban-le.mbws.vn\/giay-dep-nam-nu\/wp-json\/wp\/v2\/comments?post=21888"}],"wp:featuredmedia":[{"embeddable":true,"href":"https:\/\/web-ban-le.mbws.vn\/giay-dep-nam-nu\/wp-json\/wp\/v2\/media\/21916"}],"wp:attachment":[{"href":"https:\/\/web-ban-le.mbws.vn\/giay-dep-nam-nu\/wp-json\/wp\/v2\/media?parent=21888"}],"wp:term":[{"taxonomy":"product_brand","embeddable":true,"href":"https:\/\/web-ban-le.mbws.vn\/giay-dep-nam-nu\/wp-json\/wp\/v2\/product_brand?post=21888"},{"taxonomy":"product_cat","embeddable":true,"href":"https:\/\/web-ban-le.mbws.vn\/giay-dep-nam-nu\/wp-json\/wp\/v2\/product_cat?post=21888"},{"taxonomy":"product_tag","embeddable":true,"href":"https:\/\/web-ban-le.mbws.vn\/giay-dep-nam-nu\/wp-json\/wp\/v2\/product_tag?post=21888"}],"curies":[{"name":"wp","href":"https:\/\/api.w.org\/{rel}","templated":true}]}}