{"id":22009,"date":"2025-11-14T11:17:58","date_gmt":"2025-11-14T04:17:58","guid":{"rendered":"https:\/\/web-ban-le.mbws.vn\/giay-dep-nam-nu\/?post_type=product&#038;p=22009"},"modified":"2025-11-14T11:18:33","modified_gmt":"2025-11-14T04:18:33","slug":"giay-nam-lucky-s1266-giay-bot-nam-thoi-trang-giay-nam-nut-van-thong-minh-de-cao-su-non","status":"publish","type":"product","link":"https:\/\/web-ban-le.mbws.vn\/giay-dep-nam-nu\/san-pham\/giay-nam-lucky-s1266-giay-bot-nam-thoi-trang-giay-nam-nut-van-thong-minh-de-cao-su-non\/","title":{"rendered":"Gi\u00e0y Nam Lucky S1266, Gi\u00e0y B\u1ed1t Nam Th\u1eddi Trang Gi\u00e0y Nam  N\u00fat V\u1eb7n Th\u00f4ng Minh \u0110\u1ebf Cao Su Non"},"content":{"rendered":"<div>\n<div class=\"XEHjsR\">S\u1ed1 \u0111o s\u1ea3n ph\u1ea9m<\/div>\n<div class=\"cxqTeT\">\n<div class=\"jb1Mro lP3izB\"><img decoding=\"async\" class=\"Lpy8iY\" src=\"https:\/\/deo.shopeemobile.com\/shopee\/shopee-pcmall-live-sg\/productdetailspage\/c3936907aab2a3173ab0.svg\"><\/p>\n<div class=\"C_AJtQ\">\n<div class=\"pgLPdF\">Ch\u01b0a c\u00f3 size \u0111\u1ec1 xu\u1ea5t<\/div>\n<div class=\"uSnIhv\">S\u1ea3n ph\u1ea9m <span class=\"WpP76_\">\u0111\u00fang size<\/span>, ch\u1ecdn size th\u01b0\u1eddng d\u00f9ng c\u1ee7a b\u1ea1n<\/div>\n<\/div>\n<div class=\"cDtAfl J_6hw6\">Nh\u1eadp size<img decoding=\"async\" class=\"sDK4eu\" alt=\"size profile entrance cta icon\" src=\"https:\/\/deo.shopeemobile.com\/shopee\/shopee-pcmall-live-sg\/productdetailspage\/e711cf4967e522033dc5.svg\"><\/div>\n<\/div>\n<\/div>\n<div class=\"QwZYr9\" style=\"--first-column-width: 291.6666666666667px;\">\n<div class=\"\">\n<table class=\"NJNrcs\">\n<thead>\n<tr>\n<th class=\"\n                  n7l3az \n                   \n                \"><\/p>\n<div class=\"aU9fHt\">Size (EU)<\/div>\n<\/th>\n<th class=\"\n                  n7l3az \n                \"><\/p>\n<div class=\"aU9fHt\">Chi\u1ec1u d\u00e0i b\u00e0n ch\u00e2n<\/div>\n<div class=\"foRjAM\">(cm)<\/div>\n<\/th>\n<th class=\"\n                  n7l3az \n                \"><\/p>\n<div class=\"aU9fHt\">Chi\u1ec1u d\u00e0i b\u00ean trong gi\u00e0y<\/div>\n<div class=\"foRjAM\">(cm)<\/div>\n<\/th>\n<\/tr>\n<\/thead>\n<tbody>\n<tr class=\"ZpOrUD \">\n<td class=\"\n                      SQspKu\n                      ZpOrUD\n                       \n                    \">36<\/td>\n<td class=\"\n                      SQspKu \n                    \">22.5<\/td>\n<td class=\"\n                      SQspKu \n                    \">24.5<\/td>\n<\/tr>\n<tr class=\"C9AWmy \">\n<td class=\"\n                      SQspKu\n                      C9AWmy\n                       \n                    \">37<\/td>\n<td class=\"\n                      SQspKu \n                    \">23<\/td>\n<td class=\"\n                      SQspKu \n                    \">23<\/td>\n<\/tr>\n<tr class=\"ZpOrUD \">\n<td class=\"\n                      SQspKu\n                      ZpOrUD\n                       \n                    \">38<\/td>\n<td class=\"\n                      SQspKu \n                    \">23.5<\/td>\n<td class=\"\n                      SQspKu \n                    \">23.5<\/td>\n<\/tr>\n<tr class=\"C9AWmy \">\n<td class=\"\n                      SQspKu\n                      C9AWmy\n                       \n                    \">39<\/td>\n<td class=\"\n                      SQspKu \n                    \">24.5<\/td>\n<td class=\"\n                      SQspKu \n                    \">24.5<\/td>\n<\/tr>\n<tr class=\"ZpOrUD \">\n<td class=\"\n                      SQspKu\n                      ZpOrUD\n                       \n                    \">40<\/td>\n<td class=\"\n                      SQspKu \n                    \">25<\/td>\n<td class=\"\n                      SQspKu \n                    \">25<\/td>\n<\/tr>\n<tr class=\"C9AWmy \">\n<td class=\"\n                      SQspKu\n                      C9AWmy\n                       \n                    \">41<\/td>\n<td class=\"\n                      SQspKu \n                    \">25.5<\/td>\n<td class=\"\n                      SQspKu \n                    \">25.5<\/td>\n<\/tr>\n<tr class=\"ZpOrUD \">\n<td class=\"\n                      SQspKu\n                      ZpOrUD\n                       \n                    \">42<\/td>\n<td class=\"\n                      SQspKu \n                    \">26<\/td>\n<td class=\"\n                      SQspKu \n                    \">26<\/td>\n<\/tr>\n<tr class=\"C9AWmy \">\n<td class=\"\n                      SQspKu\n                      C9AWmy\n                       \n                    \">43<\/td>\n<td class=\"\n                      SQspKu \n                    \">27<\/td>\n<td class=\"\n                      SQspKu \n                    \">26.5<\/td>\n<\/tr>\n<tr class=\"ZpOrUD \">\n<td class=\"\n                      SQspKu\n                      ZpOrUD\n                       \n                    \">44<\/td>\n<td class=\"\n                      SQspKu \n                    \">27.5<\/td>\n<td class=\"\n                      SQspKu \n                    \">27<\/td>\n<\/tr>\n<\/tbody>\n<\/table>\n<\/div>\n<\/div>\n<div class=\"rQ_NVP\">S\u1ed1 \u0111o c\u00f3 th\u1ec3 thay \u0111\u1ed5i nh\u1eb9<\/div>\n<\/div>\n","protected":false},"excerpt":{"rendered":"<p>S\u1ed1 \u0111o s\u1ea3n ph\u1ea9m Ch\u01b0a c\u00f3 size \u0111\u1ec1 xu\u1ea5t S\u1ea3n ph\u1ea9m \u0111\u00fang size, ch\u1ecdn size th\u01b0\u1eddng d\u00f9ng c\u1ee7a b\u1ea1n Nh\u1eadp size Size (EU) Chi\u1ec1u d\u00e0i b\u00e0n ch\u00e2n (cm) Chi\u1ec1u d\u00e0i b\u00ean trong gi\u00e0y (cm) 36 22.5 24.5 37 23 23 38 23.5 23.5 39 24.5 24.5 40 25 25 41 25.5 25.5 42 26 26&#8230;<\/p>\n","protected":false},"featured_media":22015,"comment_status":"open","ping_status":"closed","template":"","meta":[],"product_brand":[],"product_cat":[1298],"product_tag":[],"class_list":{"0":"post-22009","1":"product","2":"type-product","3":"status-publish","4":"has-post-thumbnail","6":"product_cat-bot-thoi-trang-bot-giay-dep-nam","8":"first","9":"instock","10":"sale","11":"shipping-taxable","12":"product-type-variable"},"_links":{"self":[{"href":"https:\/\/web-ban-le.mbws.vn\/giay-dep-nam-nu\/wp-json\/wp\/v2\/product\/22009","targetHints":{"allow":["GET"]}}],"collection":[{"href":"https:\/\/web-ban-le.mbws.vn\/giay-dep-nam-nu\/wp-json\/wp\/v2\/product"}],"about":[{"href":"https:\/\/web-ban-le.mbws.vn\/giay-dep-nam-nu\/wp-json\/wp\/v2\/types\/product"}],"replies":[{"embeddable":true,"href":"https:\/\/web-ban-le.mbws.vn\/giay-dep-nam-nu\/wp-json\/wp\/v2\/comments?post=22009"}],"wp:featuredmedia":[{"embeddable":true,"href":"https:\/\/web-ban-le.mbws.vn\/giay-dep-nam-nu\/wp-json\/wp\/v2\/media\/22015"}],"wp:attachment":[{"href":"https:\/\/web-ban-le.mbws.vn\/giay-dep-nam-nu\/wp-json\/wp\/v2\/media?parent=22009"}],"wp:term":[{"taxonomy":"product_brand","embeddable":true,"href":"https:\/\/web-ban-le.mbws.vn\/giay-dep-nam-nu\/wp-json\/wp\/v2\/product_brand?post=22009"},{"taxonomy":"product_cat","embeddable":true,"href":"https:\/\/web-ban-le.mbws.vn\/giay-dep-nam-nu\/wp-json\/wp\/v2\/product_cat?post=22009"},{"taxonomy":"product_tag","embeddable":true,"href":"https:\/\/web-ban-le.mbws.vn\/giay-dep-nam-nu\/wp-json\/wp\/v2\/product_tag?post=22009"}],"curies":[{"name":"wp","href":"https:\/\/api.w.org\/{rel}","templated":true}]}}