{"id":22103,"date":"2025-11-14T11:18:34","date_gmt":"2025-11-14T04:18:34","guid":{"rendered":"https:\/\/web-ban-le.mbws.vn\/giay-dep-nam-nu\/?post_type=product&#038;p=22103"},"modified":"2025-11-14T11:18:55","modified_gmt":"2025-11-14T04:18:55","slug":"giay-sneaker-nam-281-giay-the-thao-nam-sneakers-casual-chao-shoes-chat-vai-canvas-kieu-dang-basic-de-phoi-do","status":"publish","type":"product","link":"https:\/\/web-ban-le.mbws.vn\/giay-dep-nam-nu\/san-pham\/giay-sneaker-nam-281-giay-the-thao-nam-sneakers-casual-chao-shoes-chat-vai-canvas-kieu-dang-basic-de-phoi-do\/","title":{"rendered":"GI\u00c0Y Sneaker NAM 281, Gi\u00e0y Th\u1ec3 Thao Nam Sneakers Casual CHAO SHOES Ch\u1ea5t V\u1ea3i Canvas Ki\u1ec3u D\u00e1ng Basic D\u1ec5 Ph\u1ed1i \u0110\u1ed3"},"content":{"rendered":"<div class=\"e8lZp3\">\n<p class=\"QN2lPu\">GI\u00c0Y Sneaker NAM 281, Gi\u00e0y Th\u1ec3 Thao Nam Sneakers Casual CHAO SHOES Ch\u1ea5t V\u1ea3i Canvas Ki\u1ec3u D\u00e1ng Basic D\u1ec5 Ph\u1ed1i \u0110\u1ed3<\/p>\n<p class=\"QN2lPu\">Lo\u1ea1i s\u1ea3n ph\u1ea9m<\/p>\n<p class=\"QN2lPu\">: Gi\u00e0y Nam th\u1eddi trang<\/p>\n<p class=\"QN2lPu\">Thi\u1ebft K\u1ebf Th\u1ec3 Thao, Hi\u1ec7n \u0110\u1ea1i<\/p>\n<p class=\"QN2lPu\">Gi\u00e0y th\u1ec3 thao mang \u0111\u1ebfn phong c\u00e1ch<\/p>\n<p class=\"QN2lPu\">n\u0103ng \u0111\u1ed9ng, tr\u1ebb trung<\/p>\n<p class=\"QN2lPu\">v\u1edbi thi\u1ebft k\u1ebf ph\u1ed1i m\u00e0u th\u1eddi th\u01b0\u1ee3ng v\u00e0 h\u1ecda ti\u1ebft<\/p>\n<p class=\"QN2lPu\">k\u1ebb caro<\/p>\n<p class=\"QN2lPu\">\u0111\u1ed9c \u0111\u00e1o. D\u00e1ng gi\u00e0y<\/p>\n<p class=\"QN2lPu\">th\u1ea5p c\u1ed5<\/p>\n<p class=\"QN2lPu\">, ph\u00f9 h\u1ee3p cho m\u1ecdi ho\u1ea1t \u0111\u1ed9ng h\u00e0ng ng\u00e0y.<\/p>\n<p class=\"QN2lPu\">T\u00ednh N\u0103ng N\u1ed5i B\u1eadt<\/p>\n<p class=\"QN2lPu\">Tho\u1ea3i m\u00e1i &amp; tho\u00e1ng kh\u00ed<\/p>\n<p class=\"QN2lPu\">\u2013 L\u1edbp l\u01b0\u1edbi b\u00ean trong gi\u00fap th\u00f4ng tho\u00e1ng, mang l\u1ea1i c\u1ea3m gi\u00e1c d\u1ec5 ch\u1ecbu.<\/p>\n<p class=\"QN2lPu\">\u0110\u1ebf d\u00e0y \u00eam \u00e1i<\/p>\n<p class=\"QN2lPu\">\u2013 Thi\u1ebft k\u1ebf<\/p>\n<p class=\"QN2lPu\">\u0111\u1ebf d\u00e0y 5-7 cm<\/p>\n<p class=\"QN2lPu\">, gi\u00fap t\u0103ng chi\u1ec1u cao t\u1ef1 nhi\u00ean m\u00e0 v\u1eabn gi\u1eef \u0111\u01b0\u1ee3c s\u1ef1 tho\u1ea3i m\u00e1i.<\/p>\n<p class=\"QN2lPu\">\u0110\u1ebf cao su ch\u1ed1ng tr\u01a1n<\/p>\n<p class=\"QN2lPu\">\u2013 T\u0103ng \u0111\u1ed9 b\u00e1m, ph\u00f9 h\u1ee3p v\u1edbi nhi\u1ec1u \u0111\u1ecba h\u00ecnh.<\/p>\n<p class=\"QN2lPu\">D\u1ec5 d\u00e0ng ph\u1ed1i \u0111\u1ed3<\/p>\n<p class=\"QN2lPu\">\u2013 Th\u00edch h\u1ee3p v\u1edbi nhi\u1ec1u phong c\u00e1ch t\u1eeb th\u1ec3 thao, casual \u0111\u1ebfn streetwear.<\/p>\n<p class=\"QN2lPu\">Ch\u1ea5t Li\u1ec7u Cao C\u1ea5p<\/p>\n<p class=\"QN2lPu\">Th\u00e2n gi\u00e0y<\/p>\n<p class=\"QN2lPu\">:<\/p>\n<p class=\"QN2lPu\">PU nh\u00e2n t\u1ea1o<\/p>\n<p class=\"QN2lPu\">, b\u1ec1n b\u1ec9, d\u1ec5 v\u1ec7 sinh.<\/p>\n<p class=\"QN2lPu\">\u0110\u1ebf gi\u00e0y<\/p>\n<p class=\"QN2lPu\">:<\/p>\n<p class=\"QN2lPu\">Cao su<\/p>\n<p class=\"QN2lPu\">, ch\u1ed1ng tr\u01a1n tr\u01b0\u1ee3t v\u00e0 ch\u1ecbu l\u1ef1c t\u1ed1t.<\/p>\n<p class=\"QN2lPu\">L\u00f3t trong<\/p>\n<p class=\"QN2lPu\">:<\/p>\n<p class=\"QN2lPu\">L\u01b0\u1edbi tho\u00e1ng kh\u00ed<\/p>\n<p class=\"QN2lPu\">, gi\u00fap ch\u00e2n lu\u00f4n kh\u00f4 r\u00e1o.<\/p>\n<p class=\"QN2lPu\">D\u00e2y bu\u1ed9c ph\u00eda sau<\/p>\n<p class=\"QN2lPu\">, t\u1ea1o \u0111i\u1ec3m nh\u1ea5n \u0111\u1ed9c \u0111\u00e1o.<\/p>\n<p class=\"QN2lPu\">M\u00e0u S\u1eafc &amp; K\u00edch Th\u01b0\u1edbc<\/p>\n<p class=\"QN2lPu\">M\u00e0u s\u1eafc<\/p>\n<p class=\"QN2lPu\">:  X\u00e1m<\/p>\n<p class=\"QN2lPu\">Size<\/p>\n<p class=\"QN2lPu\">: 39, 40, 41, 42, 43, 44<\/p>\n<p class=\"QN2lPu\">N\u1ebfu b\u1ea1n \u0111ang t\u00ecm m\u1ed9t \u0111\u00f4i gi\u00e0y<\/p>\n<p class=\"QN2lPu\">tho\u1ea3i m\u00e1i, phong c\u00e1ch v\u00e0 ph\u00f9 h\u1ee3p cho m\u1ecdi m\u00f9a<\/p>\n<p class=\"QN2lPu\">, ch\u1eafc ch\u1eafn s\u1ebd l\u00e0 l\u1ef1a ch\u1ecdn tuy\u1ec7t v\u1eddi!<\/p>\n<p class=\"QN2lPu\">C\u00e1ch Ch\u1ecdn Size Gi\u00e0y Ch\u00ednh X\u00e1c<\/p>\n<p class=\"QN2lPu\">\u0110\u1ec3 ch\u1ecdn size gi\u00e0y ph\u00f9 h\u1ee3p, b\u1ea1n \u0111o<\/p>\n<p class=\"QN2lPu\">chi\u1ec1u d\u00e0i b\u00e0n ch\u00e2n<\/p>\n<p class=\"QN2lPu\">(t\u1eeb g\u00f3t \u0111\u1ebfn ng\u00f3n c\u00e1i) v\u00e0<\/p>\n<p class=\"QN2lPu\">chi\u1ec1u r\u1ed9ng b\u00e0n ch\u00e2n<\/p>\n<p class=\"QN2lPu\">, sau \u0111\u00f3 so s\u00e1nh v\u1edbi b\u1ea3ng d\u01b0\u1edbi \u0111\u00e2y:<\/p>\n<div class=\"QN2lPu\">\n<div style=\"position: relative; width: 100%; padding-bottom: 35.0263%;\"><picture class=\"UkIsx8\"><source srcset=\"https:\/\/down-vn.img.susercontent.com\/file\/sg-11134202-7req3-m8cs2z0xeumv5e@resize_w875_nl.webp 1x, https:\/\/down-vn.img.susercontent.com\/file\/sg-11134202-7req3-m8cs2z0xeumv5e@resize_w1750_nl.webp 2x\" type=\"image\/webp\" class=\"UkIsx8\"><img decoding=\"async\" width=\"875\" loading=\"lazy\" class=\"uXN1L5 lazyload GqYslU\" srcset=\"https:\/\/down-vn.img.susercontent.com\/file\/sg-11134202-7req3-m8cs2z0xeumv5e@resize_w875_nl 1x, https:\/\/down-vn.img.susercontent.com\/file\/sg-11134202-7req3-m8cs2z0xeumv5e@resize_w1750_nl 2x\" src=\"https:\/\/down-vn.img.susercontent.com\/file\/sg-11134202-7req3-m8cs2z0xeumv5e\" height=\"306\"><\/picture><\/div>\n<\/div>\n<div class=\"QN2lPu\">\n<div style=\"position: relative; width: 100%; padding-bottom: 100%;\"><picture class=\"UkIsx8\"><source srcset=\"https:\/\/down-vn.img.susercontent.com\/file\/sg-11134202-7reng-m8cs2z4jcf558b@resize_w875_nl.webp 1x, https:\/\/down-vn.img.susercontent.com\/file\/sg-11134202-7reng-m8cs2z4jcf558b@resize_w1750_nl.webp 2x\" type=\"image\/webp\" class=\"UkIsx8\"><img decoding=\"async\" width=\"875\" loading=\"lazy\" class=\"uXN1L5 lazyload GqYslU\" srcset=\"https:\/\/down-vn.img.susercontent.com\/file\/sg-11134202-7reng-m8cs2z4jcf558b@resize_w875_nl 1x, https:\/\/down-vn.img.susercontent.com\/file\/sg-11134202-7reng-m8cs2z4jcf558b@resize_w1750_nl 2x\" src=\"https:\/\/down-vn.img.susercontent.com\/file\/sg-11134202-7reng-m8cs2z4jcf558b\" height=\"875\"><\/picture><\/div>\n<\/div>\n<div class=\"QN2lPu\">\n<div style=\"position: relative; width: 100%; padding-bottom: 100%;\"><picture class=\"UkIsx8\"><source srcset=\"https:\/\/down-vn.img.susercontent.com\/file\/sg-11134202-7renl-m8cs2z9j29bb6c@resize_w875_nl.webp 1x, https:\/\/down-vn.img.susercontent.com\/file\/sg-11134202-7renl-m8cs2z9j29bb6c@resize_w1750_nl.webp 2x\" type=\"image\/webp\" class=\"UkIsx8\"><img decoding=\"async\" width=\"875\" loading=\"lazy\" class=\"uXN1L5 lazyload GqYslU\" srcset=\"https:\/\/down-vn.img.susercontent.com\/file\/sg-11134202-7renl-m8cs2z9j29bb6c@resize_w875_nl 1x, https:\/\/down-vn.img.susercontent.com\/file\/sg-11134202-7renl-m8cs2z9j29bb6c@resize_w1750_nl 2x\" src=\"https:\/\/down-vn.img.susercontent.com\/file\/sg-11134202-7renl-m8cs2z9j29bb6c\" height=\"875\"><\/picture><\/div>\n<\/div>\n<div class=\"QN2lPu\">\n<div style=\"position: relative; width: 100%; padding-bottom: 100%;\"><picture class=\"UkIsx8\"><source srcset=\"https:\/\/down-vn.img.susercontent.com\/file\/sg-11134202-7reqg-m8cs2zfctripf4@resize_w875_nl.webp 1x, https:\/\/down-vn.img.susercontent.com\/file\/sg-11134202-7reqg-m8cs2zfctripf4@resize_w1750_nl.webp 2x\" type=\"image\/webp\" class=\"UkIsx8\"><img decoding=\"async\" width=\"875\" loading=\"lazy\" class=\"uXN1L5 lazyload GqYslU\" srcset=\"https:\/\/down-vn.img.susercontent.com\/file\/sg-11134202-7reqg-m8cs2zfctripf4@resize_w875_nl 1x, https:\/\/down-vn.img.susercontent.com\/file\/sg-11134202-7reqg-m8cs2zfctripf4@resize_w1750_nl 2x\" src=\"https:\/\/down-vn.img.susercontent.com\/file\/sg-11134202-7reqg-m8cs2zfctripf4\" height=\"875\"><\/picture><\/div>\n<\/div>\n<div class=\"QN2lPu\">\n<div style=\"position: relative; width: 100%; padding-bottom: 128.535%;\"><picture class=\"UkIsx8\"><source srcset=\"https:\/\/down-vn.img.susercontent.com\/file\/sg-11134202-7repv-m8cs2zqghqj587@resize_w875_nl.webp 1x, https:\/\/down-vn.img.susercontent.com\/file\/sg-11134202-7repv-m8cs2zqghqj587@resize_w1750_nl.webp 2x\" type=\"image\/webp\" class=\"UkIsx8\"><img decoding=\"async\" width=\"875\" loading=\"lazy\" class=\"uXN1L5 lazyload GqYslU\" srcset=\"https:\/\/down-vn.img.susercontent.com\/file\/sg-11134202-7repv-m8cs2zqghqj587@resize_w875_nl 1x, https:\/\/down-vn.img.susercontent.com\/file\/sg-11134202-7repv-m8cs2zqghqj587@resize_w1750_nl 2x\" src=\"https:\/\/down-vn.img.susercontent.com\/file\/sg-11134202-7repv-m8cs2zqghqj587\" height=\"1125\"><\/picture><\/div>\n<\/div>\n<div class=\"QN2lPu\">\n<div style=\"position: relative; width: 100%; padding-bottom: 159.236%;\"><picture class=\"UkIsx8\"><source srcset=\"https:\/\/down-vn.img.susercontent.com\/file\/sg-11134202-7repc-m8cs307dq4rbdb@resize_w875_nl.webp 1x, https:\/\/down-vn.img.susercontent.com\/file\/sg-11134202-7repc-m8cs307dq4rbdb@resize_w1750_nl.webp 2x\" type=\"image\/webp\" class=\"UkIsx8\"><img decoding=\"async\" width=\"875\" loading=\"lazy\" class=\"uXN1L5 lazyload GqYslU\" srcset=\"https:\/\/down-vn.img.susercontent.com\/file\/sg-11134202-7repc-m8cs307dq4rbdb@resize_w875_nl 1x, https:\/\/down-vn.img.susercontent.com\/file\/sg-11134202-7repc-m8cs307dq4rbdb@resize_w1750_nl 2x\" src=\"https:\/\/down-vn.img.susercontent.com\/file\/sg-11134202-7repc-m8cs307dq4rbdb\" height=\"1393\"><\/picture><\/div>\n<\/div>\n<div class=\"QN2lPu\">\n<div style=\"position: relative; width: 100%; padding-bottom: 100%;\"><picture class=\"UkIsx8\"><source srcset=\"https:\/\/down-vn.img.susercontent.com\/file\/sg-11134202-7reo9-m8cs30drjmoh74@resize_w875_nl.webp 1x, https:\/\/down-vn.img.susercontent.com\/file\/sg-11134202-7reo9-m8cs30drjmoh74@resize_w1750_nl.webp 2x\" type=\"image\/webp\" class=\"UkIsx8\"><img decoding=\"async\" width=\"875\" loading=\"lazy\" class=\"uXN1L5 lazyload GqYslU\" srcset=\"https:\/\/down-vn.img.susercontent.com\/file\/sg-11134202-7reo9-m8cs30drjmoh74@resize_w875_nl 1x, https:\/\/down-vn.img.susercontent.com\/file\/sg-11134202-7reo9-m8cs30drjmoh74@resize_w1750_nl 2x\" src=\"https:\/\/down-vn.img.susercontent.com\/file\/sg-11134202-7reo9-m8cs30drjmoh74\" height=\"875\"><\/picture><\/div>\n<\/div>\n<div class=\"QN2lPu\">\n<div style=\"position: relative; width: 100%; padding-bottom: 100%;\"><picture class=\"UkIsx8\"><source srcset=\"https:\/\/down-vn.img.susercontent.com\/file\/sg-11134202-7renp-m8cs30jba2s71b@resize_w875_nl.webp 1x, https:\/\/down-vn.img.susercontent.com\/file\/sg-11134202-7renp-m8cs30jba2s71b@resize_w1750_nl.webp 2x\" type=\"image\/webp\" class=\"UkIsx8\"><img decoding=\"async\" width=\"875\" loading=\"lazy\" class=\"uXN1L5 lazyload QSLoEa GqYslU\" srcset=\"https:\/\/down-vn.img.susercontent.com\/file\/sg-11134202-7renp-m8cs30jba2s71b@resize_w875_nl 1x, https:\/\/down-vn.img.susercontent.com\/file\/sg-11134202-7renp-m8cs30jba2s71b@resize_w1750_nl 2x\" src=\"https:\/\/down-vn.img.susercontent.com\/file\/sg-11134202-7renp-m8cs30jba2s71b\" height=\"875\"><\/picture><\/div>\n<\/div>\n<div class=\"QN2lPu\">\n<div style=\"position: relative; width: 100%; padding-bottom: 100%;\"><picture class=\"UkIsx8\"><source srcset=\"https:\/\/down-vn.img.susercontent.com\/file\/sg-11134202-7repz-m8cs30w2ssyfe9@resize_w875_nl.webp 1x, https:\/\/down-vn.img.susercontent.com\/file\/sg-11134202-7repz-m8cs30w2ssyfe9@resize_w1750_nl.webp 2x\" type=\"image\/webp\" class=\"UkIsx8\"><img decoding=\"async\" width=\"875\" loading=\"lazy\" class=\"uXN1L5 lazyload QSLoEa GqYslU\" srcset=\"https:\/\/down-vn.img.susercontent.com\/file\/sg-11134202-7repz-m8cs30w2ssyfe9@resize_w875_nl 1x, https:\/\/down-vn.img.susercontent.com\/file\/sg-11134202-7repz-m8cs30w2ssyfe9@resize_w1750_nl 2x\" src=\"https:\/\/down-vn.img.susercontent.com\/file\/sg-11134202-7repz-m8cs30w2ssyfe9\" height=\"875\"><\/picture><\/div>\n<\/div>\n<div class=\"QN2lPu\">\n<div style=\"position: relative; width: 100%; padding-bottom: 100%;\"><picture class=\"UkIsx8\"><source srcset=\"https:\/\/down-vn.img.susercontent.com\/file\/sg-11134202-7reoc-m8cs3112ioiv04@resize_w875_nl.webp 1x, https:\/\/down-vn.img.susercontent.com\/file\/sg-11134202-7reoc-m8cs3112ioiv04@resize_w1750_nl.webp 2x\" type=\"image\/webp\" class=\"UkIsx8\"><img decoding=\"async\" width=\"875\" loading=\"lazy\" class=\"uXN1L5 lazyload QSLoEa GqYslU\" srcset=\"https:\/\/down-vn.img.susercontent.com\/file\/sg-11134202-7reoc-m8cs3112ioiv04@resize_w875_nl 1x, https:\/\/down-vn.img.susercontent.com\/file\/sg-11134202-7reoc-m8cs3112ioiv04@resize_w1750_nl 2x\" src=\"https:\/\/down-vn.img.susercontent.com\/file\/sg-11134202-7reoc-m8cs3112ioiv04\" height=\"875\"><\/picture><\/div>\n<\/div>\n<div class=\"QN2lPu\">\n<div style=\"position: relative; width: 100%; padding-bottom: 100%;\"><picture class=\"UkIsx8\"><source srcset=\"https:\/\/down-vn.img.susercontent.com\/file\/sg-11134202-7req0-m8cs31dtyl6odc@resize_w875_nl.webp 1x, https:\/\/down-vn.img.susercontent.com\/file\/sg-11134202-7req0-m8cs31dtyl6odc@resize_w1750_nl.webp 2x\" type=\"image\/webp\" class=\"UkIsx8\"><img decoding=\"async\" width=\"875\" loading=\"lazy\" class=\"uXN1L5 lazyload QSLoEa GqYslU\" srcset=\"https:\/\/down-vn.img.susercontent.com\/file\/sg-11134202-7req0-m8cs31dtyl6odc@resize_w875_nl 1x, https:\/\/down-vn.img.susercontent.com\/file\/sg-11134202-7req0-m8cs31dtyl6odc@resize_w1750_nl 2x\" src=\"https:\/\/down-vn.img.susercontent.com\/file\/sg-11134202-7req0-m8cs31dtyl6odc\" height=\"875\"><\/picture><\/div>\n<\/div>\n<div class=\"QN2lPu\">\n<div style=\"position: relative; width: 100%; padding-bottom: 100%;\"><picture class=\"UkIsx8\"><source srcset=\"https:\/\/down-vn.img.susercontent.com\/file\/sg-11134202-7reqj-m8cs31ijrp2f7c@resize_w875_nl.webp 1x, https:\/\/down-vn.img.susercontent.com\/file\/sg-11134202-7reqj-m8cs31ijrp2f7c@resize_w1750_nl.webp 2x\" type=\"image\/webp\" class=\"UkIsx8\"><img decoding=\"async\" width=\"875\" loading=\"lazy\" class=\"uXN1L5 lazyload QSLoEa GqYslU\" srcset=\"https:\/\/down-vn.img.susercontent.com\/file\/sg-11134202-7reqj-m8cs31ijrp2f7c@resize_w875_nl 1x, https:\/\/down-vn.img.susercontent.com\/file\/sg-11134202-7reqj-m8cs31ijrp2f7c@resize_w1750_nl 2x\" src=\"https:\/\/down-vn.img.susercontent.com\/file\/sg-11134202-7reqj-m8cs31ijrp2f7c\" height=\"875\"><\/picture><\/div>\n<\/div>\n<\/div>\n","protected":false},"excerpt":{"rendered":"<p>GI\u00c0Y Sneaker NAM 281, Gi\u00e0y Th\u1ec3 Thao Nam Sneakers Casual CHAO SHOES Ch\u1ea5t V\u1ea3i Canvas Ki\u1ec3u D\u00e1ng Basic D\u1ec5 Ph\u1ed1i \u0110\u1ed3 Lo\u1ea1i s\u1ea3n ph\u1ea9m : Gi\u00e0y Nam th\u1eddi trang Thi\u1ebft K\u1ebf Th\u1ec3 Thao, Hi\u1ec7n \u0110\u1ea1i Gi\u00e0y th\u1ec3 thao mang \u0111\u1ebfn phong c\u00e1ch n\u0103ng \u0111\u1ed9ng, tr\u1ebb trung v\u1edbi thi\u1ebft k\u1ebf ph\u1ed1i m\u00e0u th\u1eddi th\u01b0\u1ee3ng v\u00e0 h\u1ecda&#8230;<\/p>\n","protected":false},"featured_media":22126,"comment_status":"open","ping_status":"closed","template":"","meta":[],"product_brand":[],"product_cat":[1313],"product_tag":[],"class_list":{"0":"post-22103","1":"product","2":"type-product","3":"status-publish","4":"has-post-thumbnail","6":"product_cat-giay-the-thao-sneakers","8":"first","9":"instock","10":"sale","11":"shipping-taxable","12":"product-type-variable"},"_links":{"self":[{"href":"https:\/\/web-ban-le.mbws.vn\/giay-dep-nam-nu\/wp-json\/wp\/v2\/product\/22103","targetHints":{"allow":["GET"]}}],"collection":[{"href":"https:\/\/web-ban-le.mbws.vn\/giay-dep-nam-nu\/wp-json\/wp\/v2\/product"}],"about":[{"href":"https:\/\/web-ban-le.mbws.vn\/giay-dep-nam-nu\/wp-json\/wp\/v2\/types\/product"}],"replies":[{"embeddable":true,"href":"https:\/\/web-ban-le.mbws.vn\/giay-dep-nam-nu\/wp-json\/wp\/v2\/comments?post=22103"}],"wp:featuredmedia":[{"embeddable":true,"href":"https:\/\/web-ban-le.mbws.vn\/giay-dep-nam-nu\/wp-json\/wp\/v2\/media\/22126"}],"wp:attachment":[{"href":"https:\/\/web-ban-le.mbws.vn\/giay-dep-nam-nu\/wp-json\/wp\/v2\/media?parent=22103"}],"wp:term":[{"taxonomy":"product_brand","embeddable":true,"href":"https:\/\/web-ban-le.mbws.vn\/giay-dep-nam-nu\/wp-json\/wp\/v2\/product_brand?post=22103"},{"taxonomy":"product_cat","embeddable":true,"href":"https:\/\/web-ban-le.mbws.vn\/giay-dep-nam-nu\/wp-json\/wp\/v2\/product_cat?post=22103"},{"taxonomy":"product_tag","embeddable":true,"href":"https:\/\/web-ban-le.mbws.vn\/giay-dep-nam-nu\/wp-json\/wp\/v2\/product_tag?post=22103"}],"curies":[{"name":"wp","href":"https:\/\/api.w.org\/{rel}","templated":true}]}}