{"id":18227,"date":"2025-10-23T10:47:24","date_gmt":"2025-10-23T03:47:24","guid":{"rendered":"https:\/\/web-ban-le.mbws.vn\/me-va-be\/?post_type=product&#038;p=18227"},"modified":"2025-10-23T10:48:17","modified_gmt":"2025-10-23T03:48:17","slug":"combo-2-men-vi-sinh-biogaia-protectis-drops-cai-thien-he-tieu-hoa-xuat-xu-thuy-dien-dung-tich-5ml","status":"publish","type":"product","link":"https:\/\/web-ban-le.mbws.vn\/me-va-be\/san-pham\/combo-2-men-vi-sinh-biogaia-protectis-drops-cai-thien-he-tieu-hoa-xuat-xu-thuy-dien-dung-tich-5ml\/","title":{"rendered":"Combo 2 Men vi sinh BioGaia ProTectis Drops c\u1ea3i thi\u1ec7n h\u1ec7 ti\u00eau h\u00f3a xu\u1ea5t x\u1ee9 Th\u1ee5y \u0110i\u1ec3n dung t\u00edch 5ml"},"content":{"rendered":"<div class=\"e8lZp3\">\n<p class=\"QN2lPu\">Men vi sinh BioGaia Protectis Baby Drops c\u00f3 ch\u1ee9a ch\u1ee7ng l\u1ee3i khu\u1ea9n \u0111\u1ed9c quy\u1ec1n Lactobacillus reuteri DSM 17938 v\u1edbi h\u01a1n 180 nghi\u00ean c\u1ee9u l\u00e2m s\u00e0ng tr\u00ean 18.000 ng\u01b0\u1eddi (h\u01a1n 7.000 tr\u1ebb s\u01a1 sinh v\u00e0 sinh non) ch\u1ee9ng minh hi\u1ec7u qu\u1ea3 \u01b0u vi\u1ec7t v\u00e0 t\u00ednh an to\u00e0n, \u0111\u01b0\u1ee3c khuy\u1ebfn c\u00e1o s\u1eed d\u1ee5ng b\u1edfi nhi\u1ec1u t\u1ed5 ch\u1ee9c y khoa th\u1ebf gi\u1edbi nh\u01b0 WGO, ESPGHAN, ESPID \u2026<\/p>\n<p class=\"QN2lPu\">\n<p class=\"QN2lPu\">BioGaia l\u00e0 Probiotic c\u00f3 NHI\u1ec0U NGHI\u00caN C\u1ee8U L\u00c2M S\u00c0NG NH\u1ea4T tr\u00ean Th\u1ebf Gi\u1edbi v\u1ec1 d\u1ef1 ph\u00f2ng Colic cho tr\u1ebb nh\u1ecf.<\/p>\n<p class=\"QN2lPu\">\n<p class=\"QN2lPu\">C\u00d4NG D\u1ee4NG:<\/p>\n<p class=\"QN2lPu\">&#8211; B\u1ed5 sung l\u1ee3i khu\u1ea9n c\u1ea3i thi\u1ec7n h\u1ec7 vi sinh \u0111\u01b0\u1eddng ru\u1ed9t<\/p>\n<p class=\"QN2lPu\">&#8211; H\u1ed7 tr\u1ee3 gi\u1ea3m t\u00ecnh tr\u1ea1ng r\u1ed1i lo\u1ea1n ti\u00eau h\u00f3a: ti\u00eau ch\u1ea3y, t\u00e1o b\u00f3n, n\u00f4n tr\u1edb, \u0111\u1ea7y h\u01a1i, ch\u01b0\u1edbng b\u1ee5ng&#8230; ch\u1ec9 sau 2- 4 tu\u1ea7n s\u1eed d\u1ee5ng<\/p>\n<p class=\"QN2lPu\">&#8211; D\u1ef1 ph\u00f2ng v\u00e0 h\u1ed7 tr\u1ee3 gi\u1ea3m t\u00ecnh tr\u1ea1ng kh\u00f3c d\u1ea1 \u0111\u1ec1 (colic) v\u00e0 \u0111au b\u1ee5ng ch\u1ee9c n\u0103ng \u1edf tr\u1ebb<\/p>\n<p class=\"QN2lPu\">&#8211; D\u1ef1 ph\u00f2ng v-i\u00eam ru\u1ed9t c\u1ea5p, v-i\u00eam ru\u1ed9t ho\u1ea1t t\u1eed \u1edf tr\u1ebb<\/p>\n<p class=\"QN2lPu\">&#8211; D\u1ef1 ph\u00f2ng n-hi\u1ec5m k-hu\u1ea9n \u0111\u01b0\u1eddng ti\u00eau h\u00f3a v\u00e0 h\u00f4 h\u1ea5p, t\u0103ng c\u01b0\u1eddng h\u1ec7 mi\u1ec5n d\u1ecbch cho c\u01a1 th\u1ec3&nbsp;<\/p>\n<p class=\"QN2lPu\">&#8211; Gi\u1ea3m t\u00e1c d\u1ee5ng ph\u1ee5 do d\u00f9ng k.h.\u00e1.n.g s.i.n.h d\u00e0i ng\u00e0y g\u00e2y ra<\/p>\n<p class=\"QN2lPu\">\n<p class=\"QN2lPu\">LI\u1ec0U D\u00d9NG: 5-10 gi\u1ecdt\/ng\u00e0y.&nbsp;<\/p>\n<p class=\"QN2lPu\">\n<p class=\"QN2lPu\">C\u00c1CH D\u00d9NG:<\/p>\n<p class=\"QN2lPu\">&#8211; L\u1eafc \u0111\u1ec1u tr\u01b0\u1edbc khi s\u1eed d\u1ee5ng. Kh\u00f4ng pha c\u00f9ng v\u1edbi \u0111\u1ed3 \u0103n, th\u1ee9c u\u1ed1ng tr\u00ean 37 \u0111\u1ed9 C.<\/p>\n<p class=\"QN2lPu\">&#8211; N\u1ebfu d\u00f9ng c\u00f9ng k.h.\u00e1.n.g s.i.n.h th\u00ec c\u1ea7n u\u1ed1ng tr\u01b0\u1edbc ho\u1eb7c sau khi d\u00f9ng k.h.\u00e1.n.g s.i.n.h \u00edt nh\u1ea5t 2-3 gi\u1edd.<\/p>\n<p class=\"QN2lPu\">&#8211; N\u00ean duy tr\u00ec s\u1eed d\u1ee5ng \u00edt nh\u1ea5t trong v\u00f2ng 2-3 th\u00e1ng \u0111\u1ec3 \u0111\u1ea1t \u0111\u01b0\u1ee3c hi\u1ec7u qu\u1ea3 t\u1ed1t nh\u1ea5t.<\/p>\n<p class=\"QN2lPu\">\n<p class=\"QN2lPu\">QUY C\u00c1CH \u0110\u00d3NG G\u00d3I: H\u1ed9p 1 l\u1ecd 5ml.<\/p>\n<p class=\"QN2lPu\">\n<p class=\"QN2lPu\">B\u1ea2O QU\u1ea2N: 5 &#8211; 25 \u0111\u1ed9 C.&nbsp;<\/p>\n<p class=\"QN2lPu\">\n<p class=\"QN2lPu\">H\u1ea0N S\u1eec D\u1ee4NG:&nbsp;<\/p>\n<p class=\"QN2lPu\">24 th\u00e1ng k\u1ec3 t\u1eeb ng\u00e0y s\u1ea3n xu\u1ea5t.&nbsp;<\/p>\n<p class=\"QN2lPu\">S\u1eed d\u1ee5ng trong v\u00f2ng 3 th\u00e1ng k\u1ec3 t\u1eeb ng\u00e0y m\u1edf n\u1eafp.<\/p>\n<p class=\"QN2lPu\">\n<p class=\"QN2lPu\">L\u01afU \u00dd:&nbsp;<\/p>\n<p class=\"QN2lPu\">&#8211; S\u1ea3n ph\u1ea9m an to\u00e0n cho c\u1ea3 tr\u1ebb s.i.n.h n.o.n, ph\u1ee5 n\u1eef mang thai v\u00e0 cho con b\u00fa.<\/p>\n<p class=\"QN2lPu\">&#8211; S\u1ea3n ph\u1ea9m n\u00e0y kh\u00f4ng ph\u1ea3i l\u00e0 thu\u1ed1c v\u00e0 kh\u00f4ng c\u00f3 t\u00e1c d\u1ee5ng thay th\u1ebf thu\u1ed1c ch\u1eefa b\u1ec7nh.<\/p>\n<p class=\"QN2lPu\">&#8211; N\u1ebfu c\u1ea7n t\u01b0 v\u1ea5n th\u00eam v\u1ec1 s\u1ea3n ph\u1ea9m, vui l\u00f2ng \u0111\u1ec3 l\u1ea1i tin nh\u1eafn \u0111\u1ec3 \u0111\u1ed9i ng\u0169 CSKH h\u1ed7 tr\u1ee3 ba m\u1eb9 t\u1ed1t nh\u1ea5t.<\/p>\n<p class=\"QN2lPu\">\n<p class=\"QN2lPu\">\n<p class=\"QN2lPu\">#menti\u00eauhoa #menbiogaia #menvisinhbiogaia #menvisinh #mentieuhoa #menti\u00eauho\u00e1chotr\u1ebbs\u01a1sinh #menti\u00eauho\u00e1bio<\/p>\n<p class=\"QN2lPu\">#biogaia #menti\u00eauho\u00e1chob\u00e9 #mens\u1ed1ngh\u1eefuc\u01a1 #menvisinhchob\u00e9 #menti\u00eauho\u00e1ph\u00e1p #menvisinhchobe #menbio #mentieuhoachobe<\/p>\n<p class=\"QN2lPu\">#mens\u1ed1ng #menti\u00eauho\u00e1 #menti\u00eauho\u00e1chotr\u1ebb #menti\u00eauho\u00e1chob\u00e9 #probiotic #biogaiaprotectis<\/p>\n<\/div>\n","protected":false},"excerpt":{"rendered":"<p>Men vi sinh BioGaia Protectis Baby Drops c\u00f3 ch\u1ee9a ch\u1ee7ng l\u1ee3i khu\u1ea9n \u0111\u1ed9c quy\u1ec1n Lactobacillus reuteri DSM 17938 v\u1edbi h\u01a1n 180 nghi\u00ean c\u1ee9u l\u00e2m s\u00e0ng tr\u00ean 18.000 ng\u01b0\u1eddi (h\u01a1n 7.000 tr\u1ebb s\u01a1 sinh v\u00e0 sinh non) ch\u1ee9ng minh hi\u1ec7u qu\u1ea3 \u01b0u vi\u1ec7t v\u00e0 t\u00ednh an to\u00e0n, \u0111\u01b0\u1ee3c khuy\u1ebfn c\u00e1o s\u1eed d\u1ee5ng b\u1edfi nhi\u1ec1u t\u1ed5 ch\u1ee9c&#8230;<\/p>\n","protected":false},"featured_media":18298,"comment_status":"open","ping_status":"closed","template":"","meta":[],"product_brand":[1222],"product_cat":[1213],"product_tag":[],"class_list":{"0":"post-18227","1":"product","2":"type-product","3":"status-publish","4":"has-post-thumbnail","6":"product_brand-biogaia","7":"product_cat-vitamin-thuc-pham-bo-sung","9":"first","10":"instock","11":"shipping-taxable","12":"purchasable","13":"product-type-simple"},"_links":{"self":[{"href":"https:\/\/web-ban-le.mbws.vn\/me-va-be\/wp-json\/wp\/v2\/product\/18227","targetHints":{"allow":["GET"]}}],"collection":[{"href":"https:\/\/web-ban-le.mbws.vn\/me-va-be\/wp-json\/wp\/v2\/product"}],"about":[{"href":"https:\/\/web-ban-le.mbws.vn\/me-va-be\/wp-json\/wp\/v2\/types\/product"}],"replies":[{"embeddable":true,"href":"https:\/\/web-ban-le.mbws.vn\/me-va-be\/wp-json\/wp\/v2\/comments?post=18227"}],"wp:featuredmedia":[{"embeddable":true,"href":"https:\/\/web-ban-le.mbws.vn\/me-va-be\/wp-json\/wp\/v2\/media\/18298"}],"wp:attachment":[{"href":"https:\/\/web-ban-le.mbws.vn\/me-va-be\/wp-json\/wp\/v2\/media?parent=18227"}],"wp:term":[{"taxonomy":"product_brand","embeddable":true,"href":"https:\/\/web-ban-le.mbws.vn\/me-va-be\/wp-json\/wp\/v2\/product_brand?post=18227"},{"taxonomy":"product_cat","embeddable":true,"href":"https:\/\/web-ban-le.mbws.vn\/me-va-be\/wp-json\/wp\/v2\/product_cat?post=18227"},{"taxonomy":"product_tag","embeddable":true,"href":"https:\/\/web-ban-le.mbws.vn\/me-va-be\/wp-json\/wp\/v2\/product_tag?post=18227"}],"curies":[{"name":"wp","href":"https:\/\/api.w.org\/{rel}","templated":true}]}}