{"id":18236,"date":"2025-10-23T10:47:25","date_gmt":"2025-10-23T03:47:25","guid":{"rendered":"https:\/\/web-ban-le.mbws.vn\/me-va-be\/?post_type=product&#038;p=18236"},"modified":"2025-10-23T10:48:54","modified_gmt":"2025-10-23T03:48:54","slug":"combo-3-vitamin-welkids-adek-bo-sung-d3k2-ket-hop-vitamin-a-e-giup-be-phat-trien-chieu-cao-nang-cao-de-khang-10ml","status":"publish","type":"product","link":"https:\/\/web-ban-le.mbws.vn\/me-va-be\/san-pham\/combo-3-vitamin-welkids-adek-bo-sung-d3k2-ket-hop-vitamin-a-e-giup-be-phat-trien-chieu-cao-nang-cao-de-khang-10ml\/","title":{"rendered":"Combo 3 Vitamin WelKids ADEK b\u1ed5 sung D3K2 k\u1ebft h\u1ee3p Vitamin A, E gi\u00fap b\u00e9 ph\u00e1t tri\u1ec3n chi\u1ec1u cao, n\u00e2ng cao \u0111\u1ec1 kh\u00e1ng, 10ml"},"content":{"rendered":"<div class=\"e8lZp3\">\n<p class=\"QN2lPu\">Combo 3 Vitamin WelKids ADEK b\u1ed5 sung D3K2 k\u1ebft h\u1ee3p Vitamin A, E gi\u00fap b\u00e9 ph\u00e1t tri\u1ec3n chi\u1ec1u cao, n\u00e2ng cao \u0111\u1ec1 kh\u00e1ng, 10ml<\/p>\n<p class=\"QN2lPu\">S\u1ea3n ph\u1ea9m \u0111\u1ea7u ti\u00ean v\u00e0 duy nh\u1ea5t cung c\u1ea5p \u0111\u1ea7y \u0111\u1ee7 4 lo\u1ea1i vitamin thi\u1ebft y\u1ebfu tan trong d\u1ea7u olive h\u1eefu c\u01a1 A, D3, E, K2 cho tr\u1ebb nh\u1ecf.<\/p>\n<p class=\"QN2lPu\">\n<p class=\"QN2lPu\">TH\u00c0NH PH\u1ea6N:<\/p>\n<p class=\"QN2lPu\">\u25cf MenaQ7\u00ae (Vitamin K2-MK7) duy nh\u1ea5t c\u00f3 nghi\u00ean c\u1ee9u l\u00e2m s\u00e0ng tr\u00ean tr\u1ebb nh\u1ecf v\u00e0 s\u1edf h\u1eefu nhi\u1ec1u nghi\u00ean c\u1ee9u ch\u1ee9ng minh nh\u1ea5t th\u1ebf gi\u1edbi.<\/p>\n<p class=\"QN2lPu\">\u25cf Quali\u00ae A,D,E (Vitamin A,D3, E) t\u1eeb DSM &#8211; nh\u00e0 s\u1ea3n xu\u1ea5t Vitamin \u0111\u1ea7u ti\u00ean v\u00e0 l\u1edbn nh\u1ea5t th\u1ebf gi\u1edbi (t\u1eeb n\u0103m 1934).<\/p>\n<p class=\"QN2lPu\">\u25cf D\u1ea7u Olive h\u1eefu c\u01a1 t\u1eeb \u0110\u1ee9c th\u00e2n thi\u1ec7n, an to\u00e0n cho tr\u1ebb s\u01a1 sinh.<\/p>\n<p class=\"QN2lPu\">\n<p class=\"QN2lPu\">\u01afU \u0110I\u1ec2M V\u01af\u1ee2T TR\u1ed8I C\u1ee6A S\u1ea2N PH\u1ea8M:<\/p>\n<p class=\"QN2lPu\">\u25cf Ch\u1ea5t l\u01b0\u1ee3ng h\u00e0ng \u0111\u1ea7u ch\u1ee9ng minh tr\u00ean to\u00e0n th\u1ebf gi\u1edbi<\/p>\n<p class=\"QN2lPu\">\u25cf Ch\u1ee9ng nh\u1eadn an to\u00e0n b\u1edfi Ch\u00e2u \u00c2u, Hoa K\u1ef3<\/p>\n<p class=\"QN2lPu\">\u25cf L\u00e0 Vitamin ADEK nh\u1ecf gi\u1ecdt \u0111\u1ea7u ti\u00ean &amp; duy nh\u1ea5t \u0111\u01b0\u1ee3c ch\u1ecdn \u0111\u0103ng trong C\u1ea9m nang s\u1eed d\u1ee5ng thu\u1ed1c MIMS c\u1ee7a B\u00e1c s\u0129, D\u01b0\u1ee3c s\u0129<\/p>\n<p class=\"QN2lPu\">\u25cf Li\u1ec1u d\u00f9ng chu\u1ea9n khuy\u1ebfn c\u00e1o c\u1ee7a T\u1ed5 ch\u1ee9c Y t\u1ebf<\/p>\n<p class=\"QN2lPu\">\u25cf Kh\u00f4ng m\u00f9i kh\u00f4ng v\u1ecb con d\u1ec5 u\u1ed1ng<\/p>\n<p class=\"QN2lPu\">\u25cf Pipet ph\u00e2n li\u1ec1u ti\u1ec7n l\u1ee3i cho m\u1eb9<\/p>\n<p class=\"QN2lPu\">\n<p class=\"QN2lPu\">H\u00c0M L\u01af\u1ee2NG: M\u1ed7i 6 gi\u1ecdt ch\u1ee9a:<\/p>\n<p class=\"QN2lPu\">\u25cf Vitamin A (d\u01b0\u1edbi d\u1ea1ng Retinyl palmitate) 400mcg<\/p>\n<p class=\"QN2lPu\">\u25cf Vitamin D3 (d\u01b0\u1edbi d\u1ea1ng Cholecalciferol) 400IU<\/p>\n<p class=\"QN2lPu\">\u25cf Vitamin E (d\u01b0\u1edbi d\u1ea1ng D-alpha-tocopherol) 4 mg<\/p>\n<p class=\"QN2lPu\">\u25cf Vitamin K2 (d\u01b0\u1edbi d\u1ea1ng MK-7 Menaquinone) 22.5mcg<\/p>\n<p class=\"QN2lPu\">\u25cf D\u1ea7u olive h\u1eefu c\u01a1 t\u1ef1 nhi\u00ean v\u1eeba \u0111\u1ee7<\/p>\n<p class=\"QN2lPu\">\n<p class=\"QN2lPu\">C\u00d4NG D\u1ee4NG:<\/p>\n<p class=\"QN2lPu\">\u25cf N\u00e2ng cao s\u1ee9c kh\u1ecfe, t\u0103ng c\u01b0\u1eddng \u0111\u1ec1 kh\u00e1ng<\/p>\n<p class=\"QN2lPu\">\u25cf X\u01b0\u01a1ng r\u0103ng ch\u1eafc kh\u1ecfe, ph\u00e1t tri\u1ec3n chi\u1ec1u cao<\/p>\n<p class=\"QN2lPu\">\u25cf B\u1ed5 sung Vitamin A li\u1ec1u chu\u1ea9n cho tr\u1ebb ch\u01b0a \u0111\u01b0\u1ee3c u\u1ed1ng Vitamin c\u1ed9ng \u0111\u1ed3ng<\/p>\n<p class=\"QN2lPu\">\n<p class=\"QN2lPu\">LI\u1ec0U D\u00d9NG:<\/p>\n<p class=\"QN2lPu\">WELKIDS ADEK n\u00ean d\u00f9ng m\u1ed7i ng\u00e0y m\u1ed9t l\u1ea7n, trong ho\u1eb7c ngay sau b\u1eefa \u0103n v\u1edbi li\u1ec1u l\u01b0\u1ee3ng nh\u01b0 sau:<\/p>\n<p class=\"QN2lPu\">\u25cf 0 \u2013 12 th\u00e1ng tu\u1ed5i: 6 gi\u1ecdt<\/p>\n<p class=\"QN2lPu\">\u25cf 1 \u2013 3 tu\u1ed5i: 6 \u2013 8 gi\u1ecdt<\/p>\n<p class=\"QN2lPu\">\u25cf 3 \u2013 12 tu\u1ed5i: 8 \u2013 12 gi\u1ecdt<\/p>\n<p class=\"QN2lPu\">\u25cf Tr\u00ean 12 tu\u1ed5i: 12 gi\u1ecdt<\/p>\n<p class=\"QN2lPu\">\n<p class=\"QN2lPu\">QUY C\u00c1CH \u0110\u00d3NG G\u00d3I: H\u1ed9p 1 l\u1ecd 10ml<\/p>\n<p class=\"QN2lPu\">B\u1ea2O QU\u1ea2N: 5 &#8211; 25 \u0111\u1ed9<\/p>\n<p class=\"QN2lPu\">H\u1ea0N S\u1eec D\u1ee4NG: 24 th\u00e1ng k\u1ec3 t\u1eeb ng\u00e0y s\u1ea3n xu\u1ea5t<\/p>\n<p class=\"QN2lPu\">\n<p class=\"QN2lPu\">L\u01afU \u00dd:<\/p>\n<p class=\"QN2lPu\">M\u1eb9 cho b\u00e9 s\u1eed d\u1ee5ng trong v\u00f2ng 2 th\u00e1ng sau khi m\u1edf n\u1eafp.<\/p>\n<p class=\"QN2lPu\">S\u1ea3n ph\u1ea9m kh\u00f4ng ph\u1ea3i l\u00e0 thu\u1ed1c v\u00e0 kh\u00f4ng th\u1ec3 thay th\u1ebf thu\u1ed1c ch\u1eefa b\u1ec7nh.<\/p>\n<p class=\"QN2lPu\">Ng\u01b0ng s\u1eed d\u1ee5ng khi c\u00f3 b\u00e9 c\u00f3 d\u1ea5u hi\u1ec7u b\u1ea5t th\u01b0\u1eddng n\u00e0o.<\/p>\n<p class=\"QN2lPu\">\n<p class=\"QN2lPu\">#vitamin #vitamind3 #vitamink2 #tangchieucao #tangchieucaohieuqua #welkids #welkidsd3k2 #adek #welkidsadek<\/p>\n<\/div>\n","protected":false},"excerpt":{"rendered":"<p>Combo 3 Vitamin WelKids ADEK b\u1ed5 sung D3K2 k\u1ebft h\u1ee3p Vitamin A, E gi\u00fap b\u00e9 ph\u00e1t tri\u1ec3n chi\u1ec1u cao, n\u00e2ng cao \u0111\u1ec1 kh\u00e1ng, 10ml S\u1ea3n ph\u1ea9m \u0111\u1ea7u ti\u00ean v\u00e0 duy nh\u1ea5t cung c\u1ea5p \u0111\u1ea7y \u0111\u1ee7 4 lo\u1ea1i vitamin thi\u1ebft y\u1ebfu tan trong d\u1ea7u olive h\u1eefu c\u01a1 A, D3, E, K2 cho tr\u1ebb nh\u1ecf. TH\u00c0NH PH\u1ea6N:&#8230;<\/p>\n","protected":false},"featured_media":18344,"comment_status":"open","ping_status":"closed","template":"","meta":[],"product_brand":[1223],"product_cat":[1213],"product_tag":[],"class_list":{"0":"post-18236","1":"product","2":"type-product","3":"status-publish","4":"has-post-thumbnail","6":"product_brand-welkids","7":"product_cat-vitamin-thuc-pham-bo-sung","9":"first","10":"instock","11":"shipping-taxable","12":"purchasable","13":"product-type-simple"},"_links":{"self":[{"href":"https:\/\/web-ban-le.mbws.vn\/me-va-be\/wp-json\/wp\/v2\/product\/18236","targetHints":{"allow":["GET"]}}],"collection":[{"href":"https:\/\/web-ban-le.mbws.vn\/me-va-be\/wp-json\/wp\/v2\/product"}],"about":[{"href":"https:\/\/web-ban-le.mbws.vn\/me-va-be\/wp-json\/wp\/v2\/types\/product"}],"replies":[{"embeddable":true,"href":"https:\/\/web-ban-le.mbws.vn\/me-va-be\/wp-json\/wp\/v2\/comments?post=18236"}],"wp:featuredmedia":[{"embeddable":true,"href":"https:\/\/web-ban-le.mbws.vn\/me-va-be\/wp-json\/wp\/v2\/media\/18344"}],"wp:attachment":[{"href":"https:\/\/web-ban-le.mbws.vn\/me-va-be\/wp-json\/wp\/v2\/media?parent=18236"}],"wp:term":[{"taxonomy":"product_brand","embeddable":true,"href":"https:\/\/web-ban-le.mbws.vn\/me-va-be\/wp-json\/wp\/v2\/product_brand?post=18236"},{"taxonomy":"product_cat","embeddable":true,"href":"https:\/\/web-ban-le.mbws.vn\/me-va-be\/wp-json\/wp\/v2\/product_cat?post=18236"},{"taxonomy":"product_tag","embeddable":true,"href":"https:\/\/web-ban-le.mbws.vn\/me-va-be\/wp-json\/wp\/v2\/product_tag?post=18236"}],"curies":[{"name":"wp","href":"https:\/\/api.w.org\/{rel}","templated":true}]}}