{"id":18239,"date":"2025-10-23T10:47:25","date_gmt":"2025-10-23T03:47:25","guid":{"rendered":"https:\/\/web-ban-le.mbws.vn\/me-va-be\/?post_type=product&#038;p=18239"},"modified":"2025-10-23T10:49:08","modified_gmt":"2025-10-23T03:49:08","slug":"qua-tang-khong-ban-thia-an-dam-welkids-bang-silicon-bao-ve-nuou-cho-be-sieu-mem-va-an-toan","status":"publish","type":"product","link":"https:\/\/web-ban-le.mbws.vn\/me-va-be\/san-pham\/qua-tang-khong-ban-thia-an-dam-welkids-bang-silicon-bao-ve-nuou-cho-be-sieu-mem-va-an-toan\/","title":{"rendered":"[QU\u00c0 T\u1eb6NG KH\u00d4NG B\u00c1N] Th\u00eca \u0103n d\u1eb7m Welkids b\u1eb1ng silicon b\u1ea3o v\u1ec7 n\u01b0\u1edbu cho b\u00e9, si\u00eau m\u1ec1m v\u00e0 an to\u00e0n"},"content":{"rendered":"<div class=\"e8lZp3\">\n<p class=\"QN2lPu\">CH\u1ea4T LI\u1ec6U V\u00c0 \u0110\u1ed8 AN TO\u00c0N:<\/p>\n<p class=\"QN2lPu\">&#8211; Th\u00eca \u0111\u01b0\u1ee3c l\u00e0m t\u1eeb silicon chuy\u00ean d\u00f9ng trong ng\u00e0nh th\u1ef1c ph\u1ea9m, \u0111\u00e3 \u0111\u01b0\u1ee3c ki\u1ec3m ch\u1ee9ng an to\u00e0n, kh\u00f4ng g\u00e2y k\u00edch \u1ee9ng, h\u1ea7u nh\u01b0 kh\u00f4ng \u0111\u1ec3 l\u1ea1i ph\u1ea3n \u1ee9ng ph\u1ee5 trong c\u01a1 th\u1ec3.<\/p>\n<p class=\"QN2lPu\">&#8211; \u0110\u00e2y l\u00e0 lo\u1ea1i silicon th\u01b0\u1eddng th\u1ea5y trong b\u00ecnh s\u1eefa tr\u1ebb em: m\u1ec1m, \u0111\u00e0n h\u1ed3i cao, an to\u00e0n tuy\u1ec7t \u0111\u1ed1i cho b\u00e9 t\u1eeb 0 \u2013 4 tu\u1ed5i.<\/p>\n<p class=\"QN2lPu\">&#8211; Ph\u1ea7n tay c\u1ea7m l\u00e0m t\u1eeb nh\u1ef1a PP th\u1ef1c ph\u1ea9m, v\u1eeba \u0111\u1ee7 c\u1ee9ng \u2013 m\u1ec1m, kh\u00f4ng b\u1ecb bi\u1ebfn d\u1ea1ng khi b\u00e9 k\u00e9o hay c\u1eafn, c\u00f3 th\u1ec3 t\u1eadn d\u1ee5ng nh\u01b0 \u0111\u1ed3 g\u1eb7m an to\u00e0n cho b\u00e9.<\/p>\n<p class=\"QN2lPu\">\n<p class=\"QN2lPu\">THI\u1ebeT K\u1ebe TI\u1ec6N L\u1ee2I:<\/p>\n<p class=\"QN2lPu\">&#8211; \u0110\u1ea7u th\u00eca h\u00ecnh ch\u1eef C cong nh\u1eb9, v\u1eeba v\u1eb7n v\u1edbi khoang mi\u1ec7ng tr\u1ebb, kh\u00f4ng g\u00e2y kh\u00f3 ch\u1ecbu khi \u0103n.<\/p>\n<p class=\"QN2lPu\">&#8211; K\u00edch th\u01b0\u1edbc \u0111\u1ea7u th\u00eca r\u1ed9ng 2.4cm, l\u00fd t\u01b0\u1edfng cho b\u00e9 t\u1eeb 0 \u2013 4 tu\u1ed5i.<\/p>\n<p class=\"QN2lPu\">&#8211; V\u1ecf ngo\u00e0i b\u1eb1ng silicon, m\u1ec1m m\u1ea1i, kh\u00f4ng g\u00f3c c\u1ea1nh, kh\u00f4ng d\u00ednh th\u1ee9c \u0103n, gi\u00fap b\u00e9 \u0103n ngon v\u00e0 m\u1eb9 d\u1ec5 v\u1ec7 sinh.<\/p>\n<p class=\"QN2lPu\">&#8211; Tay c\u1ea7m ch\u1ed1ng tr\u01a1n, chi\u1ec1u d\u00e0i h\u1ee3p l\u00fd, thu\u1eadn ti\u1ec7n cho c\u1ea3 m\u1eb9 khi b\u00f3n v\u00e0 b\u00e9 khi t\u1ef1 t\u1eadp c\u1ea7m.<\/p>\n<p class=\"QN2lPu\">\n<p class=\"QN2lPu\">\u2705 An to\u00e0n \u2013 ti\u1ec7n l\u1ee3i \u2013 th\u00e2n thi\u1ec7n cho c\u1ea3 m\u1eb9 v\u00e0 b\u00e9.<\/p>\n<\/div>\n","protected":false},"excerpt":{"rendered":"<p>CH\u1ea4T LI\u1ec6U V\u00c0 \u0110\u1ed8 AN TO\u00c0N: &#8211; Th\u00eca \u0111\u01b0\u1ee3c l\u00e0m t\u1eeb silicon chuy\u00ean d\u00f9ng trong ng\u00e0nh th\u1ef1c ph\u1ea9m, \u0111\u00e3 \u0111\u01b0\u1ee3c ki\u1ec3m ch\u1ee9ng an to\u00e0n, kh\u00f4ng g\u00e2y k\u00edch \u1ee9ng, h\u1ea7u nh\u01b0 kh\u00f4ng \u0111\u1ec3 l\u1ea1i ph\u1ea3n \u1ee9ng ph\u1ee5 trong c\u01a1 th\u1ec3. &#8211; \u0110\u00e2y l\u00e0 lo\u1ea1i silicon th\u01b0\u1eddng th\u1ea5y trong b\u00ecnh s\u1eefa tr\u1ebb em: m\u1ec1m, \u0111\u00e0n h\u1ed3i cao,&#8230;<\/p>\n","protected":false},"featured_media":18352,"comment_status":"open","ping_status":"closed","template":"","meta":[],"product_brand":[1222],"product_cat":[1216],"product_tag":[],"class_list":{"0":"post-18239","1":"product","2":"type-product","3":"status-publish","4":"has-post-thumbnail","6":"product_brand-biogaia","7":"product_cat-do-dung-cho-be","9":"first","10":"instock","11":"shipping-taxable","12":"purchasable","13":"product-type-simple"},"_links":{"self":[{"href":"https:\/\/web-ban-le.mbws.vn\/me-va-be\/wp-json\/wp\/v2\/product\/18239","targetHints":{"allow":["GET"]}}],"collection":[{"href":"https:\/\/web-ban-le.mbws.vn\/me-va-be\/wp-json\/wp\/v2\/product"}],"about":[{"href":"https:\/\/web-ban-le.mbws.vn\/me-va-be\/wp-json\/wp\/v2\/types\/product"}],"replies":[{"embeddable":true,"href":"https:\/\/web-ban-le.mbws.vn\/me-va-be\/wp-json\/wp\/v2\/comments?post=18239"}],"wp:featuredmedia":[{"embeddable":true,"href":"https:\/\/web-ban-le.mbws.vn\/me-va-be\/wp-json\/wp\/v2\/media\/18352"}],"wp:attachment":[{"href":"https:\/\/web-ban-le.mbws.vn\/me-va-be\/wp-json\/wp\/v2\/media?parent=18239"}],"wp:term":[{"taxonomy":"product_brand","embeddable":true,"href":"https:\/\/web-ban-le.mbws.vn\/me-va-be\/wp-json\/wp\/v2\/product_brand?post=18239"},{"taxonomy":"product_cat","embeddable":true,"href":"https:\/\/web-ban-le.mbws.vn\/me-va-be\/wp-json\/wp\/v2\/product_cat?post=18239"},{"taxonomy":"product_tag","embeddable":true,"href":"https:\/\/web-ban-le.mbws.vn\/me-va-be\/wp-json\/wp\/v2\/product_tag?post=18239"}],"curies":[{"name":"wp","href":"https:\/\/api.w.org\/{rel}","templated":true}]}}