{"id":18243,"date":"2025-10-23T10:47:25","date_gmt":"2025-10-23T03:47:25","guid":{"rendered":"https:\/\/web-ban-le.mbws.vn\/me-va-be\/?post_type=product&#038;p=18243"},"modified":"2025-10-23T10:49:36","modified_gmt":"2025-10-23T03:49:36","slug":"combo-8-men-vi-sinh-biogaia-protectis-dang-vien-cai-thien-he-tieu-hoa-thuy-dien-hop-10-vien","status":"publish","type":"product","link":"https:\/\/web-ban-le.mbws.vn\/me-va-be\/san-pham\/combo-8-men-vi-sinh-biogaia-protectis-dang-vien-cai-thien-he-tieu-hoa-thuy-dien-hop-10-vien\/","title":{"rendered":"Combo 8 men vi sinh BioGaia ProTectis D\u1ea1ng vi\u00ean c\u1ea3i thi\u1ec7n h\u1ec7 ti\u00eau h\u00f3a Th\u1ee5y \u0110i\u1ec3n h\u1ed9p 10 vi\u00ean"},"content":{"rendered":"<div class=\"e8lZp3\">\n<p class=\"QN2lPu\">Men vi sinh BioGaia ProTectis Tablets (d\u1ea1ng vi\u00ean) c\u00f3 ch\u1ee9a ch\u1ee7ng l\u1ee3i khu\u1ea9n \u0111\u1ed9c quy\u1ec1n Lactobacillus reuteri DSM 17938 v\u1edbi 148 nghi\u00ean c\u1ee9u l\u00e2m s\u00e0ng tr\u00ean 14.500 ng\u01b0\u1eddi ch\u1ee9ng minh hi\u1ec7u qu\u1ea3 \u01b0u vi\u1ec7t v\u00e0 t\u00ednh an to\u00e0n, \u0111\u01b0\u1ee3c khuy\u1ebfn c\u00e1o s\u1eed d\u1ee5ng b\u1edfi nhi\u1ec1u t\u1ed5 ch\u1ee9c y khoa th\u1ebf gi\u1edbi nh\u01b0 WGO, ESPGHAN, ESPID \u2026<\/p>\n<p class=\"QN2lPu\">\n<p class=\"QN2lPu\">C\u00d4NG D\u1ee4NG:<\/p>\n<p class=\"QN2lPu\">&#8211; B\u1ed5 sung l\u1ee3i khu\u1ea9n c\u1ea3i thi\u1ec7n h\u1ec7 vi sinh \u0111\u01b0\u1eddng ru\u1ed9t<\/p>\n<p class=\"QN2lPu\">&#8211; H\u1ed7 tr\u1ee3 gi\u1ea3m t\u00ecnh tr\u1ea1ng r\u1ed1i lo\u1ea1n ti\u00eau h\u00f3a: ti\u00eau ch\u1ea3y, t\u00e1o b\u00f3n, n\u00f4n tr\u1edb, \u0111\u1ea7y h\u01a1i, ch\u01b0\u1edbng b\u1ee5ng&#8230; ch\u1ec9 sau 2- 4 tu\u1ea7n s\u1eed d\u1ee5ng. \u0110\u1eb7c bi\u1ec7t h\u1ed7 tr\u1ee3 r\u1ea5t t\u1ed1t cho m\u1eb9 b\u1ea7u khi g\u1eb7p v\u1ea5n \u0111\u1ec1 t\u00e1o b\u00f3n, n\u00f4n ngh\u00e9n trong thai k\u1ef3.<\/p>\n<p class=\"QN2lPu\">&#8211; Th\u00fac \u0111\u1ea9y qu\u00e1 tr\u00ecnh ti\u00eau h\u00f3a &amp; h\u1ea5p thu dinh d\u01b0\u1ee1ng, vitamin v\u00e0 kho\u00e1ng ch\u1ea5t<\/p>\n<p class=\"QN2lPu\">&#8211; D\u1ef1 ph\u00f2ng v\u00e0 h\u1ed7 tr\u1ee3 gi\u1ea3m t\u00ecnh tr\u1ea1ng kh\u00f3c d\u1ea1 \u0111\u1ec1 (colic) v\u00e0 \u0111au b\u1ee5ng ch\u1ee9c n\u0103ng \u1edf tr\u1ebb<\/p>\n<p class=\"QN2lPu\">&#8211; D\u1ef1 ph\u00f2ng v-i\u00eam ru\u1ed9t c\u1ea5p, -vi\u00eam ru\u1ed9t ho\u1ea1t t\u1eed \u1edf tr\u1ebb<\/p>\n<p class=\"QN2lPu\">&#8211; D\u1ef1 ph\u00f2ng n-hi\u1ec5m k-hu\u1ea9n \u0111\u01b0\u1eddng ti\u00eau h\u00f3a v\u00e0 h\u00f4 h\u1ea5p, t\u0103ng c\u01b0\u1eddng h\u1ec7 mi\u1ec5n d\u1ecbch cho c\u01a1 th\u1ec3&nbsp;<\/p>\n<p class=\"QN2lPu\">&#8211; Gi\u1ea3m t\u00e1c d\u1ee5ng ph\u1ee5 do d\u00f9ng k.h.\u00e1.n.g s.i.n.h d\u00e0i ng\u00e0y g\u00e2y ra<\/p>\n<p class=\"QN2lPu\">&#8211; M\u1eb9 b\u1ea7u s\u1eed d\u1ee5ng s\u1ebd gi\u00fap thi\u1ebft l\u1eadp h\u1ec7 ti\u00eau h\u00f3a &amp; mi\u1ec5n d\u1ecbch kh\u1ecfe m\u1ea1nh t\u1eeb \u0111\u1ea7u \u0111\u1eddi cho con<\/p>\n<p class=\"QN2lPu\">\n<p class=\"QN2lPu\">LI\u1ec0U D\u00d9NG: 1-2 vi\u00ean\/ng\u00e0y.&nbsp;<\/p>\n<p class=\"QN2lPu\">\n<p class=\"QN2lPu\">C\u00c1CH D\u00d9NG:<\/p>\n<p class=\"QN2lPu\">&#8211; N\u1ebfu d\u00f9ng c\u00f9ng k.h.\u00e1.n.g s.i.n.h th\u00ec c\u1ea7n u\u1ed1ng tr\u01b0\u1edbc ho\u1eb7c sau khi d\u00f9ng k.h.\u00e1.n.g s.i.n.h \u00edt nh\u1ea5t 2-3 gi\u1edd.<\/p>\n<p class=\"QN2lPu\">&#8211; N\u00ean duy tr\u00ec s\u1eed d\u1ee5ng \u00edt nh\u1ea5t trong v\u00f2ng 2-3 th\u00e1ng \u0111\u1ec3 \u0111\u1ea1t \u0111\u01b0\u1ee3c hi\u1ec7u qu\u1ea3 t\u1ed1t nh\u1ea5t.<\/p>\n<p class=\"QN2lPu\">\n<p class=\"QN2lPu\">QUY C\u00c1CH \u0110\u00d3NG G\u00d3I: H\u1ed9p 1 v\u1ec9, 10 vi\u00ean.<\/p>\n<p class=\"QN2lPu\">\n<p class=\"QN2lPu\">B\u1ea2O QU\u1ea2N: 5 &#8211; 25 \u0111\u1ed9 C.&nbsp;<\/p>\n<p class=\"QN2lPu\">\n<p class=\"QN2lPu\">H\u1ea0N S\u1eec D\u1ee4NG: 24 th\u00e1ng k\u1ec3 t\u1eeb ng\u00e0y s\u1ea3n xu\u1ea5t.&nbsp;<\/p>\n<p class=\"QN2lPu\">\n<p class=\"QN2lPu\">L\u01afU \u00dd:&nbsp;<\/p>\n<p class=\"QN2lPu\">&#8211; S\u1ea3n ph\u1ea9m an to\u00e0n cho c\u1ea3 tr\u1ebb t\u1eeb 2 tu\u1ed5i tr\u1edf l\u00ean, ph\u1ee5 n\u1eef mang thai v\u00e0 cho con b\u00fa.<\/p>\n<p class=\"QN2lPu\">&#8211; S\u1ea3n ph\u1ea9m n\u00e0y kh\u00f4ng ph\u1ea3i l\u00e0 thu\u1ed1c v\u00e0 kh\u00f4ng c\u00f3 t\u00e1c d\u1ee5ng thay th\u1ebf thu\u1ed1c ch\u1eefa b\u1ec7nh.<\/p>\n<p class=\"QN2lPu\">&#8211; N\u1ebfu c\u1ea7n t\u01b0 v\u1ea5n th\u00eam v\u1ec1 s\u1ea3n ph\u1ea9m, vui l\u00f2ng \u0111\u1ec3 l\u1ea1i tin nh\u1eafn \u0111\u1ec3 \u0111\u1ed9i ng\u0169 CSKH h\u1ed7 tr\u1ee3 ba m\u1eb9 t\u1ed1t nh\u1ea5t.<\/p>\n<p class=\"QN2lPu\">\n<p class=\"QN2lPu\">#menti\u00eauhoa #menbiogaia #menvisinhbiogaia #menvisinh #mentieuhoa #menti\u00eauho\u00e1chotr\u1ebbs\u01a1sinh #menti\u00eauho\u00e1bio<\/p>\n<p class=\"QN2lPu\">#biogaia #menti\u00eauho\u00e1chob\u00e9 #mens\u1ed1ngh\u1eefuc\u01a1 #menvisinhchob\u00e9 #menti\u00eauho\u00e1ph\u00e1p #menvisinhchobe #menbio<\/p>\n<p class=\"QN2lPu\">#mens\u1ed1ng #biogaia5ml #menti\u00eauho\u00e1chotr\u1ebb #menti\u00eauho\u00e1chotr\u1ebbem<\/p>\n<p class=\"QN2lPu\">#menvisinhbabau #menvisinhmebau #biogaiadangvien<\/p>\n<\/div>\n","protected":false},"excerpt":{"rendered":"<p>Men vi sinh BioGaia ProTectis Tablets (d\u1ea1ng vi\u00ean) c\u00f3 ch\u1ee9a ch\u1ee7ng l\u1ee3i khu\u1ea9n \u0111\u1ed9c quy\u1ec1n Lactobacillus reuteri DSM 17938 v\u1edbi 148 nghi\u00ean c\u1ee9u l\u00e2m s\u00e0ng tr\u00ean 14.500 ng\u01b0\u1eddi ch\u1ee9ng minh hi\u1ec7u qu\u1ea3 \u01b0u vi\u1ec7t v\u00e0 t\u00ednh an to\u00e0n, \u0111\u01b0\u1ee3c khuy\u1ebfn c\u00e1o s\u1eed d\u1ee5ng b\u1edfi nhi\u1ec1u t\u1ed5 ch\u1ee9c y khoa th\u1ebf gi\u1edbi nh\u01b0 WGO, ESPGHAN, ESPID&#8230;<\/p>\n","protected":false},"featured_media":18375,"comment_status":"open","ping_status":"closed","template":"","meta":[],"product_brand":[1222],"product_cat":[1213],"product_tag":[],"class_list":{"0":"post-18243","1":"product","2":"type-product","3":"status-publish","4":"has-post-thumbnail","6":"product_brand-biogaia","7":"product_cat-vitamin-thuc-pham-bo-sung","9":"first","10":"instock","11":"sale","12":"shipping-taxable","13":"purchasable","14":"product-type-simple"},"_links":{"self":[{"href":"https:\/\/web-ban-le.mbws.vn\/me-va-be\/wp-json\/wp\/v2\/product\/18243","targetHints":{"allow":["GET"]}}],"collection":[{"href":"https:\/\/web-ban-le.mbws.vn\/me-va-be\/wp-json\/wp\/v2\/product"}],"about":[{"href":"https:\/\/web-ban-le.mbws.vn\/me-va-be\/wp-json\/wp\/v2\/types\/product"}],"replies":[{"embeddable":true,"href":"https:\/\/web-ban-le.mbws.vn\/me-va-be\/wp-json\/wp\/v2\/comments?post=18243"}],"wp:featuredmedia":[{"embeddable":true,"href":"https:\/\/web-ban-le.mbws.vn\/me-va-be\/wp-json\/wp\/v2\/media\/18375"}],"wp:attachment":[{"href":"https:\/\/web-ban-le.mbws.vn\/me-va-be\/wp-json\/wp\/v2\/media?parent=18243"}],"wp:term":[{"taxonomy":"product_brand","embeddable":true,"href":"https:\/\/web-ban-le.mbws.vn\/me-va-be\/wp-json\/wp\/v2\/product_brand?post=18243"},{"taxonomy":"product_cat","embeddable":true,"href":"https:\/\/web-ban-le.mbws.vn\/me-va-be\/wp-json\/wp\/v2\/product_cat?post=18243"},{"taxonomy":"product_tag","embeddable":true,"href":"https:\/\/web-ban-le.mbws.vn\/me-va-be\/wp-json\/wp\/v2\/product_tag?post=18243"}],"curies":[{"name":"wp","href":"https:\/\/api.w.org\/{rel}","templated":true}]}}