{"id":15182,"date":"2025-10-31T13:32:39","date_gmt":"2025-10-31T06:32:39","guid":{"rendered":"https:\/\/web-ban-le.mbws.vn\/nha-sach\/?post_type=product&#038;p=15182"},"modified":"2025-11-01T19:42:38","modified_gmt":"2025-11-01T12:42:38","slug":"sach-manga-hell-mode","status":"publish","type":"product","link":"https:\/\/web-ban-le.mbws.vn\/nha-sach\/san-pham\/sach-manga-hell-mode\/","title":{"rendered":"S\u00e1ch Manga: Hell Mode"},"content":{"rendered":"<div class=\"e8lZp3\">\n<p class=\"QN2lPu\">Th\u00f4ng tin s\u00e1ch:<\/p>\n<p class=\"QN2lPu\">Gi\u00e1: 55.000<\/p>\n<p class=\"QN2lPu\">13 x 18 cm<\/p>\n<p class=\"QN2lPu\">170 trang<\/p>\n<p class=\"QN2lPu\">K\u00e8m th\u1ebb nh\u00e2n v\u1eadt<\/p>\n<p class=\"QN2lPu\">NXB D\u00e2n Tr\u00ed<\/p>\n<p class=\"QN2lPu\">T\u00e1c gi\u1ea3 truy\u1ec7n tranh: Tetta Enji<\/p>\n<p class=\"QN2lPu\">Nguy\u00ean t\u00e1c: Hamuo, Mo<\/p>\n<p class=\"QN2lPu\">\n<p class=\"QN2lPu\">[Manga] Hell Mode<\/p>\n<p class=\"QN2lPu\">\n<p class=\"QN2lPu\">M\u1ed9t c\u1ef1u game th\u1ee7 hardcore \u0111\u00e3 c\u1ed1 t\u00ecnh ch\u1ecdn con \u0111\u01b0\u1eddng kh\u00f3 kh\u0103n, ch\u01b0a ai \u0111i v\u00e0 t\u1ef1 m\u00ecnh d\u00f2 d\u1eabm nh\u1eafm t\u1edbi m\u1ee5c ti\u00eau tr\u1edf th\u00e0nh k\u1ebb m\u1ea1nh nh\u1ea5t!!<\/p>\n<p class=\"QN2lPu\">Kenichi Yamada, m\u1ed9t doanh nh\u00e2n \u0111\u1ed9c th\u00e2n 35 tu\u1ed5i, \u0111\u00e3 d\u00e0nh ph\u1ea7n l\u1edbn cu\u1ed9c \u0111\u1eddi tr\u01b0\u1edfng th\u00e0nh c\u1ee7a m\u00ecnh \u0111\u1ec3 ch\u01a1i m\u1ecdi game MMORPG c\u00f3 tr\u00ean th\u1ecb tr\u01b0\u1eddng. Ch\u00e1n ng\u00e1n v\u1edbi v\u00f2ng l\u1eb7p li\u00ean t\u1ee5c c\u1ee7a l\u1ed1i ch\u01a1i l\u1eb7p \u0111i l\u1eb7p l\u1ea1i, anh ngay l\u1eadp t\u1ee9c b\u1ecb thu h\u00fat b\u1edfi l\u1eddi h\u1ee9a c\u1ee7a m\u1ed9t tr\u00f2 ch\u01a1i m\u1edbi m\u00e0, ngo\u00e0i vi\u1ec7c kh\u00f4ng bao gi\u1edd k\u1ebft th\u00fac, c\u00f2n cung c\u1ea5p &#8220;&#8221;Ch\u1ebf \u0111\u1ed9 \u0110\u1ecba Ng\u1ee5c&#8221;&#8221; &#8211; m\u1ed9t m\u1ee9c \u0111\u1ed9 si\u00eau kh\u00f3 khi\u1ebfn vi\u1ec7c l\u00ean c\u1ea5p g\u1ea7n nh\u01b0 b\u1ea5t kh\u1ea3 thi, nh\u01b0ng c\u0169ng h\u1ee9a h\u1eb9n ti\u1ec1m n\u0103ng ph\u00e1t tri\u1ec3n kh\u00f4ng gi\u1edbi h\u1ea1n. Sau khi ch\u1ecdn l\u1edbp Tri\u1ec7u h\u1ed3i s\u01b0 m\u1edbi ra m\u1eaft, Kenichi th\u1ea5y m\u00ecnh t\u00e1i sinh th\u00e0nh Allen, m\u1ed9t \u0111\u1ee9a tr\u1ebb s\u01a1 sinh trong m\u1ed9t gia \u0111\u00ecnh n\u00f4ng n\u00f4, kh\u00f4ng c\u00f3 g\u00ec ngo\u00e0i tr\u00ed th\u00f4ng minh v\u00e0 k\u00fd \u1ee9c c\u0169 \u0111\u1ec3 d\u1eabn \u0111\u01b0\u1eddng. Allen si\u00eang n\u0103ng luy\u1ec7n c\u1ea5p cho b\u1ea3n th\u00e2n m\u1eb7c d\u00f9 Ch\u1ebf \u0111\u1ed9 \u0110\u1ecba Ng\u1ee5c \u0111\u00f2i h\u1ecfi l\u01b0\u1ee3ng kinh nghi\u1ec7m kh\u1ed5ng l\u1ed3 gi\u1eefa c\u00e1c c\u1ea5p. B\u1eb1ng c\u00e1ch \u0111\u00f3, c\u1eadu hy v\u1ecdng kh\u00e1m ph\u00e1 ra nh\u1eefng b\u00ed m\u1eadt m\u00e0 l\u1edbp Tri\u1ec7u h\u1ed3i s\u01b0 n\u1eafm gi\u1eef. \u0110\u1ed3ng th\u1eddi, c\u1eadu c\u1ed1ng hi\u1ebfn h\u1ebft m\u00ecnh \u0111\u1ec3 gi\u1ea3i ph\u00f3ng gia \u0111\u00ecnh m\u1edbi kh\u1ecfi c\u1ea3nh n\u00f4ng n\u00f4.<\/p>\n<\/div>\n","protected":false},"excerpt":{"rendered":"<p>Th\u00f4ng tin s\u00e1ch: Gi\u00e1: 55.000 13 x 18 cm 170 trang K\u00e8m th\u1ebb nh\u00e2n v\u1eadt NXB D\u00e2n Tr\u00ed T\u00e1c gi\u1ea3 truy\u1ec7n tranh: Tetta Enji Nguy\u00ean t\u00e1c: Hamuo, Mo [Manga] Hell Mode M\u1ed9t c\u1ef1u game th\u1ee7 hardcore \u0111\u00e3 c\u1ed1 t\u00ecnh ch\u1ecdn con \u0111\u01b0\u1eddng kh\u00f3 kh\u0103n, ch\u01b0a ai \u0111i v\u00e0 t\u1ef1 m\u00ecnh d\u00f2 d\u1eabm nh\u1eafm t\u1edbi m\u1ee5c&#8230;<\/p>\n","protected":false},"featured_media":15209,"comment_status":"open","ping_status":"closed","template":"","meta":[],"product_brand":[1692],"product_cat":[1671],"product_tag":[],"class_list":{"0":"post-15182","1":"product","2":"type-product","3":"status-publish","4":"has-post-thumbnail","6":"product_brand-nxb-kim-dong","7":"product_cat-truyen-tranh","9":"first","10":"instock","11":"sale","12":"shipping-taxable","13":"purchasable","14":"product-type-variable"},"_links":{"self":[{"href":"https:\/\/web-ban-le.mbws.vn\/nha-sach\/wp-json\/wp\/v2\/product\/15182","targetHints":{"allow":["GET"]}}],"collection":[{"href":"https:\/\/web-ban-le.mbws.vn\/nha-sach\/wp-json\/wp\/v2\/product"}],"about":[{"href":"https:\/\/web-ban-le.mbws.vn\/nha-sach\/wp-json\/wp\/v2\/types\/product"}],"replies":[{"embeddable":true,"href":"https:\/\/web-ban-le.mbws.vn\/nha-sach\/wp-json\/wp\/v2\/comments?post=15182"}],"wp:featuredmedia":[{"embeddable":true,"href":"https:\/\/web-ban-le.mbws.vn\/nha-sach\/wp-json\/wp\/v2\/media\/15209"}],"wp:attachment":[{"href":"https:\/\/web-ban-le.mbws.vn\/nha-sach\/wp-json\/wp\/v2\/media?parent=15182"}],"wp:term":[{"taxonomy":"product_brand","embeddable":true,"href":"https:\/\/web-ban-le.mbws.vn\/nha-sach\/wp-json\/wp\/v2\/product_brand?post=15182"},{"taxonomy":"product_cat","embeddable":true,"href":"https:\/\/web-ban-le.mbws.vn\/nha-sach\/wp-json\/wp\/v2\/product_cat?post=15182"},{"taxonomy":"product_tag","embeddable":true,"href":"https:\/\/web-ban-le.mbws.vn\/nha-sach\/wp-json\/wp\/v2\/product_tag?post=15182"}],"curies":[{"name":"wp","href":"https:\/\/api.w.org\/{rel}","templated":true}]}}