{"id":15185,"date":"2025-10-31T13:32:40","date_gmt":"2025-10-31T06:32:40","guid":{"rendered":"https:\/\/web-ban-le.mbws.vn\/nha-sach\/?post_type=product&#038;p=15185"},"modified":"2025-11-01T19:42:38","modified_gmt":"2025-11-01T12:42:38","slug":"sach-diep-vien-hoan-hao-x6-pham-xuan-an-bia-mem-first-news","status":"publish","type":"product","link":"https:\/\/web-ban-le.mbws.vn\/nha-sach\/san-pham\/sach-diep-vien-hoan-hao-x6-pham-xuan-an-bia-mem-first-news\/","title":{"rendered":"S\u00e1ch \u0110i\u1ec7p Vi\u00ean Ho\u00e0n H\u1ea3o X6 Ph\u1ea1m Xu\u00e2n \u1ea8n (B\u00eca M\u1ec1m) &#8211; First News"},"content":{"rendered":"<div class=\"e8lZp3\">\n<p class=\"QN2lPu\">Nh\u00e0 ph\u00e1t h\u00e0nh: First News &#8211; Tr\u00ed Vi\u1ec7t<\/p>\n<p class=\"QN2lPu\">T\u00e1c gi\u1ea3: Larry Berman<\/p>\n<p class=\"QN2lPu\">Ng\u00e0y xu\u1ea5t b\u1ea3n: 2025<\/p>\n<p class=\"QN2lPu\">K\u00edch th\u01b0\u1edbc: 16 x 24 cm <\/p>\n<p class=\"QN2lPu\">Nh\u00e0 xu\u1ea5t b\u1ea3n: Nh\u00e0 Xu\u1ea5t B\u1ea3n H\u1ed3ng \u0110\u1ee9c<\/p>\n<p class=\"QN2lPu\">Xu\u1ea5t x\u1ee9: Trong n\u01b0\u1edbc<\/p>\n<p class=\"QN2lPu\">Ng\u00f4n ng\u1eef: Ti\u1ebfng Vi\u1ec7t<\/p>\n<p class=\"QN2lPu\">Lo\u1ea1i b\u00eca: B\u00eca m\u1ec1m<\/p>\n<p class=\"QN2lPu\">Gi\u00e1 b\u00eca: 178.000 VN\u0110<\/p>\n<p class=\"QN2lPu\">S\u1ed1 Trang: 390 trang<\/p>\n<p class=\"QN2lPu\">M\u00f4 t\u1ea3 s\u1ea3n ph\u1ea9m:<\/p>\n<p class=\"QN2lPu\">X6 \u0110i\u1ec7p Vi\u00ean Ho\u00e0n H\u1ea3o<\/p>\n<p class=\"QN2lPu\">Ph\u1ea1m Xu\u00e2n \u1ea8n, m\u1ed9t c\u00e1i t\u00ean ch\u1ee9a bi\u1ebft bao \u0111i\u1ec1u b\u00ed \u1ea9n, kh\u00f4ng ch\u1ec9 v\u1edbi ng\u01b0\u1eddi Vi\u1ec7t Nam, m\u00e0 \u0111\u1ed1i v\u1edbi c\u1ea3 r\u1ea5t nhi\u1ec1u ch\u00ednh kh\u00e1ch v\u00e0 b\u00e1o ch\u00ed th\u1ebf gi\u1edbi, \u0111\u1eb7c bi\u1ec7t l\u00e0 b\u00e1o ch\u00ed M\u1ef9. Ng\u01b0\u1eddi ta \u0111\u00e3 b\u00ecnh lu\u1eadn, tranh c\u00e3i, ph\u1ecfng \u0111o\u00e1n v\u00e0 vi\u1ebft r\u1ea5t nhi\u1ec1u v\u1ec1 \u00f4ng, th\u1eadm ch\u00ed c\u00f2n l\u00e0m phim t\u00e0i li\u1ec7u nhi\u1ec1u t\u1eadp v\u1ec1 \u00f4ng, nh\u01b0ng d\u01b0\u1eddng nh\u01b0 c\u00f2n c\u00f3 qu\u00e1 nhi\u1ec1u \u0111i\u1ec1u v\u1eabn ch\u01b0a \u0111\u01b0\u1ee3c l\u00e0m s\u00e1ng t\u1ecf. Cho \u0111\u1ebfn khi m\u1ed9t ng\u01b0\u1eddi M\u1ef9 b\u1eaft tay v\u00e0o cu\u1ed9c\u2026 \u0110\u00f3 ch\u00ednh l\u00e0 Larry Berman, nh\u00e0 s\u1eed h\u1ecdc, gi\u00e1o s\u01b0 ch\u00ednh tr\u1ecb h\u1ecdc thu\u1ed9c \u0111\u1ea1i h\u1ecdc California, m\u1ed9t chuy\u00ean gia xu\u1ea5t s\u1eafc chuy\u00ean nghi\u00ean c\u1ee9u v\u1ec1 cu\u1ed9c chi\u1ebfn tranh x\u00e2m l\u01b0\u1ee3c Vi\u1ec7t Nam c\u1ee7a M\u1ef9. N\u0103m 2007, quy\u1ec3n s\u00e1ch Perfect Spy &#8211; The Incredible Double Life of PHAM XUAN AN Time Magazine Reporter &amp; Vietnamese Communist Agent (\u0110i\u1ec7p vi\u00ean ho\u00e0n h\u1ea3o \u2013 Hai cu\u1ed9c \u0111\u1eddi kh\u00f3 tin (hay cu\u1ed9c \u0111\u1eddi hai m\u1eb7t theo c\u00e1ch g\u1ecdi c\u1ee7a Ph\u01b0\u01a1ng T\u00e2y v\u1ec1   Ph\u1ea1m Xu\u00e2n \u1ea8n, ph\u00f3ng vi\u00ean t\u1ea1p ch\u00ed Reuters, Time v\u00e0 t\u01b0\u1edbng t\u00ecnh b\u00e1o C\u1ed9ng s\u1ea3n Vi\u1ec7t Nam)) c\u1ee7a Larry Berman \u0111\u01b0\u1ee3c xu\u1ea5t b\u1ea3n l\u1ea7n \u0111\u1ea7u ti\u00ean t\u1ea1i M\u1ef9 \u0111\u00e3 g\u00e2y ch\u1ea5n \u0111\u1ed9ng d\u01b0 lu\u1eadn M\u1ef9, ki\u1ec1u b\u00e0o Vi\u1ec7t Nam \u1edf M\u1ef9 v\u00e0 c\u1ea3 \u1edf Vi\u1ec7t Nam. V\u00ec tr\u01b0\u1edbc khi quy\u1ec3n s\u00e1ch n\u00e0y ra \u0111\u1eddi, r\u1ea5t \u00edt ng\u01b0\u1eddi bi\u1ebft v\u00e0 hi\u1ec3u v\u1ec1 t\u01b0\u1edbng t\u00ecnh b\u00e1o Ph\u1ea1m Xu\u00e2n \u1ea8n, m\u1eb7c d\u00f9 \u00f4ng l\u00e0 m\u1ed9t nh\u00e2n v\u1eadt huy\u1ec1n tho\u1ea1i c\u1ee7a chi\u1ebfn tranh Vi\u1ec7t Nam. C\u00f3 l\u1ebd b\u1edfi v\u00ec cu\u1ed9c \u0111\u1eddi c\u1ee7a Ph\u1ea1m Xu\u00e2n \u1ea8n, c\u0169ng gi\u1ed1ng nh\u01b0 t\u00ean c\u1ee7a \u00f4ng, ch\u1ee9a \u0111\u1ef1ng nhi\u1ec1u b\u00ed \u1ea9n v\u1ec1 con ng\u01b0\u1eddi v\u00e0 s\u1ef1 nghi\u1ec7p c\u1ee7a m\u1ed9t nh\u00e0 t\u00ecnh b\u00e1o v\u0129 \u0111\u1ea1i, t\u00e0i n\u0103ng v\u00e0 b\u1ea3n l\u0129nh nh\u01b0ng l\u1ea1i v\u00f4 c\u00f9ng khi\u00eam nh\u01b0\u1eddng, b\u00ecnh d\u1ecb.<\/p>\n<p class=\"QN2lPu\">\n<p class=\"QN2lPu\">Ph\u1ea1m Xu\u00e2n \u1ea8n (sinh ng\u00e0y 12\/9\/1927, m\u1ea5t ng\u00e0y 20\/9\/2006) tham gia ho\u1ea1t \u0111\u1ed9ng c\u00e1ch m\u1ea1ng t\u1eeb \u0111\u1ea7u th\u1eadp ni\u00ean 1950, n\u0103m 1953 \u0111\u01b0\u1ee3c k\u1ebft n\u1ea1p \u0110\u1ea3ng v\u00e0 \u0111\u01b0\u1ee3c giao nhi\u1ec7m v\u1ee5 ho\u1ea1t \u0111\u1ed9ng \u0111i\u1ec7p b\u00e1o. Nh\u1eb1m t\u1ea1o v\u1ecf b\u1ecdc t\u1ed1t h\u01a1n \u0111\u1ec3 c\u00f3 th\u1ec3 th\u00e2m nh\u1eadp s\u00e2u h\u01a1n v\u00e0o gi\u1edbi ch\u1ee9c ch\u00ednh quy\u1ec1n v\u00e0 qu\u00e2n \u0111\u1ed9i S\u00e0i G\u00f2n, n\u0103m 1957 \u00f4ng \u0111\u01b0\u1ee3c c\u1ea5p tr\u00ean b\u1ed1 tr\u00ed cho sang M\u1ef9 h\u1ecdc ng\u00e0nh b\u00e1o ch\u00ed. N\u0103m 1959, Ph\u1ea1m Xu\u00e2n \u1ea8n v\u1ec1 n\u01b0\u1edbc, l\u00e0m vi\u1ec7c cho H\u00e3ng tin Reuters v\u00e0 sau \u0111\u00f3 l\u00e0 t\u1ea1p ch\u00ed h\u00e0ng \u0111\u1ea7u Time, New York Herald Tribune c\u1ee7a M\u1ef9. V\u1edbi ki\u1ebfn th\u1ee9c uy\u00ean b\u00e1c, hi\u1ec3u bi\u1ebft r\u1ed9ng, c\u01b0\u01a1ng tr\u1ef1c v\u00e0 t\u00e0i n\u0103ng giao ti\u1ebfp, ngo\u1ea1i giao kh\u00e1c bi\u1ec7t, \u0111\u1ed9c \u0111\u00e1o theo ki\u1ec3u l\u00e3ng t\u1eed, h\u00e0o hoa, ngang t\u00e0ng, \u201cch\u1eedi th\u1ec1 nh\u01b0 b\u1eafp rang\u201d, xu\u1ea5t hi\u1ec7n v\u1edbi phong c\u00e1ch th\u01b0\u1ee3ng l\u01b0u, th\u1eeba h\u01b0\u1edfng v\u0103n h\u00f3a \u0111\u01b0\u1ee3c \u0111\u00e0o t\u1ea1o ch\u00ednh qui t\u1eeb M\u1ef9, \u00f4ng \u0111\u00e3 th\u00e2m nh\u1eadp v\u00e0 l\u00e0 b\u1ea1n tri k\u1ef7 v\u1edbi c\u00e1c t\u01b0\u1edbng l\u0129nh, tr\u00f9m an ninh m\u1eadt v\u1ee5 c\u1ea3 M\u1ef9 v\u00e0 S\u00e0i G\u00f2n, gi\u1edbi b\u00e1o ch\u00ed Vi\u1ec7t Nam C\u1ed9ng H\u00f2a v\u00e0 M\u1ef9 c\u0169ng nh\u01b0 c\u00e1c ch\u00ednh kh\u00e1ch ch\u00f3p bu c\u1ee7a ch\u00ednh quy\u1ec1n S\u00e0i G\u00f2n \u0111\u1ec3 khai th\u00e1c nh\u1eefng th\u00f4ng tin tuy\u1ec7t m\u1eadt mang t\u1ea7m chi\u1ebfn l\u01b0\u1ee3c cho cu\u1ed9c \u0111\u1ed1i \u0111\u1ea7u c\u1ee7a B\u1eafc Vi\u1ec7t Nam v\u1edbi M\u1ef9 v\u00e0 ch\u00ednh quy\u1ec1n S\u00e0i G\u00f2n. Cu\u1ed9c \u0111\u1eddi ho\u1ea1t \u0111\u1ed9ng t\u00ecnh b\u00e1o \u0111\u1ea7y ly k\u1ef3 h\u1ea5p d\u1eabn nh\u01b0ng c\u0169ng v\u00f4 c\u00f9ng hi\u1ec3m nguy c\u1ee7a Ph\u1ea1m Xu\u00e2n \u1ea8n v\u1edbi b\u00ed danh X6 thu\u1ed9c c\u1ee5m t\u00ecnh b\u00e1o H63 \u0111\u01b0\u1ee3c th\u1ec3 hi\u1ec7n m\u1ed9t c\u00e1ch trung th\u1ef1c, sinh \u0111\u1ed9ng trong cu\u1ed1n \u0110i\u1ec7p vi\u00ean ho\u00e0n h\u1ea3o X6 \u0111\u01b0\u1ee3c b\u1ed5 sung c\u1eadp nh\u1eadt m\u1edbi.<\/p>\n<\/div>\n","protected":false},"excerpt":{"rendered":"<p>Nh\u00e0 ph\u00e1t h\u00e0nh: First News &#8211; Tr\u00ed Vi\u1ec7t T\u00e1c gi\u1ea3: Larry Berman Ng\u00e0y xu\u1ea5t b\u1ea3n: 2025 K\u00edch th\u01b0\u1edbc: 16 x 24 cm Nh\u00e0 xu\u1ea5t b\u1ea3n: Nh\u00e0 Xu\u1ea5t B\u1ea3n H\u1ed3ng \u0110\u1ee9c Xu\u1ea5t x\u1ee9: Trong n\u01b0\u1edbc Ng\u00f4n ng\u1eef: Ti\u1ebfng Vi\u1ec7t Lo\u1ea1i b\u00eca: B\u00eca m\u1ec1m Gi\u00e1 b\u00eca: 178.000 VN\u0110 S\u1ed1 Trang: 390 trang M\u00f4 t\u1ea3 s\u1ea3n ph\u1ea9m: X6&#8230;<\/p>\n","protected":false},"featured_media":15245,"comment_status":"open","ping_status":"closed","template":"","meta":[],"product_brand":[1692],"product_cat":[1674],"product_tag":[],"class_list":{"0":"post-15185","1":"product","2":"type-product","3":"status-publish","4":"has-post-thumbnail","6":"product_brand-nxb-kim-dong","7":"product_cat-sach-lich-su-van-hoa","9":"first","10":"instock","11":"sale","12":"shipping-taxable","13":"purchasable","14":"product-type-simple"},"_links":{"self":[{"href":"https:\/\/web-ban-le.mbws.vn\/nha-sach\/wp-json\/wp\/v2\/product\/15185","targetHints":{"allow":["GET"]}}],"collection":[{"href":"https:\/\/web-ban-le.mbws.vn\/nha-sach\/wp-json\/wp\/v2\/product"}],"about":[{"href":"https:\/\/web-ban-le.mbws.vn\/nha-sach\/wp-json\/wp\/v2\/types\/product"}],"replies":[{"embeddable":true,"href":"https:\/\/web-ban-le.mbws.vn\/nha-sach\/wp-json\/wp\/v2\/comments?post=15185"}],"wp:featuredmedia":[{"embeddable":true,"href":"https:\/\/web-ban-le.mbws.vn\/nha-sach\/wp-json\/wp\/v2\/media\/15245"}],"wp:attachment":[{"href":"https:\/\/web-ban-le.mbws.vn\/nha-sach\/wp-json\/wp\/v2\/media?parent=15185"}],"wp:term":[{"taxonomy":"product_brand","embeddable":true,"href":"https:\/\/web-ban-le.mbws.vn\/nha-sach\/wp-json\/wp\/v2\/product_brand?post=15185"},{"taxonomy":"product_cat","embeddable":true,"href":"https:\/\/web-ban-le.mbws.vn\/nha-sach\/wp-json\/wp\/v2\/product_cat?post=15185"},{"taxonomy":"product_tag","embeddable":true,"href":"https:\/\/web-ban-le.mbws.vn\/nha-sach\/wp-json\/wp\/v2\/product_tag?post=15185"}],"curies":[{"name":"wp","href":"https:\/\/api.w.org\/{rel}","templated":true}]}}