{"id":15187,"date":"2025-10-31T13:32:41","date_gmt":"2025-10-31T06:32:41","guid":{"rendered":"https:\/\/web-ban-le.mbws.vn\/nha-sach\/?post_type=product&#038;p=15187"},"modified":"2025-11-01T19:42:38","modified_gmt":"2025-11-01T12:42:38","slug":"sach-nguoi-gioi-khong-phai-la-nguoi-lam-tat-ca-first-news","status":"publish","type":"product","link":"https:\/\/web-ban-le.mbws.vn\/nha-sach\/san-pham\/sach-nguoi-gioi-khong-phai-la-nguoi-lam-tat-ca-first-news\/","title":{"rendered":"S\u00e1ch Ng\u01b0\u1eddi Gi\u1ecfi Kh\u00f4ng Ph\u1ea3i L\u00e0 Ng\u01b0\u1eddi L\u00e0m T\u1ea5t C\u1ea3 &#8211; First News"},"content":{"rendered":"<div class=\"e8lZp3\">\n<p class=\"QN2lPu\">C\u00f4ng ty ph\u00e1t h\u00e0nh First News &#8211; Tr\u00ed Vi\u1ec7t<\/p>\n<p class=\"QN2lPu\">T\u00e1c gi\u1ea3: Donna M.Genett<\/p>\n<p class=\"QN2lPu\">Ng\u00e0y xu\u1ea5t b\u1ea3n: 2025<\/p>\n<p class=\"QN2lPu\">K\u00edch th\u01b0\u1edbc: 13 x 20.5 cm<\/p>\n<p class=\"QN2lPu\">Nh\u00e0 xu\u1ea5t b\u1ea3n: NXB T\u1ed5ng H\u1ee3p TP.HCM<\/p>\n<p class=\"QN2lPu\">Lo\u1ea1i b\u00eca: B\u00eca m\u1ec1m<\/p>\n<p class=\"QN2lPu\">S\u1ed1 trang: 116<\/p>\n<p class=\"QN2lPu\">Gi\u00e1 B\u00eca: 58.000 VN\u0110<\/p>\n<p class=\"QN2lPu\">M\u00f4 t\u1ea3 s\u1ea3n ph\u1ea9m:<\/p>\n<p class=\"QN2lPu\">NG\u01af\u1edcI GI\u1eceI KH\u00d4NG PH\u1ea2I L\u00c0 NG\u01af\u1edcI L\u00c0M T\u1ea4T C\u1ea2<\/p>\n<p class=\"QN2lPu\">\u0110\u00e3 bao gi\u1edd b\u1ea1n g\u1eb7p ph\u1ea3i nh\u1eefng t\u00ecnh hu\u1ed1ng n\u00e0y ch\u01b0a?<\/p>\n<p class=\"QN2lPu\">\n<p class=\"QN2lPu\">B\u1ea1n th\u01b0\u1eddng c\u1ea3m th\u1ea5y ki\u1ec7t s\u1ee9c hay \u201cb\u1ed9i th\u1ef1c\u201d v\u00ec \u201cn\u00fai\u201d h\u1ed3 s\u01a1 tr\u00ean b\u00e0n l\u00e0m vi\u1ec7c c\u1ee7a m\u00ecnh.<\/p>\n<p class=\"QN2lPu\">B\u1ea1n th\u01b0\u1eddng c\u1ea3m th\u1ea5y m\u00ecnh kh\u00f4ng ho\u00e0n th\u00e0nh t\u1ed1t c\u00f4ng vi\u1ec7c d\u00f9 \u0111\u00e3 c\u1ed1 g\u1eafng h\u1ebft s\u1ee9c.<\/p>\n<p class=\"QN2lPu\">C\u00f4ng vi\u1ec7c c\u1ee7a b\u1ea1n ng\u00e0y c\u00e0ng th\u00eam ch\u1ed3ng ch\u1ea5t, d\u00f9 b\u1ea1n \u0111\u00e3 b\u1ecb \u201cqu\u00e1 t\u1ea3i\u201d.<\/p>\n<p class=\"QN2lPu\">S\u1ebfp b\u1ea3o b\u1ea1n n\u00ean chia b\u1edbt vi\u1ec7c cho ng\u01b0\u1eddi kh\u00e1c.<\/p>\n<p class=\"QN2lPu\">B\u1ea1n kh\u00f4ng c\u00f3 th\u1eddi gian \u0111\u1ec3 \u0111\u00e0o t\u1ea1o hay ch\u1ec9 d\u1eabn nh\u00e2n vi\u00ean.<\/p>\n<p class=\"QN2lPu\">B\u1ea1n th\u01b0\u1eddng b\u1ecf qua c\u00e1c c\u01a1 h\u1ed9i c\u00f4ng nh\u1eadn hay ch\u00fac m\u1eebng th\u00e0nh c\u00f4ng c\u1ee7a nh\u00e2n vi\u00ean.<\/p>\n<p class=\"QN2lPu\">B\u1ea1n lo l\u1eafng khi ph\u1ea3i giao tr\u00e1ch nhi\u1ec7m cho nh\u00e2n vi\u00ean tr\u1ef1c ti\u1ebfp d\u01b0\u1edbi quy\u1ec1n v\u00ec kh\u00f4ng tin h\u1ecd c\u00f3 th\u1ec3 x\u1eed l\u00fd t\u1ed1t c\u00f4ng vi\u1ec7c nh\u01b0 b\u1ea1n.<\/p>\n<p class=\"QN2lPu\">B\u1ea1n v\u1eabn cho r\u1eb1ng \u201cTh\u00e0 t\u00f4i t\u1ef1 l\u00e0m c\u00f2n d\u1ec5 h\u01a1n\u201d.<\/p>\n<p class=\"QN2lPu\">B\u1ea1n th\u1ea5y m\u00ecnh \u00edt c\u00f3 th\u1eddi gian \u0111\u1ec3 tham gia nh\u1eefng ho\u1ea1t \u0111\u1ed9ng y\u00eau th\u00edch.<\/p>\n<p class=\"QN2lPu\">Ch\u1ec9 c\u1ea7n tr\u1ea3 l\u1eddi \u201cC\u00f3\u201d cho b\u1ea5t c\u1ee9 v\u1ea5n \u0111\u1ec1 n\u00e0o n\u00eau tr\u00ean th\u00ec \u0111\u00e2y ch\u00ednh l\u00e0 quy\u1ec3n s\u00e1ch d\u00e0nh cho b\u1ea1n, gi\u00fap b\u1ea1n gi\u1ea3i quy\u1ebft hi\u1ec7u qu\u1ea3 c\u00f4ng vi\u1ec7c v\u00e0 c\u1ea3i thi\u1ec7n \u0111\u00e1ng k\u1ec3 cu\u1ed9c s\u1ed1ng c\u1ee7a m\u00ecnh! V\u00e0 theo t\u00e1c gi\u1ea3, d\u00f9 l\u00e0 ng\u01b0\u1eddi \u1ee7y th\u00e1c hay \u0111\u01b0\u1ee3c \u1ee7y th\u00e1c c\u00f4ng vi\u1ec7c, nh\u01b0ng n\u1ebfu bi\u1ebft \u1ee9ng d\u1ee5ng s\u00e1u nguy\u00ean t\u1eafc n\u00eau ra trong cu\u1ed1n s\u00e1ch n\u00e0y, ch\u1eafc ch\u1eafn b\u1ea1n s\u1ebd c\u1ea3m th\u1ea5y kh\u1ed1i l\u01b0\u1ee3ng c\u00f4ng vi\u1ec7c gi\u1ea3m \u0111i \u0111\u00e1ng k\u1ec3. Nh\u1edd v\u1eady b\u1ea1n s\u1ebd c\u00f3 th\u00eam nhi\u1ec1u th\u1eddi gian \u0111\u1ec3 t\u1eadp trung v\u00e0o nh\u1eefng \u0111i\u1ec1u th\u1eadt s\u1ef1 quan tr\u1ecdng trong c\u00f4ng vi\u1ec7c v\u00e0 trong cu\u1ed9c s\u1ed1ng.<\/p>\n<p class=\"QN2lPu\">\n<p class=\"QN2lPu\">Cho d\u00f9 xu\u1ea5t ph\u00e1t t\u1eeb nhi\u1ec1u ng\u00e0nh ngh\u1ec1 kh\u00e1c nhau, nhu c\u1ea7u v\u00e0 m\u1ee5c ti\u00eau c\u0169ng r\u1ea5t kh\u00e1c nhau, nh\u01b0ng t\u1ea5t c\u1ea3 m\u1ecdi ng\u01b0\u1eddi \u0111\u1ec1u mong mu\u1ed1n t\u00ecm ra gi\u1ea3i ph\u00e1p cho nh\u1eefng kh\u00f3 kh\u0103n m\u00e0 h\u1ecd (hay t\u1ed5 ch\u1ee9c c\u1ee7a h\u1ecd) \u0111ang g\u1eb7p ph\u1ea3i. Nh\u1eefng v\u1ea5n \u0111\u1ec1 c\u1ee7a c\u00e1c t\u1ed5 ch\u1ee9c th\u01b0\u1eddng r\u1ea5t \u0111a d\u1ea1ng v\u00e0 phong ph\u00fa \u2013 th\u1ebf nh\u01b0ng \u0111i\u1ec1u m\u00e0 th\u01b0\u1eddng g\u1eb7p nh\u1ea5t \u0111\u00f3 l\u00e0 h\u1ecd ch\u01b0a \u0111\u01b0\u1ee3c trang b\u1ecb c\u00e1c k\u1ef9 n\u0103ng giao vi\u1ec7c c\u1ea7n thi\u1ebft \u2013 m\u1ed9t trong nh\u1eefng y\u1ebfu t\u1ed1 kh\u00f4ng th\u1ec3 thi\u1ebfu c\u1ee7a m\u1ed9t nh\u00e0 qu\u1ea3n l\u00fd hi\u1ec7u qu\u1ea3. C\u00f3 ng\u01b0\u1eddi c\u1ea3m th\u1ea5y ki\u1ec7t s\u1ee9c v\u00ec c\u00f4ng vi\u1ec7c, c\u00f3 ng\u01b0\u1eddi l\u1ea1i mu\u1ed1n t\u00ecm c\u00e1ch \u1ee9ng ph\u00f3 v\u1edbi nh\u1eefng nh\u00e2n vi\u00ean kh\u00f3 b\u1ea3o. M\u1eb7c d\u00f9 \u201ctri\u1ec7u ch\u1ee9ng\u201d kh\u00f3 kh\u0103n c\u1ee7a m\u1ed7i ng\u01b0\u1eddi l\u00e0 r\u1ea5t kh\u00e1c nhau, th\u1ebf nh\u01b0ng t\u1ea5t c\u1ea3 h\u1ecd \u0111\u1ec1u \u0111ang c\u1ea7n \u0111\u1ebfn m\u1ed9t \u201clo\u1ea1i thu\u1ed1c \u0111i\u1ec1u tr\u1ecb\u201d: \u0111\u00f3 l\u00e0 c\u00e1ch \u1ee7y th\u00e1c c\u00f4ng vi\u1ec7c sao cho quy tr\u00ecnh t\u1ed5ng th\u1ec3 \u0111\u01b0\u1ee3c hi\u1ec7u qu\u1ea3 h\u01a1n.<\/p>\n<p class=\"QN2lPu\">\n<p class=\"QN2lPu\">B\u1ea3n th\u00e2n c\u0169ng l\u00e0 m\u1ed9t nh\u00e0 qu\u1ea3n l\u00fd, t\u00e1c gi\u1ea3 hi\u1ec3u m\u00ecnh n\u00ean vi\u1ebft m\u1ed9t quy\u1ec3n s\u00e1ch th\u1eadt ng\u1eafn g\u1ecdn v\u00e0 s\u00fac t\u00edch, sao cho ngay khi \u0111\u1ecdc xong l\u00e0 \u0111\u1ed9c gi\u1ea3 c\u00f3 th\u1ec3 \u1ee9ng d\u1ee5ng ngay nh\u1eefng g\u00ec \u0111\u00e3 \u0111\u1ecdc v\u00e0o th\u1ef1c t\u1ebf \u0111\u1ec3 t\u1ea1o n\u00ean nh\u1eefng thay \u0111\u1ed5i t\u00edch c\u1ef1c trong c\u00f4ng vi\u1ec7c c\u1ee7a h\u1ecd. \u0110\u00f3 ph\u1ea3i l\u00e0 m\u1ed9t quy\u1ec3n s\u00e1ch th\u1eadt \u0111\u01a1n gi\u1ea3n, th\u1ef1c t\u1ebf v\u00e0 c\u00f3 th\u1ec3 l\u00e0m thay \u0111\u1ed5i cu\u1ed9c s\u1ed1ng c\u1ee7a ng\u01b0\u1eddi \u0111\u1ecdc.<\/p>\n<p class=\"QN2lPu\">\n<p class=\"QN2lPu\">D\u00f9 b\u1ea1n l\u00e0 ng\u01b0\u1eddi u\u1ef7 th\u00e1c hay \u0111\u01b0\u1ee3c u\u1ef7 th\u00e1c c\u00f4ng vi\u1ec7c, nh\u01b0ng n\u1ebfu bi\u1ebft \u1ee9ng d\u1ee5ng s\u00e1u nguy\u00ean t\u1eafc n\u00e0y, ch\u1eafc ch\u1eafn b\u1ea1n s\u1ebd c\u1ea3m th\u1ea5y kh\u1ed1i l\u01b0\u1ee3ng c\u00f4ng vi\u1ec7c gi\u1ea3m \u0111i \u0111\u00e1ng k\u1ec3, nh\u1edd v\u1eady b\u1ea1n s\u1ebd c\u00f3 th\u00eam nhi\u1ec1u th\u1eddi gian \u0111\u1ec3 t\u1eadp trung v\u00e0o nh\u1eefng \u0111i\u1ec1u th\u1eadt s\u1ef1 quan tr\u1ecdng trong c\u00f4ng vi\u1ec7c v\u00e0 trong cu\u1ed9c s\u1ed1ng.<\/p>\n<p class=\"QN2lPu\">\n<p class=\"QN2lPu\">Bi\u1ebft c\u00e1ch \u1ee7y th\u00e1c c\u00f4ng vi\u1ec7c hi\u1ec7u qu\u1ea3, b\u1ea1n s\u1ebd c\u00f3 th\u1ec3:<\/p>\n<p class=\"QN2lPu\">\n<p class=\"QN2lPu\">&#8211; T\u0103ng hi\u1ec7u qu\u1ea3 c\u00f4ng vi\u1ec7c,<\/p>\n<p class=\"QN2lPu\">\n<p class=\"QN2lPu\">&#8211; T\u1ef1 tin h\u01a1n trong c\u00f4ng vi\u1ec7c,<\/p>\n<p class=\"QN2lPu\">\n<p class=\"QN2lPu\">&#8211; Gi\u1ea3m thi\u1ec3u c\u00e1c sai s\u00f3t,<\/p>\n<p class=\"QN2lPu\">\n<p class=\"QN2lPu\">&#8211; C\u1ea3i thi\u1ec7n m\u1ed1i quan h\u1ec7 v\u1edbi \u0111\u1ed3ng nghi\u1ec7p,<\/p>\n<p class=\"QN2lPu\">\n<p class=\"QN2lPu\">&#8211; C\u00f3 c\u01a1 h\u1ed9i n\u00e2ng cao n\u0103ng l\u1ef1c,<\/p>\n<p class=\"QN2lPu\">\n<p class=\"QN2lPu\">&#8211; Th\u00eam th\u1eddi gian hu\u1ea5n luy\u1ec7n cho nh\u00e2n vi\u00ean c\u1ea5p d\u01b0\u1edbi,<\/p>\n<p class=\"QN2lPu\">\n<p class=\"QN2lPu\">&#8211; X\u00e2y d\u1ef1ng t\u1ed1t tinh th\u1ea7n l\u00e0m vi\u1ec7c t\u1eadp th\u1ec3,<\/p>\n<p class=\"QN2lPu\">\n<p class=\"QN2lPu\">&#8211; N\u00e2ng cao tinh th\u1ea7n l\u00e0m vi\u1ec7c c\u1ee7a nh\u00e2n vi\u00ean,<\/p>\n<p class=\"QN2lPu\">\n<p class=\"QN2lPu\">&#8211; Gi\u1ea3m \u00e1p l\u1ef1c c\u00f4ng vi\u1ec7c,<\/p>\n<p class=\"QN2lPu\">\n<p class=\"QN2lPu\">&#8211; \u0110\u1ea3m b\u1ea3o \u0111\u1ea1t \u0111\u01b0\u1ee3c nh\u1eefng k\u1ebft qu\u1ea3 mong mu\u1ed1n,<\/p>\n<p class=\"QN2lPu\">\n<p class=\"QN2lPu\">&#8211; Ho\u00e0n th\u00e0nh c\u00f4ng vi\u1ec7c \u0111\u00fang th\u1eddi h\u1ea1n,<\/p>\n<p class=\"QN2lPu\">\n<p class=\"QN2lPu\">&#8211; T\u00ecm \u0111\u01b0\u1ee3c b\u00ed quy\u1ebft gi\u00fap t\u00e1i t\u1ea1o n\u0103ng l\u01b0\u1ee3ng v\u00e0 \u0111am m\u00ea trong c\u00f4ng vi\u1ec7c,<\/p>\n<p class=\"QN2lPu\">\n<p class=\"QN2lPu\">&#8211; Thay \u0111\u1ed5i cu\u1ed9c s\u1ed1ng b\u1ea3n th\u00e2n theo h\u01b0\u1edbng t\u1ed1t \u0111\u1eb9p h\u01a1n.<\/p>\n<\/div>\n","protected":false},"excerpt":{"rendered":"<p>C\u00f4ng ty ph\u00e1t h\u00e0nh First News &#8211; Tr\u00ed Vi\u1ec7t T\u00e1c gi\u1ea3: Donna M.Genett Ng\u00e0y xu\u1ea5t b\u1ea3n: 2025 K\u00edch th\u01b0\u1edbc: 13 x 20.5 cm Nh\u00e0 xu\u1ea5t b\u1ea3n: NXB T\u1ed5ng H\u1ee3p TP.HCM Lo\u1ea1i b\u00eca: B\u00eca m\u1ec1m S\u1ed1 trang: 116 Gi\u00e1 B\u00eca: 58.000 VN\u0110 M\u00f4 t\u1ea3 s\u1ea3n ph\u1ea9m: NG\u01af\u1edcI GI\u1eceI KH\u00d4NG PH\u1ea2I L\u00c0 NG\u01af\u1edcI L\u00c0M T\u1ea4T C\u1ea2 \u0110\u00e3&#8230;<\/p>\n","protected":false},"featured_media":15263,"comment_status":"open","ping_status":"closed","template":"","meta":[],"product_brand":[1692],"product_cat":[1675],"product_tag":[],"class_list":{"0":"post-15187","1":"product","2":"type-product","3":"status-publish","4":"has-post-thumbnail","6":"product_brand-nxb-kim-dong","7":"product_cat-sach-kinh-te-kinh-doanh","9":"first","10":"instock","11":"sale","12":"shipping-taxable","13":"purchasable","14":"product-type-simple"},"_links":{"self":[{"href":"https:\/\/web-ban-le.mbws.vn\/nha-sach\/wp-json\/wp\/v2\/product\/15187","targetHints":{"allow":["GET"]}}],"collection":[{"href":"https:\/\/web-ban-le.mbws.vn\/nha-sach\/wp-json\/wp\/v2\/product"}],"about":[{"href":"https:\/\/web-ban-le.mbws.vn\/nha-sach\/wp-json\/wp\/v2\/types\/product"}],"replies":[{"embeddable":true,"href":"https:\/\/web-ban-le.mbws.vn\/nha-sach\/wp-json\/wp\/v2\/comments?post=15187"}],"wp:featuredmedia":[{"embeddable":true,"href":"https:\/\/web-ban-le.mbws.vn\/nha-sach\/wp-json\/wp\/v2\/media\/15263"}],"wp:attachment":[{"href":"https:\/\/web-ban-le.mbws.vn\/nha-sach\/wp-json\/wp\/v2\/media?parent=15187"}],"wp:term":[{"taxonomy":"product_brand","embeddable":true,"href":"https:\/\/web-ban-le.mbws.vn\/nha-sach\/wp-json\/wp\/v2\/product_brand?post=15187"},{"taxonomy":"product_cat","embeddable":true,"href":"https:\/\/web-ban-le.mbws.vn\/nha-sach\/wp-json\/wp\/v2\/product_cat?post=15187"},{"taxonomy":"product_tag","embeddable":true,"href":"https:\/\/web-ban-le.mbws.vn\/nha-sach\/wp-json\/wp\/v2\/product_tag?post=15187"}],"curies":[{"name":"wp","href":"https:\/\/api.w.org\/{rel}","templated":true}]}}