{"id":15190,"date":"2025-10-31T13:32:41","date_gmt":"2025-10-31T06:32:41","guid":{"rendered":"https:\/\/web-ban-le.mbws.vn\/nha-sach\/?post_type=product&#038;p=15190"},"modified":"2025-11-01T19:42:38","modified_gmt":"2025-11-01T12:42:38","slug":"sach-bi-quyet-ap-dung-7-thoi-quen-cua-ban-tre-thanh-dat-kho-nho-first-news","status":"publish","type":"product","link":"https:\/\/web-ban-le.mbws.vn\/nha-sach\/san-pham\/sach-bi-quyet-ap-dung-7-thoi-quen-cua-ban-tre-thanh-dat-kho-nho-first-news\/","title":{"rendered":"S\u00e1ch B\u00ed Quy\u1ebft \u00c1p D\u1ee5ng 7 Th\u00f3i Quen C\u1ee7a B\u1ea1n Tr\u1ebb Th\u00e0nh \u0110\u1ea1t (Kh\u1ed5 Nh\u1ecf) &#8211; First News"},"content":{"rendered":"<div class=\"e8lZp3\">\n<p class=\"QN2lPu\">C\u00f4ng ty ph\u00e1t h\u00e0nh: First News &#8211; Tr\u00ed Vi\u1ec7t<\/p>\n<p class=\"QN2lPu\">T\u00e1c Gi\u1ea3: Sean Covey<\/p>\n<p class=\"QN2lPu\">Ng\u00e0y ph\u00e1t h\u00e0nh: 2025<\/p>\n<p class=\"QN2lPu\">S\u1ed1 trang: 392<\/p>\n<p class=\"QN2lPu\">K\u00edch th\u01b0\u1edbc: 11,5 x 16.5 cm<\/p>\n<p class=\"QN2lPu\">Nh\u00e0 xu\u1ea5t b\u1ea3n: NXB T\u1ed5ng H\u1ee3p TP.HCM<\/p>\n<p class=\"QN2lPu\">Gi\u00e1 b\u00eca: 108.000 VND<\/p>\n<p class=\"QN2lPu\">Lo\u1ea1i b\u00eca: B\u00eca m\u1ec1m, Kh\u1ed5 nh\u1ecf<\/p>\n<p class=\"QN2lPu\">M\u00f4 t\u1ea3 s\u1ea3n ph\u1ea9m:<\/p>\n<p class=\"QN2lPu\">B\u00cd QUY\u1ebeT \u00c1P D\u1ee4NG 7 TH\u00d3I QUEN C\u1ee6A B\u1ea0N TR\u1eba TH\u00c0NH \u0110\u1ea0T<\/p>\n<p class=\"QN2lPu\">&#8220;Nh\u1eefng gi\u00e1 tr\u1ecb v\u00e0 nguy\u00ean t\u1eafc s\u1ed1ng m\u00e0 Sean \u0111\u01b0a ra trong cu\u1ed1n s\u00e1ch n\u00e0y r\u1ea5t c\u1ea7n thi\u1ebft cho s\u1ef1 tr\u01b0\u1edfng th\u00e0nh v\u00e0 tr\u1ea3i nghi\u1ec7m c\u1ee7a gi\u1edbi tr\u1ebb ng\u00e0y nay. B\u1ea1n c\u00e0ng s\u1edbm x\u00e2y d\u1ef1ng nh\u1eefng th\u00f3i quen t\u1ed1t th\u00ec b\u1ea1n c\u00e0ng s\u1edbm th\u00e0nh \u0111\u1ea1t. Ch\u00ednh nh\u1eefng \u00fd t\u01b0\u1edfng trong cu\u1ed1n s\u00e1ch n\u00e0y s\u1ebd gi\u00fap b\u1ea1n l\u00e0m \u0111i\u1ec1u \u0111\u00f3.&#8221;<\/p>\n<p class=\"QN2lPu\">\n<p class=\"QN2lPu\">&#8211; Mick Shannon &#8211; Gi\u00e1m \u0111\u1ed1c \u0111i\u1ec1u h\u00e0nh Children&#8217;s Miracle Network<\/p>\n<p class=\"QN2lPu\">\n<p class=\"QN2lPu\">\u201cB\u00ed Quy\u1ebft \u00c1p D\u1ee5ng 7 Th\u00f3i Quen C\u1ee7a B\u1ea1n Tr\u1ebb Th\u00e0nh \u0110\u1ea1t ch\u1ee9a \u0111\u1ef1ng nh\u1eefng ch\u1ec9 d\u1eabn r\u1ea5t th\u1ef1c t\u1ebf v\u00e0 h\u1eefu \u00edch cho b\u1ea5t k\u1ef3 ai, kh\u00f4ng ch\u1ec9 v\u1edbi c\u00e1c b\u1ea1n tr\u1ebb. \u0110\u00f3 l\u00e0 \u0111\u1ec1 ra nh\u1eefng m\u1ee5c ti\u00eau, ghi t\u1ea1c v\u00e0o tr\u00ed nh\u1edb c\u1ee7a b\u1ea1n \u0111\u1ed3ng th\u1eddi t\u1eadp trung, ph\u00e1t tri\u1ec3n kh\u1ea3 n\u0103ng ch\u1ecbu \u0111\u1ef1ng \u0111\u1ec3 v\u01b0\u1ee3t qua nh\u1eefng ch\u1eb7ng \u0111\u01b0\u1eddng kh\u00f3 kh\u0103n ph\u00eda tr\u01b0\u1edbc. N\u1ebfu l\u00e0m nh\u01b0 th\u1ebf, b\u1ea1n s\u1ebd \u0111\u1ea1t \u0111\u01b0\u1ee3c b\u1ea5t c\u1ee9 m\u1ee5c ti\u00eau n\u00e0o.&#8221;<\/p>\n<\/div>\n","protected":false},"excerpt":{"rendered":"<p>C\u00f4ng ty ph\u00e1t h\u00e0nh: First News &#8211; Tr\u00ed Vi\u1ec7t T\u00e1c Gi\u1ea3: Sean Covey Ng\u00e0y ph\u00e1t h\u00e0nh: 2025 S\u1ed1 trang: 392 K\u00edch th\u01b0\u1edbc: 11,5 x 16.5 cm Nh\u00e0 xu\u1ea5t b\u1ea3n: NXB T\u1ed5ng H\u1ee3p TP.HCM Gi\u00e1 b\u00eca: 108.000 VND Lo\u1ea1i b\u00eca: B\u00eca m\u1ec1m, Kh\u1ed5 nh\u1ecf M\u00f4 t\u1ea3 s\u1ea3n ph\u1ea9m: B\u00cd QUY\u1ebeT \u00c1P D\u1ee4NG 7 TH\u00d3I QUEN C\u1ee6A&#8230;<\/p>\n","protected":false},"featured_media":15290,"comment_status":"open","ping_status":"closed","template":"","meta":[],"product_brand":[1692],"product_cat":[1672],"product_tag":[],"class_list":{"0":"post-15190","1":"product","2":"type-product","3":"status-publish","4":"has-post-thumbnail","6":"product_brand-nxb-kim-dong","7":"product_cat-sach-huong-nghiep-phat-trien-ban-than","9":"first","10":"instock","11":"sale","12":"shipping-taxable","13":"purchasable","14":"product-type-simple"},"_links":{"self":[{"href":"https:\/\/web-ban-le.mbws.vn\/nha-sach\/wp-json\/wp\/v2\/product\/15190","targetHints":{"allow":["GET"]}}],"collection":[{"href":"https:\/\/web-ban-le.mbws.vn\/nha-sach\/wp-json\/wp\/v2\/product"}],"about":[{"href":"https:\/\/web-ban-le.mbws.vn\/nha-sach\/wp-json\/wp\/v2\/types\/product"}],"replies":[{"embeddable":true,"href":"https:\/\/web-ban-le.mbws.vn\/nha-sach\/wp-json\/wp\/v2\/comments?post=15190"}],"wp:featuredmedia":[{"embeddable":true,"href":"https:\/\/web-ban-le.mbws.vn\/nha-sach\/wp-json\/wp\/v2\/media\/15290"}],"wp:attachment":[{"href":"https:\/\/web-ban-le.mbws.vn\/nha-sach\/wp-json\/wp\/v2\/media?parent=15190"}],"wp:term":[{"taxonomy":"product_brand","embeddable":true,"href":"https:\/\/web-ban-le.mbws.vn\/nha-sach\/wp-json\/wp\/v2\/product_brand?post=15190"},{"taxonomy":"product_cat","embeddable":true,"href":"https:\/\/web-ban-le.mbws.vn\/nha-sach\/wp-json\/wp\/v2\/product_cat?post=15190"},{"taxonomy":"product_tag","embeddable":true,"href":"https:\/\/web-ban-le.mbws.vn\/nha-sach\/wp-json\/wp\/v2\/product_tag?post=15190"}],"curies":[{"name":"wp","href":"https:\/\/api.w.org\/{rel}","templated":true}]}}