{"id":15193,"date":"2025-10-31T13:32:42","date_gmt":"2025-10-31T06:32:42","guid":{"rendered":"https:\/\/web-ban-le.mbws.vn\/nha-sach\/?post_type=product&#038;p=15193"},"modified":"2025-11-01T19:42:38","modified_gmt":"2025-11-01T12:42:38","slug":"sach-tu-duy-tich-cuc-ban-chinh-la-nhung-gi-ban-nghi-first-news","status":"publish","type":"product","link":"https:\/\/web-ban-le.mbws.vn\/nha-sach\/san-pham\/sach-tu-duy-tich-cuc-ban-chinh-la-nhung-gi-ban-nghi-first-news\/","title":{"rendered":"S\u00e1ch T\u01b0 Duy T\u00edch C\u1ef1c &#8211; B\u1ea1n Ch\u00ednh L\u00e0 Nh\u1eefng G\u00ec B\u1ea1n Ngh\u0129 &#8211; First News"},"content":{"rendered":"<div class=\"e8lZp3\">\n<p class=\"QN2lPu\">Nh\u00e0 ph\u00e1t h\u00e0nh: First News &#8211; Tr\u00ed Vi\u1ec7t<\/p>\n<p class=\"QN2lPu\">T\u00e1c Gi\u1ea3: Nhi\u1ec1u t\u00e1c gi\u1ea3<\/p>\n<p class=\"QN2lPu\">Ng\u00e0y ph\u00e1t h\u00e0nh: 2025<\/p>\n<p class=\"QN2lPu\">S\u1ed1 trang: 144<\/p>\n<p class=\"QN2lPu\">K\u00edch th\u01b0\u1edbc: 13 x 20.5 cm<\/p>\n<p class=\"QN2lPu\">NXB: NXB T\u1ed5ng h\u1ee3p TP.HCM<\/p>\n<p class=\"QN2lPu\">Xu\u1ea5t x\u1ee9: Trong n\u01b0\u1edbc<\/p>\n<p class=\"QN2lPu\">Ng\u00f4n ng\u1eef: Ti\u1ebfng Vi\u1ec7t<\/p>\n<p class=\"QN2lPu\">Gi\u00e1 b\u00eca: 58.000 VND<\/p>\n<p class=\"QN2lPu\">Lo\u1ea1i B\u00eca: B\u00eca m\u1ec1m<\/p>\n<p class=\"QN2lPu\">M\u00f4 t\u1ea3 s\u1ea3n ph\u1ea9m:<\/p>\n<p class=\"QN2lPu\">Khi t\u00ecm hi\u1ec3u v\u1ec1 m\u1ed9t ch\u1ee7 \u0111\u1ec1, ch\u00fang ta n\u00ean xem x\u00e9t v\u1ea5n \u0111\u1ec1 trong ng\u1eef c\u1ea3nh c\u1ee7a n\u00f3 v\u00e0 \u0111\u1eb7t m\u1ed9t s\u1ed1 c\u00e2u h\u1ecfi c\u0103n b\u1ea3n. Nh\u1eefng c\u00e2u h\u1ecfi tuy b\u00ecnh th\u01b0\u1eddng nh\u01b0ng v\u1eabn \u0111\u00e1ng \u0111\u1ec3 suy ng\u1eabm. C\u00e2u h\u1ecfi \u0111\u00e1nh th\u1ee9c s\u1ef1 h\u1ee9ng th\u00fa, s\u1ef1 t\u00f2 m\u00f2 c\u1ee7a ch\u00fang ta, ch\u00fang g\u1ee3i m\u1edf t\u01b0 duy, k\u00edch th\u00edch tr\u00ed th\u00f4ng minh v\u00e0 m\u1edf c\u00e1nh c\u1eeda tr\u00ed tu\u1ec7 \u0111\u1ec3 kh\u00e1m ph\u00e1 nh\u1eefng chi\u1ec1u k\u00edch kh\u00e1c nhau c\u1ee7a cu\u1ed9c s\u1ed1ng v\u00e0 c\u1ee7a ch\u00ednh b\u1ea3n th\u00e2n ch\u00fang ta. \u0110\u00f3 l\u00e0 n\u0103m c\u00e2u h\u1ecfi n\u1ed5i ti\u1ebfng b\u1eaft \u0111\u1ea7u b\u1eb1ng n\u0103m ch\u1eef c\u00e1i \u201cW\u201d &#8211; Why, What, Who, When, Where (T\u1ea1i sao, C\u00e1i g\u00ec, Ai, Khi n\u00e0o, \u1ede \u0111\u00e2u), v\u00e0 c\u0169ng \u0111\u1eebng qu\u00ean c\u00f3 ch\u1eef \u2018H\u2019 k\u00e8m theo: How (Nh\u01b0 th\u1ebf n\u00e0o). C\u00f3 m\u1ed9t c\u00e2u n\u00f3i r\u1ea5t hay r\u1eb1ng: &#8220;T\u00f4i th\u00e0 bi\u1ebft v\u00e0i c\u00e2u h\u1ecfi c\u00f2n h\u01a1n bi\u1ebft t\u1ea5t c\u1ea3 c\u00e1c c\u00e2u tr\u1ea3 l\u1eddi.&#8221; V\u00ec sao v\u1eady? H\u1ea7u h\u1ebft ch\u00fang ta ngh\u0129 r\u1eb1ng n\u1ebfu bi\u1ebft t\u1ea5t c\u1ea3 nh\u1eefng c\u00e2u tr\u1ea3 l\u1eddi \u0111\u00fang, ch\u00fang ta s\u1ebd th\u00e0nh c\u00f4ng v\u00e0 h\u1ea1nh ph\u00fac. Nh\u01b0ng \u0111i\u1ec1u n\u00e0y ch\u1ec9 \u0111\u00fang trong m\u1ed9t ch\u1eebng m\u1ef1c n\u00e0o \u0111\u00f3. M\u1ed9t \u0111\u00e1p \u00e1n \u0111\u00fang lu\u00f4n c\u00f3 s\u1eb5n v\u00e0 \u0111\u01b0\u1ee3c \u00e1p d\u1ee5ng cho c\u00e1c v\u1ea5n \u0111\u1ec1 to\u00e1n h\u1ecdc, nh\u01b0ng v\u1edbi \u0111\u1eddi s\u1ed1ng v\u1ed1n ph\u1ee9c t\u1ea1p, m\u01a1 h\u1ed3, d\u1ec5 \u0111\u1ed5i thay th\u00ec m\u1ed9t c\u00e2u h\u1ecfi kh\u00f4ng ch\u1ec9 c\u00f3 m\u1ed9t \u0111\u00e1p \u00e1n \u0111\u00fang &#8211; t\u1ea5t c\u1ea3 t\u00f9y thu\u1ed9c v\u00e0o \u0111i\u1ec1u m\u00e0 b\u1ea1n t\u00ecm ki\u1ebfm. \u0110\u00f3 l\u00e0 l\u00fd do v\u00ec sao ch\u00fang t\u00f4i b\u1eaft \u0111\u1ea7u cu\u1ed1n s\u00e1ch n\u00e0y b\u1eb1ng c\u00e1ch xem x\u00e9t quan ni\u1ec7m c\u00e1 nh\u00e2n v\u1ec1 s\u1ef1 th\u00e0nh c\u00f4ng: b\u1edfi c\u00e2u tr\u1ea3 l\u1eddi &#8220;\u0111\u00fang&#8221; t\u00f9y thu\u1ed9c v\u00e0o \u0111i\u1ec1u ch\u00fang ta mu\u1ed1n \u0111\u1ea1t \u0111\u01b0\u1ee3c. V\u00e0 n\u1ebfu b\u1ea1n lu\u00f4n c\u00f3 s\u00e1u c\u00e2u h\u1ecfi n\u00e0y b\u00ean m\u00ecnh nh\u01b0 nh\u1eefng ng\u01b0\u1eddi b\u1ea1n t\u1ed1t, th\u00ec s\u1ebd c\u00f2n r\u1ea5t \u00edt \u0111i\u1ec1u trong cu\u1ed9c s\u1ed1ng v\u01b0\u1ee3t ngo\u00e0i s\u1ef1 hi\u1ec3u bi\u1ebft c\u1ee7a b\u1ea1n. Tr\u01b0\u1edbc h\u1ebft, ch\u00fang ta s\u1ebd b\u1eaft \u0111\u1ea7u v\u1edbi &#8220;Why&#8221; (t\u1ea1i sao). T\u1ea1i sao t\u01b0 duy t\u00edch c\u1ef1c l\u1ea1i l\u00e0 m\u1ed9t k\u1ef9 n\u0103ng quan tr\u1ecdng c\u1ea7n ph\u1ea3i \u0111\u01b0\u1ee3c ph\u00e1t huy? \u0110i\u1ec1u \u0111\u00f3 l\u00e0 hi\u1ec3n nhi\u00ean b\u1edfi b\u1ed1i c\u1ea3nh m\u00e0 t\u1ea5t c\u1ea3 ch\u00fang ta \u0111ang s\u1ed1ng, c\u0169ng nh\u01b0 s\u1ef1 hi\u1ec3u bi\u1ebft v\u1ec1 b\u1ed9 n\u00e3o k\u1ef3 di\u1ec7u v\u00e0 v\u1ec1 nh\u1eefng quan h\u1ec7 trong cu\u1ed9c s\u1ed1ng h\u00e0ng ng\u00e0y c\u1ee7a ch\u00fang ta. Sau \u0111\u00f3, ch\u00fang ta s\u1ebd \u0111\u1eb7t c\u00e2u h\u1ecfi &#8220;What&#8221; (g\u00ec). T\u01b0 duy t\u00edch c\u1ef1c l\u00e0 g\u00ec v\u00e0 n\u00f3 ho\u1ea1t \u0111\u1ed9ng ra sao (&#8220;How&#8221;)? N\u00f3 v\u1eadn h\u00e0nh nh\u01b0 th\u1ebf n\u00e0o v\u00e0 l\u00e0m sao ch\u00fang ta c\u00f3 th\u1ec3 \u00e1p d\u1ee5ng t\u01b0 duy t\u00edch c\u1ef1c trong cu\u1ed9c s\u1ed1ng c\u1ee7a m\u00ecnh? Cu\u1ed1i c\u00f9ng l\u00e0 ba c\u00e2u h\u1ecfi c\u00f2n l\u1ea1i trong danh s\u00e1ch, c\u00f3 t\u00ean &#8220;Who&#8221; (ai), &#8220;When&#8221; (khi n\u00e0o) v\u00e0 &#8220;Where&#8221; (\u1edf \u0111\u00e2u). Nh\u1eefng c\u00e2u h\u1ecfi n\u00e0y kh\u00e1 \u0111\u01a1n gi\u1ea3n v\u00e0 kh\u00f4ng c\u1ea7n nhi\u1ec1u th\u1eddi gian \u0111\u1ec3 gi\u1ea3i \u0111\u00e1p n\u00ean ch\u00fang ta s\u1ebd tr\u1ea3 l\u1eddi ngay b\u00e2y gi\u1edd. \u0110\u1ea7u ti\u00ean: &#8220;Who? &#8211; Ai c\u1ea7n h\u1ecdc t\u01b0 duy t\u00edch c\u1ef1c?&#8221;. N\u00f3 \u1ee9ng d\u1ee5ng cho nh\u1eefng ai? C\u00e2u tr\u1ea3 l\u1eddi qu\u00e1 d\u1ec5 ph\u1ea3i kh\u00f4ng? Cho t\u00f4i. Cho b\u1ea1n. Ai c\u1ea7n h\u1ecdc t\u01b0 duy t\u00edch c\u1ef1c n\u1ebfu kh\u00f4ng ph\u1ea3i l\u00e0 t\u1ea5t c\u1ea3 ch\u00fang ta? K\u1ebf ti\u1ebfp, &#8220;When&#8221; v\u00e0 &#8220;Where&#8221; &#8211; T\u00f4i n\u00ean \u00e1p d\u1ee5ng t\u01b0 duy t\u00edch c\u1ef1c trong b\u1ed1i c\u1ea3nh n\u00e0o v\u00e0 v\u00e0o l\u00fac n\u00e0o trong ng\u00e0y? \u1ed2, m\u1ed9t l\u1ea7n n\u1eefa c\u00e2u tr\u1ea3 l\u1eddi l\u1ea1i th\u1eadt \u0111\u01a1n gi\u1ea3n: \u1ede \u0111\u00e2y, ngay n\u01a1i b\u1ea1n \u0111ang \u0111\u1ee9ng v\u00e0 \u0111ang s\u1ed1ng v\u00e0 ngay b\u00e2y gi\u1edd, v\u00e0o m\u1ecdi kho\u1ea3nh kh\u1eafc c\u1ee7a b\u1ea1n. Ch\u1eb3ng c\u00f3 l\u00fd do g\u00ec \u0111\u1ec3 tr\u00ec ho\u00e3n m\u1ed9t c\u00f4ng vi\u1ec7c \u0111\u1ea7y h\u1ee9a h\u1eb9n; v\u00e0 v\u1edbi m\u1ed9t vi\u1ec7c t\u1ed1t v\u00e0 c\u00f3 \u00edch nh\u01b0 th\u1ebf th\u00ec th\u1eddi gian l\u00e0 &#8220;b\u00e2y gi\u1edd&#8221;, \u0111\u1ecba \u0111i\u1ec3m l\u00e0 &#8220;\u1edf \u0111\u00e2y&#8221; v\u00e0 b\u1ea1n ch\u00ednh l\u00e0 ng\u01b0\u1eddi \u0111\u1ec3 l\u00e0m vi\u1ec7c \u0111\u00f3. Nh\u01b0 v\u1eady l\u00e0 ch\u00fang ta \u0111\u00e3 gi\u1ea3i quy\u1ebft xong m\u1ed9t n\u1eeda c\u00e1c c\u00e2u h\u1ecfi. V\u00e0 vi\u1ec7c n\u00e0y di\u1ec5n ra tr\u01b0\u1edbc khi ch\u00fang ta b\u1eaft \u0111\u1ea7u cu\u1ed1n s\u00e1ch n\u00e0y. <\/p>\n<\/div>\n","protected":false},"excerpt":{"rendered":"<p>Nh\u00e0 ph\u00e1t h\u00e0nh: First News &#8211; Tr\u00ed Vi\u1ec7t T\u00e1c Gi\u1ea3: Nhi\u1ec1u t\u00e1c gi\u1ea3 Ng\u00e0y ph\u00e1t h\u00e0nh: 2025 S\u1ed1 trang: 144 K\u00edch th\u01b0\u1edbc: 13 x 20.5 cm NXB: NXB T\u1ed5ng h\u1ee3p TP.HCM Xu\u1ea5t x\u1ee9: Trong n\u01b0\u1edbc Ng\u00f4n ng\u1eef: Ti\u1ebfng Vi\u1ec7t Gi\u00e1 b\u00eca: 58.000 VND Lo\u1ea1i B\u00eca: B\u00eca m\u1ec1m M\u00f4 t\u1ea3 s\u1ea3n ph\u1ea9m: Khi t\u00ecm hi\u1ec3u v\u1ec1&#8230;<\/p>\n","protected":false},"featured_media":15309,"comment_status":"open","ping_status":"closed","template":"","meta":[],"product_brand":[1692],"product_cat":[1672],"product_tag":[],"class_list":{"0":"post-15193","1":"product","2":"type-product","3":"status-publish","4":"has-post-thumbnail","6":"product_brand-nxb-kim-dong","7":"product_cat-sach-huong-nghiep-phat-trien-ban-than","9":"first","10":"instock","11":"sale","12":"shipping-taxable","13":"purchasable","14":"product-type-simple"},"_links":{"self":[{"href":"https:\/\/web-ban-le.mbws.vn\/nha-sach\/wp-json\/wp\/v2\/product\/15193","targetHints":{"allow":["GET"]}}],"collection":[{"href":"https:\/\/web-ban-le.mbws.vn\/nha-sach\/wp-json\/wp\/v2\/product"}],"about":[{"href":"https:\/\/web-ban-le.mbws.vn\/nha-sach\/wp-json\/wp\/v2\/types\/product"}],"replies":[{"embeddable":true,"href":"https:\/\/web-ban-le.mbws.vn\/nha-sach\/wp-json\/wp\/v2\/comments?post=15193"}],"wp:featuredmedia":[{"embeddable":true,"href":"https:\/\/web-ban-le.mbws.vn\/nha-sach\/wp-json\/wp\/v2\/media\/15309"}],"wp:attachment":[{"href":"https:\/\/web-ban-le.mbws.vn\/nha-sach\/wp-json\/wp\/v2\/media?parent=15193"}],"wp:term":[{"taxonomy":"product_brand","embeddable":true,"href":"https:\/\/web-ban-le.mbws.vn\/nha-sach\/wp-json\/wp\/v2\/product_brand?post=15193"},{"taxonomy":"product_cat","embeddable":true,"href":"https:\/\/web-ban-le.mbws.vn\/nha-sach\/wp-json\/wp\/v2\/product_cat?post=15193"},{"taxonomy":"product_tag","embeddable":true,"href":"https:\/\/web-ban-le.mbws.vn\/nha-sach\/wp-json\/wp\/v2\/product_tag?post=15193"}],"curies":[{"name":"wp","href":"https:\/\/api.w.org\/{rel}","templated":true}]}}