{"id":15195,"date":"2025-10-31T13:32:42","date_gmt":"2025-10-31T06:32:42","guid":{"rendered":"https:\/\/web-ban-le.mbws.vn\/nha-sach\/?post_type=product&#038;p=15195"},"modified":"2025-11-01T19:42:38","modified_gmt":"2025-11-01T12:42:38","slug":"sach-hanh-trinh-ve-phuong-dong-kho-nho-first-news","status":"publish","type":"product","link":"https:\/\/web-ban-le.mbws.vn\/nha-sach\/san-pham\/sach-hanh-trinh-ve-phuong-dong-kho-nho-first-news\/","title":{"rendered":"S\u00e1ch H\u00e0nh Tr\u00ecnh V\u1ec1 Ph\u01b0\u01a1ng \u0110\u00f4ng (Kh\u1ed5 Nh\u1ecf) &#8211; First News"},"content":{"rendered":"<div class=\"e8lZp3\">\n<p class=\"QN2lPu\">C\u00f4ng ty ph\u00e1t h\u00e0nh: First News &#8211; Tr\u00ed Vi\u1ec7t<\/p>\n<p class=\"QN2lPu\">T\u00e1c gi\u1ea3: Baird T. Spalding<\/p>\n<p class=\"QN2lPu\">D\u1ecbch gi\u1ea3: Nguy\u00ean Phong<\/p>\n<p class=\"QN2lPu\">Ng\u00e0y xu\u1ea5t b\u1ea3n: 2024<\/p>\n<p class=\"QN2lPu\">K\u00edch th\u01b0\u1edbc: 11,5 x 16,5 cm<\/p>\n<p class=\"QN2lPu\">Nh\u00e0 xu\u1ea5t b\u1ea3n: NXB Th\u1ebf Gi\u1edbi<\/p>\n<p class=\"QN2lPu\">S\u1ed1 trang: 344<\/p>\n<p class=\"QN2lPu\">Xu\u1ea5t x\u1ee9: Trong n\u01b0\u1edbc<\/p>\n<p class=\"QN2lPu\">Ng\u00f4n ng\u1eef: Ti\u1ebfng Vi\u1ec7t<\/p>\n<p class=\"QN2lPu\">Lo\u1ea1i b\u00eca: B\u00eca m\u1ec1m<\/p>\n<p class=\"QN2lPu\">G\u00eda: 78.000VN\u0110<\/p>\n<p class=\"QN2lPu\">M\u00f4 t\u1ea3 s\u1ea3n ph\u1ea9m:<\/p>\n<p class=\"QN2lPu\">H\u00e0nh tr\u00ecnh v\u1ec1 ph\u01b0\u01a1ng \u0110\u00f4ng<\/p>\n<p class=\"QN2lPu\">M\u1ed9t trong nh\u1eefng t\u00e1c ph\u1ea9m \u0111\u01b0\u01a1ng \u0111\u1ea1i \u0111\u1ed9c \u0111\u00e1o nh\u1ea5t v\u1ec1 v\u0103n ho\u00e1 ph\u01b0\u01a1ng \u0110\u00f4ng<\/p>\n<p class=\"QN2lPu\">\n<p class=\"QN2lPu\">H\u00e0nh tr\u00ecnh v\u1ec1 ph\u01b0\u01a1ng \u0110\u00f4ng k\u1ec3 v\u1ec1 nh\u1eefng tr\u1ea3i nghi\u1ec7m c\u1ee7a m\u1ed9t \u0111o\u00e0n khoa h\u1ecdc g\u1ed3m c\u00e1c chuy\u00ean gia h\u00e0ng \u0111\u1ea7u c\u1ee7a H\u1ed9i Khoa H\u1ecdc Ho\u00e0ng Gia Anh \u0111\u01b0\u1ee3c c\u1eed sang \u1ea4n \u0110\u1ed9 nghi\u00ean c\u1ee9u v\u1ec1 huy\u1ec1n h\u1ecdc v\u00e0 nh\u1eefng kh\u1ea3 n\u0103ng si\u00eau nhi\u00ean c\u1ee7a con ng\u01b0\u1eddi. Su\u1ed1t hai n\u0103m tr\u1eddi rong ru\u1ed5i kh\u1eafp c\u00e1c \u0111\u1ec1n ch\u00f9a \u1ea4n \u0110\u1ed9, ch\u00fang ki\u1ebfn nhi\u1ec1u ph\u00e1p lu\u1eadt, nhi\u1ec1u c\u1ea3nh m\u00ea t\u00edn d\u1ecb \u0111oan, th\u1eadm ch\u00ed l\u1eeba \u0111\u1ea3o&#8230;c\u1ee7a nhi\u1ec1u ph\u00e1p s\u01b0, \u0111\u1ea1o s\u0129&#8230;h\u1ecd \u0111\u01b0\u1ee3c ti\u1ebfp x\u00fac v\u1edbi nh\u1eefng v\u1ecb th\u1ebf, h\u1ecd \u0111\u01b0\u1ee3c ch\u1ee9ng ki\u1ebfn, tr\u1ea3i nghi\u1ec7m, hi\u1ec3u bi\u1ebft s\u00e2u s\u1eafc v\u1ec1 c\u00e1c khoa h\u1ecdc c\u1ed5 x\u01b0a v\u00e0 b\u00ed truy\u1ec1n c\u1ee7a v\u0103n h\u00f3a \u1ea4n \u0110\u1ed9 nh\u01b0 Yoga, thi\u1ec1n \u0111\u1ecbnh, thu\u1eadt chi\u00eam duy\u00ean, nghi\u1ec7p b\u00e1o, lu\u1eadt nh\u00e2n qu\u1ea3, c\u00f5i s\u1ed1ng v\u00e0 c\u00f5i ch\u1ebft&#8230;.<\/p>\n<p class=\"QN2lPu\">\n<p class=\"QN2lPu\">\u0110\u00fang l\u00fac m\u1ed9t cu\u1ed9c \u0111\u1ed1i tho\u1ea1i c\u1edfi m\u1edf v\u00e0 ch\u00e2n th\u00e0nh \u0111ang s\u1eafp di\u1ec5n ra v\u1edbi c\u00e1c \u0111\u1ea1o s\u0129 b\u1eadc th\u1ea7y, th\u00ec \u0111o\u00e0n nh\u1eadn \u0111\u01b0\u1ee3c t\u1ed1i h\u1eadu th\u01b0 t\u1eeb ch\u00ednh quy\u1ec1n Anh Qu\u1ed1c l\u00e0 ph\u1ea3i ng\u1eebng ngay vi\u1ec7c nghi\u00ean c\u1ee9u, t\u1ee9c kh\u1eafc h\u1ed3i h\u01b0\u01a1ng v\u00e0 b\u1ecb bu\u1ed9c ph\u1ea3i im l\u1eb7ng, kh\u00f4ng \u0111\u01b0\u1ee3c ph\u00e1t ng\u00f4n v\u1ec1 b\u1ea5t c\u1ee9 \u0111i\u1ec1u g\u00ec m\u00e0 h\u1ecd \u0111\u00e3 ch\u1ee9ng nghi\u1ec7m. Sau c\u00f9ng ba nh\u00e0 khoa h\u1ecdc trong \u0111o\u00e0n \u0111\u00e3 ch\u1ea5p nh\u1eadn b\u1ecf l\u1ea1i t\u1ea5t c\u1ea3 sau l\u01b0ng, \u1edf l\u1ea1i \u1ea4n \u0110\u1ed9 ti\u1ebfp t\u1ee5c nghi\u00ean c\u1ee9u v\u00e0 cu\u1ed1i c\u00f9ng tr\u1edf th\u00e0nh tu s\u0129. Trong s\u1ed1 \u0111\u00f3 c\u00f3 gi\u00e1o s\u01b0 Spalding &#8211; t\u00e1c gi\u1ea3 h\u1ed3i k\u00fd \u0111\u1eb7c bi\u1ec7t n\u00e0y.<\/p>\n<\/div>\n","protected":false},"excerpt":{"rendered":"<p>C\u00f4ng ty ph\u00e1t h\u00e0nh: First News &#8211; Tr\u00ed Vi\u1ec7t T\u00e1c gi\u1ea3: Baird T. Spalding D\u1ecbch gi\u1ea3: Nguy\u00ean Phong Ng\u00e0y xu\u1ea5t b\u1ea3n: 2024 K\u00edch th\u01b0\u1edbc: 11,5 x 16,5 cm Nh\u00e0 xu\u1ea5t b\u1ea3n: NXB Th\u1ebf Gi\u1edbi S\u1ed1 trang: 344 Xu\u1ea5t x\u1ee9: Trong n\u01b0\u1edbc Ng\u00f4n ng\u1eef: Ti\u1ebfng Vi\u1ec7t Lo\u1ea1i b\u00eca: B\u00eca m\u1ec1m G\u00eda: 78.000VN\u0110 M\u00f4 t\u1ea3 s\u1ea3n ph\u1ea9m:&#8230;<\/p>\n","protected":false},"featured_media":15326,"comment_status":"open","ping_status":"closed","template":"","meta":[],"product_brand":[1692],"product_cat":[1673],"product_tag":[],"class_list":{"0":"post-15195","1":"product","2":"type-product","3":"status-publish","4":"has-post-thumbnail","6":"product_brand-nxb-kim-dong","7":"product_cat-sach-ton-giao-triet-hoc","9":"first","10":"instock","11":"sale","12":"shipping-taxable","13":"purchasable","14":"product-type-simple"},"_links":{"self":[{"href":"https:\/\/web-ban-le.mbws.vn\/nha-sach\/wp-json\/wp\/v2\/product\/15195","targetHints":{"allow":["GET"]}}],"collection":[{"href":"https:\/\/web-ban-le.mbws.vn\/nha-sach\/wp-json\/wp\/v2\/product"}],"about":[{"href":"https:\/\/web-ban-le.mbws.vn\/nha-sach\/wp-json\/wp\/v2\/types\/product"}],"replies":[{"embeddable":true,"href":"https:\/\/web-ban-le.mbws.vn\/nha-sach\/wp-json\/wp\/v2\/comments?post=15195"}],"wp:featuredmedia":[{"embeddable":true,"href":"https:\/\/web-ban-le.mbws.vn\/nha-sach\/wp-json\/wp\/v2\/media\/15326"}],"wp:attachment":[{"href":"https:\/\/web-ban-le.mbws.vn\/nha-sach\/wp-json\/wp\/v2\/media?parent=15195"}],"wp:term":[{"taxonomy":"product_brand","embeddable":true,"href":"https:\/\/web-ban-le.mbws.vn\/nha-sach\/wp-json\/wp\/v2\/product_brand?post=15195"},{"taxonomy":"product_cat","embeddable":true,"href":"https:\/\/web-ban-le.mbws.vn\/nha-sach\/wp-json\/wp\/v2\/product_cat?post=15195"},{"taxonomy":"product_tag","embeddable":true,"href":"https:\/\/web-ban-le.mbws.vn\/nha-sach\/wp-json\/wp\/v2\/product_tag?post=15195"}],"curies":[{"name":"wp","href":"https:\/\/api.w.org\/{rel}","templated":true}]}}