{"id":15196,"date":"2025-10-31T13:32:42","date_gmt":"2025-10-31T06:32:42","guid":{"rendered":"https:\/\/web-ban-le.mbws.vn\/nha-sach\/?post_type=product&#038;p=15196"},"modified":"2025-11-01T19:44:01","modified_gmt":"2025-11-01T12:44:01","slug":"sach-marugoto-ngon-ngu-va-van-hoa-nhat-ban-trinh-do-so-trung-cap-a2-b1-first-news","status":"publish","type":"product","link":"https:\/\/web-ban-le.mbws.vn\/nha-sach\/san-pham\/sach-marugoto-ngon-ngu-va-van-hoa-nhat-ban-trinh-do-so-trung-cap-a2-b1-first-news\/","title":{"rendered":"S\u00e1ch &#8211; Marugoto Ng\u00f4n ng\u1eef v\u00e0 V\u0103n h\u00f3a Nh\u1eadt B\u1ea3n &#8211; Tr\u00ecnh \u0110\u1ed9 S\u01a1-Trung c\u1ea5p A2\/B1 &#8211; First News"},"content":{"rendered":"<div class=\"e8lZp3\">\n<p class=\"QN2lPu\">T\u00e1c gi\u1ea3: The Japan Foundation<\/p>\n<p class=\"QN2lPu\">NXB: NXB \u0110\u1ea1i h\u1ecdc Qu\u1ed1c gia TP H\u1ed3 Ch\u00ed Minh<\/p>\n<p class=\"QN2lPu\">C\u00f4ng ty ph\u00e1t h\u00e0nh: First News &#8211; Tr\u00ed Vi\u1ec7t<\/p>\n<p class=\"QN2lPu\">S\u1ed1 trang: 168<\/p>\n<p class=\"QN2lPu\">K\u00edch th\u01b0\u1edbc: 20.5 x 28.5 cm.<\/p>\n<p class=\"QN2lPu\">N\u0103m xu\u1ea5t b\u1ea3n: 2025<\/p>\n<p class=\"QN2lPu\">Gi\u00e1 b\u00eca: 170.000 VND<\/p>\n<p class=\"QN2lPu\">Lo\u1ea1i B\u00eca: B\u00eca m\u1ec1m<\/p>\n<p class=\"QN2lPu\">M\u00f4 t\u1ea3 s\u1ea3n ph\u1ea9m:<\/p>\n<p class=\"QN2lPu\">Marugoto l\u00e0 m\u1ed9t gi\u00e1o tr\u00ecnh c\u00f4ng phu v\u00e0 \u0111\u1ea7y t\u00e2m huy\u1ebft c\u1ee7a Nh\u1eadt B\u1ea3n v\u1edbi mong mu\u1ed1n ph\u1ed5 c\u1eadp v\u00e0 n\u00e2ng cao ti\u1ebfng Nh\u1eadt cho ng\u01b0\u1eddi n\u01b0\u1edbc ngo\u00e0i \u1edf kh\u1eafp th\u1ebf gi\u1edbi. Gi\u00e1o tr\u00ecnh \u0111\u01b0\u1ee3c tri\u1ec3n khai d\u1ef1a tr\u00ean Chu\u1ea9n Gi\u00e1o d\u1ee5c ti\u1ebfng Nh\u1eadt JF. T\u1ef1a \u0111\u1ec1 Marugoto, c\u00f3 ngh\u0129a l\u00e0 \u201ctr\u1ecdn v\u1eb9n\u201d, \u0111\u00f3 c\u0169ng ch\u00ednh l\u00e0 th\u00f4ng \u0111i\u1ec7p m\u00e0 Qu\u1ef9 Giao l\u01b0u Qu\u1ed1c t\u1ebf Nh\u1eadt B\u1ea3n mu\u1ed1n g\u1eedi \u0111\u1ebfn qu\u00fd \u0111\u1ed9c gi\u1ea3: s\u1ef1 k\u1ebft h\u1ee3p h\u00e0i h\u00f2a gi\u1eefa ng\u00f4n ng\u1eef v\u00e0 v\u0103n h\u00f3a. Gi\u00e1o tr\u00ecnh n\u00e0y gi\u1edbi thi\u1ec7u nh\u1eefng t\u00ecnh hu\u1ed1ng giao ti\u1ebfp th\u1ef1c t\u1ebf, gi\u00fap ng\u01b0\u1eddi h\u1ecdc tr\u1ea3i nghi\u1ec7m nhi\u1ec1u kh\u00eda c\u1ea1nh \u0111a d\u1ea1ng c\u1ee7a v\u0103n h\u00f3a Nh\u1eadt B\u1ea3n v\u00e0 \u0111\u1eb7c tr\u01b0ng trong \u0111\u1eddi s\u1ed1ng c\u1ee7a ng\u01b0\u1eddi Nh\u1eadt m\u1ed9t c\u00e1ch tr\u1ecdn v\u1eb9n.<\/p>\n<p class=\"QN2lPu\">\n<p class=\"QN2lPu\">C\u1ea5p \u0111\u1ed9 A2\/B1 thu\u1ed9c m\u1ee9c \u0111\u1ed9 S\u01a1 \u2013 Trung c\u1ea5p v\u00e0 tr\u00ecnh \u0111\u1ed9 A2\/B1 l\u00e0 tr\u00ecnh \u0111\u1ed9 n\u00e2ng cao h\u01a1n sau khi b\u1ea1n \u0111\u00e3 ho\u00e0n th\u00e0nh tr\u00ecnh \u0111\u1ed9 Nh\u1eadp m\u00f4n A1 v\u00e0 S\u01a1 c\u1ea5p A2. C\u1ea5p \u0111\u1ed9 n\u00e0y c\u00f3 hai m\u1ee5c \u0111\u00edch nh\u01b0 sau:<\/p>\n<p class=\"QN2lPu\">\u00d4n t\u1eadp v\u00e0 v\u1eadn d\u1ee5ng \u201cKatsudoo\u201d (Ho\u1ea1t \u0111\u1ed9ng giao ti\u1ebfp) v\u00e0 \u201cRikai\u201d (Hi\u1ec3u bi\u1ebft ng\u00f4n ng\u1eef)  c\u1ea5p \u0111\u1ed9 Nh\u1eadp m\u00f4n (A1) v\u00e0 S\u01a1 c\u1ea5p 1\/2 (A2).<\/p>\n<p class=\"QN2lPu\">\n<p class=\"QN2lPu\">Chu\u1ea9n b\u1ecb cho c\u1ea5p \u0111\u1ed9 ti\u1ebfp theo (B1).<\/p>\n<p class=\"QN2lPu\">Kh\u00e1c v\u1edbi nh\u1eefng gi\u00e1o tr\u00ecnh Marugoto tr\u01b0\u1edbc \u0111\u00f3, Marugoto &#8211;  Ng\u00f4n ng\u1eef v\u00e0 V\u0103n h\u00f3a Nh\u1eadt B\u1ea3n A2\/B1 kh\u00f4ng chia ra l\u00e0m 2 cu\u1ed1n  \u201cKatstudoo\u201d v\u00e0 \u201c Rikai\u201d m\u00e0 t\u1ed5ng h\u1ee3p ph\u01b0\u01a1ng th\u1ee9c h\u1ecdc th\u00e0nh 1 cu\u1ed1n. Ph\u1ea7n Can-do c\u0169ng bao g\u1ed3m n\u1ed9i dung c\u1ee7a c\u1ea3 hai c\u1ea5p \u0111\u1ed9 A2 v\u00e0 B1 n\u00ean ng\u01b0\u1eddi h\u1ecdc c\u00f3 th\u1ec3 h\u1ecdc th\u00f4ng qua nhi\u1ec1u ho\u1ea1t \u0111\u1ed9ng trong l\u1edbp. Ngo\u00e0i ra, m\u1ed7i ch\u1ee7 \u0111\u1ec1 c\u00f2n \u0111\u01b0a ra c\u00e1c t\u1eeb v\u1ef1ng, d\u1ea1ng c\u00e2u c\u1ea7n thi\u1ebft \u0111\u1ec3 ng\u01b0\u1eddi h\u1ecdc c\u00f3 th\u1ec3 di\u1ec5n \u0111\u1ea1t m\u1ed9t c\u00e1ch phong ph\u00fa h\u01a1n c\u1ea3m x\u00fac, t\u00ecnh tr\u1ea1ng, kinh nghi\u1ec7m c\u1ee7a m\u00ecnh\u2026<\/p>\n<p class=\"QN2lPu\">\n<p class=\"QN2lPu\">Gi\u00e1o tr\u00ecnh n\u00e0y c\u00f3 nh\u1eefng \u0111i\u1ec3m \u0111\u1eb7c tr\u01b0ng sau:<\/p>\n<p class=\"QN2lPu\">X\u00e2y d\u1ef1ng n\u1ed9i dung h\u01b0\u1edbng \u0111\u1ebfn gi\u1edd h\u1ecdc g\u1ed3m: ho\u1ea1t \u0111\u1ed9ng giao ti\u1ebfp ng\u00f4n ng\u1eef v\u00e0 c\u1ea5u tr\u00fac ng\u00f4n ng\u1eef \u0111\u1ec3 b\u1ed5 tr\u1ee3 cho giao ti\u1ebfp (ng\u1eef ph\u00e1p, m\u1eabu c\u00e2u,\u2026). X\u00e2y d\u1ef1ng t\u00ecnh hu\u1ed1ng g\u1ed3m nh\u1eefng nh\u00e2n v\u1eadt thu\u1ed9c nhi\u1ec1u n\u1ec1n v\u0103n h\u00f3a kh\u00e1c nhau d\u1ef1a tr\u00ean tinh th\u1ea7n hi\u1ec3u bi\u1ebft v\u00e0 t\u00f4n tr\u1ecdng s\u1ef1 kh\u00e1c bi\u1ec7t v\u1ec1 v\u0103n h\u00f3a \u0111\u1ec3 giao ti\u1ebfp v\u1edbi nhau b\u1eb1ng ti\u1ebfng Nh\u1eadt.<\/p>\n<p class=\"QN2lPu\">Thi\u1ebft k\u1ebf nh\u1eefng b\u00e0i th\u1ef1c h\u00e0nh gi\u00fap ng\u01b0\u1eddi h\u1ecdc l\u00e0m quen v\u1edbi nh\u1eefng \u0111o\u1ea1n h\u1ed9i tho\u1ea1i mang ng\u1eef c\u1ea3nh t\u1ef1 nhi\u00ean nh\u1eb1m trau d\u1ed3i ng\u00f4n ng\u1eef th\u00f4ng qua nghe hi\u1ec3u.<\/p>\n<p class=\"QN2lPu\">\u00c1p d\u1ee5ng ph\u01b0\u01a1ng ph\u00e1p s\u1eed d\u1ee5ng t\u1eadp h\u1ed3 s\u01a1 c\u00e1 nh\u00e2n \u0111\u1ec3 qu\u1ea3n l\u00fd vi\u1ec7c t\u1ef1 h\u1ecdc.<\/p>\n<\/div>\n","protected":false},"excerpt":{"rendered":"<p>T\u00e1c gi\u1ea3: The Japan Foundation NXB: NXB \u0110\u1ea1i h\u1ecdc Qu\u1ed1c gia TP H\u1ed3 Ch\u00ed Minh C\u00f4ng ty ph\u00e1t h\u00e0nh: First News &#8211; Tr\u00ed Vi\u1ec7t S\u1ed1 trang: 168 K\u00edch th\u01b0\u1edbc: 20.5 x 28.5 cm. N\u0103m xu\u1ea5t b\u1ea3n: 2025 Gi\u00e1 b\u00eca: 170.000 VND Lo\u1ea1i B\u00eca: B\u00eca m\u1ec1m M\u00f4 t\u1ea3 s\u1ea3n ph\u1ea9m: Marugoto l\u00e0 m\u1ed9t gi\u00e1o tr\u00ecnh c\u00f4ng&#8230;<\/p>\n","protected":false},"featured_media":15335,"comment_status":"open","ping_status":"closed","template":"","meta":[],"product_brand":[1694],"product_cat":[1681],"product_tag":[],"class_list":{"0":"post-15196","1":"product","2":"type-product","3":"status-publish","4":"has-post-thumbnail","6":"product_brand-nxb-phu-nu-viet-nam","7":"product_cat-sach-lich-su-van-hoa-sach","9":"first","10":"instock","11":"sale","12":"shipping-taxable","13":"purchasable","14":"product-type-simple"},"_links":{"self":[{"href":"https:\/\/web-ban-le.mbws.vn\/nha-sach\/wp-json\/wp\/v2\/product\/15196","targetHints":{"allow":["GET"]}}],"collection":[{"href":"https:\/\/web-ban-le.mbws.vn\/nha-sach\/wp-json\/wp\/v2\/product"}],"about":[{"href":"https:\/\/web-ban-le.mbws.vn\/nha-sach\/wp-json\/wp\/v2\/types\/product"}],"replies":[{"embeddable":true,"href":"https:\/\/web-ban-le.mbws.vn\/nha-sach\/wp-json\/wp\/v2\/comments?post=15196"}],"wp:featuredmedia":[{"embeddable":true,"href":"https:\/\/web-ban-le.mbws.vn\/nha-sach\/wp-json\/wp\/v2\/media\/15335"}],"wp:attachment":[{"href":"https:\/\/web-ban-le.mbws.vn\/nha-sach\/wp-json\/wp\/v2\/media?parent=15196"}],"wp:term":[{"taxonomy":"product_brand","embeddable":true,"href":"https:\/\/web-ban-le.mbws.vn\/nha-sach\/wp-json\/wp\/v2\/product_brand?post=15196"},{"taxonomy":"product_cat","embeddable":true,"href":"https:\/\/web-ban-le.mbws.vn\/nha-sach\/wp-json\/wp\/v2\/product_cat?post=15196"},{"taxonomy":"product_tag","embeddable":true,"href":"https:\/\/web-ban-le.mbws.vn\/nha-sach\/wp-json\/wp\/v2\/product_tag?post=15196"}],"curies":[{"name":"wp","href":"https:\/\/api.w.org\/{rel}","templated":true}]}}