{"id":15198,"date":"2025-10-31T13:32:42","date_gmt":"2025-10-31T06:32:42","guid":{"rendered":"https:\/\/web-ban-le.mbws.vn\/nha-sach\/?post_type=product&#038;p=15198"},"modified":"2025-11-01T19:42:38","modified_gmt":"2025-11-01T12:42:38","slug":"sach-dac-nhan-tam-kho-nho-first-news","status":"publish","type":"product","link":"https:\/\/web-ban-le.mbws.vn\/nha-sach\/san-pham\/sach-dac-nhan-tam-kho-nho-first-news\/","title":{"rendered":"S\u00e1ch \u0110\u1eafc Nh\u00e2n T\u00e2m (Kh\u1ed5 Nh\u1ecf) &#8211; First News"},"content":{"rendered":"<div class=\"e8lZp3\">\n<p class=\"QN2lPu\">Nh\u00e0 ph\u00e1t h\u00e0nh: First News &#8211; Tr\u00ed Vi\u1ec7t<\/p>\n<p class=\"QN2lPu\">T\u00e1c Gi\u1ea3: Dale Carnegie<\/p>\n<p class=\"QN2lPu\">Ng\u00e0y ph\u00e1t h\u00e0nh: 2024<\/p>\n<p class=\"QN2lPu\">S\u1ed1 trang: 334<\/p>\n<p class=\"QN2lPu\">K\u00edch th\u01b0\u1edbc: 11,5 x 16,5 cm<\/p>\n<p class=\"QN2lPu\">NXB: NXB T\u1ed5ng h\u1ee3p TP.HCM<\/p>\n<p class=\"QN2lPu\">Xu\u1ea5t x\u1ee9: Trong n\u01b0\u1edbc<\/p>\n<p class=\"QN2lPu\">Ng\u00f4n ng\u1eef: Ti\u1ebfng Vi\u1ec7t<\/p>\n<p class=\"QN2lPu\">Gi\u00e1 b\u00eca: 68.000 VND<\/p>\n<p class=\"QN2lPu\">Lo\u1ea1i B\u00eca: B\u00eca m\u1ec1m<\/p>\n<p class=\"QN2lPu\">M\u00f4 t\u1ea3 s\u1ea3n ph\u1ea9m:<\/p>\n<p class=\"QN2lPu\">\u0110\u1eafc Nh\u00e2n T\u00e2m &#8211; \u0110\u01b0\u1ee3c l\u00f2ng ng\u01b0\u1eddi, l\u00e0 cu\u1ed1n s\u00e1ch \u0111\u01b0a ra c\u00e1c l\u1eddi khuy\u00ean v\u1ec1 c\u00e1ch th\u1ee9c c\u01b0 x\u1eed, \u1ee9ng x\u1eed v\u00e0 giao ti\u1ebfp v\u1edbi m\u1ecdi ng\u01b0\u1eddi \u0111\u1ec3 \u0111\u1ea1t \u0111\u01b0\u1ee3c th\u00e0nh c\u00f4ng trong cu\u1ed9c s\u1ed1ng. G\u1ea7n 80 n\u0103m k\u1ec3 t\u1eeb khi ra \u0111\u1eddi, \u0110\u1eafc Nh\u00e2n T\u00e2m l\u00e0 cu\u1ed1n s\u00e1ch g\u1ed1i \u0111\u1ea7u gi\u01b0\u1eddng c\u1ee7a nhi\u1ec1u th\u1ebf h\u1ec7 lu\u00f4n mu\u1ed1n ho\u00e0n thi\u1ec7n ch\u00ednh m\u00ecnh \u0111\u1ec3 v\u01b0\u01a1n t\u1edbi m\u1ed9t cu\u1ed9c s\u1ed1ng t\u1ed1t \u0111\u1eb9p v\u00e0 th\u00e0nh c\u00f4ng.<\/p>\n<p class=\"QN2lPu\">\n<p class=\"QN2lPu\">\u0110\u1eafc Nh\u00e2n T\u00e2m c\u1ee5 th\u1ec3 v\u00e0 chi ti\u1ebft v\u1edbi nh\u1eefng ch\u1ec9 d\u1eabn \u0111\u1ec3 d\u1eabn \u0111\u1ea1o ng\u01b0\u1eddi, \u0111\u1ec3 g\u00e2y thi\u1ec7n c\u1ea3m v\u00e0 d\u1eabn d\u1eaft ng\u01b0\u1eddi kh\u00e1c,&#8230; nh\u1eefng h\u01b0\u1edbng d\u1eabn \u1ea5y, qua th\u1eddi gian, c\u00f3 th\u1ec3 kh\u00f4ng c\u00f2n th\u00edch h\u1ee3p trong cu\u1ed9c s\u1ed1ng hi\u1ec7n \u0111\u1ea1i nh\u01b0ng n\u1ebfu ng\u01b0\u1eddi \u0111\u1ecdc c\u00f3 th\u1ec3 c\u1ea3m v\u00e0 hi\u1ec3u \u0111\u01b0\u1ee3c nh\u1eefng th\u00f4ng \u0111i\u1ec7p t\u00e1c gi\u1ea3 mu\u1ed1n truy\u1ec1n \u0111\u1ea1t th\u00ec vi\u1ec7c \u00e1p d\u1ee5ng n\u00f3 v\u00e0o cu\u1ed9c s\u1ed1ng tr\u1edf n\u00ean d\u1ec5 d\u00e0ng v\u00e0 hi\u1ec7u qu\u1ea3.<\/p>\n<p class=\"QN2lPu\">\n<p class=\"QN2lPu\">\u0110\u1eafc Nh\u00e2n T\u00e2m, t\u1eeb m\u1ed9t cu\u1ed1n s\u00e1ch, h\u00f4m nay \u0111\u00e3 tr\u1edf th\u00e0nh m\u1ed9t danh t\u1eeb \u0111\u1ec3 ch\u1ec9 m\u1ed9t l\u1ed1i s\u1ed1ng m\u00e0 \u1edf \u0111\u00f3 con ng\u01b0\u1eddi ta c\u01b0 x\u1eed linh ho\u1ea1t v\u00e0 th\u1ea5u t\u00ecnh \u0111\u1ea1t l\u00fd. L\u00fd thuy\u1ebft mu\u00f4n thu\u1edf v\u1eabn l\u00e0 nh\u1eefng quy t\u1eafc ch\u1ebft, nh\u01b0ng Nh\u00e2n T\u00e2m l\u00e0 s\u1ed1ng, l\u00e0 bi\u1ebfn \u0111\u1ed5i. B\u1ea1n h\u00e3y th\u1eed \u0111\u1ecdc &#8220;\u0110\u1eafc Nh\u00e2n t\u00e2m&#8221; v\u00e0 t\u1ef1 m\u00ecnh chi\u00eam nghi\u1ec7m nh\u1eefng c\u00e1i \u0111ang di\u1ec5n ra trong \u0111\u1eddi th\u1ef1c hi\u1ec7n h\u1eefu, ch\u1eafc ch\u1eafn b\u1ea1n s\u1ebd c\u00f3 nh\u1eefng b\u00e0i h\u1ecdc cho ri\u00eang m\u00ecnh.<\/p>\n<p class=\"QN2lPu\">\n<p class=\"QN2lPu\">\u0110\u1eafc Nh\u00e2n T\u00e2m l\u00e0 ngh\u1ec7 thu\u1eadt thu ph\u1ee5c l\u00f2ng ng\u01b0\u1eddi, l\u00e0 l\u00e0m cho t\u1ea5t c\u1ea3 m\u1ecdi ng\u01b0\u1eddi y\u00eau m\u1ebfn m\u00ecnh. &#8220;\u0110\u1eafc nh\u00e2n t\u00e2m&#8221; v\u00e0 c\u00e1i T\u00e0i trong m\u1ed7i ng\u01b0\u1eddi ch\u00fang ta. &#8220;\u0110\u1eafc Nh\u00e2n T\u00e2m&#8221; trong \u00fd ngh\u0129a \u0111\u00f3 c\u1ea7n \u0111\u01b0\u1ee3c th\u1ee5 \u0111\u1eafc b\u1eb1ng s\u1ef1 hi\u1ec3u r\u00f5 b\u1ea3n th\u00e2n, th\u00e0nh th\u1eadt v\u1edbi ch\u00ednh m\u00ecnh, hi\u1ec3u bi\u1ebft v\u00e0 quan t\u00e2m \u0111\u1ebfn nh\u1eefng ng\u01b0\u1eddi xung quanh \u0111\u1ec3 nh\u00ecn ra v\u00e0 kh\u01a1i g\u1ee3i nh\u1eefng ti\u1ec1m n\u0103ng \u1ea9n khu\u1ea5t n\u01a1i h\u1ecd, gi\u00fap h\u1ecd ph\u00e1t tri\u1ec3n l\u00ean m\u1ed9t t\u1ea7m cao m\u1edbi. \u0110\u00e2y ch\u00ednh l\u00e0 ngh\u1ec7 thu\u1eadt cao nh\u1ea5t v\u1ec1 con ng\u01b0\u1eddi v\u00e0 ch\u00ednh l\u00e0 \u00fd ngh\u0129a s\u00e2u s\u1eafc nh\u1ea5t \u0111\u00fac k\u1ebft t\u1eeb nh\u1eefng nguy\u00ean t\u1eafc v\u00e0ng c\u1ee7a Dale Carnegie.S\u00e1ch \u0111\u00e3 \u0111\u01b0\u1ee3c chuy\u1ec3n ng\u1eef sang h\u1ea7u h\u1ebft c\u00e1c th\u1ee9 ti\u1ebfng tr\u00ean th\u1ebf gi\u1edbi v\u00e0 c\u00f3 m\u1eb7t \u1edf h\u00e0ng tr\u0103m qu\u1ed1c gia. \u0110\u00e2y l\u00e0 cu\u1ed1n s\u00e1ch li\u00ean t\u1ee5c \u0111\u1ee9ng \u0111\u1ea7u danh m\u1ee5c s\u00e1ch b\u00e1n ch\u1ea1y nh\u1ea5t do th\u1eddi b\u00e1o NewYork Times b\u00ecnh ch\u1ecdn su\u1ed1t 10 n\u0103m li\u1ec1n.<\/p>\n<\/div>\n","protected":false},"excerpt":{"rendered":"<p>Nh\u00e0 ph\u00e1t h\u00e0nh: First News &#8211; Tr\u00ed Vi\u1ec7t T\u00e1c Gi\u1ea3: Dale Carnegie Ng\u00e0y ph\u00e1t h\u00e0nh: 2024 S\u1ed1 trang: 334 K\u00edch th\u01b0\u1edbc: 11,5 x 16,5 cm NXB: NXB T\u1ed5ng h\u1ee3p TP.HCM Xu\u1ea5t x\u1ee9: Trong n\u01b0\u1edbc Ng\u00f4n ng\u1eef: Ti\u1ebfng Vi\u1ec7t Gi\u00e1 b\u00eca: 68.000 VND Lo\u1ea1i B\u00eca: B\u00eca m\u1ec1m M\u00f4 t\u1ea3 s\u1ea3n ph\u1ea9m: \u0110\u1eafc Nh\u00e2n T\u00e2m &#8211; \u0110\u01b0\u1ee3c&#8230;<\/p>\n","protected":false},"featured_media":15345,"comment_status":"open","ping_status":"closed","template":"","meta":[],"product_brand":[1692],"product_cat":[1672],"product_tag":[],"class_list":{"0":"post-15198","1":"product","2":"type-product","3":"status-publish","4":"has-post-thumbnail","6":"product_brand-nxb-kim-dong","7":"product_cat-sach-huong-nghiep-phat-trien-ban-than","9":"first","10":"instock","11":"sale","12":"shipping-taxable","13":"purchasable","14":"product-type-simple"},"_links":{"self":[{"href":"https:\/\/web-ban-le.mbws.vn\/nha-sach\/wp-json\/wp\/v2\/product\/15198","targetHints":{"allow":["GET"]}}],"collection":[{"href":"https:\/\/web-ban-le.mbws.vn\/nha-sach\/wp-json\/wp\/v2\/product"}],"about":[{"href":"https:\/\/web-ban-le.mbws.vn\/nha-sach\/wp-json\/wp\/v2\/types\/product"}],"replies":[{"embeddable":true,"href":"https:\/\/web-ban-le.mbws.vn\/nha-sach\/wp-json\/wp\/v2\/comments?post=15198"}],"wp:featuredmedia":[{"embeddable":true,"href":"https:\/\/web-ban-le.mbws.vn\/nha-sach\/wp-json\/wp\/v2\/media\/15345"}],"wp:attachment":[{"href":"https:\/\/web-ban-le.mbws.vn\/nha-sach\/wp-json\/wp\/v2\/media?parent=15198"}],"wp:term":[{"taxonomy":"product_brand","embeddable":true,"href":"https:\/\/web-ban-le.mbws.vn\/nha-sach\/wp-json\/wp\/v2\/product_brand?post=15198"},{"taxonomy":"product_cat","embeddable":true,"href":"https:\/\/web-ban-le.mbws.vn\/nha-sach\/wp-json\/wp\/v2\/product_cat?post=15198"},{"taxonomy":"product_tag","embeddable":true,"href":"https:\/\/web-ban-le.mbws.vn\/nha-sach\/wp-json\/wp\/v2\/product_tag?post=15198"}],"curies":[{"name":"wp","href":"https:\/\/api.w.org\/{rel}","templated":true}]}}