{"id":15199,"date":"2025-10-31T13:32:42","date_gmt":"2025-10-31T06:32:42","guid":{"rendered":"https:\/\/web-ban-le.mbws.vn\/nha-sach\/?post_type=product&#038;p=15199"},"modified":"2025-11-01T19:42:38","modified_gmt":"2025-11-01T12:42:38","slug":"sach-nghi-giau-lam-giau-kho-nho-first-news","status":"publish","type":"product","link":"https:\/\/web-ban-le.mbws.vn\/nha-sach\/san-pham\/sach-nghi-giau-lam-giau-kho-nho-first-news\/","title":{"rendered":"S\u00e1ch &#8211; Ngh\u0129 Gi\u00e0u &#038; L\u00e0m Gi\u00e0u (Kh\u1ed5 Nh\u1ecf) &#8211; First News"},"content":{"rendered":"<div class=\"e8lZp3\">\n<p class=\"QN2lPu\">C\u00f4ng ty ph\u00e1t h\u00e0nh: First News &#8211; Tr\u00ed Vi\u1ec7t<\/p>\n<p class=\"QN2lPu\">T\u00e1c Gi\u1ea3: Napoleon Hill<\/p>\n<p class=\"QN2lPu\">Ng\u00e0y ph\u00e1t h\u00e0nh: 2025<\/p>\n<p class=\"QN2lPu\">S\u1ed1 trang: 416<\/p>\n<p class=\"QN2lPu\">K\u00edch th\u01b0\u1edbc: 11,5 x 16.5 cm<\/p>\n<p class=\"QN2lPu\">Nh\u00e0 xu\u1ea5t b\u1ea3n: NXB T\u1ed5ng H\u1ee3p TP.HCM<\/p>\n<p class=\"QN2lPu\">Gi\u00e1 b\u00eca: 108.000 VND<\/p>\n<p class=\"QN2lPu\">Lo\u1ea1i B\u00eca: B\u00eca m\u1ec1m, Kh\u1ed5 nh\u1ecf<\/p>\n<p class=\"QN2lPu\">M\u00f4 t\u1ea3 s\u1ea3n ph\u1ea9m:<\/p>\n<p class=\"QN2lPu\">NGH\u0128 GI\u00c0U L\u00c0M GI\u00c0U<\/p>\n<p class=\"QN2lPu\">Think and Grow Rich &#8211; Ngh\u0129 gi\u00e0u v\u00e0 l\u00e0m gi\u00e0u l\u00e0 m\u1ed9t trong nh\u1eefng cu\u1ed1n s\u00e1ch b\u00e1n ch\u1ea1y nh\u1ea5t m\u1ecdi th\u1eddi \u0111\u1ea1i. \u0110\u00e3 h\u01a1n 60 tri\u1ec7u b\u1ea3n \u0111\u01b0\u1ee3c ph\u00e1t h\u00e0nh v\u1edbi g\u1ea7n tr\u0103m ng\u00f4n ng\u1eef tr\u00ean to\u00e0n th\u1ebf gi\u1edbi v\u00e0 \u0111\u01b0\u1ee3c c\u00f4ng nh\u1eadn l\u00e0 cu\u1ed1n s\u00e1ch t\u1ea1o ra nhi\u1ec1u tri\u1ec7u ph\u00fa, m\u1ed9t cu\u1ed1n s\u00e1ch truy\u1ec1n c\u1ea3m h\u1ee9ng th\u00e0nh c\u00f4ng nhi\u1ec1u h\u01a1n b\u1ea5t c\u1ee9 cu\u1ed1n s\u00e1ch kinh doanh n\u00e0o trong l\u1ecbch s\u1eed.<\/p>\n<p class=\"QN2lPu\">\n<p class=\"QN2lPu\">T\u00e1c ph\u1ea9m n\u00e0y \u0111\u00e3 gi\u00fap t\u00e1c gi\u1ea3 c\u1ee7a n\u00f3, Napoleon Hill, \u0111\u01b0\u1ee3c t\u00f4n vinh b\u1eb1ng danh hi\u1ec7u \u201cng\u01b0\u1eddi t\u1ea1o ra nh\u1eefng nh\u00e0 tri\u1ec7u ph\u00fa\u201d. \u0110\u00e2y c\u0169ng l\u00e0 cu\u1ed1n s\u00e1ch hi\u1ebfm hoi \u0111\u01b0\u1ee3c \u0111\u1ee9ng trong top c\u1ee7a r\u1ea5t nhi\u1ec1u b\u00ecnh ch\u1ecdn theo nhi\u1ec1u ti\u00eau ch\u00ed kh\u00e1c nhau &#8211; b\u00ecnh ch\u1ecdn c\u1ee7a \u0111\u1ed9c gi\u1ea3, c\u1ee7a gi\u1edbi chuy\u00ean m\u00f4n, c\u1ee7a b\u00e1o ch\u00ed. L\u00fd do \u0111\u1ec3 Think and Grow Rich &#8211; Ngh\u0129 gi\u00e0u v\u00e0 l\u00e0m gi\u00e0u c\u00f3 \u0111\u01b0\u1ee3c vinh quang n\u00e0y th\u1eadt hi\u1ec3n nhi\u00ean v\u00e0 d\u1ec5 hi\u1ec3u: B\u1eb1ng vi\u1ec7c \u0111\u1ecdc v\u00e0 \u00e1p d\u1ee5ng nh\u1eefng ph\u01b0\u01a1ng ph\u00e1p \u0111\u01a1n gi\u1ea3n, c\u00f4 \u0111\u1ecdng n\u00e0y v\u00e0o \u0111\u1eddi s\u1ed1ng c\u1ee7a m\u1ed7i c\u00e1 nh\u00e2n m\u00e0 \u0111\u00e3 c\u00f3 h\u00e0ng ng\u00e0n ng\u01b0\u1eddi tr\u00ean th\u1ebf gi\u1edbi tr\u1edf th\u00e0nh tri\u1ec7u ph\u00fa v\u00e0 th\u00e0nh c\u00f4ng b\u1ec1n v\u1eefng.<\/p>\n<\/div>\n","protected":false},"excerpt":{"rendered":"<p>C\u00f4ng ty ph\u00e1t h\u00e0nh: First News &#8211; Tr\u00ed Vi\u1ec7t T\u00e1c Gi\u1ea3: Napoleon Hill Ng\u00e0y ph\u00e1t h\u00e0nh: 2025 S\u1ed1 trang: 416 K\u00edch th\u01b0\u1edbc: 11,5 x 16.5 cm Nh\u00e0 xu\u1ea5t b\u1ea3n: NXB T\u1ed5ng H\u1ee3p TP.HCM Gi\u00e1 b\u00eca: 108.000 VND Lo\u1ea1i B\u00eca: B\u00eca m\u1ec1m, Kh\u1ed5 nh\u1ecf M\u00f4 t\u1ea3 s\u1ea3n ph\u1ea9m: NGH\u0128 GI\u00c0U L\u00c0M GI\u00c0U Think and Grow Rich&#8230;<\/p>\n","protected":false},"featured_media":15353,"comment_status":"open","ping_status":"closed","template":"","meta":[],"product_brand":[1692],"product_cat":[1675],"product_tag":[],"class_list":{"0":"post-15199","1":"product","2":"type-product","3":"status-publish","4":"has-post-thumbnail","6":"product_brand-nxb-kim-dong","7":"product_cat-sach-kinh-te-kinh-doanh","9":"first","10":"instock","11":"sale","12":"shipping-taxable","13":"purchasable","14":"product-type-simple"},"_links":{"self":[{"href":"https:\/\/web-ban-le.mbws.vn\/nha-sach\/wp-json\/wp\/v2\/product\/15199","targetHints":{"allow":["GET"]}}],"collection":[{"href":"https:\/\/web-ban-le.mbws.vn\/nha-sach\/wp-json\/wp\/v2\/product"}],"about":[{"href":"https:\/\/web-ban-le.mbws.vn\/nha-sach\/wp-json\/wp\/v2\/types\/product"}],"replies":[{"embeddable":true,"href":"https:\/\/web-ban-le.mbws.vn\/nha-sach\/wp-json\/wp\/v2\/comments?post=15199"}],"wp:featuredmedia":[{"embeddable":true,"href":"https:\/\/web-ban-le.mbws.vn\/nha-sach\/wp-json\/wp\/v2\/media\/15353"}],"wp:attachment":[{"href":"https:\/\/web-ban-le.mbws.vn\/nha-sach\/wp-json\/wp\/v2\/media?parent=15199"}],"wp:term":[{"taxonomy":"product_brand","embeddable":true,"href":"https:\/\/web-ban-le.mbws.vn\/nha-sach\/wp-json\/wp\/v2\/product_brand?post=15199"},{"taxonomy":"product_cat","embeddable":true,"href":"https:\/\/web-ban-le.mbws.vn\/nha-sach\/wp-json\/wp\/v2\/product_cat?post=15199"},{"taxonomy":"product_tag","embeddable":true,"href":"https:\/\/web-ban-le.mbws.vn\/nha-sach\/wp-json\/wp\/v2\/product_tag?post=15199"}],"curies":[{"name":"wp","href":"https:\/\/api.w.org\/{rel}","templated":true}]}}