{"id":15200,"date":"2025-10-31T13:32:42","date_gmt":"2025-10-31T06:32:42","guid":{"rendered":"https:\/\/web-ban-le.mbws.vn\/nha-sach\/?post_type=product&#038;p=15200"},"modified":"2025-11-01T19:42:38","modified_gmt":"2025-11-01T12:42:38","slug":"sach-long-toi-nhe-khi-me-roi-xa-first-news","status":"publish","type":"product","link":"https:\/\/web-ban-le.mbws.vn\/nha-sach\/san-pham\/sach-long-toi-nhe-khi-me-roi-xa-first-news\/","title":{"rendered":"S\u00e1ch L\u00f2ng T\u00f4i Nh\u1eb9 Khi M\u1eb9 R\u1eddi Xa &#8211; First News"},"content":{"rendered":"<div class=\"e8lZp3\">\n<p class=\"QN2lPu\">Nh\u00e0 ph\u00e1t h\u00e0nh: First News &#8211; Tr\u00ed Vi\u1ec7t<\/p>\n<p class=\"QN2lPu\">T\u00e1c gi\u1ea3: Jennette McCurdy<\/p>\n<p class=\"QN2lPu\">N\u0103m XB: 2024<\/p>\n<p class=\"QN2lPu\">S\u1ed1 trang: 350 trang<\/p>\n<p class=\"QN2lPu\">H\u00ecnh th\u1ee9c: B\u00eca M\u1ec1m<\/p>\n<p class=\"QN2lPu\">Xu\u1ea5t x\u1ee9: Trong n\u01b0\u1edbc<\/p>\n<p class=\"QN2lPu\">Ng\u00f4n ng\u1eef: Ti\u1ebfng Vi\u1ec7t<\/p>\n<p class=\"QN2lPu\">NXB:\tD\u00e2n Tr\u00ed<\/p>\n<p class=\"QN2lPu\">\n<p class=\"QN2lPu\">Tr\u00edch d\u1eabn:<\/p>\n<p class=\"QN2lPu\">&#8211; M\u1eb9 m\u1edbi l\u00e0 ng\u01b0\u1eddi mu\u1ed1n di\u1ec5n xu\u1ea5t h\u01a1n b\u1ea5t c\u1ee9 th\u1ee9 g\u00ec tr\u00ean \u0111\u1eddi, kh\u00f4ng ph\u1ea3i t\u00f4i.<\/p>\n<p class=\"QN2lPu\">&#8211; M\u1ee5c \u0111\u00edch s\u1ed1ng c\u1ee7a t\u00f4i tr\u01b0\u1edbc gi\u1edd lu\u00f4n l\u00e0 l\u00e0m cho m\u1eb9 vui, tr\u1edf th\u00e0nh ng\u01b0\u1eddi m\u00e0 m\u1eb9 mu\u1ed1n. N\u1ebfu kh\u00f4ng c\u00f3 m\u1eb9, t\u00f4i bi\u1ebft l\u00e0m g\u00ec b\u00e2y gi\u1edd?<\/p>\n<p class=\"QN2lPu\">&#8211; S\u1ef1 n\u1ed5i ti\u1ebfng c\u1ee7a t\u00f4i \u0111ang g\u00e2y cho t\u00f4i m\u1ed9t s\u1ef1 c\u0103ng th\u1eb3ng m\u00e0 t\u00f4i kh\u00f4ng th\u1ec3 ng\u1edd \u0111\u01b0\u1ee3c. T\u00f4i lu\u00f4n th\u1ea5y lo l\u1eafng m\u1ed7i khi r\u1eddi kh\u1ecfi nh\u00e0 \u0111\u1ec3 \u0111i \u0111\u00e2u \u0111\u00f3. T\u00f4i lo s\u1ebd c\u00f3 ng\u01b0\u1eddi l\u1ea1 ti\u1ebfp c\u1eadn m\u00ecnh, v\u00e0 t\u00f4i lu\u00f4n r\u1ea5t c\u0103ng th\u1eb3ng khi ti\u1ebfp x\u00fac v\u1edbi ng\u01b0\u1eddi l\u1ea1.<\/p>\n<p class=\"QN2lPu\">&#8211; T\u00f4i kh\u00f4ng th\u00edch g\u1eb7p ng\u01b0\u1eddi l\u1ea1, th\u1eadm ch\u00ed l\u00e0 th\u1ea5y kh\u00f3 ch\u1ecbu v\u1edbi h\u1ecd. C\u00f3 l\u00fac t\u00f4i c\u00f2n th\u1ea5y khinh gh\u00e9t h\u1ecd. T\u00f4i kh\u00f4ng bi\u1ebft ch\u00ednh x\u00e1c l\u00e0 c\u1ea3m gi\u00e1c n\u00e0y \u0111\u00e3 xu\u1ea5t hi\u1ec7n khi n\u00e0o, nh\u01b0ng t\u00f4i bi\u1ebft s\u1ef1 thay \u0111\u1ed5i \u1ea5y ch\u1ec9 m\u1edbi x\u1ea3y ra g\u1ea7n \u0111\u00e2y v\u00e0 t\u00f4i bi\u1ebft n\u00f3 c\u00f3 li\u00ean quan \u0111\u1ebfn s\u1ef1 n\u1ed5i ti\u1ebfng c\u1ee7a t\u00f4i. T\u00f4i c\u1ea3m th\u1ea5y m\u1ec7t m\u1ecfi khi ng\u01b0\u1eddi ta c\u1ee9 ti\u1ebfp c\u1eadn t\u00f4i nh\u01b0 th\u1ec3 h\u1ecd \u0111ang s\u1edf h\u1eefu t\u00f4i, nh\u01b0 th\u1ec3 t\u00f4i n\u1ee3 h\u1ecd c\u00e1i g\u00ec \u0111\u00f3. T\u00f4i \u0111\u00e3 kh\u00f4ng ch\u1ecdn cu\u1ed9c s\u1ed1ng n\u00e0y cho m\u00ecnh. M\u1eb9 t\u00f4i m\u1edbi l\u00e0 ng\u01b0\u1eddi \u0111\u00e3 ch\u1ecdn.<\/p>\n<p class=\"QN2lPu\">&#8211; S\u1ef1 n\u1ed5i ti\u1ebfng \u0111\u00e3 t\u1ea1o ra m\u1ed9t kho\u1ea3ng c\u00e1ch m\u00e0 t\u00f4i ch\u01b0a bao gi\u1edd ngh\u0129 l\u00e0 c\u00f3 th\u1ec3 t\u1ed3n t\u1ea1i gi\u1eefa m\u1eb9 v\u00e0 t\u00f4i. M\u1eb9 t\u00f4i mu\u1ed1n s\u1ef1 n\u1ed5i ti\u1ebfng n\u00e0y. V\u00e0 t\u00f4i mu\u1ed1n b\u00e0 \u1ea5y c\u00f3 n\u00f3. T\u00f4i mu\u1ed1n b\u00e0 \u1ea5y \u0111\u01b0\u1ee3c h\u1ea1nh ph\u00fac. Nh\u01b0ng gi\u1edd \u0111\u00e2y khi t\u00f4i \u0111\u00e3 c\u00f3 s\u1ef1 n\u1ed5i ti\u1ebfng, t\u00f4i nh\u1eadn ra m\u1eb9 t\u00f4i m\u1edbi l\u00e0 ng\u01b0\u1eddi h\u1ea1nh ph\u00fac, kh\u00f4ng ph\u1ea3i t\u00f4i. Ni\u1ec1m h\u1ea1nh ph\u00fac c\u1ee7a m\u1eb9 \u0111\u01b0\u1ee3c tr\u1ea3 b\u1eb1ng ni\u1ec1m h\u1ea1nh ph\u00fac c\u1ee7a ch\u00ednh t\u00f4i. T\u00f4i c\u00f3 c\u1ea3m gi\u00e1c b\u1ecb tr\u1ea5n l\u1ed9t, b\u1ecb l\u1ee3i d\u1ee5ng.<\/p>\n<p class=\"QN2lPu\">&#8211; C\u00f3 nh\u1eefng l\u00fac t\u00f4i th\u1ea5y gh\u00e9t m\u1eb9. Ngay sau \u0111\u00f3, t\u00f4i l\u1ea1i th\u1ea5y gh\u00e9t b\u1ea3n th\u00e2n m\u00ecnh v\u00ec \u0111\u00e3 c\u1ea3m th\u1ea5y nh\u01b0 v\u1eady. T\u00f4i ngh\u0129 m\u00ecnh th\u1eadt v\u00f4 \u01a1n. T\u00f4i s\u1ebd l\u00e0 m\u1ed9t \u0111\u1ee9a v\u00f4 d\u1ee5ng n\u1ebfu kh\u00f4ng c\u00f3 b\u00e0 \u1ea5y. B\u00e0 \u1ea5y l\u00e0 t\u1ea5t c\u1ea3 \u0111\u1ed1i v\u1edbi t\u00f4i. T\u00f4i c\u1ed1 n\u00e9n c\u00e1i c\u1ea3m gi\u00e1c m\u00e0 t\u00f4i \u01b0\u1edbc g\u00ec m\u00ecnh \u0111\u00e3 kh\u00f4ng c\u00f3 v\u00e0 n\u00f3i v\u1edbi m\u1eb9: \u201cCon y\u00eau m\u1eb9 nhi\u1ec1u l\u1eafm, m\u1eb9 y\u00eau y\u00eau d\u1ea5u d\u1ea5u c\u1ee7a con\u201d. T\u00f4i ti\u1ebfp t\u1ee5c cu\u1ed9c s\u1ed1ng c\u1ee7a m\u00ecnh, gi\u1ea3 v\u1edd nh\u01b0 c\u1ea3m gi\u00e1c c\u0103m gh\u00e9t \u1ea5y ch\u01b0a bao gi\u1edd xu\u1ea5t hi\u1ec7n. T\u00f4i \u0111\u00e3 ph\u1ea3i gi\u1ea3 v\u1edd v\u00ec c\u00f4ng vi\u1ec7c c\u1ee7a m\u00ecnh v\u00e0 v\u00ec m\u1eb9 t\u00f4i qu\u00e1 l\u00e2u r\u1ed3i, v\u00e0 gi\u1edd t\u00f4i b\u1eaft \u0111\u1ea7u ngh\u0129 r\u1eb1ng t\u00f4i \u0111ang gi\u1ea3 v\u1edd v\u1edbi ch\u00ednh b\u1ea3n th\u00e2n m\u00ecnh.<\/p>\n<p class=\"QN2lPu\">&#8211; C\u1ea3m gi\u00e1c no b\u1ee5ng sau b\u1eefa \u0103n th\u1eadt l\u00e0 th\u00fa v\u1ecb v\u00e0 m\u1edbi m\u1ebb \u0111\u1ed1i v\u1edbi t\u00f4i. Nh\u01b0ng c\u1ea3m gi\u00e1c \u0111\u00f3 ngay l\u1eadp t\u1ee9c b\u1ecb che ph\u1ee7 b\u1edfi c\u1ea3m gi\u00e1c t\u1ed9i l\u1ed7i s\u00e2u s\u1eafc. T\u00f4i th\u1ea5y t\u1ed9i l\u1ed7i v\u00ec \u0111\u00e2y kh\u00f4ng ph\u1ea3i l\u00e0 \u0111i\u1ec1u m\u1eb9 mu\u1ed1n. T\u00f4i s\u1ee3 m\u1eb9 s\u1ebd th\u1ea5t v\u1ecdng v\u1ec1 m\u00ecnh.<\/p>\n<p class=\"QN2lPu\">&#8211; N\u00f3i d\u1ed1i m\u1eb9 l\u00e0 chuy\u1ec7n r\u1ea5t kh\u00f3 kh\u0103n \u0111\u1ed1i v\u1edbi t\u00f4i. V\u1edbi m\u1ed7i l\u1eddi n\u00f3i d\u1ed1i t\u00f4i th\u1ed1t ra, t\u00f4i th\u1ea5y m\u00ecnh c\u00e0ng xa b\u00e0 \u1ea5y. V\u1edbi m\u1ed7i k\u00fd t\u00f4i t\u0103ng th\u00eam v\u00e0 m\u1ed7i cu\u1ed9c ch\u00e8 ch\u00e9n t\u00f4i tham gia, t\u00f4i th\u1ea5y m\u00ecnh c\u00e0ng m\u1ea5t k\u1ebft n\u1ed1i v\u1edbi b\u00e0 \u1ea5y.T\u00f4i r\u1ea5t b\u1ed1i r\u1ed1i v\u00e0 phi\u1ec1n n\u00e3o b\u1edfi kho\u1ea3ng c\u00e1ch \u0111\u00f3. T\u00f4i khao kh\u00e1t \u0111\u01b0\u1ee3c c\u00f3 c\u1ea3m gi\u00e1c g\u1ea7n g\u0169i v\u1edbi m\u1eb9, nh\u01b0ng l\u00e0 g\u1ea7n g\u0169i theo c\u00e1ch c\u1ee7a t\u00f4i ch\u1ee9 kh\u00f4ng ph\u1ea3i c\u1ee7a m\u1eb9. T\u00f4i mu\u1ed1n m\u1eb9 ch\u1ea5p nh\u1eadn con ng\u01b0\u1eddi m\u00e0 t\u00f4i \u0111ang tr\u1edf th\u00e0nh. T\u00f4i mu\u1ed1n m\u1eb9 \u0111\u1ec3 t\u00f4i ph\u00e1t tri\u1ec3n. T\u00f4i mu\u1ed1n m\u1eb9 mu\u1ed1n t\u00f4i l\u00e0 ch\u00ednh t\u00f4i.<\/p>\n<\/div>\n","protected":false},"excerpt":{"rendered":"<p>Nh\u00e0 ph\u00e1t h\u00e0nh: First News &#8211; Tr\u00ed Vi\u1ec7t T\u00e1c gi\u1ea3: Jennette McCurdy N\u0103m XB: 2024 S\u1ed1 trang: 350 trang H\u00ecnh th\u1ee9c: B\u00eca M\u1ec1m Xu\u1ea5t x\u1ee9: Trong n\u01b0\u1edbc Ng\u00f4n ng\u1eef: Ti\u1ebfng Vi\u1ec7t NXB: D\u00e2n Tr\u00ed Tr\u00edch d\u1eabn: &#8211; M\u1eb9 m\u1edbi l\u00e0 ng\u01b0\u1eddi mu\u1ed1n di\u1ec5n xu\u1ea5t h\u01a1n b\u1ea5t c\u1ee9 th\u1ee9 g\u00ec tr\u00ean \u0111\u1eddi, kh\u00f4ng ph\u1ea3i t\u00f4i. &#8211;&#8230;<\/p>\n","protected":false},"featured_media":15360,"comment_status":"open","ping_status":"closed","template":"","meta":[],"product_brand":[1692],"product_cat":[1682],"product_tag":[],"class_list":{"0":"post-15200","1":"product","2":"type-product","3":"status-publish","4":"has-post-thumbnail","6":"product_brand-nxb-kim-dong","7":"product_cat-tieu-su-hoi-ky","9":"first","10":"instock","11":"sale","12":"shipping-taxable","13":"purchasable","14":"product-type-simple"},"_links":{"self":[{"href":"https:\/\/web-ban-le.mbws.vn\/nha-sach\/wp-json\/wp\/v2\/product\/15200","targetHints":{"allow":["GET"]}}],"collection":[{"href":"https:\/\/web-ban-le.mbws.vn\/nha-sach\/wp-json\/wp\/v2\/product"}],"about":[{"href":"https:\/\/web-ban-le.mbws.vn\/nha-sach\/wp-json\/wp\/v2\/types\/product"}],"replies":[{"embeddable":true,"href":"https:\/\/web-ban-le.mbws.vn\/nha-sach\/wp-json\/wp\/v2\/comments?post=15200"}],"wp:featuredmedia":[{"embeddable":true,"href":"https:\/\/web-ban-le.mbws.vn\/nha-sach\/wp-json\/wp\/v2\/media\/15360"}],"wp:attachment":[{"href":"https:\/\/web-ban-le.mbws.vn\/nha-sach\/wp-json\/wp\/v2\/media?parent=15200"}],"wp:term":[{"taxonomy":"product_brand","embeddable":true,"href":"https:\/\/web-ban-le.mbws.vn\/nha-sach\/wp-json\/wp\/v2\/product_brand?post=15200"},{"taxonomy":"product_cat","embeddable":true,"href":"https:\/\/web-ban-le.mbws.vn\/nha-sach\/wp-json\/wp\/v2\/product_cat?post=15200"},{"taxonomy":"product_tag","embeddable":true,"href":"https:\/\/web-ban-le.mbws.vn\/nha-sach\/wp-json\/wp\/v2\/product_tag?post=15200"}],"curies":[{"name":"wp","href":"https:\/\/api.w.org\/{rel}","templated":true}]}}