{"id":15201,"date":"2025-10-31T13:32:42","date_gmt":"2025-10-31T06:32:42","guid":{"rendered":"https:\/\/web-ban-le.mbws.vn\/nha-sach\/?post_type=product&#038;p=15201"},"modified":"2025-11-01T19:42:38","modified_gmt":"2025-11-01T12:42:38","slug":"sach-bi-mat-tu-duy-trieu-phu-first-news","status":"publish","type":"product","link":"https:\/\/web-ban-le.mbws.vn\/nha-sach\/san-pham\/sach-bi-mat-tu-duy-trieu-phu-first-news\/","title":{"rendered":"S\u00e1ch B\u00ed M\u1eadt T\u01b0 Duy Tri\u1ec7u Ph\u00fa &#8211; First News"},"content":{"rendered":"<div class=\"e8lZp3\">\n<p class=\"QN2lPu\">C\u00f4ng ty ph\u00e1t h\u00e0nh: First News &#8211; Tr\u00ed Vi\u1ec7t<\/p>\n<p class=\"QN2lPu\">T\u00e1c Gi\u1ea3: T. Harv Eker<\/p>\n<p class=\"QN2lPu\">Ng\u00e0y ph\u00e1t h\u00e0nh: 2024<\/p>\n<p class=\"QN2lPu\">S\u1ed1 trang: 292<\/p>\n<p class=\"QN2lPu\">K\u00edch th\u01b0\u1edbc: 14,5 x 20.5 cm<\/p>\n<p class=\"QN2lPu\">NXB: NXB T\u1ed5ng h\u1ee3p TP.HCM<\/p>\n<p class=\"QN2lPu\">Lo\u1ea1i b\u00eca: B\u00eca m\u1ec1m<\/p>\n<p class=\"QN2lPu\">Gi\u00e1 b\u00eca: 108.000 VND<\/p>\n<p class=\"QN2lPu\">M\u00f4 t\u1ea3 s\u1ea3n ph\u1ea9m:<\/p>\n<p class=\"QN2lPu\">B\u00cd M\u1eacT T\u01af DUY TRI\u1ec6U PH\u00da<\/p>\n<p class=\"QN2lPu\">Cu\u1ed1n s\u00e1ch d\u00e0nh cho nh\u1eefng ai c\u00f2n loay hoay mu\u1ed1n t\u00ecm \u0111\u01b0\u1eddng \u0111\u1ebfn s\u1ef1 gi\u00e0u c\u00f3 v\u00e0 th\u00e0nh c\u00f4ng. \u201cB\u00ed m\u1eadt t\u1ef1 duy tri\u1ec7u ph\u00fa\u201d mang \u0111\u1ebfn nhi\u1ec1u t\u01b0 duy m\u1edbi cho ng\u01b0\u1eddi \u0111\u1ecdc v\u1ec1 c\u00e1ch suy ngh\u0129 c\u1ee7a ng\u01b0\u1eddi gi\u00e0u hay c\u00e1ch suy ngh\u0129 \u0111\u1ec3 tr\u1edf n\u00ean gi\u00e0u c\u00f3<\/p>\n<p class=\"QN2lPu\">\n<p class=\"QN2lPu\">Trong cu\u1ed1n s\u00e1ch, Eker li\u1ec7t k\u00ea 17 c\u00e1ch th\u1ee9c m\u00e0 c\u00e1c k\u1ebf ho\u1ea1ch chi ti\u1ebft t\u00e0i ch\u00ednh c\u1ee7a nh\u1eefng ng\u01b0\u1eddi gi\u00e0u kh\u00e1c v\u1edbi ng\u01b0\u1eddi ngh\u00e8o v\u00e0 t\u1ea7ng l\u1edbp trung l\u01b0u. M\u1ed9t ch\u1ee7 \u0111\u1ec1 \u0111\u01b0\u1ee3c x\u00e1c \u0111\u1ecbnh trong s\u00e1ch n\u00e0y l\u00e0 lo\u1ea1i b\u1ecf c\u00e1c suy ngh\u0129 \u0111\u1ed5 l\u1ed7i cho s\u1ef1 th\u1ea5t b\u1ea1i. Eker l\u1eadp lu\u1eadn r\u1eb1ng: Ng\u01b0\u1eddi gi\u00e0u tin &#8220;T\u00f4i t\u1ea1o ra cu\u1ed9c s\u1ed1ng c\u1ee7a t\u00f4i&#8221;, c\u00f2n nh\u1eefng ng\u01b0\u1eddi ngh\u00e8o cho r\u1eb1ng &#8220;Cu\u1ed9c s\u1ed1ng s\u1ebd t\u1ef1 nhi\u00ean \u0111\u1ebfn v\u1edbi t\u00f4i&#8221;; ng\u01b0\u1eddi gi\u00e0u t\u1eadp trung v\u00e0o c\u00e1c c\u01a1 h\u1ed9i trong khi ng\u01b0\u1eddi ngh\u00e8o t\u1eadp trung v\u00e0o nh\u1eefng tr\u1edf ng\u1ea1i; v\u00e0 nh\u1eefng ng\u01b0\u1eddi gi\u00e0u ng\u01b0\u1ee1ng m\u1ed9 nh\u1eefng ng\u01b0\u1eddi gi\u00e0u c\u00f3 v\u00e0 th\u00e0nh c\u00f4ng kh\u00e1c trong khi ng\u01b0\u1eddi d\u00e2n ngh\u00e8o ghen t\u1ecb, b\u1ef1c t\u1ee9c tr\u01b0\u1edbc nh\u1eefng ng\u01b0\u1eddi th\u00e0nh c\u00f4ng v\u00e0 gi\u00e0u c\u00f3. <\/p>\n<p class=\"QN2lPu\">\n<p class=\"QN2lPu\">B\u00ed m\u1eadt t\u01b0 duy tri\u1ec7u ph\u00fa l\u00e0 t\u00e1c ph\u1ea9m n\u1ed5i ti\u1ebfng th\u1ebf gi\u1edbi \u0111\u01b0\u1ee3c th\u1eddi b\u00e1o New York Times, Wall Street Journal v\u00e0 USB Today b\u00ecnh ch\u1ecdn l\u00e0 cu\u1ed1n s\u00e1ch hay nh\u1ea5t, b\u00e1n ch\u1ea1y nh\u1ea5t trong nhi\u1ec1u n\u0103m.<\/p>\n<\/div>\n","protected":false},"excerpt":{"rendered":"<p>C\u00f4ng ty ph\u00e1t h\u00e0nh: First News &#8211; Tr\u00ed Vi\u1ec7t T\u00e1c Gi\u1ea3: T. Harv Eker Ng\u00e0y ph\u00e1t h\u00e0nh: 2024 S\u1ed1 trang: 292 K\u00edch th\u01b0\u1edbc: 14,5 x 20.5 cm NXB: NXB T\u1ed5ng h\u1ee3p TP.HCM Lo\u1ea1i b\u00eca: B\u00eca m\u1ec1m Gi\u00e1 b\u00eca: 108.000 VND M\u00f4 t\u1ea3 s\u1ea3n ph\u1ea9m: B\u00cd M\u1eacT T\u01af DUY TRI\u1ec6U PH\u00da Cu\u1ed1n s\u00e1ch d\u00e0nh cho nh\u1eefng&#8230;<\/p>\n","protected":false},"featured_media":15371,"comment_status":"open","ping_status":"closed","template":"","meta":[],"product_brand":[1692],"product_cat":[1675],"product_tag":[],"class_list":{"0":"post-15201","1":"product","2":"type-product","3":"status-publish","4":"has-post-thumbnail","6":"product_brand-nxb-kim-dong","7":"product_cat-sach-kinh-te-kinh-doanh","9":"first","10":"instock","11":"sale","12":"shipping-taxable","13":"purchasable","14":"product-type-simple"},"_links":{"self":[{"href":"https:\/\/web-ban-le.mbws.vn\/nha-sach\/wp-json\/wp\/v2\/product\/15201","targetHints":{"allow":["GET"]}}],"collection":[{"href":"https:\/\/web-ban-le.mbws.vn\/nha-sach\/wp-json\/wp\/v2\/product"}],"about":[{"href":"https:\/\/web-ban-le.mbws.vn\/nha-sach\/wp-json\/wp\/v2\/types\/product"}],"replies":[{"embeddable":true,"href":"https:\/\/web-ban-le.mbws.vn\/nha-sach\/wp-json\/wp\/v2\/comments?post=15201"}],"wp:featuredmedia":[{"embeddable":true,"href":"https:\/\/web-ban-le.mbws.vn\/nha-sach\/wp-json\/wp\/v2\/media\/15371"}],"wp:attachment":[{"href":"https:\/\/web-ban-le.mbws.vn\/nha-sach\/wp-json\/wp\/v2\/media?parent=15201"}],"wp:term":[{"taxonomy":"product_brand","embeddable":true,"href":"https:\/\/web-ban-le.mbws.vn\/nha-sach\/wp-json\/wp\/v2\/product_brand?post=15201"},{"taxonomy":"product_cat","embeddable":true,"href":"https:\/\/web-ban-le.mbws.vn\/nha-sach\/wp-json\/wp\/v2\/product_cat?post=15201"},{"taxonomy":"product_tag","embeddable":true,"href":"https:\/\/web-ban-le.mbws.vn\/nha-sach\/wp-json\/wp\/v2\/product_tag?post=15201"}],"curies":[{"name":"wp","href":"https:\/\/api.w.org\/{rel}","templated":true}]}}