{"id":15205,"date":"2025-10-31T13:32:43","date_gmt":"2025-10-31T06:32:43","guid":{"rendered":"https:\/\/web-ban-le.mbws.vn\/nha-sach\/?post_type=product&#038;p=15205"},"modified":"2025-11-01T19:42:37","modified_gmt":"2025-11-01T12:42:37","slug":"sach-dung-bao-gio-tu-bo-uoc-mo-first-news","status":"publish","type":"product","link":"https:\/\/web-ban-le.mbws.vn\/nha-sach\/san-pham\/sach-dung-bao-gio-tu-bo-uoc-mo-first-news\/","title":{"rendered":"S\u00e1ch \u0110\u1eebng Bao Gi\u1edd T\u1eeb B\u1ecf \u01af\u1edbc M\u01a1 First News"},"content":{"rendered":"<div class=\"e8lZp3\">\n<p class=\"QN2lPu\">C\u00f4ng ty ph\u00e1t h\u00e0nh: First News &#8211; Tr\u00ed Vi\u1ec7t<\/p>\n<p class=\"QN2lPu\">T\u00e1c Gi\u1ea3: Nhi\u1ec1u t\u00e1c gi\u1ea3<\/p>\n<p class=\"QN2lPu\">Ng\u00e0y ph\u00e1t h\u00e0nh: 2022<\/p>\n<p class=\"QN2lPu\">S\u1ed1 trang: 135<\/p>\n<p class=\"QN2lPu\">K\u00edch th\u01b0\u1edbc:13 x 20.5 cm<\/p>\n<p class=\"QN2lPu\">NXB:NXB T\u1ed5ng h\u1ee3p TP.HCM<\/p>\n<p class=\"QN2lPu\">Gi\u00e1 b\u00eca: 64.000VND<\/p>\n<p class=\"QN2lPu\">Lo\u1ea1i B\u00eca: B\u00eca m\u1ec1m<\/p>\n<p class=\"QN2lPu\">M\u00f4 t\u1ea3 s\u1ea3n ph\u1ea9m:<\/p>\n<p class=\"QN2lPu\">H\u1ea1t Gi\u1ed1ng T\u00e2m H\u1ed3n \u0110\u1eebng Bao Gi\u1edd T\u1eeb B\u1ecf \u01af\u1edbc M\u01a1<\/p>\n<p class=\"QN2lPu\">M\u1ed7i ng\u01b0\u1eddi ch\u00fang ta \u0111\u1ec1u c\u00f3 \u01b0\u1edbc m\u01a1 nh\u01b0ng kh\u00f4ng ph\u1ea3i ai c\u0169ng \u0111\u1ee7 ki\u00ean tr\u00ec v\u00e0 d\u0169ng c\u1ea3m \u0111\u1ec3 bi\u1ebfn \u01b0\u1edbc m\u01a1 c\u1ee7a m\u00ecnh th\u00e0nh hi\u1ec7n th\u1ef1c. Khi c\u00f2n nh\u1ecf, ch\u00fang ta \u01b0\u1edbc m\u01a1 r\u1ea5t nhi\u1ec1u v\u00e0 kh\u00f4ng bao gi\u1edd \u0111\u1ec3 b\u1ea5t c\u1ee9 \u0111i\u1ec1u g\u00ec gi\u1edbi h\u1ea1n \u01b0\u1edbc m\u01a1 c\u1ee7a m\u00ecnh. Ch\u00fang ta mang trong m\u00ecnh l\u00f2ng nhi\u1ec7t huy\u1ebft v\u00f4 t\u1eadn v\u00e0 s\u1eb5n s\u00e0ng chinh ph\u1ee5c c\u1ea3 th\u1ebf gi\u1edbi.<\/p>\n<p class=\"QN2lPu\">\n<p class=\"QN2lPu\">Tuy nhi\u00ean, khi l\u1edbn l\u00ean v\u00e0 khi n\u1ebfm tr\u1ea3i th\u1ea5t b\u1ea1i, ch\u00fang ta b\u1eaft \u0111\u1ea7u m\u1ea5t ni\u1ec1m tin v\u00e0o b\u1ea3n th\u00e2n, v\u01a1i b\u1edbt l\u00f2ng nhi\u1ec7t huy\u1ebft v\u00e0 ng\u1eebng \u01b0\u1edbc m\u01a1. Nh\u01b0ng cu\u1ed9c s\u1ed1ng thi\u1ebfu v\u1eafng \u01b0\u1edbc m\u01a1 s\u1ebd ch\u1eb3ng c\u00f2n \u00fd ngh\u0129a.<\/p>\n<p class=\"QN2lPu\">\n<p class=\"QN2lPu\">\u0110\u1eebng bao gi\u1edd t\u1eeb b\u1ecf \u01b0\u1edbc m\u01a1 l\u00e0 t\u1eadp h\u1ee3p nh\u1eefng c\u00e2u chuy\u1ec7n v\u1ec1 nh\u1eefng con ng\u01b0\u1eddi d\u0169ng c\u1ea3m \u0111\u1ed1i m\u1eb7t v\u1edbi th\u1eed th\u00e1ch, ngh\u1ecbch c\u1ea3nh v\u00e0 quy\u1ebft kh\u00f4ng t\u1eeb b\u1ecf \u01b0\u1edbc m\u01a1 c\u1ee7a m\u00ecnh. \u0110\u00e2y c\u0169ng l\u00e0 l\u1eddi nh\u1eafc nh\u1edf r\u1eb1ng tr\u01b0\u1edbc khi b\u1ecf cu\u1ed9c, h\u00e3y ngh\u0129 \u0111\u1ebfn l\u00fd do b\u1ea1n b\u1eaft \u0111\u1ea7u.<\/p>\n<p class=\"QN2lPu\">\n<p class=\"QN2lPu\">H\u00e0nh tr\u00ecnh chinh ph\u1ee5c \u01b0\u1edbc m\u01a1 kh\u00f4ng bao gi\u1edd b\u1eb1ng ph\u1eb3ng v\u00e0 s\u1ebd c\u00f3 l\u00fac \u01b0\u1edbc m\u01a1 c\u1ee7a b\u1ea1n b\u1ecb che m\u1edd, v\u00f9i d\u1eadp trong th\u1eed th\u00e1ch c\u1ee7a cu\u1ed9c s\u1ed1ng. Nh\u01b0ng \u0111\u1eebng bao gi\u1edd bu\u00f4ng xu\u00f4i t\u1eeb b\u1ecf, v\u00ec \u01b0\u1edbc m\u01a1 ch\u00ednh l\u00e0 \u00fd ngh\u0129a th\u1eadt s\u1ef1 c\u1ee7a cu\u1ed9c s\u1ed1ng, l\u00e0 \u0111i\u1ec1u t\u1ea1o n\u00ean s\u1ee9c m\u1ea1nh c\u1ee7a b\u1ea1n.<\/p>\n<p class=\"QN2lPu\">\n<p class=\"QN2lPu\">Trong l\u1ea7n t\u00e1i b\u1ea3n n\u00e0y, nh\u1eefng c\u00e2u chuy\u1ec7n trong \u201cH\u1ea1t gi\u1ed1ng t\u00e2m h\u1ed3n \u2013 \u0110\u1eebng bao gi\u1edd t\u1eeb b\u1ecf \u01b0\u1edbc m\u01a1\u201d \u0111\u00e3 \u0111\u01b0\u1ee3c c\u1eadp nh\u1eadt, b\u1ed5 sung v\u00e0 ch\u1eaft l\u1ecdc nh\u1eefng c\u00e2u chuy\u1ec7n truy\u1ec1n c\u1ea3m h\u1ee9ng nh\u1ea5t. Hy v\u1ecdng t\u1eadp s\u00e1ch \u201cH\u1ea1t gi\u1ed1ng t\u00e2m h\u1ed3n \u2013 \u0110\u1eebng bao gi\u1edd t\u1eeb b\u1ecf \u01b0\u1edbc m\u01a1\u201d s\u1ebd truy\u1ec1n cho b\u1ea1n c\u1ea3m h\u1ee9ng c\u0169ng nh\u01b0 \u0111\u1ed9ng l\u1ef1c \u0111\u1ec3 theo \u0111u\u1ed5i \u01b0\u1edbc m\u01a1 c\u1ee7a m\u00ecnh ngay c\u1ea3 trong nh\u1eefng l\u00fac kh\u00f3 kh\u0103n nh\u1ea5t<\/p>\n<\/div>\n","protected":false},"excerpt":{"rendered":"<p>C\u00f4ng ty ph\u00e1t h\u00e0nh: First News &#8211; Tr\u00ed Vi\u1ec7t T\u00e1c Gi\u1ea3: Nhi\u1ec1u t\u00e1c gi\u1ea3 Ng\u00e0y ph\u00e1t h\u00e0nh: 2022 S\u1ed1 trang: 135 K\u00edch th\u01b0\u1edbc:13 x 20.5 cm NXB:NXB T\u1ed5ng h\u1ee3p TP.HCM Gi\u00e1 b\u00eca: 64.000VND Lo\u1ea1i B\u00eca: B\u00eca m\u1ec1m M\u00f4 t\u1ea3 s\u1ea3n ph\u1ea9m: H\u1ea1t Gi\u1ed1ng T\u00e2m H\u1ed3n \u0110\u1eebng Bao Gi\u1edd T\u1eeb B\u1ecf \u01af\u1edbc M\u01a1 M\u1ed7i ng\u01b0\u1eddi ch\u00fang&#8230;<\/p>\n","protected":false},"featured_media":15398,"comment_status":"open","ping_status":"closed","template":"","meta":[],"product_brand":[1692],"product_cat":[1672],"product_tag":[],"class_list":{"0":"post-15205","1":"product","2":"type-product","3":"status-publish","4":"has-post-thumbnail","6":"product_brand-nxb-kim-dong","7":"product_cat-sach-huong-nghiep-phat-trien-ban-than","9":"first","10":"instock","11":"sale","12":"shipping-taxable","13":"purchasable","14":"product-type-simple"},"_links":{"self":[{"href":"https:\/\/web-ban-le.mbws.vn\/nha-sach\/wp-json\/wp\/v2\/product\/15205","targetHints":{"allow":["GET"]}}],"collection":[{"href":"https:\/\/web-ban-le.mbws.vn\/nha-sach\/wp-json\/wp\/v2\/product"}],"about":[{"href":"https:\/\/web-ban-le.mbws.vn\/nha-sach\/wp-json\/wp\/v2\/types\/product"}],"replies":[{"embeddable":true,"href":"https:\/\/web-ban-le.mbws.vn\/nha-sach\/wp-json\/wp\/v2\/comments?post=15205"}],"wp:featuredmedia":[{"embeddable":true,"href":"https:\/\/web-ban-le.mbws.vn\/nha-sach\/wp-json\/wp\/v2\/media\/15398"}],"wp:attachment":[{"href":"https:\/\/web-ban-le.mbws.vn\/nha-sach\/wp-json\/wp\/v2\/media?parent=15205"}],"wp:term":[{"taxonomy":"product_brand","embeddable":true,"href":"https:\/\/web-ban-le.mbws.vn\/nha-sach\/wp-json\/wp\/v2\/product_brand?post=15205"},{"taxonomy":"product_cat","embeddable":true,"href":"https:\/\/web-ban-le.mbws.vn\/nha-sach\/wp-json\/wp\/v2\/product_cat?post=15205"},{"taxonomy":"product_tag","embeddable":true,"href":"https:\/\/web-ban-le.mbws.vn\/nha-sach\/wp-json\/wp\/v2\/product_tag?post=15205"}],"curies":[{"name":"wp","href":"https:\/\/api.w.org\/{rel}","templated":true}]}}