{"id":15230,"date":"2025-10-31T13:33:04","date_gmt":"2025-10-31T06:33:04","guid":{"rendered":"https:\/\/web-ban-le.mbws.vn\/nha-sach\/?post_type=product&#038;p=15230"},"modified":"2025-11-01T19:43:33","modified_gmt":"2025-11-01T12:43:33","slug":"sach-very-easy-toeic-second-edition-first-news","status":"publish","type":"product","link":"https:\/\/web-ban-le.mbws.vn\/nha-sach\/san-pham\/sach-very-easy-toeic-second-edition-first-news\/","title":{"rendered":"S\u00e1ch Very Easy TOEIC (Second Edition) &#8211; First News"},"content":{"rendered":"<div class=\"e8lZp3\">\n<p class=\"QN2lPu\">C\u00f4ng ty ph\u00e1t h\u00e0nh:\tFirst News &#8211; Tr\u00ed Vi\u1ec7t<\/p>\n<p class=\"QN2lPu\">T\u00e1c gi\u1ea3: Nhi\u1ec1u t\u00e1c gi\u1ea3<\/p>\n<p class=\"QN2lPu\">Ng\u00e0y xu\u1ea5t b\u1ea3n: 2025<\/p>\n<p class=\"QN2lPu\">K\u00edch th\u01b0\u1edbc: 20 x 26 cm<\/p>\n<p class=\"QN2lPu\">Lo\u1ea1i b\u00eca: B\u00eca m\u1ec1m<\/p>\n<p class=\"QN2lPu\">S\u1ed1 trang: 260 trang<\/p>\n<p class=\"QN2lPu\">Gi\u00e1 B\u00eca: 134.000 VN\u0110<\/p>\n<p class=\"QN2lPu\">Nh\u00e0 xu\u1ea5t b\u1ea3n: NXB Compass Publishing<\/p>\n<p class=\"QN2lPu\">Xu\u1ea5t x\u1ee9: Trong n\u01b0\u1edbc<\/p>\n<p class=\"QN2lPu\">Ng\u00f4n ng\u1eef: Ti\u1ebfng Anh<\/p>\n<p class=\"QN2lPu\">M\u00f4 t\u1ea3 s\u1ea3n ph\u1ea9m:<\/p>\n<p class=\"QN2lPu\">Very Easy TOEIC (Second Edition)<\/p>\n<p class=\"QN2lPu\">S\u00e1ch bao g\u1ed3m 12 b\u00e0i h\u1ecdc, m\u1ed9t b\u00e0i thi m\u1eabu v\u00e0 ph\u1ea7n h\u1ed7 tr\u1ee3, g\u1ed3m c\u00f3 l\u1eddi \u0111\u1ecdc b\u0103ng v\u00e0 \u0111\u00e1p \u00e1n cho c\u00e1c b\u00e0i t\u1eadp. M\u1ed7i b\u00e0i h\u1ecdc trong s\u00e1ch g\u1ed3m m\u1ed9t ph\u1ea7n t\u1eeb v\u1ef1ng, m\u1ed9t ph\u1ea7n h\u01b0\u1edbng d\u1eabn ng\u1eef ph\u00e1p r\u00f5 r\u00e0ng v\u00e0 c\u1ee5 th\u1ec3 \u0111\u1ec1 c\u1eadp m\u1ed9t trong c\u00e1c \u0111i\u1ec3m ng\u1eef ph\u00e1p ch\u00ednh y\u1ebfu c\u1ee7a b\u00e0i thi TOEIC, c\u00e1c b\u00e0i t\u1eadp ng\u1eef ph\u00e1p v\u00e0 luy\u1ec7n nghe d\u1ef1a v\u00e0o nh\u1eefng ch\u1ee7 \u0111\u1ec1 c\u1ee5 th\u1ec3 th\u01b0\u1eddng g\u1eb7p trong c\u00e1c k\u1ef3 thi. Cu\u1ed1i m\u1ed7i b\u00e0i h\u1ecdc l\u00e0 m\u1ed9t b\u00e0i ki\u1ec3m tra nh\u1ecf (Mini Test) nh\u1eb1m gi\u00fap h\u1ecdc vi\u00ean c\u1ee7ng c\u1ed1 c\u00e1c \u0111i\u1ec3m ng\u1eef ph\u00e1p \u0111\u00e3 h\u1ecdc v\u00e0 th\u1ef1c h\u00e0nh t\u1eadp trung v\u00e0o c\u00e1c d\u1ea1ng c\u00e2u h\u1ecfi c\u1ee7a b\u00e0i thi TOEIC.<\/p>\n<p class=\"QN2lPu\">\n<p class=\"QN2lPu\">S\u00e1ch c\u00f2n c\u00f3 ph\u1ea7n h\u01b0\u1edbng d\u1eabn nh\u1eefng k\u1ef9 n\u0103ng l\u00e0m b\u00e0i v\u00e0 nh\u1eefng b\u00ed quy\u1ebft gi\u00fap th\u00ed sinh \u0111\u1ea1t k\u1ebft qu\u1ea3 cao trong k\u1ef3 thi TOEIC. Very EasyTOEIC\u00ae Second Edition r\u1ea5t ph\u00f9 h\u1ee3p v\u1edbi c\u00e1c h\u1ecdc vi\u00ean ti\u1ebfng Anh v\u1edbi tr\u00ecnh \u0111\u1ed9 Anh ng\u1eef th\u1ea5p, gi\u00fap x\u00e2y d\u1ef1ng nh\u1eefng n\u1ec1n t\u1ea3ng ki\u1ebfn th\u1ee9c tuy\u1ec7t v\u1eddi cho th\u1ec3 th\u1ee9c thi TOEIC m\u1edbi.<\/p>\n<p class=\"QN2lPu\">\n<p class=\"QN2lPu\">C\u00e1c \u0111i\u1ec3m n\u1ed5i b\u1eadt c\u1ee7a b\u1ed9 s\u00e1ch:<\/p>\n<p class=\"QN2lPu\">&#8211; Cung c\u1ea5p th\u00f4ng tin t\u1ed5ng quan v\u1ec1 k\u1ef3 thi TOEIC,<\/p>\n<p class=\"QN2lPu\">&#8211; Gi\u1ea3i th\u00edch c\u00e1c \u0111i\u1ec3m ng\u1eef ph\u00e1p r\u00f5 r\u00e0ng v\u00e0 ch\u00ednh x\u00e1c,<\/p>\n<p class=\"QN2lPu\">&#8211; Gi\u1edbi thi\u1ec7u c\u00e1c b\u00e0i h\u1ecdc theo ch\u1ee7 \u0111\u1ec1 v\u1edbi nh\u1eefng b\u00e0i th\u1ef1c h\u00e0nh ng\u1eef ph\u00e1p t\u00edch h\u1ee3p,<\/p>\n<p class=\"QN2lPu\">&#8211; Ph\u1ea7n b\u00e0i t\u1eadp gi\u00fap ph\u00e2n bi\u1ec7t v\u00e0 s\u1eed d\u1ee5ng \u0111\u00fang nh\u1eefng t\u1eeb th\u01b0\u1eddng g\u00e2y nh\u1ea7m l\u1eabn,<\/p>\n<p class=\"QN2lPu\">&#8211; Th\u1ef1c h\u00e0nh t\u1eadp trung v\u00e0o c\u00e1c d\u1ea1ng c\u00e2u h\u1ecfi th\u01b0\u1eddng g\u1eb7p trong b\u00e0i thi.<\/p>\n<p class=\"QN2lPu\">Sau \u0111\u00e2y l\u00e0 n\u1ed9i dung ch\u00ednh c\u1ee7a t\u1eebng ph\u1ea7n trong m\u1ed7i b\u00e0i h\u1ecdc:<\/p>\n<p class=\"QN2lPu\">\n<p class=\"QN2lPu\">T\u1eeb v\u1ef1ng<\/p>\n<p class=\"QN2lPu\">Nghe: qua vi\u1ec7c th\u1ef1c h\u00e0nh v\u1edbi c\u00e1c b\u00e0i nghe \u0111\u01a1n gi\u1ea3n, h\u1ecdc vi\u00ean s\u1ebd h\u1ecdc c\u00e1c t\u1eeb v\u1ef1ng th\u01b0\u1eddng g\u1eb7p trong b\u00e0i thi TOEIC\u00ae.<\/p>\n<p class=\"QN2lPu\">\u0110\u1ecdc: c\u00e1c b\u00e0i t\u1eadp so s\u00e1nh t\u1eeb gi\u00fap h\u1ecdc vi\u00ean ph\u00e2n bi\u1ec7t \u0111\u01b0\u1ee3c nh\u1eefng c\u1eb7p t\u1eeb d\u1ec5 l\u1eabn l\u1ed9n.<\/p>\n<p class=\"QN2lPu\">\n<p class=\"QN2lPu\">H\u01b0\u1edbng d\u1eabn v\u00e0 b\u00e0i t\u1eadp ng\u1eef ph\u00e1p<\/p>\n<p class=\"QN2lPu\">Ph\u1ea7n n\u00e0y ph\u00e1c th\u1ea3o nh\u1eefng \u0111i\u1ec3m ng\u1eef ph\u00e1p th\u01b0\u1eddng \u0111\u01b0\u1ee3c ki\u1ec3m tra trong b\u00e0i thi TOEIC\u00ae. B\u1eaft \u0111\u1ea7u m\u1ed7i b\u00e0i h\u1ecdc l\u00e0 l\u1eddi gi\u1ea3i th\u00edch ng\u1eafn g\u1ecdn v\u1ec1 n\u1ed9i dung ng\u1eef ph\u00e1p s\u1ebd h\u1ecdc, g\u1ed3m nh\u1eefng \u0111i\u1ec3m ch\u00ednh. C\u00e1c b\u00e0i h\u1ecdc c\u0169ng cung c\u1ea5p nhi\u1ec1u b\u00e0i t\u1eadp bi\u00ean so\u1ea1n theo chu\u1ea9n c\u00e2u h\u1ecfi trong b\u00e0i thi TOEIC nh\u1eb1m gi\u00fap h\u1ecdc vi\u00ean \u00e1p d\u1ee5ng c\u00e1c ki\u1ebfn th\u1ee9c v\u1ec1 \u0111i\u1ec3m ng\u1eef ph\u00e1p v\u1eeba h\u1ecdc.<\/p>\n<p class=\"QN2lPu\">B\u00e0i ki\u1ec3m tra nh\u1ecf<\/p>\n<p class=\"QN2lPu\">\n<p class=\"QN2lPu\">Ph\u1ea7n n\u00e0y mang \u0111\u1ebfn cho h\u1ecdc vi\u00ean m\u1ed9t b\u00e0i thi v\u1edbi c\u00e1c c\u00e2u h\u1ecfi c\u00f3 h\u00ecnh th\u1ee9c nh\u01b0 trong b\u00e0i thi TOEIC th\u1eadt s\u1ef1. v\u1edbi b\u00e0i thi n\u00e0y, h\u1ecdc vi\u00ean kh\u00f4ng ch\u1ec9 c\u00f3 th\u1ec3 \u00f4n t\u1eadp v\u1ec1 \u0111i\u1ec3m ng\u1eef ph\u00e1p v\u1eeba h\u1ecdc m\u00e0 c\u00f2n l\u00e0m quen v\u1edbi nh\u1eefng d\u1ea1ng \u0111\u1ec1 b\u00e0i s\u1ebd c\u00f3 trong b\u00e0i thi TOEIC\u00ae.<\/p>\n<p class=\"QN2lPu\">\n<p class=\"QN2lPu\">B\u00e0i thi m\u1eabu<\/p>\n<p class=\"QN2lPu\">B\u00e0i thi m\u1eabu gi\u00fap h\u1ecdc vi\u00ean c\u00f3 d\u1ecbp l\u00e0m m\u1ed9t b\u00e0i thi TOEIC v\u1edbi \u0111\u1ed9 d\u00e0i chu\u1ea9n v\u00e0 c\u1ea5p \u0111\u1ed9 th\u1ea5p. th\u00ed sinh \u0111\u01b0\u1ee3c l\u00e0m quen v\u1edbi h\u00ecnh th\u1ee9c m\u1edbi c\u1ee7a b\u00e0i thi TOEIC v\u1edbi 100 c\u00e2u h\u1ecfi nghe v\u00e0 100 c\u00e2u h\u1ecfi \u0111\u1ecdc.<\/p>\n<p class=\"QN2lPu\">\n<p class=\"QN2lPu\">H\u1ed7 tr\u1ee3 &#8211; l\u1eddi \u0111\u1ecdc b\u0103ng, \u0111\u00e1p \u00e1n<\/p>\n<p class=\"QN2lPu\">Ph\u1ea7n h\u1ed7 tr\u1ee3 g\u1ed3m c\u00e1c t\u00e0i li\u1ec7u tham kh\u1ea3o cho c\u00e1c ch\u01b0\u01a1ng n\u00f3i tr\u00ean, bao g\u1ed3m l\u1eddi \u0111\u1ecdc b\u0103ng cho c\u00e1c b\u00e0i t\u1eadp nghe trong m\u1ed7i b\u00e0i h\u1ecdc v\u00e0 b\u00e0i thi m\u1eabu, \u0111\u00e1p \u00e1n cho m\u1ed7i b\u00e0i h\u1ecdc v\u00e0 b\u00e0i thi m\u1eabu, v\u00e0 m\u1ed9t phi\u1ebfu tr\u1ea3 l\u1eddi m\u1eabu d\u00f9ng khi l\u00e0m b\u00e0i thi m\u1eabu.<\/p>\n<\/div>\n","protected":false},"excerpt":{"rendered":"<p>C\u00f4ng ty ph\u00e1t h\u00e0nh: First News &#8211; Tr\u00ed Vi\u1ec7t T\u00e1c gi\u1ea3: Nhi\u1ec1u t\u00e1c gi\u1ea3 Ng\u00e0y xu\u1ea5t b\u1ea3n: 2025 K\u00edch th\u01b0\u1edbc: 20 x 26 cm Lo\u1ea1i b\u00eca: B\u00eca m\u1ec1m S\u1ed1 trang: 260 trang Gi\u00e1 B\u00eca: 134.000 VN\u0110 Nh\u00e0 xu\u1ea5t b\u1ea3n: NXB Compass Publishing Xu\u1ea5t x\u1ee9: Trong n\u01b0\u1edbc Ng\u00f4n ng\u1eef: Ti\u1ebfng Anh M\u00f4 t\u1ea3 s\u1ea3n ph\u1ea9m: Very&#8230;<\/p>\n","protected":false},"featured_media":15403,"comment_status":"open","ping_status":"closed","template":"","meta":[],"product_brand":[1693],"product_cat":[1678],"product_tag":[],"class_list":{"0":"post-15230","1":"product","2":"type-product","3":"status-publish","4":"has-post-thumbnail","6":"product_brand-nxb-tre","7":"product_cat-sach-hoc-ngoai-ngu-tu-dien","9":"first","10":"instock","11":"sale","12":"shipping-taxable","13":"purchasable","14":"product-type-simple"},"_links":{"self":[{"href":"https:\/\/web-ban-le.mbws.vn\/nha-sach\/wp-json\/wp\/v2\/product\/15230","targetHints":{"allow":["GET"]}}],"collection":[{"href":"https:\/\/web-ban-le.mbws.vn\/nha-sach\/wp-json\/wp\/v2\/product"}],"about":[{"href":"https:\/\/web-ban-le.mbws.vn\/nha-sach\/wp-json\/wp\/v2\/types\/product"}],"replies":[{"embeddable":true,"href":"https:\/\/web-ban-le.mbws.vn\/nha-sach\/wp-json\/wp\/v2\/comments?post=15230"}],"wp:featuredmedia":[{"embeddable":true,"href":"https:\/\/web-ban-le.mbws.vn\/nha-sach\/wp-json\/wp\/v2\/media\/15403"}],"wp:attachment":[{"href":"https:\/\/web-ban-le.mbws.vn\/nha-sach\/wp-json\/wp\/v2\/media?parent=15230"}],"wp:term":[{"taxonomy":"product_brand","embeddable":true,"href":"https:\/\/web-ban-le.mbws.vn\/nha-sach\/wp-json\/wp\/v2\/product_brand?post=15230"},{"taxonomy":"product_cat","embeddable":true,"href":"https:\/\/web-ban-le.mbws.vn\/nha-sach\/wp-json\/wp\/v2\/product_cat?post=15230"},{"taxonomy":"product_tag","embeddable":true,"href":"https:\/\/web-ban-le.mbws.vn\/nha-sach\/wp-json\/wp\/v2\/product_tag?post=15230"}],"curies":[{"name":"wp","href":"https:\/\/api.w.org\/{rel}","templated":true}]}}