{"id":15231,"date":"2025-10-31T13:33:04","date_gmt":"2025-10-31T06:33:04","guid":{"rendered":"https:\/\/web-ban-le.mbws.vn\/nha-sach\/?post_type=product&#038;p=15231"},"modified":"2025-11-01T19:42:37","modified_gmt":"2025-11-01T12:42:37","slug":"sach-coi-nguon-cua-hanh-phuc-first-news","status":"publish","type":"product","link":"https:\/\/web-ban-le.mbws.vn\/nha-sach\/san-pham\/sach-coi-nguon-cua-hanh-phuc-first-news\/","title":{"rendered":"S\u00e1ch C\u1ed9i Ngu\u1ed3n C\u1ee7a H\u1ea1nh Ph\u00fac &#8211; First News"},"content":{"rendered":"<div class=\"e8lZp3\">\n<p class=\"QN2lPu\">* Th\u00f4ng tin s\u00e1ch<\/p>\n<p class=\"QN2lPu\">\u2022 Nh\u00e0 xu\u1ea5t b\u1ea3n: NXB D\u00e2n Tr\u00ed <\/p>\n<p class=\"QN2lPu\">\u2022 T\u00e1c gi\u1ea3: Bruce Hood<\/p>\n<p class=\"QN2lPu\">\u2022 S\u1ed1 trang: 304<\/p>\n<p class=\"QN2lPu\">\u2022 Kh\u1ed5 s\u00e1ch: 14,5 x 20,5 cm <\/p>\n<p class=\"QN2lPu\">\u2022 Quy c\u00e1ch in: B\u00eca m\u1ec1m, tay g\u1ea5p, c\u00f3 hi\u1ec7u \u1ee9ng <\/p>\n<p class=\"QN2lPu\">\u2022 Gi\u00e1 b\u00eca: 168.000<\/p>\n<p class=\"QN2lPu\">\n<p class=\"QN2lPu\">Gi\u1edbi thi\u1ec7u s\u00e1ch: C\u1ed9i ngu\u1ed3n c\u1ee7a h\u1ea1nh ph\u00fac<\/p>\n<p class=\"QN2lPu\">\n<p class=\"QN2lPu\">T\u1eeb x\u01b0a \u0111\u1ebfn nay, nh\u00e2n lo\u1ea1i v\u1eabn lu\u00f4n \u0111au \u0111\u00e1u v\u1ec1 nh\u1eefng c\u00e2u h\u1ecfi c\u01a1 b\u1ea3n nh\u01b0 l\u00e0m th\u1ebf n\u00e0o \u0111\u1ec3 c\u00f3 h\u1ea1nh ph\u00fac, v\u00e0 c\u1ed9i ngu\u1ed3n c\u1ee7a h\u1ea1nh ph\u00fac l\u00e0 g\u00ec.<\/p>\n<p class=\"QN2lPu\">\n<p class=\"QN2lPu\">H\u00e0ng ng\u00e0n n\u0103m qua, tri\u1ebft h\u1ecdc, t\u00f4n gi\u00e1o v\u00e0 ngh\u1ec7 thu\u1eadt \u0111\u00e3 \u0111\u01b0a ra nhi\u1ec1u l\u1eddi gi\u1ea3i th\u00edch ti\u1ec7m c\u1eadn v\u1edbi v\u1ea5n \u0111\u1ec1. D\u1eabu v\u1eady, ph\u1ea7n nhi\u1ec1u trong s\u1ed1 \u0111\u00f3 v\u1eabn ch\u1ec9 l\u00e0 nh\u1eefng chi\u00eam nghi\u1ec7m v\u1ec1 cu\u1ed9c s\u1ed1ng m\u00e0 th\u1ebf h\u1ec7 sau th\u1eeba h\u01b0\u1edfng t\u1eeb c\u00e1c b\u1eadc ti\u1ec1n hi\u1ec1n, ho\u1eb7c th\u1eadm ch\u00ed d\u1ef1a v\u00e0o nh\u1eefng ni\u1ec1m tin t\u00f4n gi\u00e1o n\u1ed9i sinh \u1edf t\u1eebng v\u00f9ng \u0111\u1ea5t. R\u1ed1t cu\u1ed9c, ch\u00fang ta v\u1eabn c\u00f2n thi\u1ebfu g\u00f3c nh\u00ecn d\u1ef1a tr\u00ean b\u1eb1ng ch\u1ee9ng khoa h\u1ecdc. Ch\u00ednh kho\u1ea3ng tr\u1ed1ng \u0111\u00f3 \u0111\u00e3 th\u00f4i th\u00fac Bruce Hood \u2013 Gi\u00e1o s\u01b0 b\u1ed9 m\u00f4n T\u00e2m l\u00fd h\u1ecdc Ph\u00e1t tri\u1ec3n trong x\u00e3 h\u1ed9i t\u1ea1i tr\u01b0\u1eddng \u0110\u1ea1i h\u1ecdc Bristol \u2013 vi\u1ebft cu\u1ed1n s\u00e1ch \u201cC\u1ed9i ngu\u1ed3n c\u1ee7a h\u1ea1nh ph\u00fac\u201d (t\u1ef1a g\u1ed1c: The Science of Happiness: Seven Lessons for Living Well) nh\u1eb1m gi\u1ea3i m\u00e3 h\u1ea1nh ph\u00fac d\u1ef1a tr\u00ean t\u1ea5t c\u1ea3 nh\u1eefng nghi\u00ean c\u1ee9u \u0111\u1ecbnh t\u00ednh l\u1eabn th\u1ef1c nghi\u1ec7m.<\/p>\n<p class=\"QN2lPu\">\n<p class=\"QN2lPu\">Bruce Hood t\u1eebng gi\u1ea3ng d\u1ea1y t\u1ea1i nhi\u1ec1u tr\u01b0\u1eddng \u0111\u1ea1i h\u1ecdc l\u1edbn nh\u01b0 \u0110\u1ea1i h\u1ecdc College London (UCL), Vi\u1ec7n C\u00f4ng ngh\u1ec7 Massachusetts (MIT), \u0110\u1ea1i h\u1ecdc Havard, v\u00e0 hi\u1ec7n l\u00e0 gi\u00e1o s\u01b0 t\u1ea1i \u0110\u1ea1i h\u1ecdc Bristol. Trong nhi\u1ec1u n\u0103m, \u00f4ng nh\u1eadn th\u1ea5y m\u1ed9t ngh\u1ecbch l\u00fd r\u1eb1ng sinh vi\u00ean ng\u00e0y c\u00e0ng ch\u00fa tr\u1ecdng \u0111\u1ebfn th\u00e0nh t\u00edch h\u1ecdc t\u1eadp nh\u01b0ng d\u01b0\u1eddng nh\u01b0 \u00edt h\u1ea1nh ph\u00fac h\u01a1n c\u00e1c th\u1ebf h\u1ec7 sinh vi\u00ean tr\u01b0\u1edbc. H\u1ecd lo l\u1eafng, c\u00f4 \u0111\u01a1n, c\u0103ng th\u1eb3ng, v\u00e0 m\u1ea5t \u0111i ni\u1ec1m vui kh\u00e1m ph\u00e1 tri th\u1ee9c. T\u1eeb \u0111\u00f3, \u00f4ng m\u1edf kh\u00f3a h\u1ecdc th\u1eed nghi\u1ec7m \u201cKhoa h\u1ecdc v\u1ec1 H\u1ea1nh ph\u00fac\u201d, thu h\u00fat h\u00e0ng tr\u0103m h\u1ecdc vi\u00ean v\u00e0 mang l\u1ea1i nhi\u1ec1u k\u1ebft qu\u1ea3 t\u00edch c\u1ef1c. Nh\u1eefng \u0111i\u1ec1u \u00f4ng \u0111\u00fac k\u1ebft \u0111\u01b0\u1ee3c th\u00f4ng qua cu\u1ed9c th\u1eed nghi\u1ec7m n\u00e0y ch\u00ednh l\u00e0 n\u1ec1n t\u1ea3ng \u0111\u1ec3 \u00f4ng vi\u1ebft \u201cC\u1ed9i ngu\u1ed3n c\u1ee7a h\u1ea1nh ph\u00fac\u201d.<\/p>\n<p class=\"QN2lPu\">\n<p class=\"QN2lPu\">D\u1ef1a tr\u00ean b\u1ed1n th\u1eadp ni\u00ean nghi\u00ean c\u1ee9u v\u1ec1 khoa h\u1ecdc th\u1ea7n kinh v\u00e0 t\u00e2m l\u00fd h\u1ecdc ph\u00e1t tri\u1ec3n, Bruce Hood \u0111\u00e3 mang l\u1ea1i m\u1ed9t g\u00f3c nh\u00ecn m\u1edbi m\u1ebb v\u1ec1 vi\u1ec7c l\u00e0m th\u1ebf n\u00e0o \u0111\u1ec3 h\u1ea1nh ph\u00fac v\u00e0 nh\u1eefng \u0111i\u1ec1u ng\u0103n tr\u1edf ch\u00fang ta t\u00ecm \u0111\u1ebfn h\u1ea1nh ph\u00fac t\u1eeb tr\u01b0\u1edbc \u0111\u1ebfn nay. T\u1ea5t c\u1ea3 \u0111\u01b0\u1ee3c \u00f4ng  th\u00e2u t\u00f3m trong 7 b\u00e0i h\u1ecdc, bao g\u1ed3m: <\/p>\n<p class=\"QN2lPu\">1. Chuy\u1ec3n \u0111\u1ed5i c\u00e1i t\u00f4i \u2013 ch\u1ee9ng minh r\u1eb1ng t\u00ednh v\u1ecb k\u1ef7 b\u1ea9m sinh d\u1ec5 d\u1eabn \u0111\u1ebfn b\u1ea5t h\u1ea1nh, h\u1ea1nh ph\u00fac t\u0103ng khi ta gi\u1ea3m t\u1eadp trung v\u00e0o b\u1ea3n th\u00e2n.<\/p>\n<p class=\"QN2lPu\">2. Tr\u00e1nh s\u1ef1 c\u00f4 l\u1eadp \u2013 cho th\u1ea5y con ng\u01b0\u1eddi l\u00e0 sinh v\u1eadt x\u00e3 h\u1ed9i v\u00e0 s\u1ef1 c\u00f4 l\u1eadp s\u1ebd l\u00e0m suy y\u1ebfu s\u1ee9c kh\u1ecfe tinh th\u1ea7n v\u00e0 th\u1ec3 ch\u1ea5t.<\/p>\n<p class=\"QN2lPu\">3. Kh\u01b0\u1edbc t\u1eeb nh\u1eefng so s\u00e1nh ti\u00eau c\u1ef1c \u2013 hi\u1ec3u c\u01a1 ch\u1ebf so s\u00e1nh c\u1ed1 h\u1eefu c\u1ee7a b\u1ed9 n\u00e3o, t\u1eeb \u0111\u00f3 h\u1ecdc c\u00e1ch t\u1eeb b\u1ecf s\u1ef1 so s\u00e1nh \u0111\u1ec3 n\u00e2ng cao h\u1ea1nh ph\u00fac.<\/p>\n<p class=\"QN2lPu\">4. L\u1ea1c quan h\u01a1n \u0111\u1ec3 h\u1ea1nh ph\u00fac h\u01a1n \u2013 ch\u1ee9ng minh n\u00e3o b\u1ed9 thi\u00ean v\u1ec1 ti\u00eau c\u1ef1c, do \u0111\u00f3 c\u1ea7n r\u00e8n luy\u1ec7n s\u1ef1 l\u1ea1c quan \u0111\u1ec3 t\u00e1i c\u1ea5u tr\u00fac c\u00e1ch x\u1eed l\u00fd th\u00f4ng tin. <\/p>\n<p class=\"QN2lPu\">5. Ki\u1ec3m so\u00e1t s\u1ef1 ch\u00fa \u00fd \u2013 ph\u00e1t tri\u1ec3n kh\u1ea3 n\u0103ng t\u1eadp trung thay v\u00ec \u0111\u1ec3 t\u00e2m tr\u00ed tr\u00f4i d\u1ea1t, b\u1edfi v\u00ec h\u1ea1nh ph\u00fac ch\u1ec9 \u0111\u1ebfn khi bi\u1ebft t\u1eadp trung v\u00e0o hi\u1ec7n t\u1ea1i.<\/p>\n<p class=\"QN2lPu\">6. K\u1ebft n\u1ed1i v\u1edbi ng\u01b0\u1eddi kh\u00e1c \u2013 ch\u1ee9ng minh l\u1ee3i \u00edch t\u00e2m l\u00fd t\u1eeb s\u1ef1 g\u1eafn k\u1ebft x\u00e3 h\u1ed9i.<\/p>\n<p class=\"QN2lPu\">7. \u0110\u1ee9ng ngo\u00e0i c\u00e1i t\u00f4i \u2013 h\u1ecdc c\u00e1ch nh\u00ecn th\u1ebf gi\u1edbi b\u1eb1ng m\u1ed9t l\u0103ng k\u00ednh v\u1ecb tha h\u01a1n, \u0111\u1ec3 th\u1ea5y r\u1eb1ng h\u1ea1nh ph\u00fac kh\u00f4ng ch\u1ec9 l\u00e0 c\u1ee7a ri\u00eang ta.<\/p>\n<p class=\"QN2lPu\">\n<p class=\"QN2lPu\">T\u1ea5t nhi\u00ean, m\u1ed7i b\u00e0i h\u1ecdc \u0111\u01b0a ra \u0111\u1ec1u d\u1ef1a tr\u00ean c\u01a1 s\u1edf khoa h\u1ecdc \u2013 c\u1ea3 l\u00fd thuy\u1ebft l\u1eabn nghi\u00ean c\u1ee9u th\u1ef1c nghi\u1ec7m c\u00f9ng nh\u1eefng v\u00ed d\u1ee5 th\u1ef1c t\u1ebf &#8211; v\u00e0 \u0111\u01b0\u1ee3c \u0111\u00fac k\u1ebft \u1edf m\u1ee9c \u0111\u1ed9 kh\u00e1i qu\u00e1t \u0111\u1ea7y thuy\u1ebft ph\u1ee5c. Tr\u1ecdng t\u00e2m c\u1ee7a nh\u1eefng b\u00e0i h\u1ecdc Gi\u00e1o s\u01b0 Bruce Hood mu\u1ed1n ch\u00fang ta nh\u1eadn ra l\u00e0 h\u1ea1nh ph\u00fac kh\u00f4ng \u0111\u01a1n thu\u1ea7n n\u1eb1m \u1edf b\u00ean trong hay b\u00ean ngo\u00e0i, m\u00e0 l\u00e0 s\u1ef1 c\u00e2n b\u1eb1ng gi\u1eefa quan \u0111i\u1ec3m v\u1ecb k\u1ef7 v\u00e0 v\u1ecb tha, gi\u1eefa vi\u1ec7c t\u1eadp trung v\u00e0o h\u1ea1nh ph\u00fac c\u1ee7a b\u1ea3n th\u00e2n v\u00e0 s\u1ef1 k\u1ebft n\u1ed1i, chia s\u1ebb v\u1edbi nh\u1eefng ng\u01b0\u1eddi kh\u00e1c. <\/p>\n<p class=\"QN2lPu\">\n<p class=\"QN2lPu\">V\u00ec l\u1ebd \u0111\u00f3, \u201cC\u1ed9i ngu\u1ed3n c\u1ee7a h\u1ea1nh ph\u00fac\u201d kh\u00f4ng ph\u1ea3i l\u00e0 m\u1ed9t cu\u1ed1n s\u00e1ch \u201ctu d\u01b0\u1ee1ng c\u00e1i t\u00f4i\u201d. Th\u1eadm ch\u00ed, \u1edf nhi\u1ec1u ph\u01b0\u01a1ng di\u1ec7n, n\u00f3 khi\u1ebfn b\u1ea1n nh\u1eadn th\u1ea5y s\u1ef1 c\u1ea7n thi\u1ebft ph\u1ea3i \u201cti\u00eau h\u1ee7y c\u00e1i t\u00f4i\u201d. B\u1edfi c\u00e1i t\u00f4i qu\u00e1 v\u1ecb k\u1ef7 c\u00f3 th\u1ec3 l\u00e0 \u0111i\u1ec1u ng\u0103n tr\u1edf ch\u00fang ta h\u1ea1nh ph\u00fac. Tuy nhi\u00ean, ch\u00fang ta c\u0169ng kh\u00f4ng n\u00ean c\u1ed1 g\u1eafng lo\u1ea1i b\u1ecf \u00fd th\u1ee9c v\u1ec1 c\u00e1i t\u00f4i b\u1eb1ng c\u00e1ch tr\u1edf n\u00ean ho\u00e0n to\u00e0n v\u1ecb tha. N\u1ebfu ch\u1ec9 ngh\u0129 v\u00e0 c\u1ea3m th\u00f4ng cho ng\u01b0\u1eddi kh\u00e1c, ch\u00fang ta c\u00f3 nguy c\u01a1 \u0111\u00e1nh m\u1ea5t ho\u00e0n to\u00e0n \u00fd ni\u1ec7m v\u1ec1 b\u1ea3n th\u00e2n, v\u00e0 \u0111i\u1ec1u n\u00e0y c\u0169ng quan tr\u1ecdng \u0111\u1ed1i v\u1edbi s\u1ee9c kh\u1ecfe t\u00e2m th\u1ea7n c\u1ee7a ch\u00fang ta kh\u00f4ng k\u00e9m s\u1ef1 k\u1ebft n\u1ed1i v\u1edbi ng\u01b0\u1eddi kh\u00e1c. <\/p>\n<p class=\"QN2lPu\">\n<p class=\"QN2lPu\">* V\u1ec1 t\u00e1c gi\u1ea3:<\/p>\n<p class=\"QN2lPu\">\n<p class=\"QN2lPu\">Bruce Hood l\u00e0 Gi\u00e1o s\u01b0 b\u1ed9 m\u00f4n T\u00e2m l\u00fd h\u1ecdc Ph\u00e1t tri\u1ec3n trong X\u00e3 h\u1ed9i t\u1ea1i tr\u01b0\u1eddng \u0110\u1ea1i h\u1ecdc Bristol, V\u01b0\u01a1ng qu\u1ed1c Anh, t\u1eeb n\u0103m 1999. \u00d4ng l\u1ea5y b\u1eb1ng ti\u1ebfn s\u0129 ng\u00e0nh khoa h\u1ecdc th\u1ea7n kinh t\u1ea1i \u0110\u1ea1i h\u1ecdc Cambridge v\u00e0 sau \u0111\u00f3 gi\u1ea3ng d\u1ea1y l\u1ea7n l\u01b0\u1ee3t t\u1ea1i c\u00e1c tr\u01b0\u1eddng \u0110\u1ea1i h\u1ecdc College London (UCL), Vi\u1ec7n C\u00f4ng ngh\u1ec7 Massachusetts (MIT) v\u00e0 \u0110\u1ea1i h\u1ecdc Havard. \u00d4ng nghi\u00ean c\u1ee9u s\u1ef1 ph\u00e1t tri\u1ec3n c\u1ee7a tr\u1ebb em, s\u1ef1 nh\u1eadn d\u1ea1ng b\u1ea3n th\u00e2n v\u00e0 t\u00ednh t\u1ef1 ch\u1ee7. Trong n\u0103m n\u0103m g\u1ea7n \u0111\u00e2y, \u00f4ng t\u1eadp trung nghi\u00ean c\u1ee9u l\u00e0m th\u1ebf n\u00e0o \u0111\u1ec3 con ng\u01b0\u1eddi tr\u1edf n\u00ean h\u1ea1nh ph\u00fac h\u01a1n. \u00d4ng \u0111\u00e3 vi\u1ebft n\u0103m quy\u1ec3n s\u00e1ch khoa h\u1ecdc th\u01b0\u1eddng th\u1ee9c \u0111\u01b0\u1ee3c xu\u1ea5t b\u1ea3n \u1edf h\u01a1n ba m\u01b0\u01a1i qu\u1ed1c gia v\u00e0  C\u1ed9i ngu\u1ed3n c\u1ee7a h\u1ea1nh ph\u00fac l\u00e0 quy\u1ec3n s\u00e1ch g\u1ea7n \u0111\u00e2y nh\u1ea5t c\u1ee7a \u00f4ng. <\/p>\n<p class=\"QN2lPu\">\n<p class=\"QN2lPu\">Hood l\u00e0 th\u00e0nh vi\u00ean danh d\u1ef1 c\u1ee7a Hi\u1ec7p h\u1ed9i T\u00e2m l\u00fd h\u1ecdc Hoa K\u1ef3, th\u00e0nh vi\u00ean c\u1ee7a H\u1ecdc vi\u1ec7n Ho\u00e0ng gia Anh qu\u1ed1c v\u00e0 Hi\u1ec7p h\u1ed9i T\u00e2m l\u00fd h\u1ecdc Anh qu\u1ed1c. \u00d4ng xu\u1ea5t hi\u1ec7n nhi\u1ec1u tr\u00ean \u0111\u00e0i ph\u00e1t thanh v\u00e0 truy\u1ec1n h\u00ecnh, v\u00e0 t\u1eebng \u0111\u00f3ng vai tr\u00f2 ch\u00ednh trong m\u1ed9t t\u1eadp g\u1ea7n \u0111\u00e2y c\u1ee7a lo\u1ea1t phim v\u1ec1 sinh th\u00e1i Living in the Future\u2019s Past (t\u1ea1m d\u1ecbch: S\u1ed1ng trong qu\u00e1 kh\u1ee9 c\u1ee7a t\u01b0\u01a1ng lai) \u0111\u01b0\u1ee3c gi\u1ea3i th\u01b0\u1edfng v\u00e0o n\u0103m 2019.<\/p>\n<\/div>\n","protected":false},"excerpt":{"rendered":"<p>* Th\u00f4ng tin s\u00e1ch \u2022 Nh\u00e0 xu\u1ea5t b\u1ea3n: NXB D\u00e2n Tr\u00ed \u2022 T\u00e1c gi\u1ea3: Bruce Hood \u2022 S\u1ed1 trang: 304 \u2022 Kh\u1ed5 s\u00e1ch: 14,5 x 20,5 cm \u2022 Quy c\u00e1ch in: B\u00eca m\u1ec1m, tay g\u1ea5p, c\u00f3 hi\u1ec7u \u1ee9ng \u2022 Gi\u00e1 b\u00eca: 168.000 Gi\u1edbi thi\u1ec7u s\u00e1ch: C\u1ed9i ngu\u1ed3n c\u1ee7a h\u1ea1nh ph\u00fac T\u1eeb x\u01b0a \u0111\u1ebfn nay, nh\u00e2n&#8230;<\/p>\n","protected":false},"featured_media":15407,"comment_status":"open","ping_status":"closed","template":"","meta":[],"product_brand":[1692],"product_cat":[1672],"product_tag":[],"class_list":{"0":"post-15231","1":"product","2":"type-product","3":"status-publish","4":"has-post-thumbnail","6":"product_brand-nxb-kim-dong","7":"product_cat-sach-huong-nghiep-phat-trien-ban-than","9":"first","10":"instock","11":"sale","12":"shipping-taxable","13":"purchasable","14":"product-type-simple"},"_links":{"self":[{"href":"https:\/\/web-ban-le.mbws.vn\/nha-sach\/wp-json\/wp\/v2\/product\/15231","targetHints":{"allow":["GET"]}}],"collection":[{"href":"https:\/\/web-ban-le.mbws.vn\/nha-sach\/wp-json\/wp\/v2\/product"}],"about":[{"href":"https:\/\/web-ban-le.mbws.vn\/nha-sach\/wp-json\/wp\/v2\/types\/product"}],"replies":[{"embeddable":true,"href":"https:\/\/web-ban-le.mbws.vn\/nha-sach\/wp-json\/wp\/v2\/comments?post=15231"}],"wp:featuredmedia":[{"embeddable":true,"href":"https:\/\/web-ban-le.mbws.vn\/nha-sach\/wp-json\/wp\/v2\/media\/15407"}],"wp:attachment":[{"href":"https:\/\/web-ban-le.mbws.vn\/nha-sach\/wp-json\/wp\/v2\/media?parent=15231"}],"wp:term":[{"taxonomy":"product_brand","embeddable":true,"href":"https:\/\/web-ban-le.mbws.vn\/nha-sach\/wp-json\/wp\/v2\/product_brand?post=15231"},{"taxonomy":"product_cat","embeddable":true,"href":"https:\/\/web-ban-le.mbws.vn\/nha-sach\/wp-json\/wp\/v2\/product_cat?post=15231"},{"taxonomy":"product_tag","embeddable":true,"href":"https:\/\/web-ban-le.mbws.vn\/nha-sach\/wp-json\/wp\/v2\/product_tag?post=15231"}],"curies":[{"name":"wp","href":"https:\/\/api.w.org\/{rel}","templated":true}]}}