{"id":15232,"date":"2025-10-31T13:33:04","date_gmt":"2025-10-31T06:33:04","guid":{"rendered":"https:\/\/web-ban-le.mbws.vn\/nha-sach\/?post_type=product&#038;p=15232"},"modified":"2025-11-01T19:42:37","modified_gmt":"2025-11-01T12:42:37","slug":"sach-putin-logic-cua-quyen-luc-first-news","status":"publish","type":"product","link":"https:\/\/web-ban-le.mbws.vn\/nha-sach\/san-pham\/sach-putin-logic-cua-quyen-luc-first-news\/","title":{"rendered":"S\u00e1ch PUTIN Logic c\u1ee7a Quy\u1ec1n L\u1ef1c &#8211; First News"},"content":{"rendered":"<div class=\"e8lZp3\">\n<p class=\"QN2lPu\">T\u00e1c Gi\u1ea3: Hubert Seipel<\/p>\n<p class=\"QN2lPu\">C\u00f4ng ty ph\u00e1t h\u00e0nh: First News &#8211; Tr\u00ed Vi\u1ec7t<\/p>\n<p class=\"QN2lPu\">Ng\u00e0y ph\u00e1t h\u00e0nh: 2025<\/p>\n<p class=\"QN2lPu\">S\u1ed1 trang: 384<\/p>\n<p class=\"QN2lPu\">K\u00edch th\u01b0\u1edbc: 14,5 x 20.5 cm<\/p>\n<p class=\"QN2lPu\">NXB: NXB T\u1ed5ng h\u1ee3p TP.HCM<\/p>\n<p class=\"QN2lPu\">Gi\u00e1 b\u00eca: 168.000VND<\/p>\n<p class=\"QN2lPu\">Lo\u1ea1i B\u00eca: B\u00eca m\u1ec1m<\/p>\n<p class=\"QN2lPu\">M\u00f4 t\u1ea3 s\u1ea3n ph\u1ea9m:<\/p>\n<p class=\"QN2lPu\">PUTIN Logic c\u1ee7a Quy\u1ec1n L\u1ef1c<\/p>\n<p class=\"QN2lPu\">T\u1eeb m\u1ed9t nh\u00e2n vi\u00ean t\u00ecnh b\u00e1o \u0111\u1ed1i ngo\u1ea1i l\u00e0m th\u1ebf n\u00e0o \u0111\u1ec3 Putin tr\u1edf th\u00e0nh T\u1ed5ng th\u1ed1ng Nga, ng\u01b0\u1eddi \u0111\u00e0n \u00f4ng quy\u1ec1n l\u1ef1c nh\u1ea5t th\u1ebf gi\u1edbi? V\u00e0, con ng\u01b0\u1eddi th\u1ef1c c\u1ee7a \u00f4ng l\u00e0 th\u1ebf n\u00e0o? Hubert Seipel \u2013 m\u1ed9t nh\u00e0 b\u00e1o, nh\u00e0 l\u00e0m phim l\u00e3o l\u00e0ng c\u1ee7a \u0110\u1ee9c, \u0111\u00e3 mang \u0111\u1ebfn m\u1ed9t c\u00e2u tr\u1ea3 l\u1eddi \u0111\u1ea7y h\u1ea5p d\u1eabn trong cu\u1ed1n s\u00e1ch Putin \u2013 Logic c\u1ee7a quy\u1ec1n l\u1ef1c. H\u01a1n m\u1ed9t n\u0103m \u0111\u1ea7u t\u01b0 nghi\u00eam t\u00fac cho b\u1ea3n th\u1ea3o, First News \u2013 Tr\u00ed Vi\u1ec7t m\u1edbi c\u00f3 th\u1ec3 \u0111\u01b0a \u0111\u1ebfn b\u1ea1n \u0111\u1ecdc quy\u1ec3n s\u00e1ch \u0111\u1eb7c bi\u1ec7t n\u00e0y.<\/p>\n<p class=\"QN2lPu\">\n<p class=\"QN2lPu\">Oliver Stone &#8211; \u0111\u1ea1o di\u1ec5n ng\u01b0\u1eddi M\u1ef9, t\u00e1c gi\u1ea3 c\u1ee7a b\u1ed9 phim t\u00e0i li\u1ec7u &#8220;Ph\u1ecfng v\u1ea5n Putin&#8221; cho bi\u1ebft: \u201cN\u1ebfu n\u01b0\u1edbc M\u1ef9 coi Putin l\u00e0 k\u1ebb th\u00f9, k\u1ebb th\u00f9 l\u1edbn, t\u00f4i ngh\u0129 vi\u1ec7c l\u1eafng nghe xem \u00f4ng ta n\u00f3i g\u00ec l\u00e0 \u0111i\u1ec1u r\u1ea5t quan tr\u1ecdng. H\u00e3y l\u1eafng nghe, h\u00e3y \u0111\u1ecdc v\u00e0 h\u00e3y m\u1edf c\u1eeda b\u01b0\u1edbc v\u00e0o th\u1ebf gi\u1edbi c\u1ee7a \u00f4ng!\u201d. <\/p>\n<p class=\"QN2lPu\">\n<p class=\"QN2lPu\">Putin \u2013 Logic c\u1ee7a quy\u1ec1n l\u1ef1c l\u00e0 t\u00e1c ph\u1ea9m kh\u00e1 \u201cn\u1eb7ng k\u00ed\u201d. \u0110\u1ec3 c\u00f3 th\u1ec3 ho\u00e0n th\u00e0nh t\u00e1c ph\u1ea9m n\u00e0y, t\u00e1c gi\u1ea3 Seipel \u0111\u00e3 ti\u1ebfp c\u1eadn t\u1ed5ng th\u1ed1ng Putin trong vai tr\u00f2 m\u1ed9t nh\u00e0 l\u00e0m phim t\u1eeb n\u0103m 2010, \u0111\u1ec3 r\u1ed3i su\u1ed1t 5 n\u0103m sau \u0111\u00f3, \u00f4ng \u0111\u00e3 c\u00f3 h\u01a1n 20 bu\u1ed5i ph\u1ecfng v\u1ea5n chuy\u00ean s\u00e2u, th\u00e1p t\u00f9ng Putin tr\u00ean h\u00e0ng ch\u1ee5c chuy\u1ebfn \u0111i c\u1ea3 trong v\u00e0 ngo\u00e0i n\u01b0\u1edbc \u0111\u1ec3 l\u1ea5y th\u00f4ng tin. \u0110\u00e2y l\u00e0 m\u1ed9t \u0111\u1eb7c quy\u1ec1n hi\u1ebfm hoi b\u1edfi Putin th\u01b0\u1eddng kh\u00f4ng g\u1ea7n g\u0169i v\u1edbi b\u1ea5t k\u1ef3 nh\u00e0 b\u00e1o ph\u01b0\u01a1ng T\u00e2y n\u00e0o. T\u1eeb nh\u1eefng cu\u1ed9c ph\u1ecfng v\u1ea5n n\u00e0y, Hubert Seipel d\u1eabn d\u1eaft \u0111\u1ed9c gi\u1ea3 b\u01b0\u1edbc v\u00e0o th\u1ebf gi\u1edbi c\u1ee7a Putin, v\u1ec1 m\u1ed1i quan h\u1ec7 gi\u1eefa quan \u0111i\u1ec3m th\u1eadt s\u1ef1 c\u1ee7a nh\u00e0 l\u00e3nh \u0111\u1ea1o Nga v\u1edbi nh\u1eefng l\u1ee3i \u00edch c\u1ea1nh tranh. <\/p>\n<p class=\"QN2lPu\">\n<p class=\"QN2lPu\">B\u1eb1ng ng\u00f2i b\u00fat s\u00e2u s\u1eafc, Hubert Seipel ph\u00e1c h\u1ecda ch\u00e2n dung ng\u01b0\u1eddi c\u00f3 \u1ea3nh h\u01b0\u1edfng l\u1edbn v\u1edbi n\u01b0\u1edbc Nga r\u1ea5t r\u00f5 n\u00e9t. Vladimir Putin t\u1ed1t nghi\u1ec7p khoa Lu\u1eadt \u0110\u1ea1i h\u1ecdc T\u1ed5ng h\u1ee3p Qu\u1ed1c gia Saint Petersburg n\u0103m 1975. Nh\u1eefng giai \u0111o\u1ea1n trong cu\u1ed9c \u0111\u1eddi \u00f4ng tr\u00f9ng kh\u1edbp v\u1edbi nh\u1eefng th\u1eddi kh\u1eafc b\u01b0\u1edbc ngo\u1eb7c c\u1ee7a l\u1ecbch s\u1eed Nga. 1985, \u00f4ng kh\u1edfi \u0111\u1ea7u s\u1ef1 nghi\u1ec7p c\u1ee7a m\u00ecnh trong vai tr\u00f2 c\u1ee7a m\u1ed9t nh\u00e2n vi\u00ean t\u00ecnh b\u00e1o \u0111\u1ed1i ngo\u1ea1i c\u1ee7a Li\u00ean X\u00f4 \u1edf \u0110\u1ee9c. Sau khi k\u1ebft th\u00fac th\u1eddi h\u1ea1n c\u00f4ng t\u00e1c, \u00f4ng tr\u1edf l\u1ea1i qu\u00ea nh\u00e0 Saint Petersburg, tr\u1edf v\u1ec1 \u0111\u1eddi s\u1ed1ng d\u00e2n s\u1ef1 b\u1eb1ng c\u00e1ch l\u00e0m ph\u00f3 cho ch\u00ednh quy\u1ec1n c\u1ee7a Th\u1ecb tr\u01b0\u1edfng Anatoli Sobchak. N\u0103m 1996, \u00f4ng chuy\u1ec3n \u0111\u1ebfn Moskva, tr\u1edf th\u00e0nh Ph\u00f3 Ch\u00e1nh V\u0103n ph\u00f2ng T\u1ed5ng th\u1ed1ng Nga. N\u0103m 1999, \u00f4ng \u0111\u01b0\u1ee3c b\u1ed5 nhi\u1ec7m l\u00e0m th\u1ee7 t\u01b0\u1edbng v\u00e0 m\u1ed9t n\u0103m sau, \u00f4ng nh\u1eadm ch\u1ee9c t\u1ed5ng th\u1ed1ng.<\/p>\n<\/div>\n","protected":false},"excerpt":{"rendered":"<p>T\u00e1c Gi\u1ea3: Hubert Seipel C\u00f4ng ty ph\u00e1t h\u00e0nh: First News &#8211; Tr\u00ed Vi\u1ec7t Ng\u00e0y ph\u00e1t h\u00e0nh: 2025 S\u1ed1 trang: 384 K\u00edch th\u01b0\u1edbc: 14,5 x 20.5 cm NXB: NXB T\u1ed5ng h\u1ee3p TP.HCM Gi\u00e1 b\u00eca: 168.000VND Lo\u1ea1i B\u00eca: B\u00eca m\u1ec1m M\u00f4 t\u1ea3 s\u1ea3n ph\u1ea9m: PUTIN Logic c\u1ee7a Quy\u1ec1n L\u1ef1c T\u1eeb m\u1ed9t nh\u00e2n vi\u00ean t\u00ecnh b\u00e1o \u0111\u1ed1i ngo\u1ea1i&#8230;<\/p>\n","protected":false},"featured_media":15416,"comment_status":"open","ping_status":"closed","template":"","meta":[],"product_brand":[1692],"product_cat":[1682],"product_tag":[],"class_list":{"0":"post-15232","1":"product","2":"type-product","3":"status-publish","4":"has-post-thumbnail","6":"product_brand-nxb-kim-dong","7":"product_cat-tieu-su-hoi-ky","9":"first","10":"instock","11":"sale","12":"shipping-taxable","13":"purchasable","14":"product-type-simple"},"_links":{"self":[{"href":"https:\/\/web-ban-le.mbws.vn\/nha-sach\/wp-json\/wp\/v2\/product\/15232","targetHints":{"allow":["GET"]}}],"collection":[{"href":"https:\/\/web-ban-le.mbws.vn\/nha-sach\/wp-json\/wp\/v2\/product"}],"about":[{"href":"https:\/\/web-ban-le.mbws.vn\/nha-sach\/wp-json\/wp\/v2\/types\/product"}],"replies":[{"embeddable":true,"href":"https:\/\/web-ban-le.mbws.vn\/nha-sach\/wp-json\/wp\/v2\/comments?post=15232"}],"wp:featuredmedia":[{"embeddable":true,"href":"https:\/\/web-ban-le.mbws.vn\/nha-sach\/wp-json\/wp\/v2\/media\/15416"}],"wp:attachment":[{"href":"https:\/\/web-ban-le.mbws.vn\/nha-sach\/wp-json\/wp\/v2\/media?parent=15232"}],"wp:term":[{"taxonomy":"product_brand","embeddable":true,"href":"https:\/\/web-ban-le.mbws.vn\/nha-sach\/wp-json\/wp\/v2\/product_brand?post=15232"},{"taxonomy":"product_cat","embeddable":true,"href":"https:\/\/web-ban-le.mbws.vn\/nha-sach\/wp-json\/wp\/v2\/product_cat?post=15232"},{"taxonomy":"product_tag","embeddable":true,"href":"https:\/\/web-ban-le.mbws.vn\/nha-sach\/wp-json\/wp\/v2\/product_tag?post=15232"}],"curies":[{"name":"wp","href":"https:\/\/api.w.org\/{rel}","templated":true}]}}