{"id":15233,"date":"2025-10-31T13:33:04","date_gmt":"2025-10-31T06:33:04","guid":{"rendered":"https:\/\/web-ban-le.mbws.vn\/nha-sach\/?post_type=product&#038;p=15233"},"modified":"2025-11-01T19:42:37","modified_gmt":"2025-11-01T12:42:37","slug":"sach-hat-giong-tam-hon-tap-1-kho-lon-first-news","status":"publish","type":"product","link":"https:\/\/web-ban-le.mbws.vn\/nha-sach\/san-pham\/sach-hat-giong-tam-hon-tap-1-kho-lon-first-news\/","title":{"rendered":"S\u00e1ch &#8211; H\u1ea1t Gi\u1ed1ng T\u00e2m H\u1ed3n T\u1eadp 1 (Kh\u1ed5 L\u1edbn) &#8211; First News"},"content":{"rendered":"<div class=\"e8lZp3\">\n<p class=\"QN2lPu\">C\u00f4ng ty ph\u00e1t h\u00e0nh: First News &#8211; Tr\u00ed Vi\u1ec7t<\/p>\n<p class=\"QN2lPu\">T\u00e1c Gi\u1ea3: Nhi\u1ec1u t\u00e1c gi\u1ea3<\/p>\n<p class=\"QN2lPu\">Ng\u00e0y ph\u00e1t h\u00e0nh: 2022<\/p>\n<p class=\"QN2lPu\">S\u1ed1 trang: 152<\/p>\n<p class=\"QN2lPu\">K\u00edch th\u01b0\u1edbc:13 x 20.5 cm<\/p>\n<p class=\"QN2lPu\">NXB:NXB T\u1ed5ng h\u1ee3p TP.HCM<\/p>\n<p class=\"QN2lPu\">Gi\u00e1 b\u00eca: 76.000 VND<\/p>\n<p class=\"QN2lPu\">Xu\u1ea5t x\u1ee9: Trong n\u01b0\u1edbc<\/p>\n<p class=\"QN2lPu\">Ng\u00f4n ng\u1eef: Ti\u1ebfng Vi\u1ec7t<\/p>\n<p class=\"QN2lPu\">Lo\u1ea1i B\u00eca: B\u00eca m\u1ec1m<\/p>\n<p class=\"QN2lPu\">M\u00f4 t\u1ea3 s\u1ea3n ph\u1ea9m:<\/p>\n<p class=\"QN2lPu\">H\u1ea1t Gi\u1ed1ng T\u00e2m H\u1ed3n &#8211; Cho L\u00f2ng d\u0169ng C\u1ea3m V\u00e0 T\u00ecnh Y\u00eau Cu\u1ed9c S\u1ed1ng<\/p>\n<p class=\"QN2lPu\">\n<p class=\"QN2lPu\">\u201cCu\u1ed9c s\u1ed1ng v\u1ed1n c\u00f3 nhi\u1ec1u kh\u00f3 kh\u0103n th\u1eed th\u00e1ch v\u00e0 c\u1ea3 th\u1ea5t v\u1ecdng, n\u1ed7i bu\u1ed3n. D\u0169ng c\u1ea3m v\u01b0\u1ee3t qua \u0111\u1ec3 lu\u00f4n l\u00e0 ch\u00ednh m\u00ecnh v\u00e0 \u0111\u1eebng \u0111\u1ec3 \u0111i\u1ec1u g\u00ec c\u00f3 th\u1ec3 che khu\u1ea5t \u01b0\u1edbc m\u01a1, ni\u1ec1m tin v\u00e0 ho\u00e0i b\u00e3o\u201d.<\/p>\n<p class=\"QN2lPu\">\n<p class=\"QN2lPu\">\u0110\u00f3 ch\u00ednh l\u00e0 \u00fd t\u01b0\u1edfng ch\u00ednh c\u1ee7a hai t\u1eadp s\u00e1ch H\u1ea1t gi\u1ed1ng t\u00e2m h\u1ed3n: Cho L\u00f2ng D\u0169ng C\u1ea3m v\u00e0 T\u00ecnh Y\u00eau Cu\u1ed9c S\u1ed1ng do First News (NXB TP. HCM) ph\u00e1t h\u00e0nh. T\u1eadp s\u00e1ch g\u1ed3m 100 b\u00e0i vi\u1ebft, truy\u1ec7n ng\u1eafn hay, c\u00f3 \u00fd ngh\u0129a s\u00e2u s\u1eafc (m\u1ed7i t\u1eadp 50 truy\u1ec7n), g\u1ea7n g\u0169i v\u1edbi cu\u1ed9c s\u1ed1ng, mang t\u00ednh t\u1ef1 nh\u1eadn th\u1ee9c v\u00e0 gi\u00e1o d\u1ee5c cao.<\/p>\n<p class=\"QN2lPu\">\n<p class=\"QN2lPu\">Trong cu\u1ed9c s\u1ed1ng ch\u00fang ta ai c\u0169ng c\u00f3 m\u1ed9t \u01b0\u1edbc m\u01a1 cho m\u1ed9t ng\u00e0y mai th\u1eadt \u0111\u1eb9p, d\u00f9 b\u00ecnh d\u1ecb hay phi th\u01b0\u1eddng. \u0110\u00f3 c\u00f3 th\u1ec3 l\u00e0 \u01b0\u1edbc m\u01a1 c\u1ee7a m\u1ed9t c\u1eadu b\u00e9 m\u1ed3 c\u00f4i mong c\u00f3 ng\u00e0y \u0111\u01b0\u1ee3c ch\u0103m s\u00f3c trong v\u00f2ng tay ng\u01b0\u1eddi m\u1eb9; \u01b0\u1edbc m\u01a1 c\u1ee7a m\u1ed9t ch\u00fa b\u00e9 t\u1eadt nguy\u1ec1n \u0111\u01b0\u1ee3c b\u01b0\u1edbc \u0111i b\u00ecnh th\u01b0\u1eddng nh\u01b0 bao ng\u01b0\u1eddi kh\u00e1c; \u01b0\u1edbc m\u01a1 nh\u00ecn th\u1ea5y \u00e1nh s\u00e1ng c\u1ee7a m\u1ed9t ng\u01b0\u1eddi m\u00f9; \u01b0\u1edbc m\u01a1 t\u00ecm \u0111\u01b0\u1ee3c vi\u1ec7c l\u00e0m c\u1ee7a m\u1ed9t ch\u00e0ng trai th\u1ea5t nghi\u1ec7p\u2026; ho\u1eb7c c\u00f3 th\u1ec3 l\u00e0 nh\u1eefng \u01b0\u1edbc m\u01a1 chinh ph\u1ee5c, v\u01b0\u1ee3t qua th\u1eed th\u00e1ch, v\u01b0\u01a1n l\u00ean kh\u1eb3ng \u0111\u1ecbnh m\u00ecnh v\u00e0 tr\u1edf th\u00e0nh nh\u1eefng g\u00ec m\u00e0 m\u00ecnh t\u1eebng ao \u01b0\u1edbc\u2026           <\/p>\n<p class=\"QN2lPu\">\n<p class=\"QN2lPu\">Nh\u01b0ng cu\u1ed9c s\u1ed1ng lu\u00f4n ti\u1ec1m \u1ea9n nh\u1eefng tr\u1edf ng\u1ea1i, kh\u00f3 kh\u0103n v\u00e0 th\u1eed th\u00e1ch b\u1ea5t ng\u1edd &#8211; con \u0111\u01b0\u1eddng \u0111i \u0111\u1ebfn nh\u1eefng \u01b0\u1edbc m\u01a1 \u1ea5y kh\u00f4ng h\u1ec1 b\u1eb1ng ph\u1eb3ng. Bao kh\u00f3 kh\u0103n, tr\u1edf ng\u1ea1i v\u00e0 c\u1ea3 b\u1ea5t h\u1ea1nh c\u00f3 th\u1ec3 x\u1ea3y ra v\u00e0o nh\u1eefng l\u00fac kh\u00f4ng mong ch\u1edd nh\u1ea5t nh\u01b0 \u0111\u1ec3 th\u1eed th\u00e1ch l\u00f2ng d\u0169ng c\u1ea3m c\u1ee7a con ng\u01b0\u1eddi.<\/p>\n<p class=\"QN2lPu\">\n<p class=\"QN2lPu\">Tr\u01b0\u1edbc nh\u1eefng kh\u00f3 kh\u0103n th\u1eed th\u00e1ch \u1ea5y, m\u1ed7i ng\u01b0\u1eddi s\u1ebd t\u1ef1 ch\u1ecdn cho m\u00ecnh c\u00e1ch \u0111\u00f3n nh\u1eadn, \u0111\u1ed1i \u0111\u1ea7u \u0111\u1ec3 c\u00f3 m\u1ed9t h\u01b0\u1edbng \u0111i ri\u00eang. C\u00f3 ng\u01b0\u1eddi ph\u00f3 th\u00e1c cho s\u1ed1 ph\u1eadn, c\u00f3 ng\u01b0\u1eddi tr\u1ed1n ch\u1ea1y \u0111i t\u00ecm n\u01a1i tr\u00fa \u1ea9n, c\u00f3 ng\u01b0\u1eddi t\u1ef1 thay \u0111\u1ed5i \u0111\u1ec3 th\u00edch nghi v\u1edbi ho\u00e0n c\u1ea3nh m\u1edbi, c\u0169ng c\u00f3 ng\u01b0\u1eddi ch\u00ecm v\u00e0o bi\u1ec3n t\u1ef1 than th\u00e2n, tr\u00e1ch ph\u1eadn \u0111\u1ec3 r\u1ed3i ng\u00e3 g\u1ee5c trong c\u01a1n d\u00f4ng t\u1ed1 cu\u1ed9c \u0111\u1eddi&#8230;<\/p>\n<p class=\"QN2lPu\">\n<p class=\"QN2lPu\">Th\u1ebf nh\u01b0ng, b\u1ea5t k\u1ec3 l\u00e0 ai, t\u1ef1 \u0111\u00e1y l\u00f2ng c\u1ee7a m\u1ed7i con ng\u01b0\u1eddi \u0111\u1ec1u t\u1ed3n t\u1ea1i m\u1ed9t kh\u00e1t v\u1ecdng m\u00e3nh li\u1ec7t &#8211; \u0111\u00f3 l\u00e0 kh\u00e1t v\u1ecdng s\u1ed1ng v\u00e0 \u0111\u01b0\u1ee3c lu\u00f4n l\u00e0 ch\u00ednh m\u00ecnh. Ch\u00ednh kh\u00e1t v\u1ecdng \u1ea5y \u0111\u00e3 khi\u1ebfn bao tr\u00e1i tim tr\u0103n tr\u1edf, thao th\u1ee9c t\u00ecm cho m\u00ecnh m\u1ed9t c\u00e1ch ngh\u0129, m\u1ed9t s\u1ee9c m\u1ea1nh tinh th\u1ea7n, m\u1ed9t h\u01b0\u1edbng \u0111i \u0111\u1ec3 theo \u0111u\u1ed5i nh\u1eefng ho\u00e0i b\u00e3o, \u01b0\u1edbc m\u01a1 c\u1ee7a m\u00ecnh.<\/p>\n<\/div>\n","protected":false},"excerpt":{"rendered":"<p>C\u00f4ng ty ph\u00e1t h\u00e0nh: First News &#8211; Tr\u00ed Vi\u1ec7t T\u00e1c Gi\u1ea3: Nhi\u1ec1u t\u00e1c gi\u1ea3 Ng\u00e0y ph\u00e1t h\u00e0nh: 2022 S\u1ed1 trang: 152 K\u00edch th\u01b0\u1edbc:13 x 20.5 cm NXB:NXB T\u1ed5ng h\u1ee3p TP.HCM Gi\u00e1 b\u00eca: 76.000 VND Xu\u1ea5t x\u1ee9: Trong n\u01b0\u1edbc Ng\u00f4n ng\u1eef: Ti\u1ebfng Vi\u1ec7t Lo\u1ea1i B\u00eca: B\u00eca m\u1ec1m M\u00f4 t\u1ea3 s\u1ea3n ph\u1ea9m: H\u1ea1t Gi\u1ed1ng T\u00e2m H\u1ed3n &#8211;&#8230;<\/p>\n","protected":false},"featured_media":15425,"comment_status":"open","ping_status":"closed","template":"","meta":[],"product_brand":[1692],"product_cat":[1672],"product_tag":[],"class_list":{"0":"post-15233","1":"product","2":"type-product","3":"status-publish","4":"has-post-thumbnail","6":"product_brand-nxb-kim-dong","7":"product_cat-sach-huong-nghiep-phat-trien-ban-than","9":"first","10":"instock","11":"sale","12":"shipping-taxable","13":"purchasable","14":"product-type-simple"},"_links":{"self":[{"href":"https:\/\/web-ban-le.mbws.vn\/nha-sach\/wp-json\/wp\/v2\/product\/15233","targetHints":{"allow":["GET"]}}],"collection":[{"href":"https:\/\/web-ban-le.mbws.vn\/nha-sach\/wp-json\/wp\/v2\/product"}],"about":[{"href":"https:\/\/web-ban-le.mbws.vn\/nha-sach\/wp-json\/wp\/v2\/types\/product"}],"replies":[{"embeddable":true,"href":"https:\/\/web-ban-le.mbws.vn\/nha-sach\/wp-json\/wp\/v2\/comments?post=15233"}],"wp:featuredmedia":[{"embeddable":true,"href":"https:\/\/web-ban-le.mbws.vn\/nha-sach\/wp-json\/wp\/v2\/media\/15425"}],"wp:attachment":[{"href":"https:\/\/web-ban-le.mbws.vn\/nha-sach\/wp-json\/wp\/v2\/media?parent=15233"}],"wp:term":[{"taxonomy":"product_brand","embeddable":true,"href":"https:\/\/web-ban-le.mbws.vn\/nha-sach\/wp-json\/wp\/v2\/product_brand?post=15233"},{"taxonomy":"product_cat","embeddable":true,"href":"https:\/\/web-ban-le.mbws.vn\/nha-sach\/wp-json\/wp\/v2\/product_cat?post=15233"},{"taxonomy":"product_tag","embeddable":true,"href":"https:\/\/web-ban-le.mbws.vn\/nha-sach\/wp-json\/wp\/v2\/product_tag?post=15233"}],"curies":[{"name":"wp","href":"https:\/\/api.w.org\/{rel}","templated":true}]}}