{"id":15234,"date":"2025-10-31T13:33:04","date_gmt":"2025-10-31T06:33:04","guid":{"rendered":"https:\/\/web-ban-le.mbws.vn\/nha-sach\/?post_type=product&#038;p=15234"},"modified":"2025-11-01T19:42:37","modified_gmt":"2025-11-01T12:42:37","slug":"sach-hanh-trinh-ve-phuong-dong-bia-cung-nguyen-phong-first-news","status":"publish","type":"product","link":"https:\/\/web-ban-le.mbws.vn\/nha-sach\/san-pham\/sach-hanh-trinh-ve-phuong-dong-bia-cung-nguyen-phong-first-news\/","title":{"rendered":"S\u00e1ch H\u00e0nh Tr\u00ecnh V\u1ec1 Ph\u01b0\u01a1ng \u0110\u00f4ng (B\u00eca C\u1ee9ng) &#8211; Nguy\u00ean Phong &#8211; First News"},"content":{"rendered":"<div class=\"e8lZp3\">\n<p class=\"QN2lPu\">C\u00f4ng ty ph\u00e1t h\u00e0nh: First News &#8211; Tr\u00ed Vi\u1ec7t<\/p>\n<p class=\"QN2lPu\">D\u1ecbch Gi\u1ea3: Nguy\u00ean Phong<\/p>\n<p class=\"QN2lPu\">T\u00e1c gi\u1ea3: Baird T. Spalding<\/p>\n<p class=\"QN2lPu\">Ng\u00e0y ph\u00e1t h\u00e0nh: 2025<\/p>\n<p class=\"QN2lPu\">S\u1ed1 trang: 208 trang<\/p>\n<p class=\"QN2lPu\">K\u00edch th\u01b0\u1edbc: 16 x 24 cm<\/p>\n<p class=\"QN2lPu\">NXB: NXB Th\u1ebf Gi\u1edbi<\/p>\n<p class=\"QN2lPu\">Gi\u00e1 b\u00eca: 138.000 VND<\/p>\n<p class=\"QN2lPu\">Xu\u1ea5t x\u1ee9: Trong n\u01b0\u1edbc<\/p>\n<p class=\"QN2lPu\">Ng\u00f4n ng\u1eef: Ti\u1ebfng Vi\u1ec7t<\/p>\n<p class=\"QN2lPu\">Lo\u1ea1i b\u00eca: B\u00eca c\u1ee9ng<\/p>\n<p class=\"QN2lPu\">M\u00f4 t\u1ea3 s\u1ea3n ph\u1ea9m:<\/p>\n<p class=\"QN2lPu\">H\u00c0NH TR\u00ccNH V\u1ec0 PH\u01af\u01a0NG \u0110\u00d4NG<\/p>\n<p class=\"QN2lPu\">H\u00e0nh Tr\u00ecnh V\u1ec1 Ph\u01b0\u01a1ng \u0110\u00f4ng, m\u1ed9t trong nh\u1eefng t\u00e1c ph\u1ea9m \u0111\u01b0\u01a1ng \u0111\u1ea1i hay v\u00e0 \u0111\u1ed9c \u0111\u00e1o nh\u1ea5t v\u1ec1 v\u0103n h\u00f3a ph\u01b0\u01a1ng \u0110\u00f4ng v\u1eeba t\u00e1i ng\u1ed9 b\u1ea1n \u0111\u1ecdc trong m\u1ed9t di\u1ec7n m\u1ea1o ho\u00e0n to\u00e0n m\u1edbi, sang tr\u1ecdng v\u00e0 \u1ea5n t\u01b0\u1ee3ng. \u0110\u00e2y l\u00e0 \u1ea5n b\u1ea3n c\u00f3 l\u01b0\u1ee3ng ph\u00e1t h\u00e0nh \u1ea5n t\u01b0\u1ee3ng, h\u01a1n 40.000 b\u1ea3n t\u1ea1i Vi\u1ec7t Nam ch\u1ec9 trong v\u00e0i n\u0103m tr\u1edf l\u1ea1i \u0111\u00e2y.<\/p>\n<p class=\"QN2lPu\">\n<p class=\"QN2lPu\">H\u00e0nh Tr\u00ecnh V\u1ec1 Ph\u01b0\u01a1ng \u0110\u00f4ng k\u1ec3 v\u1ec1 nh\u1eefng tr\u1ea3i nghi\u1ec7m c\u1ee7a m\u1ed9t \u0111o\u00e0n khoa h\u1ecdc g\u1ed3m c\u00e1c chuy\u00ean gia h\u00e0ng \u0111\u1ea7u c\u1ee7a H\u1ed9i Khoa H\u1ecdc Ho\u00e0ng Gia Anh \u0111\u01b0\u1ee3c c\u1eed sang \u1ea4n \u0110\u1ed9 nghi\u00ean c\u1ee9u v\u1ec1 huy\u1ec1n h\u1ecdc v\u00e0 nh\u1eefng kh\u1ea3 n\u0103ng si\u00eau nhi\u00ean c\u1ee7a con ng\u01b0\u1eddi. Su\u1ed1t hai n\u0103m tr\u1eddi rong ru\u1ed5i kh\u1eafp c\u00e1c \u0111\u1ec1n ch\u00f9a \u1ea4n \u0110\u1ed9, di\u1ec7n ki\u1ebfn nhi\u1ec1u ph\u00e1p thu\u1eadt, nhi\u1ec1u c\u1ea3nh m\u00ea t\u00edn d\u1ecb \u0111oan, th\u1eadm ch\u00ed l\u1eeba \u0111\u00e0o\u2026 c\u1ee7a nhi\u1ec1u ph\u00e1p s\u01b0, \u0111\u1ea1o s\u0129\u2026 h\u1ecd \u0111\u01b0\u1ee3c ti\u1ebfp x\u00fac v\u1edbi nh\u1eefng v\u1ecb ch\u00e2n tu th\u00f4ng th\u00e1i s\u1ed1ng \u1ea9n d\u1eadt \u1edf th\u1ecb tr\u1ea5n hay tr\u00ean r\u1eb7ng Tuy\u1ebft S\u01a1n. Nh\u1edd th\u1ebf, h\u1ecd \u0111\u01b0\u1ee3c ch\u1ee9ng ki\u1ebfn, tr\u1ea3i nghi\u1ec7m, hi\u1ec3u bi\u1ebft s\u00e2u s\u1eafc v\u1ec1 c\u00e1c khoa h\u1ecdc c\u1ed5 x\u1ee9c v\u00e0 b\u00ed truy\u1ec1n c\u1ee7a v\u0103n h\u00f3a \u1ea4n \u0110\u1ed9 nh\u01b0 yoga, thi\u1ec1n \u0111\u1ecbnh, thu\u1eadt chi\u00eam tinh, c\u00e1c ph\u00e9p d\u01b0\u1ee1ng sinh v\u00e0 ch\u1eefa b\u1ec7nh, nh\u1eefng ki\u1ebfn th\u1ee9c v\u1ec1 nh\u00e2n duy\u00ean, nghi\u1ec7p b\u00e1o, lu\u1eadt nh\u00e2n qu\u1ea3, c\u00f5i s\u1ed1ng v\u00e0 c\u00f5i ch\u1ebft\u2026<\/p>\n<p class=\"QN2lPu\">\n<p class=\"QN2lPu\"> Cu\u1ed1n s\u00e1ch l\u00e0 m\u1ed9t ph\u1ea7n trong b\u1ed9 h\u1ed3i k\u00fd n\u1ed5i ti\u1ebfng c\u1ee7a gi\u00e1o s\u01b0 Blair T. Spalding (1857 &#8211; 1953), \u201cLife and Teaching of the Masters of the Far East\u201d (xu\u1ea5t b\u1ea3n n\u0103m 1953). B\u1ed9 s\u00e1ch c\u00f3 t\u1ea5t c\u1ea3 s\u00e1u quy\u1ec3n, ghi nh\u1eadn \u0111\u1ea7y \u0111\u1ee7 v\u1ec1 cu\u1ed9c h\u00e0nh tr\u00ecnh gay go nh\u01b0ng l\u00fd th\u00fa v\u00e0 tr\u00e0n \u0111\u1ea7y s\u1ef1 huy\u1ec1n b\u00ed \u1edf \u1ea4n \u0110\u1ed9, T\u00e2y T\u1ea1ng, Trung Hoa v\u00e0 Ba T\u01b0. Ba quy\u1ec3n \u0111\u1ea7u ghi l\u1ea1i nh\u1eefng cu\u1ed9c th\u00e1m hi\u1ec3m c\u1ee7a ph\u00e1i \u0111o\u00e0n g\u1ed3m c\u00e1c nh\u00e0 khoa h\u1ecdc h\u00e0ng \u0111\u1ea7u c\u1ee7a Ho\u00e0ng gia Anh \u0111i t\u1eeb Anh qu\u1ed1c sang \u1ea4n \u0110\u1ed9, c\u00e1c cu\u1ed9c g\u1eb7p g\u1ee1 gi\u1eefa ph\u00e1i \u0111o\u00e0n v\u00e0 nh\u1eefng v\u1ecb th\u1ea7y t\u00e2m linh s\u1ed1ng \u1edf ch\u00e2u \u00c1 v\u00e0 d\u00e3y Hy M\u00e3 L\u1ea1p S\u01a1n. Ba quy\u1ec3n sau l\u00e0 nh\u1eefng ghi nh\u1eadn ri\u00eang c\u1ee7a gi\u00e1o s\u01b0 Spalding v\u1ec1 c\u00e1c cu\u1ed9c h\u00e0nh tr\u00ecnh, s\u1ef1 trao \u0111\u1ed5i ki\u1ebfn th\u1ee9c gi\u1eefa ph\u00e1i \u0111o\u00e0n v\u00e0 c\u00e1c v\u1ecb th\u1ea7y t\u00e2m linh, c\u00f9ng b\u1ea3n t\u01b0\u1eddng tr\u00ecnh c\u1ee7a ph\u00e1i \u0111o\u00e0n \u0111\u00e3 \u0111\u01b0a \u0111\u1ebfn nh\u1eefng cu\u1ed9c tranh lu\u1eadn s\u00f4i n\u1ed5i. Cu\u1ed1i c\u00f9ng th\u00ec ba ng\u01b0\u1eddi trong ph\u00e1i \u0111o\u00e0n \u0111\u00e3 tr\u1edf l\u1ea1i \u1ea4n \u0110\u1ed9 s\u1ed1ng \u0111\u1eddi \u1ea9n s\u0129.<\/p>\n<p class=\"QN2lPu\">\n<p class=\"QN2lPu\"> Xu\u1ea5t b\u1ea3n l\u1ea7n \u0111\u1ea7u ti\u00ean t\u1ea1i NXB Adyar \u1ea4n \u0110\u1ed9 n\u0103m 1924, H\u00e0nh Tr\u00ecnh V\u1ec1 Ph\u01b0\u01a1ng \u0110\u00f4ng \u0111\u00e3 g\u00e2y ra m\u1ed9t d\u01b0 lu\u1eadn tranh c\u00e3i kh\u00f4ng ch\u1ec9 \u1edf n\u01b0\u1edbc Anh m\u00e0 \u1edf c\u1ea3 ch\u00e2u \u00c2u v\u00e0 M\u1ef9. Sau \u0111\u00f3, v\u00ec t\u1ef1 \u00e1i v\u00e0 s\u0129 di\u1ec7n, ch\u00ednh ph\u1ee7 Anh c\u1ea5m ph\u00e1t h\u00e0nh cu\u1ed1n s\u00e1ch n\u00e0y \u1edf Anh Qu\u1ed1c, r\u1ed3i chi\u1ebfn tranh th\u1ebf gi\u1edbi l\u1ea7n th\u1ee9 II x\u1ea3y ra, cu\u1ed1n s\u00e1ch \u0111\u00e3 kh\u00f4ng \u0111\u01b0\u1ee3c t\u00e1i b\u1ea3n \u1edf b\u1ea5t k\u1ef3 NXB n\u00e0o kh\u00e1c tr\u00ean th\u1ebf gi\u1edbi. M\u00e3i \u0111\u1ebfn n\u0103m 2009, NXB Booksurge Hoa K\u1ef3 \u0111\u00e3 t\u00ecm m\u1ecdi c\u00e1ch li\u00ean l\u1ea1c v\u1edbi d\u1ecbch gi\u1ea3 Nguy\u00ean Phong \u0111\u1ec3 xin ph\u00e9p chuy\u1ec3n ng\u1eef cu\u1ed1n s\u00e1ch ti\u1ebfng Vi\u1ec7t n\u00e0y.<\/p>\n<\/div>\n","protected":false},"excerpt":{"rendered":"<p>C\u00f4ng ty ph\u00e1t h\u00e0nh: First News &#8211; Tr\u00ed Vi\u1ec7t D\u1ecbch Gi\u1ea3: Nguy\u00ean Phong T\u00e1c gi\u1ea3: Baird T. Spalding Ng\u00e0y ph\u00e1t h\u00e0nh: 2025 S\u1ed1 trang: 208 trang K\u00edch th\u01b0\u1edbc: 16 x 24 cm NXB: NXB Th\u1ebf Gi\u1edbi Gi\u00e1 b\u00eca: 138.000 VND Xu\u1ea5t x\u1ee9: Trong n\u01b0\u1edbc Ng\u00f4n ng\u1eef: Ti\u1ebfng Vi\u1ec7t Lo\u1ea1i b\u00eca: B\u00eca c\u1ee9ng M\u00f4 t\u1ea3 s\u1ea3n&#8230;<\/p>\n","protected":false},"featured_media":15430,"comment_status":"open","ping_status":"closed","template":"","meta":[],"product_brand":[1692],"product_cat":[1673],"product_tag":[],"class_list":{"0":"post-15234","1":"product","2":"type-product","3":"status-publish","4":"has-post-thumbnail","6":"product_brand-nxb-kim-dong","7":"product_cat-sach-ton-giao-triet-hoc","9":"first","10":"instock","11":"sale","12":"shipping-taxable","13":"purchasable","14":"product-type-simple"},"_links":{"self":[{"href":"https:\/\/web-ban-le.mbws.vn\/nha-sach\/wp-json\/wp\/v2\/product\/15234","targetHints":{"allow":["GET"]}}],"collection":[{"href":"https:\/\/web-ban-le.mbws.vn\/nha-sach\/wp-json\/wp\/v2\/product"}],"about":[{"href":"https:\/\/web-ban-le.mbws.vn\/nha-sach\/wp-json\/wp\/v2\/types\/product"}],"replies":[{"embeddable":true,"href":"https:\/\/web-ban-le.mbws.vn\/nha-sach\/wp-json\/wp\/v2\/comments?post=15234"}],"wp:featuredmedia":[{"embeddable":true,"href":"https:\/\/web-ban-le.mbws.vn\/nha-sach\/wp-json\/wp\/v2\/media\/15430"}],"wp:attachment":[{"href":"https:\/\/web-ban-le.mbws.vn\/nha-sach\/wp-json\/wp\/v2\/media?parent=15234"}],"wp:term":[{"taxonomy":"product_brand","embeddable":true,"href":"https:\/\/web-ban-le.mbws.vn\/nha-sach\/wp-json\/wp\/v2\/product_brand?post=15234"},{"taxonomy":"product_cat","embeddable":true,"href":"https:\/\/web-ban-le.mbws.vn\/nha-sach\/wp-json\/wp\/v2\/product_cat?post=15234"},{"taxonomy":"product_tag","embeddable":true,"href":"https:\/\/web-ban-le.mbws.vn\/nha-sach\/wp-json\/wp\/v2\/product_tag?post=15234"}],"curies":[{"name":"wp","href":"https:\/\/api.w.org\/{rel}","templated":true}]}}