{"id":15236,"date":"2025-10-31T13:33:04","date_gmt":"2025-10-31T06:33:04","guid":{"rendered":"https:\/\/web-ban-le.mbws.vn\/nha-sach\/?post_type=product&#038;p=15236"},"modified":"2025-11-01T19:42:37","modified_gmt":"2025-11-01T12:42:37","slug":"sach-bi-mat-cua-may-man-kho-nho-good-luck-first-news","status":"publish","type":"product","link":"https:\/\/web-ban-le.mbws.vn\/nha-sach\/san-pham\/sach-bi-mat-cua-may-man-kho-nho-good-luck-first-news\/","title":{"rendered":"S\u00e1ch B\u00ed M\u1eadt C\u1ee7a May M\u1eafn (Kh\u1ed5 Nh\u1ecf) &#8211; Good Luck &#8211; First News"},"content":{"rendered":"<div class=\"e8lZp3\">\n<p class=\"QN2lPu\">C\u00f4ng ty ph\u00e1t h\u00e0nh: First News &#8211; Tr\u00ed Vi\u1ec7t<\/p>\n<p class=\"QN2lPu\">T\u00e1c Gi\u1ea3: Nhi\u1ec1u t\u00e1c gi\u1ea3<\/p>\n<p class=\"QN2lPu\">Ng\u00e0y ph\u00e1t h\u00e0nh: 2025<\/p>\n<p class=\"QN2lPu\">Ng\u00f4n ng\u1eef: Ti\u1ebfng Vi\u1ec7t<\/p>\n<p class=\"QN2lPu\">Xu\u1ea5t x\u1ee9: Trong n\u01b0\u1edbc<\/p>\n<p class=\"QN2lPu\">Lo\u1ea1i b\u00eca: B\u00eca m\u1ec1m, Kh\u1ed5 nh\u1ecf<\/p>\n<p class=\"QN2lPu\">S\u1ed1 trang: 160<\/p>\n<p class=\"QN2lPu\">K\u00edch th\u01b0\u1edbc: 11.5 x 16.5 cm<\/p>\n<p class=\"QN2lPu\">Nh\u00e0 xu\u1ea5t b\u1ea3n: NXB T\u1ed5ng H\u1ee3p TP.HCM<\/p>\n<p class=\"QN2lPu\">Gi\u00e1 b\u00eca: 45.000VND<\/p>\n<p class=\"QN2lPu\">M\u00f4 t\u1ea3 s\u1ea3n ph\u1ea9m:<\/p>\n<p class=\"QN2lPu\">B\u00cd M\u1eacT C\u1ee6A MAY M\u1eaeN (kH\u1ed4 NH\u1ece)<\/p>\n<p class=\"QN2lPu\">Cu\u1ed1n s\u00e1ch l\u00e0m b\u1eebng s\u00e1ng \u0111\u1ed9c gi\u1ea3 tr\u00ean to\u00e0n th\u1ebf gi\u1edbi May m\u1eafn l\u00e0 m\u1ed9t kh\u00e1i ni\u1ec7m tr\u1eebu t\u01b0\u1ee3ng, nh\u01b0ng r\u1ea5t g\u1ea7n g\u0169i v\u1edbi cu\u1ed9c s\u1ed1ng v\u00e0  \u0111\u01b0\u1ee3c coi nh\u01b0 m\u1ed9t t\u00e1c nh\u00e2n b\u00ed \u1ea9n g\u00f3p ph\u1ea7n v\u00e0o c\u00e1c m\u1eb7t ho\u1ea1t \u0111\u1ed9ng c\u1ee7a con ng\u01b0\u1eddi. T\u1eeb x\u01b0a \u0111\u1ebfn nay, nhi\u1ec1u h\u1ecdc gi\u1ea3, nhi\u1ec1u nh\u00e0 nghi\u00ean c\u1ee9u tr\u00ean th\u1ebf gi\u1edbi \u0111\u00e3 b\u1ecf c\u00f4ng nghi\u00ean c\u1ee9u, t\u00ecm ki\u1ebfm v\u00e0 hy v\u1ecdng c\u00f3 th\u1ec3 n\u1eafm b\u1eaft \u0111\u01b0\u1ee3c ch\u00eca kh\u00f3a \u0111\u1ec3 m\u1edf c\u00e1nh c\u1eeda c\u1ee7a May m\u1eafn. Con ng\u01b0\u1eddi \u0111\u00e3 t\u00ecm \u0111\u1ee7 m\u1ecdi c\u00e1ch t\u1eeb t\u00ecm ki\u1ebfm, \u0111\u1ebfn c\u1ea7u nguy\u1ec7n, b\u00f9a ch\u00fa nh\u01b0ng may m\u1eafn v\u1eabn m\u00e3i m\u00e3i l\u00e0 kh\u00e1i ni\u1ec7m t\u1ed3n t\u1ea1i trong \u00fd th\u1ee9c con ng\u01b0\u1eddi nh\u01b0 m\u1ed9t v\u1ecb th\u1ea7n linh l\u00fac \u1ea9n, l\u00fac hi\u1ec7n.  <\/p>\n<p class=\"QN2lPu\">Nghi\u00ean c\u1ee9u cu\u1ed9c s\u1ed1ng d\u01b0\u1edbi g\u00f3c nh\u00ecn c\u1ee7a t\u00e2m l\u00fd h\u1ecdc Alex Rovira v\u00e0 Fernando Tr\u00edas de Bes \u0111\u00e3 ph\u00e1t hi\u1ec7n \u0111\u01b0\u1ee3c \u201cd\u1ea5u ch\u00e2n c\u1ee7a th\u1ea7n may m\u1eafn\u201d  m\u00e0 ai c\u0169ng c\u00f3 th\u1ec3 t\u00ecm g\u1eb7p. Cu\u1ed1n s\u00e1ch c\u1ee7a hai \u00f4ng Good Luck \u2013 B\u00ed m\u1eadt c\u1ee7a may m\u1eafn l\u00e0 t\u1eadp h\u1ee3p nh\u1eefng c\u00e2u chuy\u1ec7n l\u1ea1 th\u01b0\u1eddng h\u01b0\u1edbng \u0111\u1ebfn m\u1ed9t b\u00e0i h\u1ecdc v\u00f4 c\u00f9ng gi\u00e1 tr\u1ecb v\u1ec1 cu\u1ed9c s\u1ed1ng: S\u1ef1 may m\u1eafn kh\u00f4ng xu\u1ea5t hi\u1ec7n ng\u1eabu nhi\u00ean trong h\u00e0nh tr\u00ecnh cu\u1ed9c s\u1ed1ng ch\u00fang ta; ch\u00ednh ch\u00fang ta ph\u1ea3i t\u00ecm v\u00e0 t\u1ea1o ra nh\u1eefng \u0111i\u1ec1u ki\u1ec7n \u0111\u1ec3 may m\u1eafn t\u00ecm \u0111\u1ebfn v\u1edbi m\u00ecnh.<\/p>\n<\/div>\n","protected":false},"excerpt":{"rendered":"<p>C\u00f4ng ty ph\u00e1t h\u00e0nh: First News &#8211; Tr\u00ed Vi\u1ec7t T\u00e1c Gi\u1ea3: Nhi\u1ec1u t\u00e1c gi\u1ea3 Ng\u00e0y ph\u00e1t h\u00e0nh: 2025 Ng\u00f4n ng\u1eef: Ti\u1ebfng Vi\u1ec7t Xu\u1ea5t x\u1ee9: Trong n\u01b0\u1edbc Lo\u1ea1i b\u00eca: B\u00eca m\u1ec1m, Kh\u1ed5 nh\u1ecf S\u1ed1 trang: 160 K\u00edch th\u01b0\u1edbc: 11.5 x 16.5 cm Nh\u00e0 xu\u1ea5t b\u1ea3n: NXB T\u1ed5ng H\u1ee3p TP.HCM Gi\u00e1 b\u00eca: 45.000VND M\u00f4 t\u1ea3 s\u1ea3n ph\u1ea9m:&#8230;<\/p>\n","protected":false},"featured_media":15438,"comment_status":"open","ping_status":"closed","template":"","meta":[],"product_brand":[1692],"product_cat":[1672],"product_tag":[],"class_list":{"0":"post-15236","1":"product","2":"type-product","3":"status-publish","4":"has-post-thumbnail","6":"product_brand-nxb-kim-dong","7":"product_cat-sach-huong-nghiep-phat-trien-ban-than","9":"first","10":"instock","11":"sale","12":"shipping-taxable","13":"purchasable","14":"product-type-simple"},"_links":{"self":[{"href":"https:\/\/web-ban-le.mbws.vn\/nha-sach\/wp-json\/wp\/v2\/product\/15236","targetHints":{"allow":["GET"]}}],"collection":[{"href":"https:\/\/web-ban-le.mbws.vn\/nha-sach\/wp-json\/wp\/v2\/product"}],"about":[{"href":"https:\/\/web-ban-le.mbws.vn\/nha-sach\/wp-json\/wp\/v2\/types\/product"}],"replies":[{"embeddable":true,"href":"https:\/\/web-ban-le.mbws.vn\/nha-sach\/wp-json\/wp\/v2\/comments?post=15236"}],"wp:featuredmedia":[{"embeddable":true,"href":"https:\/\/web-ban-le.mbws.vn\/nha-sach\/wp-json\/wp\/v2\/media\/15438"}],"wp:attachment":[{"href":"https:\/\/web-ban-le.mbws.vn\/nha-sach\/wp-json\/wp\/v2\/media?parent=15236"}],"wp:term":[{"taxonomy":"product_brand","embeddable":true,"href":"https:\/\/web-ban-le.mbws.vn\/nha-sach\/wp-json\/wp\/v2\/product_brand?post=15236"},{"taxonomy":"product_cat","embeddable":true,"href":"https:\/\/web-ban-le.mbws.vn\/nha-sach\/wp-json\/wp\/v2\/product_cat?post=15236"},{"taxonomy":"product_tag","embeddable":true,"href":"https:\/\/web-ban-le.mbws.vn\/nha-sach\/wp-json\/wp\/v2\/product_tag?post=15236"}],"curies":[{"name":"wp","href":"https:\/\/api.w.org\/{rel}","templated":true}]}}