{"id":15237,"date":"2025-10-31T13:33:05","date_gmt":"2025-10-31T06:33:05","guid":{"rendered":"https:\/\/web-ban-le.mbws.vn\/nha-sach\/?post_type=product&#038;p=15237"},"modified":"2025-11-01T19:44:01","modified_gmt":"2025-11-01T12:44:01","slug":"sach-combo-marugoto-hieu-biet-ngon-ngu-hoat-dong-giao-tiep-trinh-do-nhap-mon-a1-first-news","status":"publish","type":"product","link":"https:\/\/web-ban-le.mbws.vn\/nha-sach\/san-pham\/sach-combo-marugoto-hieu-biet-ngon-ngu-hoat-dong-giao-tiep-trinh-do-nhap-mon-a1-first-news\/","title":{"rendered":"S\u00e1ch &#8211; Combo Marugoto Hi\u1ec3u Bi\u1ebft Ng\u00f4n Ng\u1eef + Ho\u1ea1t \u0110\u1ed9ng Giao Ti\u1ebfp (Tr\u00ecnh \u0111\u1ed9 Nh\u1eadp M\u00f4n A1) &#8211; First News"},"content":{"rendered":"<div class=\"e8lZp3\">\n<p class=\"QN2lPu\">Gi\u00e1 b\u1ed9: 380.000 VN\u0110<\/p>\n<p class=\"QN2lPu\">&#8212;&#8212;&#8212;&#8212;<\/p>\n<p class=\"QN2lPu\">1. MARUGOTO RIKAI HI\u1ec2U BI\u1ebeT NG\u00d4N NG\u1eee <\/p>\n<p class=\"QN2lPu\">C\u00f4ng ty ph\u00e1t h\u00e0nh First News &#8211; Tr\u00ed Vi\u1ec7t<\/p>\n<p class=\"QN2lPu\">T\u00e1c gi\u1ea3 The Japan Foundation<\/p>\n<p class=\"QN2lPu\">Ng\u00e0y xu\u1ea5t b\u1ea3n 2025<\/p>\n<p class=\"QN2lPu\">K\u00edch th\u01b0\u1edbc 20.5 x 28.5 cm<\/p>\n<p class=\"QN2lPu\">Nh\u00e0 xu\u1ea5t b\u1ea3n Nh\u00e0 Xu\u1ea5t B\u1ea3n \u0110\u1ea1i h\u1ecdc Qu\u1ed1c gia TP.HCM<\/p>\n<p class=\"QN2lPu\">Lo\u1ea1i b\u00eca B\u00eca m\u1ec1m<\/p>\n<p class=\"QN2lPu\">S\u1ed1 trang 200<\/p>\n<p class=\"QN2lPu\">Gi\u00e1 b\u00eca: 190.000 VN\u0110<\/p>\n<p class=\"QN2lPu\">M\u00f4 t\u1ea3 s\u1ea3n ph\u1ea9m:<\/p>\n<p class=\"QN2lPu\">Gi\u00e1o tr\u00ecnh Marugoto &#8211; Ng\u00f4n ng\u1eef v\u00e0 V\u0103n h\u00f3a Nh\u1eadt B\u1ea3n \u0111\u01b0\u1ee3c tri\u1ec3n khai d\u1ef1a tr\u00ean Chu\u1ea9n Gi\u00e1o d\u1ee5c ti\u1ebfng Nh\u1eadt JF. T\u1ef1a \u0111\u1ec1 Marugoto, c\u00f3 ngh\u0129a l\u00e0 tr\u1ecdn v\u1eb9n, ch\u1ee9a \u0111\u1ef1ng th\u00f4ng \u0111i\u1ec7p m\u00e0 ban bi\u00ean so\u1ea1n mu\u1ed1n g\u1eedi \u0111\u1ebfn qu\u00fd \u0111\u1ed9c gi\u1ea3: s\u1ef1 k\u1ebft h\u1ee3p h\u00e0i h\u00f2a h\u00e0i h\u00f2a gi\u1eefa ng\u00f4n ng\u1eef v\u00e0 v\u0103n h\u00f3a.<\/p>\n<p class=\"QN2lPu\">\n<p class=\"QN2lPu\">Gi\u00e1o tr\u00ecnh Marugoto s\u1eed d\u1ee5ng nhi\u1ec1u tranh \u1ea3nh, h\u00ecnh minh h\u1ecda v\u1edbi m\u00e0u s\u1eafc s\u1ed1ng \u0111\u1ed9ng gi\u00fap ng\u01b0\u1eddi h\u1ecdc ti\u1ebfp thu ki\u1ebfn th\u1ee9c qua nhi\u1ec1u gi\u00e1c quan, hi\u1ec3u th\u00eam v\u1ec1 v\u0103n h\u00f3a Nh\u1eadt B\u1ea3n. Marugoto k\u1ebft h\u1ee3p v\u1eeba gi\u1ea3ng d\u1ea1y ti\u1ebfng Nh\u1eadt v\u00e0 n\u00e2ng cao hi\u1ec3u bi\u1ebft v\u0103n h\u00f3a Nh\u1eadt B\u1ea3n. Ng\u01b0\u1eddi h\u1ecdc c\u00f3 th\u1ec3 h\u1ecdc v\u0103n h\u00f3a Nh\u1eadt B\u1ea3n th\u00f4ng qua vi\u1ec7c ti\u1ebfp c\u1eadn v\u1edbi nhi\u1ec1u ch\u1ee7 \u0111\u1ec1 nh\u01b0: du l\u1ecbch, \u1ea9m th\u01b0c, l\u1ec5 h\u1ed9i, truy\u1ec7n tranh.<\/p>\n<p class=\"QN2lPu\">\n<p class=\"QN2lPu\">Marugoto t\u1eadp trung v\u00e0o c\u00e1c t\u00ecnh hu\u1ed1ng giao ti\u1ebfp th\u1ef1c t\u1ebf b\u1eb1ng ti\u1ebfng Nh\u1eadt. Tuy nhi\u00ean, gi\u00e1o tr\u00ecnh n\u00e0y kh\u00f4ng h\u01b0\u1edbng \u0111\u1ebfn m\u1ee5c ti\u00eau gia t\u0103ng l\u01b0\u1ee3ng ki\u1ebfn th\u1ee9c v\u1ec1 c\u00e1c m\u1eabu c\u00e2u, ng\u1eef ph\u00e1p.. Ng\u01b0\u1eddi h\u1ecdc l\u1ea5y c\u00e1c \u201cCan-do\u201d l\u00e0m m\u1ee5c ti\u00eau, theo \u0111\u00f3 h\u1ecdc ki\u1ebfn th\u1ee9c li\u00ean quan \u0111\u1ebfn ti\u1ebfng Nh\u1eadt \u0111\u1ec3 \u1ee9ng d\u1ee5ng trong ho\u00e0n c\u1ea3nh th\u1ef1c t\u1ebf (m\u1ed7i b\u00e0i h\u1ecdc s\u1ebd c\u00f3 c\u00e1c \u201cCan-do\u201d &#8211; nh\u1eefng m\u1ee5c ti\u00eau c\u1ea7n \u0111\u1ea1t \u0111\u01b0\u1ee3c trong ng\u1eef c\u1ea3nh b\u00e0i h\u1ecdc \u0111\u01b0a ra).<\/p>\n<p class=\"QN2lPu\">\n<p class=\"QN2lPu\">\u1ede tr\u00ecnh \u0111\u1ed9 Nh\u1eadp m\u00f4n \u2013 tr\u00ecnh \u0111\u1ed9 d\u00e0nh cho ng\u01b0\u1eddi m\u1edbi b\u1eaft \u0111\u1ea7u h\u1ecdc, ng\u01b0\u1eddi h\u1ecdc s\u1ebd th\u1ef1c hi\u1ec7n c\u00e1c ho\u1ea1t \u0111\u1ed9ng giao ti\u1ebfp \u0111\u01a1n gi\u1ea3n nh\u01b0: ch\u00e0o h\u1ecfi, n\u00f3i v\u1ec1 m\u00f3n \u0103n y\u00eau th\u00edch hay v\u1ec1 s\u1edf th\u00edch c\u1ee7a b\u1ea3n th\u00e2n. \u1ede tr\u00ecnh \u0111\u1ed9 Trung c\u1ea5p, ng\u01b0\u1eddi h\u1ecdc s\u1ebd \u0111\u1ecdc, nghe ti\u1ebfng Nh\u1eadt th\u1ef1c t\u1ebf, \u0111\u1ed3ng th\u1eddi luy\u1ec7n t\u1eadp \u0111\u1ec3 c\u00f3 th\u1ec3 n\u00f3i nh\u1eefng \u0111o\u1ea1n d\u00e0i v\u1ec1 b\u1ea3n th\u00e2n m\u00ecnh. N\u00f3i chung tr\u00ecnh \u0111\u1ed9 n\u00e0o c\u1ee7a gi\u00e1o tr\u00ecnh c\u0169ng h\u01b0\u1edbng t\u1edbi m\u1ee5c ti\u00eau hi\u1ec3u bi\u1ebft l\u1eabn nhau th\u00f4ng qua vi\u1ec7c giao ti\u1ebfp th\u1ef1c t\u1ebf b\u1eb1ng ti\u1ebfng Nh\u1eadt.<\/p>\n<p class=\"QN2lPu\">\n<p class=\"QN2lPu\">Ng\u01b0\u1eddi h\u1ecdc s\u1eed d\u1ee5ng gi\u00e1o tr\u00ecnh Marugoto c\u00f3 th\u1ec3 b\u1eaft \u0111\u1ea7u h\u1ecdc ti\u1ebfng Nh\u1eadt c\u0169ng nh\u01b0 v\u0103n h\u00f3a Nh\u1eadt B\u1ea3n m\u1ed9t c\u00e1ch h\u1ee9ng th\u00fa th\u00f4ng qua vi\u1ec7c ti\u1ebfp c\u1eadn v\u1edbi lo\u1ea1t h\u00ecnh \u1ea3nh minh h\u1ecda s\u1ed1ng \u0111\u1ed9ng. Ngo\u00e0i ra, ng\u01b0\u1eddi h\u1ecdc s\u1ebd \u0111\u01b0\u1ee3c nghe nhi\u1ec1u \u0111o\u1ea1n h\u1ed9i tho\u1ea1i kh\u00e1c nhau v\u00e0 \u0111\u01b0\u1ee3c luy\u1ec7n t\u1eadp h\u1ed9i tho\u1ea1i theo t\u1eebng ng\u1eef c\u1ea3nh th\u00f4ng qua c\u00e1c ho\u1ea1t \u0111\u1ed9ng giao ti\u1ebfp nh\u01b0: th\u00f4ng tin c\u00e1 nh\u00e2n, th\u00f4ng tin gia \u0111\u00ecnh, mua s\u1eafm, h\u00e0ng x\u00f3m, c\u00f4ng vi\u1ec7c, nh\u1eefng t\u00ecnh hu\u1ed1ng trao \u0111\u1ed5i th\u00f4ng tin v\u1ec1 c\u00e1c s\u1ef1 vi\u1ec7c g\u1ea7n g\u0169i th\u01b0\u1eddng ng\u00e0y trong ph\u1ea1m vi \u0111\u01a1n gi\u1ea3n v\u00e0 th\u01b0\u1eddng nh\u1eadt.<\/p>\n<p class=\"QN2lPu\">\n<p class=\"QN2lPu\">\u1ede tr\u00ecnh \u0111\u1ed9 Nh\u1eadp m\u00f4n (A1), gi\u00e1o tr\u00ecnh bao g\u1ed3m hai cu\u1ed1n s\u00e1ch: Katsudoo &#8211; Ho\u1ea1t \u0111\u1ed9ng giao ti\u1ebfp v\u00e0 Rikai &#8211; Hi\u1ec3u bi\u1ebft ng\u00f4n ng\u1eef.<\/p>\n<p class=\"QN2lPu\">\n<p class=\"QN2lPu\">Cu\u1ed1n \u201cMarugoto A1 Ho\u1ea1t \u0111\u1ed9ng giao ti\u1ebfp\u201d h\u01b0\u1edbng t\u1edbi m\u1ee5c ti\u00eau n\u00e2ng cao n\u0103ng l\u1ef1c giao ti\u1ebfp th\u1ef1c t\u1ebf th\u00f4ng qua hai k\u1ef9 n\u0103ng: nghe v\u00e0 n\u00f3i. V\u1edbi cu\u1ed1n \u201cMarugoto A1 Hi\u1ec3u bi\u1ebft ng\u00f4n ng\u1eef\u201d, ng\u01b0\u1eddi h\u1ecdc c\u00f3 th\u1ec3 n\u1eafm b\u1eaft m\u1ed9t c\u00e1ch h\u1ec7 th\u1ed1ng nh\u1eefng c\u1ea5u tr\u00fac ng\u1eef ph\u00e1p \u0111\u1ec3 s\u1eed d\u1ee5ng trong h\u1ed9i tho\u1ea1i.<\/p>\n<p class=\"QN2lPu\">\n<p class=\"QN2lPu\">2. MARUGOTO KATSUDOO HO\u1ea0T \u0110\u1ed8NG GIAO TI\u1ebeP<\/p>\n<p class=\"QN2lPu\">C\u00f4ng ty ph\u00e1t h\u00e0nh First News &#8211; Tr\u00ed Vi\u1ec7t<\/p>\n<p class=\"QN2lPu\">T\u00e1c gi\u1ea3 The Japan Foundation<\/p>\n<p class=\"QN2lPu\">Ng\u00e0y xu\u1ea5t b\u1ea3n 2023<\/p>\n<p class=\"QN2lPu\">K\u00edch th\u01b0\u1edbc 20.5 x 28.5 cm<\/p>\n<p class=\"QN2lPu\">Nh\u00e0 xu\u1ea5t b\u1ea3n Nh\u00e0 Xu\u1ea5t B\u1ea3n \u0110\u1ea1i h\u1ecdc Qu\u1ed1c gia TP.HCM<\/p>\n<p class=\"QN2lPu\">Lo\u1ea1i b\u00eca B\u00eca m\u1ec1m<\/p>\n<p class=\"QN2lPu\">S\u1ed1 trang 200<\/p>\n<p class=\"QN2lPu\">Gi\u00e1 b\u00eca: 190.000 VN\u0110<\/p>\n<p class=\"QN2lPu\">M\u00f4 t\u1ea3 s\u1ea3n ph\u1ea9m:<\/p>\n<p class=\"QN2lPu\">Gi\u00e1o tr\u00ecnh Marugoto &#8211; Ng\u00f4n ng\u1eef v\u00e0 V\u0103n h\u00f3a Nh\u1eadt B\u1ea3n \u0111\u01b0\u1ee3c tri\u1ec3n khai d\u1ef1a tr\u00ean Chu\u1ea9n Gi\u00e1o d\u1ee5c ti\u1ebfng Nh\u1eadt JF. T\u1ef1a \u0111\u1ec1 Marugoto, c\u00f3 ngh\u0129a l\u00e0 tr\u1ecdn v\u1eb9n, ch\u1ee9a \u0111\u1ef1ng th\u00f4ng \u0111i\u1ec7p m\u00e0 ban bi\u00ean so\u1ea1n mu\u1ed1n g\u1eedi \u0111\u1ebfn qu\u00fd \u0111\u1ed9c gi\u1ea3: s\u1ef1 k\u1ebft h\u1ee3p h\u00e0i h\u00f2a h\u00e0i h\u00f2a gi\u1eefa ng\u00f4n ng\u1eef v\u00e0 v\u0103n h\u00f3a.<\/p>\n<p class=\"QN2lPu\">\n<p class=\"QN2lPu\">Gi\u00e1o tr\u00ecnh Marugoto s\u1eed d\u1ee5ng nhi\u1ec1u tranh \u1ea3nh, h\u00ecnh minh h\u1ecda v\u1edbi m\u00e0u s\u1eafc s\u1ed1ng \u0111\u1ed9ng gi\u00fap ng\u01b0\u1eddi h\u1ecdc ti\u1ebfp thu ki\u1ebfn th\u1ee9c qua nhi\u1ec1u gi\u00e1c quan, hi\u1ec3u th\u00eam v\u1ec1 v\u0103n h\u00f3a Nh\u1eadt B\u1ea3n. Marugoto k\u1ebft h\u1ee3p v\u1eeba gi\u1ea3ng d\u1ea1y ti\u1ebfng Nh\u1eadt v\u00e0 n\u00e2ng cao hi\u1ec3u bi\u1ebft v\u0103n h\u00f3a Nh\u1eadt B\u1ea3n. Ng\u01b0\u1eddi h\u1ecdc c\u00f3 th\u1ec3 h\u1ecdc v\u0103n h\u00f3a Nh\u1eadt B\u1ea3n th\u00f4ng qua vi\u1ec7c ti\u1ebfp c\u1eadn v\u1edbi nhi\u1ec1u ch\u1ee7 \u0111\u1ec1 nh\u01b0: du l\u1ecbch, \u1ea9m th\u01b0c, l\u1ec5 h\u1ed9i, truy\u1ec7n tranh.<\/p>\n<p class=\"QN2lPu\">\n<p class=\"QN2lPu\">Marugoto t\u1eadp trung v\u00e0o c\u00e1c t\u00ecnh hu\u1ed1ng giao ti\u1ebfp th\u1ef1c t\u1ebf b\u1eb1ng ti\u1ebfng Nh\u1eadt. Tuy nhi\u00ean, gi\u00e1o tr\u00ecnh n\u00e0y kh\u00f4ng h\u01b0\u1edbng \u0111\u1ebfn m\u1ee5c ti\u00eau gia t\u0103ng l\u01b0\u1ee3ng ki\u1ebfn th\u1ee9c v\u1ec1 c\u00e1c m\u1eabu c\u00e2u, ng\u1eef ph\u00e1p.. Ng\u01b0\u1eddi h\u1ecdc l\u1ea5y c\u00e1c \u201cCan-do\u201d l\u00e0m m\u1ee5c ti\u00eau, theo \u0111\u00f3 h\u1ecdc ki\u1ebfn th\u1ee9c li\u00ean quan \u0111\u1ebfn ti\u1ebfng Nh\u1eadt \u0111\u1ec3 \u1ee9ng d\u1ee5ng trong ho\u00e0n c\u1ea3nh th\u1ef1c t\u1ebf (m\u1ed7i b\u00e0i h\u1ecdc s\u1ebd c\u00f3 c\u00e1c \u201cCan-do\u201d &#8211; nh\u1eefng m\u1ee5c ti\u00eau c\u1ea7n \u0111\u1ea1t \u0111\u01b0\u1ee3c trong ng\u1eef c\u1ea3nh b\u00e0i h\u1ecdc \u0111\u01b0a ra).<\/p>\n<p class=\"QN2lPu\">\n<p class=\"QN2lPu\">Ng\u01b0\u1eddi h\u1ecdc s\u1eed d\u1ee5ng gi\u00e1o tr\u00ecnh Marugoto c\u00f3 th\u1ec3 b\u1eaft \u0111\u1ea7u h\u1ecdc ti\u1ebfng Nh\u1eadt c\u0169ng nh\u01b0 v\u0103n h\u00f3a Nh\u1eadt B\u1ea3n m\u1ed9t c\u00e1ch h\u1ee9ng th\u00fa th\u00f4ng qua vi\u1ec7c ti\u1ebfp c\u1eadn v\u1edbi lo\u1ea1t h\u00ecnh \u1ea3nh minh h\u1ecda s\u1ed1ng \u0111\u1ed9ng. Ngo\u00e0i ra, ng\u01b0\u1eddi h\u1ecdc s\u1ebd \u0111\u01b0\u1ee3c nghe nhi\u1ec1u \u0111o\u1ea1n h\u1ed9i tho\u1ea1i kh\u00e1c nhau v\u00e0 \u0111\u01b0\u1ee3c luy\u1ec7n t\u1eadp h\u1ed9i tho\u1ea1i theo t\u1eebng ng\u1eef c\u1ea3nh th\u00f4ng qua c\u00e1c ho\u1ea1t \u0111\u1ed9ng giao ti\u1ebfp nh\u01b0: th\u00f4ng tin c\u00e1 nh\u00e2n, th\u00f4ng tin gia \u0111\u00ecnh, mua s\u1eafm, h\u00e0ng x\u00f3m, c\u00f4ng vi\u1ec7c, nh\u1eefng t\u00ecnh hu\u1ed1ng trao \u0111\u1ed5i th\u00f4ng tin v\u1ec1 c\u00e1c s\u1ef1 vi\u1ec7c g\u1ea7n g\u0169i th\u01b0\u1eddng ng\u00e0y trong ph\u1ea1m vi \u0111\u01a1n gi\u1ea3n v\u00e0 th\u01b0\u1eddng nh\u1eadt.<\/p>\n<p class=\"QN2lPu\">\n<p class=\"QN2lPu\">  V\u1edbi cu\u1ed1n \u201cMarugoto A1 Hi\u1ec3u bi\u1ebft ng\u00f4n ng\u1eef\u201d, ng\u01b0\u1eddi h\u1ecdc c\u00f3 th\u1ec3 n\u1eafm b\u1eaft m\u1ed9t c\u00e1ch h\u1ec7 th\u1ed1ng nh\u1eefng c\u1ea5u tr\u00fac ng\u1eef ph\u00e1p \u0111\u1ec3 s\u1eed d\u1ee5ng trong h\u1ed9i tho\u1ea1i.<\/p>\n<p class=\"QN2lPu\">\n<p class=\"QN2lPu\">C\u1ea3 2 cu\u1ed1n s\u00e1ch n\u00e0y \u0111\u1ec1u l\u00e0 gi\u00e1o tr\u00ecnh ch\u00ednh khi gi\u1ea3ng d\u1ea1y v\u00e0 c\u00f3 c\u00e1c ch\u1ee7 \u0111\u1ec1 gi\u1ed1ng nhau. Ng\u01b0\u1eddi h\u1ecdc c\u00f3 th\u1ec3 n\u00e2ng cao n\u0103ng l\u1ef1c ti\u1ebfng Nh\u1eadt m\u1ed9t c\u00e1ch to\u00e0n di\u1ec7n th\u00f4ng qua vi\u1ec7c h\u1ecdc k\u1ebft h\u1ee3p hai cu\u1ed1n s\u00e1ch n\u00e0y.<\/p>\n<\/div>\n","protected":false},"excerpt":{"rendered":"<p>Gi\u00e1 b\u1ed9: 380.000 VN\u0110 &#8212;&#8212;&#8212;&#8212; 1. MARUGOTO RIKAI HI\u1ec2U BI\u1ebeT NG\u00d4N NG\u1eee C\u00f4ng ty ph\u00e1t h\u00e0nh First News &#8211; Tr\u00ed Vi\u1ec7t T\u00e1c gi\u1ea3 The Japan Foundation Ng\u00e0y xu\u1ea5t b\u1ea3n 2025 K\u00edch th\u01b0\u1edbc 20.5 x 28.5 cm Nh\u00e0 xu\u1ea5t b\u1ea3n Nh\u00e0 Xu\u1ea5t B\u1ea3n \u0110\u1ea1i h\u1ecdc Qu\u1ed1c gia TP.HCM Lo\u1ea1i b\u00eca B\u00eca m\u1ec1m S\u1ed1 trang 200 Gi\u00e1&#8230;<\/p>\n","protected":false},"featured_media":15451,"comment_status":"open","ping_status":"closed","template":"","meta":[],"product_brand":[1694],"product_cat":[1689],"product_tag":[],"class_list":{"0":"post-15237","1":"product","2":"type-product","3":"status-publish","4":"has-post-thumbnail","6":"product_brand-nxb-phu-nu-viet-nam","7":"product_cat-sach-hoc-ngoai-ngu-tu-dien-sach","9":"first","10":"instock","11":"sale","12":"shipping-taxable","13":"purchasable","14":"product-type-simple"},"_links":{"self":[{"href":"https:\/\/web-ban-le.mbws.vn\/nha-sach\/wp-json\/wp\/v2\/product\/15237","targetHints":{"allow":["GET"]}}],"collection":[{"href":"https:\/\/web-ban-le.mbws.vn\/nha-sach\/wp-json\/wp\/v2\/product"}],"about":[{"href":"https:\/\/web-ban-le.mbws.vn\/nha-sach\/wp-json\/wp\/v2\/types\/product"}],"replies":[{"embeddable":true,"href":"https:\/\/web-ban-le.mbws.vn\/nha-sach\/wp-json\/wp\/v2\/comments?post=15237"}],"wp:featuredmedia":[{"embeddable":true,"href":"https:\/\/web-ban-le.mbws.vn\/nha-sach\/wp-json\/wp\/v2\/media\/15451"}],"wp:attachment":[{"href":"https:\/\/web-ban-le.mbws.vn\/nha-sach\/wp-json\/wp\/v2\/media?parent=15237"}],"wp:term":[{"taxonomy":"product_brand","embeddable":true,"href":"https:\/\/web-ban-le.mbws.vn\/nha-sach\/wp-json\/wp\/v2\/product_brand?post=15237"},{"taxonomy":"product_cat","embeddable":true,"href":"https:\/\/web-ban-le.mbws.vn\/nha-sach\/wp-json\/wp\/v2\/product_cat?post=15237"},{"taxonomy":"product_tag","embeddable":true,"href":"https:\/\/web-ban-le.mbws.vn\/nha-sach\/wp-json\/wp\/v2\/product_tag?post=15237"}],"curies":[{"name":"wp","href":"https:\/\/api.w.org\/{rel}","templated":true}]}}