{"id":15260,"date":"2025-10-31T13:33:31","date_gmt":"2025-10-31T06:33:31","guid":{"rendered":"https:\/\/web-ban-le.mbws.vn\/nha-sach\/?post_type=product&#038;p=15260"},"modified":"2025-11-01T19:42:37","modified_gmt":"2025-11-01T12:42:37","slug":"sach-quang-ganh-lo-di-va-vui-song-kho-nho-firstnews","status":"publish","type":"product","link":"https:\/\/web-ban-le.mbws.vn\/nha-sach\/san-pham\/sach-quang-ganh-lo-di-va-vui-song-kho-nho-firstnews\/","title":{"rendered":"S\u00e1ch Qu\u1eb3ng G\u00e1nh Lo \u0110i V\u00e0 Vui S\u1ed1ng (Kh\u1ed5 Nh\u1ecf) &#8211; FirstNews"},"content":{"rendered":"<div class=\"e8lZp3\">\n<p class=\"QN2lPu\">C\u00f4ng ty ph\u00e1t h\u00e0nh: First News &#8211; Tr\u00ed Vi\u1ec7t<\/p>\n<p class=\"QN2lPu\">T\u00e1c Gi\u1ea3: Dale Carnegie<\/p>\n<p class=\"QN2lPu\">Ng\u00e0y ph\u00e1t h\u00e0nh: 2025<\/p>\n<p class=\"QN2lPu\">S\u1ed1 trang: 200 trang<\/p>\n<p class=\"QN2lPu\">K\u00edch th\u01b0\u1edbc: 11.5 x 16.5 cm<\/p>\n<p class=\"QN2lPu\">Nh\u00e0 xu\u1ea5t b\u1ea3n: NXB T\u1ed5ng h\u1ee3p TPHCM<\/p>\n<p class=\"QN2lPu\">Xu\u1ea5t x\u1ee9: Trong n\u01b0\u1edbc<\/p>\n<p class=\"QN2lPu\">Ng\u00f4n ng\u1eef: Ti\u1ebfng Vi\u1ec7t<\/p>\n<p class=\"QN2lPu\">Lo\u1ea1i b\u00eca: B\u00eca m\u1ec1m<\/p>\n<p class=\"QN2lPu\">Gi\u00e1 b\u00eca: 68.000 VN\u0110<\/p>\n<p class=\"QN2lPu\">M\u00f4 t\u1ea3 s\u1ea3n ph\u1ea9m:<\/p>\n<p class=\"QN2lPu\">Qu\u1eb3ng G\u00e1nh Lo \u0110i V\u00e0 Vui S\u1ed1ng l\u00e0 cu\u1ed1n s\u00e1ch m\u00e0 c\u00e1i t\u00ean \u0111\u00e3 n\u00f3i l\u00ean t\u1ea5t c\u1ea3 n\u1ed9i dung chuy\u1ec3n t\u1ea3i tr\u00ean nh\u1eefng trang gi\u1ea5y.<\/p>\n<p class=\"QN2lPu\">\n<p class=\"QN2lPu\">B\u1ea5t k\u1ef3 ai \u0111ang s\u1ed1ng \u0111\u1ec1u s\u1ebd c\u00f3 nh\u1eefng lo l\u1eafng th\u01b0\u1eddng tr\u1ef1c v\u1ec1 h\u1ecdc h\u00e0nh, c\u00f4ng vi\u1ec7c, nh\u1eefng ho\u00e1 \u0111\u01a1n, chuy\u1ec7n nh\u00e0 c\u1eeda,&#8230; Cu\u1ed9c s\u1ed1ng kh\u00f4ng d\u1ec5 d\u00e0ng gi\u1ea3i tho\u00e1t b\u1ea1n kh\u1ecfi c\u0103ng th\u1eb3ng, ng\u01b0\u1ee3c l\u1ea1i, n\u1ebfu qu\u00e1 lo l\u1eafng, b\u1ea1n c\u00f3 th\u1ec3 m\u1eafc b\u1ec7nh tr\u1ea7m c\u1ea3m. Qu\u1eb3ng G\u00e1nh Lo \u0110i V\u00e0 Vui S\u1ed1ng khuy\u00ean b\u1ea1n h\u00e3y kh\u00f3a ch\u1eb7t d\u0129 v\u00e3ng v\u00e0 t\u01b0\u01a1ng lai l\u1ea1i \u0111\u1ec3 s\u1ed1ng trong c\u00e1i ph\u00f2ng k\u00edn m\u00edt c\u1ee7a ng\u00e0y h\u00f4m nay. M\u1ecdi v\u1ea5n \u0111\u1ec1 \u0111\u1ec1u c\u00f3 th\u1ec3 \u0111\u01b0\u1ee3c gi\u1ea3i quy\u1ebft, ch\u1ec9 c\u1ea7n b\u1ea1n b\u00ecnh t\u0129nh v\u00e0 x\u00e1c \u0111\u1ecbnh \u0111\u00fang h\u00e0nh \u0111\u1ed9ng c\u1ea7n l\u00e0m v\u00e0o \u0111\u00fang th\u1eddi \u0111i\u1ec3m.<\/p>\n<p class=\"QN2lPu\">\n<p class=\"QN2lPu\">N\u00f3i th\u00ec c\u00f3 v\u1ebb d\u1ec5 nh\u01b0ng nh\u1eefng v\u1ea5n \u0111\u1ec1 li\u00ean quan \u0111\u1ebfn c\u00e1c tr\u1ea1ng th\u00e1i tinh th\u1ea7n ch\u1eb3ng bao gi\u1edd d\u1ec5 gi\u1ea3i quy\u1ebft. Ch\u1ea5m d\u1ee9t lo l\u1eafng l\u00e0 \u0111i\u1ec1u kh\u00f4ng th\u1ec3 nh\u01b0ng b\u1edbt \u0111i s\u1ef1 lo l\u1eafng th\u00ec c\u00f3 th\u1ec3, ch\u1ec9 c\u1ea7n b\u1ea1n \u0111\u1ee7 quy\u1ebft t\u00e2m.<\/p>\n<p class=\"QN2lPu\">\n<p class=\"QN2lPu\">Qu\u1eb3ng G\u00e1nh Lo \u0110i V\u00e0 Vui S\u1ed1ng khuy\u00ean b\u1ea1n nh\u1eefng c\u00e1ch \u0111\u1ec3 gi\u1ea3m thi\u1ec3u lo l\u1eafng r\u1ea5t \u0111\u01a1n gi\u1ea3n nh\u01b0 chia s\u1ebb n\u00f3 v\u1edbi ng\u01b0\u1eddi kh\u00e1c, t\u00ecm c\u00e1ch gi\u1ea3i quy\u1ebft v\u1ea5n \u0111\u1ec1, qu\u00ean t\u1ea5t c\u1ea3 nh\u1eefng \u0111i\u1ec1u lo l\u1eafng n\u1eb1m ngo\u00e0i t\u1ea7m tay,&#8230; C\u1ed1 g\u1eafng th\u1ef1c t\u1eadp \u0111i\u1ec1u n\u00e0y h\u00e0ng ng\u00e0y v\u00e0 trong cu\u1ed9c s\u1ed1ng ch\u1eafc h\u1eb3n b\u1ea1n s\u1ebd th\u00e0nh c\u00f4ng, c\u00f3 th\u1ec3, kh\u00f4ng \u0111\u01b0\u1ee3c nh\u01b0 b\u1ea1n mu\u1ed1n, nh\u01b0ng ch\u1ec9 c\u1ea7n b\u1edbt \u0111i m\u1ed9t ch\u00fat phi\u1ec1n mu\u1ed9n th\u00ec cu\u1ed9c s\u1ed1ng c\u1ee7a b\u1ea1n \u0111\u00e3 c\u00f3 th\u00eam m\u1ed9t ni\u1ec1m vui.<\/p>\n<p class=\"QN2lPu\">\n<p class=\"QN2lPu\">Nh\u1edd c\u00e1c ph\u01b0\u01a1ng ph\u00e1p c\u1ee7a Dale Carnegie, h\u00e0ng tri\u1ec7u ng\u01b0\u1eddi \u0111\u1ecdc \u0111\u00e3 x\u00e2y d\u1ef1ng \u0111\u01b0\u1ee3c th\u00e1i \u0111\u1ed9 s\u1ed1ng t\u00edch c\u1ef1c, an t\u00e2m c\u1ea3m nh\u1eadn h\u1ea1nh ph\u00fac v\u00e0 m\u00e3i m\u00e3i lo\u1ea1i b\u1ecf th\u00f3i quen lo l\u1eafng:<\/p>\n<p class=\"QN2lPu\">\n<p class=\"QN2lPu\">H\u00e3y \u0111\u00f3ng ch\u1eb7t nh\u1eefng c\u00e1nh c\u1eeda s\u1eaft d\u1eabn \u0111\u1ebfn qu\u00e1 kh\u1ee9 v\u00e0 t\u01b0\u01a1ng lai. Ch\u1ec9 s\u1ed1ng trong nh\u1eefng v\u00e1ch ng\u0103n c\u1ee7a hi\u1ec7n t\u1ea1i<\/p>\n<p class=\"QN2lPu\">\n<p class=\"QN2lPu\">Nh\u00ecn nh\u1eadn nh\u1eefng m\u1eb7t t\u00edch c\u1ef1c c\u1ee7a cu\u1ed9c s\u1ed1ng<\/p>\n<p class=\"QN2lPu\">\n<p class=\"QN2lPu\">Khi l\u00e0m vi\u1ec7c \u0111\u1ebfn qu\u00ean m\u00ecnh, ta c\u0169ng qu\u00ean \u0111i m\u1ecdi lo l\u1eafng<\/p>\n<p class=\"QN2lPu\">\n<p class=\"QN2lPu\">Th\u1eed ki\u1ec3m tra theo lu\u1eadt b\u00ecnh qu\u00e2n, x\u00e1c su\u1ea5t x\u1ea3y ra \u0111i\u1ec1u b\u1ea1n \u0111ang lo l\u1eafng l\u00e0 bao nhi\u00eau ph\u1ea7n tr\u0103m?<\/p>\n<p class=\"QN2lPu\">\n<p class=\"QN2lPu\">Lu\u00f4n n\u1ed7 l\u1ef1c h\u1ebft m\u00ecnh<\/p>\n<p class=\"QN2lPu\">\n<p class=\"QN2lPu\">H\u00e3y ngh\u0129 \u0111\u1ebfn nh\u1eefng may m\u1eafn b\u1ea1n c\u00f3 \u0111\u01b0\u1ee3c ch\u1ee9 kh\u00f4ng ph\u1ea3i l\u00e0 nh\u1eefng r\u1eafc r\u1ed1i<\/p>\n<p class=\"QN2lPu\">\n<p class=\"QN2lPu\">H\u00e3y qu\u00ean \u0111i b\u1ea3n th\u00e2n b\u1eb1ng c\u00e1ch quan t\u00e2m \u0111\u1ebfn ng\u01b0\u1eddi kh\u00e1c. M\u1ed7i ng\u00e0y l\u00e0m m\u1ed9t \u0111i\u1ec1u t\u1ed1t c\u00f3 th\u1ec3 khi\u1ebfn ai \u0111\u00f3 m\u1ec9m c\u01b0\u1eddi.<\/p>\n<p class=\"QN2lPu\">\n<p class=\"QN2lPu\">Qua h\u01a1n n\u1eeda th\u1ebf k\u1ef7, nh\u1eefng l\u1eddi khuy\u00ean thi\u1ebft th\u1ef1c v\u00e0 s\u00e2u s\u1eafc c\u1ee7a Dale Carnegie v\u1eabn c\u00f2n nguy\u00ean gi\u00e1 tr\u1ecb cho \u0111\u1ebfn ng\u00e0y nay. Ngay b\u00e2y gi\u1edd, b\u1ea1n \u0111\u00e3 c\u00f3 th\u1ec3 ghi t\u00ean m\u00ecnh v\u00e0o danh s\u00e1ch h\u00e0ng tri\u1ec7u con ng\u01b0\u1eddi \u0111\u00e3 h\u1ecdc \u0111\u01b0\u1ee3c c\u00e1ch: Qu\u1eb3ng g\u00e1nh lo \u0111i v\u00e0 vui s\u1ed1ng!<\/p>\n<\/div>\n","protected":false},"excerpt":{"rendered":"<p>C\u00f4ng ty ph\u00e1t h\u00e0nh: First News &#8211; Tr\u00ed Vi\u1ec7t T\u00e1c Gi\u1ea3: Dale Carnegie Ng\u00e0y ph\u00e1t h\u00e0nh: 2025 S\u1ed1 trang: 200 trang K\u00edch th\u01b0\u1edbc: 11.5 x 16.5 cm Nh\u00e0 xu\u1ea5t b\u1ea3n: NXB T\u1ed5ng h\u1ee3p TPHCM Xu\u1ea5t x\u1ee9: Trong n\u01b0\u1edbc Ng\u00f4n ng\u1eef: Ti\u1ebfng Vi\u1ec7t Lo\u1ea1i b\u00eca: B\u00eca m\u1ec1m Gi\u00e1 b\u00eca: 68.000 VN\u0110 M\u00f4 t\u1ea3 s\u1ea3n ph\u1ea9m: Qu\u1eb3ng&#8230;<\/p>\n","protected":false},"featured_media":15458,"comment_status":"open","ping_status":"closed","template":"","meta":[],"product_brand":[1692],"product_cat":[1672],"product_tag":[],"class_list":{"0":"post-15260","1":"product","2":"type-product","3":"status-publish","4":"has-post-thumbnail","6":"product_brand-nxb-kim-dong","7":"product_cat-sach-huong-nghiep-phat-trien-ban-than","9":"first","10":"instock","11":"sale","12":"shipping-taxable","13":"purchasable","14":"product-type-simple"},"_links":{"self":[{"href":"https:\/\/web-ban-le.mbws.vn\/nha-sach\/wp-json\/wp\/v2\/product\/15260","targetHints":{"allow":["GET"]}}],"collection":[{"href":"https:\/\/web-ban-le.mbws.vn\/nha-sach\/wp-json\/wp\/v2\/product"}],"about":[{"href":"https:\/\/web-ban-le.mbws.vn\/nha-sach\/wp-json\/wp\/v2\/types\/product"}],"replies":[{"embeddable":true,"href":"https:\/\/web-ban-le.mbws.vn\/nha-sach\/wp-json\/wp\/v2\/comments?post=15260"}],"wp:featuredmedia":[{"embeddable":true,"href":"https:\/\/web-ban-le.mbws.vn\/nha-sach\/wp-json\/wp\/v2\/media\/15458"}],"wp:attachment":[{"href":"https:\/\/web-ban-le.mbws.vn\/nha-sach\/wp-json\/wp\/v2\/media?parent=15260"}],"wp:term":[{"taxonomy":"product_brand","embeddable":true,"href":"https:\/\/web-ban-le.mbws.vn\/nha-sach\/wp-json\/wp\/v2\/product_brand?post=15260"},{"taxonomy":"product_cat","embeddable":true,"href":"https:\/\/web-ban-le.mbws.vn\/nha-sach\/wp-json\/wp\/v2\/product_cat?post=15260"},{"taxonomy":"product_tag","embeddable":true,"href":"https:\/\/web-ban-le.mbws.vn\/nha-sach\/wp-json\/wp\/v2\/product_tag?post=15260"}],"curies":[{"name":"wp","href":"https:\/\/api.w.org\/{rel}","templated":true}]}}