{"id":15261,"date":"2025-10-31T13:33:31","date_gmt":"2025-10-31T06:33:31","guid":{"rendered":"https:\/\/web-ban-le.mbws.vn\/nha-sach\/?post_type=product&#038;p=15261"},"modified":"2025-11-01T19:42:37","modified_gmt":"2025-11-01T12:42:37","slug":"sach-22-quy-luat-bat-bien-trong-marketing-first-news","status":"publish","type":"product","link":"https:\/\/web-ban-le.mbws.vn\/nha-sach\/san-pham\/sach-22-quy-luat-bat-bien-trong-marketing-first-news\/","title":{"rendered":"S\u00e1ch 22 Quy Lu\u1eadt B\u1ea5t Bi\u1ebfn Trong Marketing &#8211; First News"},"content":{"rendered":"<div class=\"e8lZp3\">\n<p class=\"QN2lPu\">C\u00f4ng ty ph\u00e1t h\u00e0nh: FirstNews &#8211; Tr\u00ed Vi\u1ec7t<\/p>\n<p class=\"QN2lPu\">T\u00e1c Gi\u1ea3: Nhi\u1ec1u t\u00e1c gi\u1ea3<\/p>\n<p class=\"QN2lPu\">Ng\u00e0y ph\u00e1t h\u00e0nh: 2025<\/p>\n<p class=\"QN2lPu\">S\u1ed1 trang: 184<\/p>\n<p class=\"QN2lPu\">K\u00edch th\u01b0\u1edbc:14,5 x 20.5 cm<\/p>\n<p class=\"QN2lPu\">NXB: NXB T\u1ed5ng h\u1ee3p TP.HCM<\/p>\n<p class=\"QN2lPu\">Gi\u00e1 b\u00eca: 78.000VND<\/p>\n<p class=\"QN2lPu\">Lo\u1ea1i B\u00eca: B\u00eca m\u1ec1m<\/p>\n<p class=\"QN2lPu\">M\u00f4 t\u1ea3 s\u1ea3n ph\u1ea9m:<\/p>\n<p class=\"QN2lPu\">22 QUY LU\u1eacT B\u1ea4T BI\u1ebeN TRONG MARKETING<\/p>\n<p class=\"QN2lPu\">22 Quy lu\u1eadt B\u1ea5t bi\u1ebfn trong Markerting v\u1edbi nh\u1eefng quy lu\u1eadt c\u01a1 b\u1ea3n n\u00e0y s\u1ebd h\u01b0\u1edbng d\u1eabn b\u1ea1n c\u00e1ch tr\u00e1nh nh\u1eefng sai l\u1ea7m t\u1eeb ngay giai \u0111o\u1ea1n \u0111\u1ea7u l\u00ean k\u1ebf ho\u1ea1ch marketing. \u0110\u00e2y l\u00e0 nh\u1eefng quy lu\u1eadt c\u01a1 b\u1ea3n c\u00f3 kh\u1ea3 n\u0103ng chi ph\u1ed1i nh\u1ea5t \u0111\u1ecbnh \u0111\u1ebfn s\u1ef1 th\u00e0nh c\u00f4ng c\u0169ng nh\u01b0 th\u1ea5t b\u1ea1i trong c\u00f4ng vi\u1ec7c kinh doanh. C\u00e1c quy lu\u1eadt n\u00e0y b\u1ed5 sung v\u00e0 h\u1ed7 tr\u1ee3 ch\u1eb7t ch\u1ebd cho nhau, t\u1ea1o m\u1ed9t m\u1eafc x\u00edch b\u1ec1n v\u1eefng trong marketing, gi\u00fap b\u1ea1n h\u1ecdc h\u1ecfi \u0111\u01b0\u1ee3c nhi\u1ec1u b\u00e0i h\u1ecdc v\u00e0 kinh nghi\u1ec7m h\u1eefu \u00edch \u0111\u1ec3 \u00e1p d\u1ee5ng th\u00e0nh c\u00f4ng trong c\u00f4ng t\u00e1c marketing c\u1ee7a m\u00ecnh.<\/p>\n<p class=\"QN2lPu\">\n<p class=\"QN2lPu\">Trong giai \u0111o\u1ea1n ph\u00e1t tri\u1ec3n kinh t\u1ebf v\u00e0 c\u1ea1nh tranh hi\u1ec7n nay, s\u1ef1 th\u00e0nh c\u00f4ng trong kinh doanh hay c\u1ee7a m\u1ed9t th\u01b0\u01a1ng hi\u1ec7u ph\u1ee5 thu\u1ed9c r\u1ea5t nhi\u1ec1u v\u00e0o c\u00e1ch th\u1ee9c ti\u1ebfn h\u00e0nh c\u00f4ng t\u00e1c marketing. Th\u1ebf nh\u01b0ng, h\u00e0ng t\u1ef7 \u0111\u00f4 la \u0111ang b\u1ecb ti\u00eau ph\u00ed v\u00e0o nh\u1eefng ch\u01b0\u01a1ng tr\u00ecnh marketing k\u00e9m hi\u1ec7u qu\u1ea3, b\u1ea5t k\u1ec3 \u0111\u00f3 l\u00e0 ch\u01b0\u01a1ng tr\u00ecnh \u0111\u01b0\u1ee3c \u0111\u1ea7u t\u01b0 nhi\u1ec1u c\u00f4ng s\u1ee9c v\u00e0 ti\u1ec1n c\u1ee7a. Th\u1ebf n\u00e0o l\u00e0 m\u1ed9t ch\u01b0\u01a1ng tr\u00ecnh marketing hi\u1ec7u qu\u1ea3? M\u1ed9t ch\u01b0\u01a1ng tr\u00ecnh marketing \u0111\u01b0\u1ee3c xem l\u00e0 ho\u00e0n h\u1ea3o khi n\u00f3 \u0111\u01b0\u1ee3c ph\u00e1t th\u1ea3o k\u1ebf ho\u1ea1ch \u0111\u1ea7y \u0111\u1ee7, th\u1ef1c hi\u1ec7n \u0111\u00fang th\u1eddi \u0111i\u1ec3m, c\u00f3 ngu\u1ed3n h\u1ed7 tr\u1ee3 t\u00e0i ch\u00ednh thu\u1eadn l\u1ee3i v\u00e0 ph\u1ea3i tu\u00e2n theo nh\u1eefng quy lu\u1eadt marketing ph\u00f9 h\u1ee3p. Ng\u01b0\u1ee3c l\u1ea1i, m\u1ed9t chi\u1ebfn d\u1ecbch marketing h\u1eddi h\u1ee3t, kh\u00f4ng tu\u00e2n theo quy lu\u1eadt s\u1ebd m\u1eafc ph\u1ea3i nhi\u1ec1u sai l\u1ea7m v\u00e0 d\u0129 nhi\u00ean s\u1ebd kh\u00f4ng \u0111em l\u1ea1i k\u1ebft qu\u1ea3 nh\u01b0 mong mu\u1ed1n. V\u1eady nh\u1eefng quy lu\u1eadt trong marketing bao g\u1ed3m nh\u1eefng g\u00ec v\u00e0 c\u00f3 hi\u1ec7u qu\u1ea3 trong chi\u1ebfn l\u01b0\u1ee3c kinh doanh nh\u01b0 th\u1ebf n\u00e0o? Theo hai t\u00e1c gi\u1ea3, \u0111\u00f3 l\u00e0 c\u00e1c quy lu\u1eadt:quy lu\u1eadt ti\u00ean phong, quy lu\u1eadt ch\u1ee7ng lo\u1ea1i, quy lu\u1eadt ghi nh\u1edb, quy lu\u1eadt nh\u1eadn th\u1ee9c, quy lu\u1eadt t\u1eadp trung, quy lu\u1eadt \u0111\u1ed9c quy\u1ec1n, quy lu\u1eadt n\u1ea5c thang, quy lu\u1eadt song \u0111\u00f4i, quy lu\u1eadt \u0111\u1ed1i ngh\u1ecbch, quy lu\u1eadt m\u1edf r\u1ed9ng, quy lu\u1eadt hy sinh, quy lu\u1eadt th\u00e0nh c\u00f4ng, quy lu\u1eadt gia t\u1ed1c, quy lu\u1eadt ngu\u1ed3n l\u1ef1c&#8230;<\/p>\n<p class=\"QN2lPu\">\n<p class=\"QN2lPu\">22 Quy lu\u1eadt B\u1ea5t bi\u1ebfn trong Markerting v\u1edbi nh\u1eefng quy lu\u1eadt c\u01a1 b\u1ea3n n\u00e0y s\u1ebd h\u01b0\u1edbng d\u1eabn b\u1ea1n c\u00e1ch tr\u00e1nh nh\u1eefng sai l\u1ea7m t\u1eeb ngay giai \u0111o\u1ea1n \u0111\u1ea7u l\u00ean k\u1ebf ho\u1ea1ch marketing. \u0110\u00e2y l\u00e0 nh\u1eefng quy lu\u1eadt c\u01a1 b\u1ea3n c\u00f3 kh\u1ea3 n\u0103ng chi ph\u1ed1i nh\u1ea5t \u0111\u1ecbnh \u0111\u1ebfn s\u1ef1 th\u00e0nh c\u00f4ng c\u0169ng nh\u01b0 th\u1ea5t b\u1ea1i trong c\u00f4ng vi\u1ec7c kinh doanh. C\u00e1c quy lu\u1eadt n\u00e0y b\u1ed5 sung v\u00e0 h\u1ed7 tr\u1ee3 ch\u1eb7t ch\u1ebd cho nhau, t\u1ea1o m\u1ed9t m\u1eafc x\u00edch b\u1ec1n v\u1eefng trong marketing, gi\u00fap b\u1ea1n h\u1ecdc h\u1ecfi \u0111\u01b0\u1ee3c nhi\u1ec1u b\u00e0i h\u1ecdc v\u00e0 kinh nghi\u1ec7m h\u1eefu \u00edch \u0111\u1ec3 \u00e1p d\u1ee5ng th\u00e0nh c\u00f4ng trong c\u00f4ng t\u00e1c marketing c\u1ee7a m\u00ecnh.<\/p>\n<p class=\"QN2lPu\">\n<p class=\"QN2lPu\">Th\u1ebf n\u00e0o l\u00e0 m\u1ed9t ch\u01b0\u01a1ng tr\u00ecnh marketing hi\u1ec7u qu\u1ea3? M\u1ed9t ch\u01b0\u01a1ng tr\u00ecnh marketing \u0111\u01b0\u1ee3c xem l\u00e0 ho\u00e0n h\u1ea3o khi n\u00f3 \u0111\u01b0\u1ee3c ph\u00e1t th\u1ea3o k\u1ebf ho\u1ea1ch \u0111\u1ea7y \u0111\u1ee7, th\u1ef1c hi\u1ec7n \u0111\u00fang th\u1eddi \u0111i\u1ec3m, c\u00f3 ngu\u1ed3n h\u1ed7 tr\u1ee3 t\u00e0i ch\u00ednh thu\u1eadn l\u1ee3i v\u00e0 ph\u1ea3i tu\u00e2n theo nh\u1eefng quy lu\u1eadt marketing ph\u00f9 h\u1ee3p. Ng\u01b0\u1ee3c l\u1ea1i, m\u1ed9t chi\u1ebfn d\u1ecbch marketing h\u1eddi h\u1ee3t, kh\u00f4ng tu\u00e2n theo quy lu\u1eadt s\u1ebd m\u1eafc ph\u1ea3i nhi\u1ec1u sai l\u1ea7m v\u00e0 d\u0129 nhi\u00ean s\u1ebd kh\u00f4ng \u0111em l\u1ea1i k\u1ebft qu\u1ea3 nh\u01b0 mong mu\u1ed1n. V\u1eady nh\u1eefng quy lu\u1eadt trong marketing bao g\u1ed3m nh\u1eefng g\u00ec v\u00e0 c\u00f3 hi\u1ec7u qu\u1ea3 trong chi\u1ebfn l\u01b0\u1ee3c kinh doanh nh\u01b0 th\u1ebf n\u00e0o? Theo hai t\u00e1c gi\u1ea3, \u0111\u00f3 l\u00e0 c\u00e1c quy lu\u1eadt:quy lu\u1eadt ti\u00ean phong, quy lu\u1eadt ch\u1ee7ng lo\u1ea1i, quy lu\u1eadt ghi nh\u1edb, quy lu\u1eadt nh\u1eadn th\u1ee9c, quy lu\u1eadt t\u1eadp trung, quy lu\u1eadt \u0111\u1ed9c quy\u1ec1n, quy lu\u1eadt n\u1ea5c thang, quy lu\u1eadt song \u0111\u00f4i, quy lu\u1eadt \u0111\u1ed1i ngh\u1ecbch, quy lu\u1eadt m\u1edf r\u1ed9ng, quy lu\u1eadt hy sinh, quy lu\u1eadt th\u00e0nh c\u00f4ng, quy lu\u1eadt gia t\u1ed1c, quy lu\u1eadt ngu\u1ed3n l\u1ef1c&#8230;<\/p>\n<\/div>\n","protected":false},"excerpt":{"rendered":"<p>C\u00f4ng ty ph\u00e1t h\u00e0nh: FirstNews &#8211; Tr\u00ed Vi\u1ec7t T\u00e1c Gi\u1ea3: Nhi\u1ec1u t\u00e1c gi\u1ea3 Ng\u00e0y ph\u00e1t h\u00e0nh: 2025 S\u1ed1 trang: 184 K\u00edch th\u01b0\u1edbc:14,5 x 20.5 cm NXB: NXB T\u1ed5ng h\u1ee3p TP.HCM Gi\u00e1 b\u00eca: 78.000VND Lo\u1ea1i B\u00eca: B\u00eca m\u1ec1m M\u00f4 t\u1ea3 s\u1ea3n ph\u1ea9m: 22 QUY LU\u1eacT B\u1ea4T BI\u1ebeN TRONG MARKETING 22 Quy lu\u1eadt B\u1ea5t bi\u1ebfn trong Markerting&#8230;<\/p>\n","protected":false},"featured_media":15466,"comment_status":"open","ping_status":"closed","template":"","meta":[],"product_brand":[1692],"product_cat":[1675],"product_tag":[],"class_list":{"0":"post-15261","1":"product","2":"type-product","3":"status-publish","4":"has-post-thumbnail","6":"product_brand-nxb-kim-dong","7":"product_cat-sach-kinh-te-kinh-doanh","9":"first","10":"instock","11":"sale","12":"shipping-taxable","13":"purchasable","14":"product-type-simple"},"_links":{"self":[{"href":"https:\/\/web-ban-le.mbws.vn\/nha-sach\/wp-json\/wp\/v2\/product\/15261","targetHints":{"allow":["GET"]}}],"collection":[{"href":"https:\/\/web-ban-le.mbws.vn\/nha-sach\/wp-json\/wp\/v2\/product"}],"about":[{"href":"https:\/\/web-ban-le.mbws.vn\/nha-sach\/wp-json\/wp\/v2\/types\/product"}],"replies":[{"embeddable":true,"href":"https:\/\/web-ban-le.mbws.vn\/nha-sach\/wp-json\/wp\/v2\/comments?post=15261"}],"wp:featuredmedia":[{"embeddable":true,"href":"https:\/\/web-ban-le.mbws.vn\/nha-sach\/wp-json\/wp\/v2\/media\/15466"}],"wp:attachment":[{"href":"https:\/\/web-ban-le.mbws.vn\/nha-sach\/wp-json\/wp\/v2\/media?parent=15261"}],"wp:term":[{"taxonomy":"product_brand","embeddable":true,"href":"https:\/\/web-ban-le.mbws.vn\/nha-sach\/wp-json\/wp\/v2\/product_brand?post=15261"},{"taxonomy":"product_cat","embeddable":true,"href":"https:\/\/web-ban-le.mbws.vn\/nha-sach\/wp-json\/wp\/v2\/product_cat?post=15261"},{"taxonomy":"product_tag","embeddable":true,"href":"https:\/\/web-ban-le.mbws.vn\/nha-sach\/wp-json\/wp\/v2\/product_tag?post=15261"}],"curies":[{"name":"wp","href":"https:\/\/api.w.org\/{rel}","templated":true}]}}