{"id":15288,"date":"2025-10-31T13:33:53","date_gmt":"2025-10-31T06:33:53","guid":{"rendered":"https:\/\/web-ban-le.mbws.vn\/nha-sach\/?post_type=product&#038;p=15288"},"modified":"2025-11-01T19:42:37","modified_gmt":"2025-11-01T12:42:37","slug":"sach-nhe-nhang-ma-song-first-news","status":"publish","type":"product","link":"https:\/\/web-ban-le.mbws.vn\/nha-sach\/san-pham\/sach-nhe-nhang-ma-song-first-news\/","title":{"rendered":"S\u00e1ch Nh\u1eb9 Nh\u00e0ng M\u00e0 S\u1ed1ng &#8211; First News"},"content":{"rendered":"<div class=\"e8lZp3\">\n<p class=\"QN2lPu\">* Th\u00f4ng tin s\u00e1ch<\/p>\n<p class=\"QN2lPu\">\u2022 Nh\u00e0 xu\u1ea5t b\u1ea3n: NXB D\u00e2n Tr\u00ed <\/p>\n<p class=\"QN2lPu\">\u2022 T\u00e1c gi\u1ea3: yung pueblo<\/p>\n<p class=\"QN2lPu\">\u2022 S\u1ed1 trang: 300<\/p>\n<p class=\"QN2lPu\">\u2022 Kh\u1ed5 s\u00e1ch: 14,5 x 20,5 cm <\/p>\n<p class=\"QN2lPu\">\u2022 Quy c\u00e1ch in: B\u00eca m\u1ec1m, tay g\u1ea5p, c\u00f3 hi\u1ec7u \u1ee9ng <\/p>\n<p class=\"QN2lPu\">\u2022 Gi\u00e1 b\u00eca: 148.000<\/p>\n<p class=\"QN2lPu\">\n<p class=\"QN2lPu\">Gi\u1edbi thi\u1ec7u s\u00e1ch: Nh\u1eb9 nh\u00e0ng m\u00e0 s\u1ed1ng<\/p>\n<p class=\"QN2lPu\">\n<p class=\"QN2lPu\">Nh\u1eefng ng\u01b0\u1eddi mang trong m\u00ecnh n\u1ed7i lo \u00e2u, k\u00fd \u1ee9c bu\u1ed3n hay c\u00e1c k\u1ef3 v\u1ecdng qu\u00e1 m\u1ee9c v\u00e0o cu\u1ed9c s\u1ed1ng, th\u01b0\u1eddng ch\u00ednh l\u00e0 nh\u1eefng ng\u01b0\u1eddi lu\u00f4n c\u1ea3m th\u1ea5y l\u00f2ng m\u00ecnh n\u1eb7ng n\u1ec1 nh\u1ea5t. H\u1ecd c\u1ed1 g\u1eafng ch\u1ea1y tr\u1ed1n n\u1ed7i \u0111au, k\u00ecm n\u00e9n c\u1ea3m x\u00fac ho\u1eb7c t\u00ecm \u0111\u1ebfn nh\u1eefng gi\u1ea3i ph\u00e1p t\u1ea1m b\u1ee3. Nh\u01b0ng h\u1ecd c\u00e0ng tr\u1ed1n ch\u1ea1y th\u00ec g\u00e1nh n\u1eb7ng \u1ea5y l\u1ea1i c\u00e0ng b\u00e1m ri\u1ebft kh\u00f4ng bu\u00f4ng. <\/p>\n<p class=\"QN2lPu\">V\u00ec l\u1ebd \u0111\u00f3, trong cu\u1ed1n \u201cNh\u1eb9 nh\u00e0ng m\u00e0 s\u1ed1ng\u201d (t\u1ef1a g\u1ed1c: Lighter), yung pueblo \u2013 m\u1ed9t t\u00e1c gi\u1ea3, thi\u1ec1n gi\u1ea3 n\u1ed5i ti\u1ebfng \u0111\u01b0\u1ee3c h\u00e0ng tri\u1ec7u \u0111\u1ed9c gi\u1ea3 to\u00e0n c\u1ea7u y\u00eau m\u1ebfn \u2013 \u0111\u00e3 d\u1eabn d\u1eaft ng\u01b0\u1eddi \u0111\u1ecdc b\u01b0\u1edbc v\u00e0o m\u1ed9t h\u00e0nh tr\u00ecnh v\u1eeba th\u00e2n thu\u1ed9c l\u1ea1i v\u1eeba t\u00e1o b\u1ea1o: h\u00e0nh tr\u00ecnh \u0111\u1ed1i di\u1ec7n v\u1edbi n\u1ed7i \u0111au c\u1ee7a b\u1ea3n th\u00e2n \u0111\u1ec3 t\u00ecm th\u1ea5y s\u1ef1 nh\u1eb9 nh\u00f5m \u0111\u00edch th\u1ef1c.<\/p>\n<p class=\"QN2lPu\">\n<p class=\"QN2lPu\">\u201cNh\u1eb9 nh\u00e0ng m\u00e0 s\u1ed1ng\u201d l\u00e0 l\u1eddi chia s\u1ebb ch\u00e2n th\u00e0nh \u0111\u01b0\u1ee3c \u0111\u00fac k\u1ebft t\u1eeb c\u00e2u chuy\u1ec7n cu\u1ed9c \u0111\u1eddi c\u1ee7a ch\u00ednh t\u00e1c gi\u1ea3 \u2013 m\u1ed9t ng\u01b0\u1eddi t\u1eebng l\u1ec7 thu\u1ed9c v\u00e0o ch\u1ea5t g\u00e2y nghi\u1ec7n \u0111\u1ec3 t\u1ea1m qu\u00ean n\u1ed7i \u0111au tinh th\u1ea7n, khi\u1ebfn c\u01a1 th\u1ec3 b\u1ecb suy ki\u1ec7t n\u1eb7ng n\u1ec1, r\u1ed3i nh\u1eadn ra con \u0111\u01b0\u1eddng duy nh\u1ea5t \u0111\u1ec3 gi\u1ea3i tho\u00e1t kh\u00f4ng ph\u1ea3i l\u00e0 ti\u1ebfp t\u1ee5c n\u00e9 tr\u00e1nh m\u00e0 l\u00e0 can \u0111\u1ea3m \u0111\u1ed1i di\u1ec7n. Trong qu\u00e1 tr\u00ecnh t\u00ecm ki\u1ebfm s\u1ef1 ch\u1eefa l\u00e0nh, t\u00e1c gi\u1ea3 \u0111\u00e3 t\u00ecm \u0111\u1ebfn thi\u1ec1n, h\u1ecdc c\u00e1ch l\u1eafng nghe tr\u1ef1c gi\u00e1c, v\u00e0 quan tr\u1ecdng h\u01a1n h\u1ebft l\u00e0 h\u1ecdc c\u00e1ch bu\u00f4ng b\u1ecf.<\/p>\n<p class=\"QN2lPu\">\n<p class=\"QN2lPu\">Theo yung pueblo, \u201cbu\u00f4ng b\u1ecf\u201d kh\u00f4ng \u0111\u1ed3ng ngh\u0129a v\u1edbi qu\u00ean l\u00e3ng. Bu\u00f4ng b\u1ecf l\u00e0 ch\u1ea5p nh\u1eadn kho\u1ea3nh kh\u1eafc hi\u1ec7n t\u1ea1i m\u1ed9t c\u00e1ch tr\u1ecdn v\u1eb9n, \u0111\u1ec3 qu\u00e1 kh\u1ee9 kh\u00f4ng c\u00f2n giam h\u00e3m ta trong \u0111au kh\u1ed5 tri\u1ec1n mi\u00ean. \u0110\u00e2y ch\u00ednh l\u00e0 b\u01b0\u1edbc \u0111\u1ea7u ti\u00ean \u0111\u1ec3 ta t\u00ecm l\u1ea1i s\u1ef1 b\u00ecnh y\u00ean trong t\u00e2m tr\u00ed. Anh nh\u1ea5n m\u1ea1nh: \u201c\u0110\u1eebng suy ngh\u0129 qu\u00e1 ph\u1ee9c t\u1ea1p v\u1ec1 vi\u1ec7c bu\u00f4ng b\u1ecf, v\u00ec th\u1ef1c ch\u1ea5t \u0111\u00f3 ch\u1ec9 \u0111\u01a1n gi\u1ea3n l\u00e0 r\u00e8n luy\u1ec7n kh\u1ea3 n\u0103ng nh\u00ecn nh\u1eadn b\u1ea3n th\u00e2n m\u1ed9t c\u00e1ch r\u00f5 r\u00e0ng. N\u1ebfu kh\u00f4ng th\u1ec3 th\u1ea5y r\u00f5 ch\u00ednh m\u00ecnh, b\u1ea1n s\u1ebd kh\u00f4ng c\u00f3 l\u1ef1a ch\u1ecdn n\u00e0o kh\u00e1c ngo\u00e0i vi\u1ec7c ti\u1ebfp t\u1ee5c ph\u1ea3n \u1ee9ng theo c\u00e1ch c\u0169\u201d.<\/p>\n<p class=\"QN2lPu\">\n<p class=\"QN2lPu\">Qua t\u1eebng ch\u01b0\u01a1ng s\u00e1ch, yung pueblo gi\u00fap ng\u01b0\u1eddi \u0111\u1ecdc nh\u1eadn di\u1ec7n nh\u1eefng th\u00f3i quen \u201ckh\u00f4ng ph\u1ea3i l\u00e0 ch\u1eefa l\u00e0nh\u201d nh\u01b0: che gi\u1ea5u, k\u00ecm n\u00e9n, ch\u1ea1y tr\u1ed1n\u2026 T\u1ea5t c\u1ea3 nh\u1eefng ph\u1ea3n \u1ee9ng \u0111\u00f3 ch\u1ec9 khi\u1ebfn t\u00e2m h\u1ed3n ta th\u00eam n\u1eb7ng n\u1ec1. Tr\u00e1i l\u1ea1i, h\u00e0nh tr\u00ecnh ch\u1eefa l\u00e0nh \u0111\u00edch th\u1ef1c b\u1eaft \u0111\u1ea7u khi ta d\u00e1m \u0111\u1ed1i di\u1ec7n v\u1edbi ngu\u1ed3n g\u1ed1c c\u1ee7a kh\u1ed5 \u0111au, ki\u00ean nh\u1eabn th\u00e1o g\u1ee1 nh\u1eefng khu\u00f4n m\u1eabu ph\u1ea3n \u1ee9ng c\u0169 v\u00e0 nu\u00f4i d\u01b0\u1ee1ng s\u1ef1 b\u00ecnh y\u00ean n\u1ed9i t\u1ea1i. <\/p>\n<p class=\"QN2lPu\">\n<p class=\"QN2lPu\">B\u1edfi l\u1ebd, nh\u01b0 t\u00e1c gi\u1ea3 chia s\u1ebb, \u201ckh\u00f4ng c\u00f3 g\u00ec sai khi t\u1eadn h\u01b0\u1edfng ni\u1ec1m vui, nh\u01b0ng n\u1ebfu ch\u1ec9 s\u1ed1ng \u0111\u1ec3 t\u00ecm ki\u1ebfm ni\u1ec1m vui, b\u1ea1n s\u1ebd s\u1edbm c\u1ea3m th\u1ea5y tr\u1ed1ng r\u1ed7ng. Ban \u0111\u1ea7u, c\u00e1ch l\u00e0m n\u00e0y c\u00f3 th\u1ec3 gi\u00fap b\u1ea1n c\u1ea3m th\u1ea5y nh\u1eb9 nh\u00f5m, nh\u01b0ng v\u1ec1 sau, b\u1ea1n s\u1ebd th\u1ea5y m\u00ecnh nh\u01b0 \u0111ang s\u1ed1ng trong m\u1ed9t c\u01a1 th\u1ec3 v\u00e0 t\u00e2m tr\u00ed xa l\u1ea1\u201d.<\/p>\n<p class=\"QN2lPu\">\n<p class=\"QN2lPu\">Kh\u00f4ng \u0111\u01b0a ra nh\u1eefng c\u00f4ng th\u1ee9c ng\u1eafn g\u1ecdn hay l\u1eddi r\u0103n d\u1ea1y c\u1ee9ng nh\u1eafc, yung pueblo vi\u1ebft nh\u01b0 th\u1ec3 \u0111ang th\u1ee7 th\u1ec9 t\u00e2m s\u1ef1 v\u1edbi b\u1ea1n \u0111\u1ecdc r\u1eb1ng h\u00e3y trung th\u1ef1c v\u1edbi b\u1ea3n th\u00e2n, h\u00e3y ki\u00ean nh\u1eabn v\u1edbi nh\u1eefng v\u1ebft th\u01b0\u01a1ng c\u00f2n \u0111au nh\u00f3i v\u00e0 h\u00e3y tin r\u1eb1ng ch\u1eefa l\u00e0nh l\u00e0 \u0111i\u1ec1u kh\u1ea3 d\u0129. H\u01a1n th\u1ebf n\u1eefa, \u201cNh\u1eb9 nh\u00e0ng m\u00e0 s\u1ed1ng\u201d kh\u00f4ng ch\u1ec9 d\u1eebng l\u1ea1i \u1edf h\u00e0nh tr\u00ecnh ch\u1eefa l\u00e0nh c\u00e1 nh\u00e2n, m\u00e0 t\u00e1c gi\u1ea3 c\u00f2n m\u1edf r\u1ed9ng t\u1ea7m nh\u00ecn \u0111\u1ebfn s\u1ef1 chuy\u1ec3n h\u00f3a c\u1ee7a c\u1ea3 c\u1ed9ng \u0111\u1ed3ng. B\u1edfi l\u1ebd, khi m\u1ed9t ng\u01b0\u1eddi h\u1ecdc \u0111\u01b0\u1ee3c c\u00e1ch y\u00eau b\u1ea3n th\u00e2n, h\u1ecd s\u1ebd d\u1ea7n m\u1edf ra c\u00e1nh c\u1eeda d\u1eabn \u0111\u1ebfn t\u00ecnh y\u00eau d\u00e0nh cho t\u1ea5t c\u1ea3 ch\u00fang sinh, v\u00e0 t\u00ecnh y\u00eau \u1ea5y s\u1ebd g\u00f3p ph\u1ea7n ki\u1ebfn t\u1ea1o n\u00ean m\u1ed9t th\u1ebf gi\u1edbi \u0111\u1ea7y l\u00f2ng tr\u1eafc \u1ea9n \u2013 \u0111i\u1ec1u m\u00e0 yung pueblo g\u1ecdi l\u00e0 \u201cl\u00f2ng tr\u1eafc \u1ea9n mang t\u00ednh h\u1ec7 th\u1ed1ng\u201d. Quy\u1ec3n s\u00e1ch n\u00e0y kh\u00f4ng ch\u1ec9 vi\u1ebft v\u1ec1 s\u1ef1 ch\u1eefa l\u00e0nh cho t\u1eebng c\u00e1 nh\u00e2n m\u00e0 c\u00f2n \u0111\u01b0a ra g\u1ee3i \u00fd v\u1ec1 con \u0111\u01b0\u1eddng ch\u1eefa l\u00e0nh cho c\u1ea3 nh\u00e2n lo\u1ea1i.<\/p>\n<p class=\"QN2lPu\">\n<p class=\"QN2lPu\">Trong t\u1eebng c\u00e2u ch\u1eef, yung pueblo lu\u00f4n gieo cho ch\u00fang ta m\u1ed9t ni\u1ec1m tin r\u1eb1ng ch\u1eefa l\u00e0nh kh\u00f4ng ph\u1ea3i l\u00e0 \u0111\u00edch \u0111\u1ebfn duy nh\u1ea5t m\u00e0 l\u00e0 m\u1ed9t h\u00e0nh tr\u00ecnh ch\u1eadm r\u00e3i, k\u1ef3 di\u1ec7u v\u00e0 d\u00e0nh cho t\u1ea5t c\u1ea3 m\u1ecdi ng\u01b0\u1eddi. H\u00e0nh tr\u00ecnh n\u00e0y c\u00f3 th\u1ec3 k\u00e9o d\u00e0i v\u00e0 \u0111\u1ea7y r\u1eaby th\u1eed th\u00e1ch, nh\u01b0ng lu\u00f4n x\u1ee9ng \u0111\u00e1ng \u0111\u1ec3 d\u1ea5n th\u00e2n, v\u00ec m\u1ed7i b\u01b0\u1edbc ti\u1ebfn c\u1ee7a b\u1ea1n tr\u00ean h\u00e0nh tr\u00ecnh \u1ea5y \u0111\u1ec1u \u0111\u01b0a b\u1ea1n \u0111\u1ebfn g\u1ea7n h\u01a1n v\u1edbi m\u1ed9t t\u00e2m tr\u00ed s\u00e1ng r\u00f5, m\u1ed9t tr\u00e1i tim r\u1ed9ng m\u1edf v\u00e0 m\u1ed9t cu\u1ed9c s\u1ed1ng nh\u1eb9 nh\u00e0ng. Nh\u01b0 t\u00e1c gi\u1ea3 chia s\u1ebb: \u201cD\u00f9 m\u1ed7i ng\u01b0\u1eddi s\u1ebd c\u00f3 m\u1ed9t h\u00e0nh tr\u00ecnh ch\u1eefa l\u00e0nh ri\u00eang v\u00ec l\u1ecbch s\u1eed c\u1ea3m x\u00fac c\u1ee7a m\u1ed7i ch\u00fang ta l\u00e0 duy nh\u1ea5t, t\u00f4i nh\u1eadn ra r\u1eb1ng h\u00e0nh tr\u00ecnh ch\u1eefa l\u00e0nh \u0111\u00f3 lu\u00f4n r\u1ed9ng m\u1edf v\u1edbi t\u1ea5t c\u1ea3 nh\u1eefng ai t\u00ecm ki\u1ebfm n\u00f3. B\u1ea1n c\u00f3 th\u1ec3 t\u1ef1 ch\u1eefa l\u00e0nh cho m\u00ecnh b\u1eb1ng c\u00e1ch bu\u00f4ng b\u1ecf qu\u00e1 kh\u1ee9 v\u00e0 k\u1ebft n\u1ed1i v\u1edbi hi\u1ec7n t\u1ea1i \u0111\u1ec3 t\u1eeb \u0111\u00f3 m\u1edf r\u1ed9ng t\u01b0\u01a1ng lai\u201d.<\/p>\n<p class=\"QN2lPu\">\n<p class=\"QN2lPu\">* V\u1ec1 t\u00e1c gi\u1ea3:<\/p>\n<p class=\"QN2lPu\">\u201cyung pueblo\u201d l\u00e0 b\u00fat danh c\u1ee7a Diego Perez v\u00e0 c\u00f3 ngh\u0129a l\u00e0 \u201cnh\u1eefng ng\u01b0\u1eddi tr\u1ebb tu\u1ed5i\u201d. C\u00e1i t\u00ean n\u00e0y th\u1ec3 hi\u1ec7n ni\u1ec1m tin r\u1eb1ng nh\u00e2n lo\u1ea1i \u0111ang b\u01b0\u1edbc v\u00e0o m\u1ed9t k\u1ef7 nguy\u00ean ph\u00e1t tri\u1ec3n v\u00e0 ch\u1eefa l\u00e0nh s\u00e2u s\u1eafc, khi nhi\u1ec1u ng\u01b0\u1eddi s\u1ebd m\u1edf r\u1ed9ng kh\u1ea3 n\u0103ng t\u1ef1 nh\u1eadn th\u1ee9c v\u00e0 bu\u00f4ng b\u1ecf nh\u1eefng g\u00e1nh n\u1eb7ng c\u0169. \u201cNh\u1eb9 nh\u00e0ng m\u00e0 s\u1ed1ng\u201d \u0111\u00e3 b\u00e1n \u0111\u01b0\u1ee3c h\u01a1n 1,5 tri\u1ec7u quy\u1ec3n s\u00e1ch tr\u00ean to\u00e0n th\u1ebf gi\u1edbi v\u00e0 \u0111\u01b0\u1ee3c d\u1ecbch sang h\u01a1n 25 ng\u00f4n ng\u1eef. Ch\u1ec9 t\u00ednh ri\u00eang tr\u00ean m\u1ea1ng x\u00e3 h\u1ed9i, l\u01b0\u1ee3ng \u0111\u1ed9c gi\u1ea3 c\u1ee7a anh l\u00e0 h\u01a1n 4 tri\u1ec7u ng\u01b0\u1eddi. Hi\u1ec7n anh \u0111ang s\u1ed1ng c\u00f9ng v\u1ee3 \u1edf ti\u1ec3u bang Massachusetts, M\u1ef9.<\/p>\n<p class=\"QN2lPu\">\n<\/div>\n","protected":false},"excerpt":{"rendered":"<p>* Th\u00f4ng tin s\u00e1ch \u2022 Nh\u00e0 xu\u1ea5t b\u1ea3n: NXB D\u00e2n Tr\u00ed \u2022 T\u00e1c gi\u1ea3: yung pueblo \u2022 S\u1ed1 trang: 300 \u2022 Kh\u1ed5 s\u00e1ch: 14,5 x 20,5 cm \u2022 Quy c\u00e1ch in: B\u00eca m\u1ec1m, tay g\u1ea5p, c\u00f3 hi\u1ec7u \u1ee9ng \u2022 Gi\u00e1 b\u00eca: 148.000 Gi\u1edbi thi\u1ec7u s\u00e1ch: Nh\u1eb9 nh\u00e0ng m\u00e0 s\u1ed1ng Nh\u1eefng ng\u01b0\u1eddi mang trong m\u00ecnh n\u1ed7i&#8230;<\/p>\n","protected":false},"featured_media":15489,"comment_status":"open","ping_status":"closed","template":"","meta":[],"product_brand":[1692],"product_cat":[1688],"product_tag":[],"class_list":{"0":"post-15288","1":"product","2":"type-product","3":"status-publish","4":"has-post-thumbnail","6":"product_brand-nxb-kim-dong","7":"product_cat-sach-tam-ly-hoc","9":"first","10":"instock","11":"sale","12":"shipping-taxable","13":"purchasable","14":"product-type-simple"},"_links":{"self":[{"href":"https:\/\/web-ban-le.mbws.vn\/nha-sach\/wp-json\/wp\/v2\/product\/15288","targetHints":{"allow":["GET"]}}],"collection":[{"href":"https:\/\/web-ban-le.mbws.vn\/nha-sach\/wp-json\/wp\/v2\/product"}],"about":[{"href":"https:\/\/web-ban-le.mbws.vn\/nha-sach\/wp-json\/wp\/v2\/types\/product"}],"replies":[{"embeddable":true,"href":"https:\/\/web-ban-le.mbws.vn\/nha-sach\/wp-json\/wp\/v2\/comments?post=15288"}],"wp:featuredmedia":[{"embeddable":true,"href":"https:\/\/web-ban-le.mbws.vn\/nha-sach\/wp-json\/wp\/v2\/media\/15489"}],"wp:attachment":[{"href":"https:\/\/web-ban-le.mbws.vn\/nha-sach\/wp-json\/wp\/v2\/media?parent=15288"}],"wp:term":[{"taxonomy":"product_brand","embeddable":true,"href":"https:\/\/web-ban-le.mbws.vn\/nha-sach\/wp-json\/wp\/v2\/product_brand?post=15288"},{"taxonomy":"product_cat","embeddable":true,"href":"https:\/\/web-ban-le.mbws.vn\/nha-sach\/wp-json\/wp\/v2\/product_cat?post=15288"},{"taxonomy":"product_tag","embeddable":true,"href":"https:\/\/web-ban-le.mbws.vn\/nha-sach\/wp-json\/wp\/v2\/product_tag?post=15288"}],"curies":[{"name":"wp","href":"https:\/\/api.w.org\/{rel}","templated":true}]}}