{"id":15317,"date":"2025-10-31T13:34:18","date_gmt":"2025-10-31T06:34:18","guid":{"rendered":"https:\/\/web-ban-le.mbws.vn\/nha-sach\/?post_type=product&#038;p=15317"},"modified":"2025-11-01T19:42:37","modified_gmt":"2025-11-01T12:42:37","slug":"sach-suc-manh-cua-tinh-lang-eckhart-tolle-first-news","status":"publish","type":"product","link":"https:\/\/web-ban-le.mbws.vn\/nha-sach\/san-pham\/sach-suc-manh-cua-tinh-lang-eckhart-tolle-first-news\/","title":{"rendered":"S\u00e1ch S\u1ee9c M\u1ea1nh C\u1ee7a T\u0129nh L\u1eb7ng &#8211; Eckhart Tolle &#8211; First News"},"content":{"rendered":"<div class=\"e8lZp3\">\n<p class=\"QN2lPu\">T\u00e1c Gi\u1ea3: Eckhart Tolle<\/p>\n<p class=\"QN2lPu\">Ng\u00e0y ph\u00e1t h\u00e0nh: 2025<\/p>\n<p class=\"QN2lPu\">C\u00f4ng ty ph\u00e1t h\u00e0nh: First News &#8211; Tr\u00ed Vi\u1ec7t<\/p>\n<p class=\"QN2lPu\">S\u1ed1 trang: 152<\/p>\n<p class=\"QN2lPu\">K\u00edch th\u01b0\u1edbc:14,5 x 20.5 cm<\/p>\n<p class=\"QN2lPu\">Nh\u00e0 xu\u1ea5t b\u1ea3n: NXB T\u1ed5ng H\u1ee3p TPHCM<\/p>\n<p class=\"QN2lPu\">Gi\u00e1 b\u00eca: 68.000VND<\/p>\n<p class=\"QN2lPu\">Lo\u1ea1i B\u00eca: B\u00eca m\u1ec1m<\/p>\n<p class=\"QN2lPu\">M\u00f4 t\u1ea3 s\u1ea3n ph\u1ea9m:<\/p>\n<p class=\"QN2lPu\">* S\u1ef1 t\u0129nh l\u1eb7ng v\u00e0 im l\u1eb7ng: <\/p>\n<p class=\"QN2lPu\">C\u00f3 ph\u1ea3i ch\u1ec9 khi \u1edf m\u1ed9t m\u00ecnh v\u00e0 xung quanh b\u1ea1n kh\u00f4ng c\u00f3 b\u1ea5t c\u1ee9 m\u1ed9t ti\u1ebfng \u1ed3n n\u00e0o th\u00ec b\u1ea1n m\u1edbi trong t\u00e2m th\u1ebf s\u1ed1ng t\u0129nh l\u1eb7ng ? Th\u1eadt ra s\u1ef1 th\u00f4ng th\u00e1i \u0111\u1ebfn t\u1eeb vi\u1ec7c ngay c\u1ea3 khi c\u00f3 ti\u1ebfng \u1ed3n b\u1ea1n v\u1eabn nh\u1eadn ra \u0111\u01b0\u1ee3c s\u1ef1 t\u0129nh l\u1eb7ng t\u1eeb nh\u1eefng ti\u1ebfng \u1ed3n \u0111\u1ea5y. B\u1eb1ng c\u00e1ch bu\u00f4ng b\u1ecf s\u1ef1 ch\u1ed1ng \u0111\u1ed1i n\u1ed9i t\u00e2m v\u1ec1 ti\u1ebfng \u1ed3n. B\u1eb1ng c\u00e1ch cho ph\u00e9p ti\u1ebfng \u1ed3n \u1ea5y \u0111\u01b0\u1ee3c nh\u01b0 n\u00f3 \u0111ang l\u00e0. \u201cS\u1ef1 ch\u1ea5p nh\u1eadn n\u00e0y c\u0169ng gi\u00fap b\u1ea1n \u0111i v\u00e0o c\u00f5i an b\u00ecnh \u1edf n\u1ed9i t\u00e2m, t\u1ee9c l\u00e0 s\u1ef1 t\u0129nh l\u1eb7ng.\u201d Im l\u1eb7ng th\u1eadt ra c\u0169ng l\u00e0 m\u1ed9t lo\u1ea1i ng\u00f4n ng\u1eef gi\u00fap b\u1ea1n giao ti\u1ebfp v\u1edbi b\u1ea3n th\u00e2n. \u201cKhi \u0111\u00e1nh m\u1ea5t li\u00ean l\u1ea1c v\u1edbi s\u1ef1 im l\u1eb7ng v\u1edbi n\u1ed9i t\u00e2m, b\u1ea1n s\u1ebd \u0111\u00e1nh m\u1ea5t li\u00ean l\u1ea1c v\u1edbi ch\u00ednh m\u00ecnh.\u201d M\u1ed7i ch\u00fang ta \u0111\u1ec1u c\u00f3 nh\u1eefng kh\u1ea3 n\u0103ng ti\u1ec1m t\u00e0ng \u0111\u1ec3 ph\u00e1t tri\u1ec3n b\u1ea3n th\u00e2n v\u00e0 ch\u1ec9 khi l\u1eafng nghe \u0111\u01b0\u1ee3c tr\u00e1i tim, \u0111\u01b0\u1ee3c n\u1ed9i t\u00e2m c\u1ee7a ch\u00ednh m\u00ecnh th\u00ec c\u0169ng l\u00e0 l\u00fac ti\u1ec1m n\u0103ng \u1ea5y \u0111\u01b0\u1ee3c ph\u00e1t huy.<\/p>\n<p class=\"QN2lPu\">\n<p class=\"QN2lPu\">* Gi\u00e2y ph\u00fat hi\u1ec7n t\u1ea1i:<\/p>\n<p class=\"QN2lPu\">Ch\u00ednh b\u1ea1n s\u1ebd l\u00e0 ng\u01b0\u1eddi ch\u1ecbu tr\u00e1ch nhi\u1ec7m v\u1edbi cu\u1ed9c \u0111\u1eddi c\u1ee7a m\u00ecnh ch\u1ee9 kh\u00f4ng ph\u1ea3i l\u00e0 m\u1ed9t ai kh\u00e1c. Th\u1eddi gian ngay b\u00e2y gi\u1edd &#8211; ngay gi\u00e2y ph\u00fat hi\u1ec7n t\u1ea1i l\u00e0 th\u1ee9 m\u00e0 t\u1ea5t c\u1ea3 m\u1ecdi ng\u01b0\u1eddi \u0111\u1ec1u c\u00f3 th\u1ec3 n\u1eafm gi\u1eef. V\u1eady n\u00ean sao ta kh\u00f4ng vui v\u1ebb s\u1eed d\u1ee5ng gi\u00e2y ph\u00fat hi\u1ec7n t\u1ea1i m\u1ed9t c\u00e1ch \u0111\u00fang ngh\u0129a? \u0110\u1eebng \u0111\u1ec3 nh\u1eefng d\u00f2ng suy t\u01b0\u1edfng b\u1eadn t\u00e2m qu\u00e1 kh\u1ee9 \u0111\u00e3 qua v\u00e0 lo l\u1eafng v\u1ec1 m\u1ed9t t\u01b0\u01a1ng lai xa x\u00f4i kh\u00f4ng bi\u1ebft tr\u01b0\u1edbc. \u201cH\u00e3y c\u1ee9 c\u1ea3m nh\u1eadn t\u1ea5t c\u1ea3 m\u1ecdi th\u1ee9 xung quanh b\u1ea1n, n\u1eafm ch\u1eb7t gi\u00e2y ph\u00fat n\u00e0y. S\u1ebd c\u00f3 nh\u1eefng kho\u1ea3ng tr\u1ed1ng ph\u00e1t sinh gi\u1eefa nh\u1eefng \u00fd t\u01b0\u1edfng. \u0110\u00f3 l\u00e0 kh\u00f4ng gian, s\u1ef1 t\u0129nh l\u1eb7ng, b\u1ea1n b\u1eaft \u0111\u1ea7u nh\u1eadn ra s\u1ef1 r\u1ed9ng tho\u00e1ng v\u00e0 s\u00e2u xa c\u1ee7a ch\u00ednh m\u00ecnh, v\u01b0\u1ee3t l\u00ean tr\u00ean nh\u1eefng suy t\u01b0\u1edfng th\u01b0\u1eddng c\u00f3 trong \u0111\u1ea7u.\u201d<\/p>\n<p class=\"QN2lPu\">\n<p class=\"QN2lPu\">* B\u1ea3n ch\u1ea5t ch\u00e2n th\u1eadt c\u1ee7a b\u1ea1n:<\/p>\n<p class=\"QN2lPu\">S\u1ef1 kh\u00e1c bi\u1ec7t c\u1ee7a m\u1ed7i ng\u01b0\u1eddi \u0111em l\u1ea1i n\u00e9t \u0111\u1ed9c \u0111\u00e1o c\u1ee7a m\u1ed7i ch\u00fang ta. C\u00f3 r\u1ea5t nhi\u1ec1u c\u00e1ch \u0111\u1ec3 h\u1ea1nh ph\u00fac, \u0111\u1ec3 th\u00e0nh c\u00f4ng nh\u01b0ng m\u1ed9t trong s\u1ed1 \u0111\u00f3 ph\u1ea3i k\u1ec3 \u0111\u1ebfn l\u00e0 hi\u1ec3u \u0111\u01b0\u1ee3c b\u1ea3n ch\u1ea5t c\u1ee7a ch\u00ednh m\u00ecnh. B\u1ea1n kh\u00f4ng th\u1ec3 tr\u1edf th\u00e0nh m\u1ed9t \u0111\u1ed1i t\u01b0\u1ee3ng cho b\u1ea3n th\u00e2n hay s\u1ed1ng m\u1ed9t cu\u1ed9c \u0111\u1eddi c\u1ee7a ng\u01b0\u1eddi kh\u00e1c. T\u1ea5t c\u1ea3 nh\u1eefng g\u00ec ch\u00fang ta c\u00f3 th\u1ec3 l\u00e0m ch\u1ec9 \u0111\u01a1n gi\u1ea3n l\u00e0 ch\u00ednh m\u00ecnh t\u1ea1i gi\u00e2y ph\u00fat hi\u1ec7n t\u1ea1i n\u00e0y. S\u1ed1ng v\u1edbi b\u1ea3n ch\u1ea5t ch\u00e2n th\u1eadt nh\u1ea5t \u0111\u1ec3 t\u00ecm th\u1ea5y s\u1ef1 an y\u00ean t\u1ef1 t\u1ea1i v\u00e0 h\u1ea1nh ph\u00fac c\u1ee7a ri\u00eang m\u00ecnh.<\/p>\n<\/div>\n","protected":false},"excerpt":{"rendered":"<p>T\u00e1c Gi\u1ea3: Eckhart Tolle Ng\u00e0y ph\u00e1t h\u00e0nh: 2025 C\u00f4ng ty ph\u00e1t h\u00e0nh: First News &#8211; Tr\u00ed Vi\u1ec7t S\u1ed1 trang: 152 K\u00edch th\u01b0\u1edbc:14,5 x 20.5 cm Nh\u00e0 xu\u1ea5t b\u1ea3n: NXB T\u1ed5ng H\u1ee3p TPHCM Gi\u00e1 b\u00eca: 68.000VND Lo\u1ea1i B\u00eca: B\u00eca m\u1ec1m M\u00f4 t\u1ea3 s\u1ea3n ph\u1ea9m: * S\u1ef1 t\u0129nh l\u1eb7ng v\u00e0 im l\u1eb7ng: C\u00f3 ph\u1ea3i ch\u1ec9 khi \u1edf&#8230;<\/p>\n","protected":false},"featured_media":15495,"comment_status":"open","ping_status":"closed","template":"","meta":[],"product_brand":[1692],"product_cat":[1672],"product_tag":[],"class_list":{"0":"post-15317","1":"product","2":"type-product","3":"status-publish","4":"has-post-thumbnail","6":"product_brand-nxb-kim-dong","7":"product_cat-sach-huong-nghiep-phat-trien-ban-than","9":"first","10":"instock","11":"sale","12":"shipping-taxable","13":"purchasable","14":"product-type-simple"},"_links":{"self":[{"href":"https:\/\/web-ban-le.mbws.vn\/nha-sach\/wp-json\/wp\/v2\/product\/15317","targetHints":{"allow":["GET"]}}],"collection":[{"href":"https:\/\/web-ban-le.mbws.vn\/nha-sach\/wp-json\/wp\/v2\/product"}],"about":[{"href":"https:\/\/web-ban-le.mbws.vn\/nha-sach\/wp-json\/wp\/v2\/types\/product"}],"replies":[{"embeddable":true,"href":"https:\/\/web-ban-le.mbws.vn\/nha-sach\/wp-json\/wp\/v2\/comments?post=15317"}],"wp:featuredmedia":[{"embeddable":true,"href":"https:\/\/web-ban-le.mbws.vn\/nha-sach\/wp-json\/wp\/v2\/media\/15495"}],"wp:attachment":[{"href":"https:\/\/web-ban-le.mbws.vn\/nha-sach\/wp-json\/wp\/v2\/media?parent=15317"}],"wp:term":[{"taxonomy":"product_brand","embeddable":true,"href":"https:\/\/web-ban-le.mbws.vn\/nha-sach\/wp-json\/wp\/v2\/product_brand?post=15317"},{"taxonomy":"product_cat","embeddable":true,"href":"https:\/\/web-ban-le.mbws.vn\/nha-sach\/wp-json\/wp\/v2\/product_cat?post=15317"},{"taxonomy":"product_tag","embeddable":true,"href":"https:\/\/web-ban-le.mbws.vn\/nha-sach\/wp-json\/wp\/v2\/product_tag?post=15317"}],"curies":[{"name":"wp","href":"https:\/\/api.w.org\/{rel}","templated":true}]}}