{"id":15318,"date":"2025-10-31T13:34:19","date_gmt":"2025-10-31T06:34:19","guid":{"rendered":"https:\/\/web-ban-le.mbws.vn\/nha-sach\/?post_type=product&#038;p=15318"},"modified":"2025-11-01T19:42:37","modified_gmt":"2025-11-01T12:42:37","slug":"sach-pha-dao-di-gioi-cung-nu-than-khong-tin-do-tap-5","status":"publish","type":"product","link":"https:\/\/web-ban-le.mbws.vn\/nha-sach\/san-pham\/sach-pha-dao-di-gioi-cung-nu-than-khong-tin-do-tap-5\/","title":{"rendered":"S\u00e1ch Ph\u00e1 \u0110\u1ea3o D\u1ecb Gi\u1edbi C\u00f9ng N\u1eef Th\u1ea7n Kh\u00f4ng T\u00edn \u0110\u1ed3 T\u1eadp 5"},"content":{"rendered":"<div class=\"e8lZp3\">\n<p class=\"QN2lPu\">Th\u00f4ng tin s\u00e1ch:<\/p>\n<p class=\"QN2lPu\">T\u00e1c gi\u1ea3 : OSAKI ISLE<\/p>\n<p class=\"QN2lPu\">Nh\u00e0 Ph\u00e1t H\u00e0nh: First News &#8211; Tr\u00ed Vi\u1ec7t<\/p>\n<p class=\"QN2lPu\">Nh\u00e0 xu\u1ea5t b\u1ea3n: NXB D\u00e2n Tr\u00ed<\/p>\n<p class=\"QN2lPu\">K\u00edch th\u01b0\u1edbc : 13 x 19 cm<\/p>\n<p class=\"QN2lPu\">N\u0103m xu\u1ea5t b\u1ea3n: 2025<\/p>\n<p class=\"QN2lPu\">S\u1ed1 Trang: 372<\/p>\n<p class=\"QN2lPu\">Lo\u1ea1i b\u00eca: B\u00eca m\u1ec1m<\/p>\n<p class=\"QN2lPu\">Xu\u1ea5t x\u1ee9: Trong n\u01b0\u1edbc<\/p>\n<p class=\"QN2lPu\">Ng\u00f4n ng\u1eef: Ti\u1ebfng Vi\u1ec7t<\/p>\n<p class=\"QN2lPu\">Gi\u00e1: 105.000<\/p>\n<p class=\"QN2lPu\">Ph\u00e1 \u0110\u1ea3o D\u1ecb Gi\u1edbi C\u00f9ng N\u1eef Th\u1ea7n Kh\u00f4ng T\u00edn \u0110\u1ed3 T\u1eadp 5<\/p>\n<p class=\"QN2lPu\">Sau khi ng\u0103n ch\u1eb7n th\u00e0nh c\u00f4ng \u00e2m m\u01b0u c\u1ee7a X\u00e0 gi\u00e1o \u0111o\u00e0n \u1edf Th\u00e1i d\u01b0\u01a1ng qu\u1ed1c v\u00e0 nh\u1eadn \u0111\u01b0\u1ee3c l\u1eddi ti\u00ean tri v\u1ec1 nguy c\u01a1 s\u1ee5p \u0111\u1ed5 c\u1ee7a Th\u1ee7y qu\u1ed1c, Takatsuki Makoto \u0111\u00e3 tr\u1edf v\u1ec1 th\u00e0nh ph\u1ed1 N\u01b0\u1edbc Macallan, mong s\u1ed1ng nh\u1eefng ng\u00e0y th\u00e1ng y\u00ean b\u00ecnh. Nh\u01b0ng r\u1ed3i tai h\u1ecda b\u1eaft \u0111\u1ea7u \u1eadp \u0111\u1ebfn. B\u1ea7y ma v\u1eadt ch\u1ea1y lo\u1ea1n c\u1ea3 ngh\u00ecn con t\u1eeb r\u1eebng Qu\u1ef7 k\u00e9o t\u1edbi khi\u1ebfn th\u00e0nh ph\u1ed1 N\u01b0\u1edbc trong ph\u00fat ch\u1ed1c \u0111\u00e3 bi\u1ebfn th\u00e0nh b\u00e3i chi\u1ebfn tr\u01b0\u1eddng kh\u1ed1c li\u1ec7t. Tr\u01b0\u1edbc cu\u1ed9c t\u1ea5n c\u00f4ng g\u00e2y cho\u00e1ng v\u00e1ng c\u1ee7a R\u1ed3ng c\u1ed5 \u0111\u1ea1i, c\u00e1c \u0111\u1ed3ng \u0111\u1ed9i c\u1ee7a Makoto v\u00f4 ph\u01b0\u01a1ng ch\u1ed1ng \u0111\u1ee1 v\u00e0 d\u1ea7n ki\u1ec7t s\u1ee9c.<\/p>\n<p class=\"QN2lPu\">\n<p class=\"QN2lPu\">Trong t\u00ecnh tr\u1ea1ng kh\u1ee7ng kho\u1ea3ng \u1ea5y, Makoto \u0111\u01b0\u1ee3c Noah m\u00e1ch cho m\u1ed9t c\u00e1ch \u0111\u1ec3 xoay chuy\u1ec3n t\u00ecnh th\u1ebf\u2026<\/p>\n<p class=\"QN2lPu\">\u201cMakoto\u2026 H\u00e3y d\u00e2ng hi\u1ebfn m\u00e1u c\u1ee7a c\u1eadu cho ta.\u201d<\/p>\n<p class=\"QN2lPu\">T\u1eadp 5 ti\u1ebfp t\u1ee5c l\u00e0 cu\u1ed9c phi\u00eau l\u01b0u \u1edf th\u1ebf gi\u1edbi k\u1ef3 \u1ea3o c\u1ee7a N\u1eef th\u1ea7n v\u00f4 danh ti\u1ec3u t\u1ed1t v\u00e0 ch\u00e0ng ph\u00e1p s\u01b0 t\u1eadp s\u1ef1 y\u1ebfu nh\u1ea5t l\u1edbp n\u0103m x\u01b0a \u0111ang d\u1ea7n tr\u1edf n\u00ean m\u1ea1nh nh\u1ea5t!<\/p>\n<\/div>\n","protected":false},"excerpt":{"rendered":"<p>Th\u00f4ng tin s\u00e1ch: T\u00e1c gi\u1ea3 : OSAKI ISLE Nh\u00e0 Ph\u00e1t H\u00e0nh: First News &#8211; Tr\u00ed Vi\u1ec7t Nh\u00e0 xu\u1ea5t b\u1ea3n: NXB D\u00e2n Tr\u00ed K\u00edch th\u01b0\u1edbc : 13 x 19 cm N\u0103m xu\u1ea5t b\u1ea3n: 2025 S\u1ed1 Trang: 372 Lo\u1ea1i b\u00eca: B\u00eca m\u1ec1m Xu\u1ea5t x\u1ee9: Trong n\u01b0\u1edbc Ng\u00f4n ng\u1eef: Ti\u1ebfng Vi\u1ec7t Gi\u00e1: 105.000 Ph\u00e1 \u0110\u1ea3o D\u1ecb Gi\u1edbi C\u00f9ng&#8230;<\/p>\n","protected":false},"featured_media":15504,"comment_status":"open","ping_status":"closed","template":"","meta":[],"product_brand":[1692],"product_cat":[1670],"product_tag":[],"class_list":{"0":"post-15318","1":"product","2":"type-product","3":"status-publish","4":"has-post-thumbnail","6":"product_brand-nxb-kim-dong","7":"product_cat-tieu-thuyet-ngan","9":"first","10":"instock","11":"sale","12":"shipping-taxable","13":"purchasable","14":"product-type-variable"},"_links":{"self":[{"href":"https:\/\/web-ban-le.mbws.vn\/nha-sach\/wp-json\/wp\/v2\/product\/15318","targetHints":{"allow":["GET"]}}],"collection":[{"href":"https:\/\/web-ban-le.mbws.vn\/nha-sach\/wp-json\/wp\/v2\/product"}],"about":[{"href":"https:\/\/web-ban-le.mbws.vn\/nha-sach\/wp-json\/wp\/v2\/types\/product"}],"replies":[{"embeddable":true,"href":"https:\/\/web-ban-le.mbws.vn\/nha-sach\/wp-json\/wp\/v2\/comments?post=15318"}],"wp:featuredmedia":[{"embeddable":true,"href":"https:\/\/web-ban-le.mbws.vn\/nha-sach\/wp-json\/wp\/v2\/media\/15504"}],"wp:attachment":[{"href":"https:\/\/web-ban-le.mbws.vn\/nha-sach\/wp-json\/wp\/v2\/media?parent=15318"}],"wp:term":[{"taxonomy":"product_brand","embeddable":true,"href":"https:\/\/web-ban-le.mbws.vn\/nha-sach\/wp-json\/wp\/v2\/product_brand?post=15318"},{"taxonomy":"product_cat","embeddable":true,"href":"https:\/\/web-ban-le.mbws.vn\/nha-sach\/wp-json\/wp\/v2\/product_cat?post=15318"},{"taxonomy":"product_tag","embeddable":true,"href":"https:\/\/web-ban-le.mbws.vn\/nha-sach\/wp-json\/wp\/v2\/product_tag?post=15318"}],"curies":[{"name":"wp","href":"https:\/\/api.w.org\/{rel}","templated":true}]}}