{"id":15341,"date":"2025-10-31T13:34:44","date_gmt":"2025-10-31T06:34:44","guid":{"rendered":"https:\/\/web-ban-le.mbws.vn\/nha-sach\/?post_type=product&#038;p=15341"},"modified":"2025-11-01T19:42:37","modified_gmt":"2025-11-01T12:42:37","slug":"sach-7-thoi-quen-cua-ban-tre-thanh-dat-kho-lon-first-news","status":"publish","type":"product","link":"https:\/\/web-ban-le.mbws.vn\/nha-sach\/san-pham\/sach-7-thoi-quen-cua-ban-tre-thanh-dat-kho-lon-first-news\/","title":{"rendered":"S\u00e1ch 7 Th\u00f3i Quen C\u1ee7a B\u1ea1n Tr\u1ebb Th\u00e0nh \u0110\u1ea1t (Kh\u1ed5 L\u1edbn) &#8211; First News"},"content":{"rendered":"<div class=\"e8lZp3\">\n<p class=\"QN2lPu\">Nh\u00e0 ph\u00e1t h\u00e0nh: First News &#8211; Tr\u00ed Vi\u1ec7t<\/p>\n<p class=\"QN2lPu\">T\u00e1c Gi\u1ea3: Sean Covey<\/p>\n<p class=\"QN2lPu\">Ng\u00e0y ph\u00e1t h\u00e0nh: 2025<\/p>\n<p class=\"QN2lPu\">S\u1ed1 trang: 336<\/p>\n<p class=\"QN2lPu\">K\u00edch th\u01b0\u1edbc:14,5 x 20.5 cm<\/p>\n<p class=\"QN2lPu\">NXB:NXB T\u1ed5ng h\u1ee3p TP.HCM<\/p>\n<p class=\"QN2lPu\">Xu\u1ea5t x\u1ee9: Trong n\u01b0\u1edbc<\/p>\n<p class=\"QN2lPu\">Ng\u00f4n ng\u1eef: Ti\u1ebfng Vi\u1ec7t<\/p>\n<p class=\"QN2lPu\">Gi\u00e1 b\u00eca: 148.000 VND<\/p>\n<p class=\"QN2lPu\">Lo\u1ea1i B\u00eca: B\u00eca m\u1ec1m<\/p>\n<p class=\"QN2lPu\">M\u00f4 t\u1ea3 s\u1ea3n ph\u1ea9m:<\/p>\n<p class=\"QN2lPu\">7 Th\u00f3i Quen C\u1ee7a B\u1ea1n Tr\u1ebb Th\u00e0nh \u0110\u1ea1t \u0111\u01b0\u1ee3c bi\u00ean d\u1ecbch t\u1eeb t\u00e1c ph\u1ea9m n\u1ed5i ti\u1ebfng The 7 Habits of Highly Effective Teens c\u1ee7a t\u00e1c gi\u1ea3 Sean Covey theo h\u1ee3p \u0111\u1ed3ng chuy\u1ec3n giao b\u1ea3n quy\u1ec1n v\u1edbi T\u1eadp \u0111o\u00e0n Xu\u1ea5t b\u1ea3n Franklin Covey (Hoa K\u1ef3). Cu\u1ed1n s\u00e1ch nh\u1ea5n m\u1ea1nh nh\u1eefng g\u00ec ch\u00fang ta c\u00f3 \u0111\u01b0\u1ee3c trong cu\u1ed9c s\u1ed1ng \u0111\u1ec1u b\u1eaft ngu\u1ed3n t\u1eeb nh\u1eefng th\u00f3i quen c\u1ee7a ch\u00ednh m\u00ecnh. Ai c\u0169ng c\u00f3 nh\u1eefng th\u00f3i quen t\u1ed1t v\u00e0 nh\u1eefng th\u00f3i quen x\u1ea5u, v\u00e0 m\u1ed7i ch\u00fang ta ph\u1ea3i r\u00e8n luy\u1ec7n nh\u1eefng th\u00f3i quen t\u1ed1t v\u00e0 bi\u1ebft \u0111i\u1ec1u ch\u1ec9nh, lo\u1ea1i b\u1ecf nh\u1eefng th\u00f3i quen x\u1ea5u.<\/p>\n<p class=\"QN2lPu\">\n<p class=\"QN2lPu\">Tu\u1ed5i thi\u1ebfu ni\u00ean v\u00e0 tr\u01b0\u1edfng th\u00e0nh l\u00e0 tu\u1ed5i \u0111\u1eb9p nh\u1ea5t v\u00e0 quan tr\u1ecdng nh\u1ea5t c\u1ee7a \u0111\u1eddi ng\u01b0\u1eddi. \u0110\u00e2y c\u0169ng l\u00e0 l\u1ee9a tu\u1ed5i m\u00e0 c\u00e1c b\u1ea1n tr\u1ebb b\u1eaft \u0111\u1ea7u kh\u00e1m ph\u00e1 cu\u1ed9c s\u1ed1ng v\u1edbi nh\u1eefng \u01b0\u1edbc m\u01a1, kh\u00e1t v\u1ecdng. Ph\u00eda tr\u01b0\u1edbc c\u00e1c b\u1ea1n l\u00e0 nh\u1eefng con \u0111\u01b0\u1eddng b\u1eb1ng ph\u1eb3ng, \u00eam \u00e1i; nh\u01b0ng c\u0169ng c\u00f3 con \u0111\u01b0\u1eddng quanh co, kh\u00fac khu\u1ef7u. C\u00f3 con \u0111\u01b0\u1eddng ng\u1eadp tr\u00e0n \u00e1nh s\u00e1ng, c\u0169ng c\u00f3 con \u0111\u01b0\u1eddng u \u00e1m, \u0111\u1ea7y c\u1ea1m b\u1eaby, nguy c\u01a1. Nh\u01b0ng l\u00e0m c\u00e1ch n\u00e0o \u0111\u1ec3 ch\u1ecdn \u0111\u01b0\u1ee3c con \u0111\u01b0\u1eddng \u0111\u1ebfn \u0111\u00edch th\u00e0nh c\u00f4ng, h\u1ea1nh ph\u00fac m\u00e0 kh\u00f4ng l\u00e3ng ph\u00ed nhi\u1ec1u th\u1eddi gian, c\u00f4ng s\u1ee9c? T\u1ea5t c\u1ea3 \u0111\u1ec1u ph\u1ee5 thu\u1ed9c v\u00e0o t\u00ednh c\u00e1ch v\u00e0 th\u00f3i quen c\u1ee7a c\u00e1c b\u1ea1n. C\u00f3 nh\u1eefng th\u00f3i quen \u0111em \u0111\u1ebfn s\u1ef1 th\u00e0nh c\u00f4ng, h\u1ea1nh ph\u00fac; nh\u01b0ng c\u0169ng c\u00f3 nh\u1eefng th\u00f3i quen c\u1ea3n tr\u1edf, ph\u00e1 h\u1ecfng s\u1ef1 ph\u00e1t tri\u1ec3n c\u1ee7a b\u1ea1n. <\/p>\n<p class=\"QN2lPu\">\n<p class=\"QN2lPu\">Cu\u1ed1n s\u00e1ch ph\u00e2n t\u00edch t\u00e1c \u0111\u1ed9ng l\u1edbn lao c\u1ee7a 7 th\u00f3i quen quan tr\u1ecdng nh\u1ea5t c\u1ee7a nh\u1eefng b\u1ea1n tr\u1ebb c\u1ea7n c\u00f3. \u0110\u00f3 l\u00e0: C\u00f3 th\u00e1i \u0111\u1ed9 s\u1ed1ng t\u00edch c\u1ef1c; Bi\u1ebft \u0111\u1ecbnh h\u01b0\u1edbng t\u01b0\u01a1ng lai; Vi\u1ec7c h\u00f4m nay kh\u00f4ng \u0111\u1ec3 ng\u00e0y mai; T\u01b0 duy c\u00f9ng th\u1eafng; Bi\u1ebft l\u1eafng nghe \u0111\u1ec3 th\u1ea5u hi\u1ec3u v\u00e0 \u0111\u1ec3 \u0111\u01b0\u1ee3c th\u1ea5u hi\u1ec3u; C\u00f3 tinh th\u1ea7n h\u1ee3p t\u00e1c; Bi\u1ebft r\u00e8n luy\u1ec7n v\u00e0 ph\u00e1t tri\u1ec3n nh\u1eefng k\u1ef9 n\u0103ng. \u0110\u00e2y l\u00e0 nh\u1eefng th\u00f3i quen \u0111\u1ec3 c\u00e1c b\u1ea1n t\u1ef1 r\u00e8n luy\u1ec7n b\u1ea3n th\u00e2n v\u00e0 x\u00e2y d\u1ef1ng c\u00e1c m\u1ed1i quan h\u1ec7 c\u1ee7a m\u00ecnh. C\u00e1c th\u00f3i quen n\u00e0y b\u1ed5 sung v\u00e0 h\u1ed7 tr\u1ee3 ch\u1eb7t ch\u1ebd cho nhau, t\u1ea1o m\u1ed9t m\u1eaft x\u00edch b\u1ec1n v\u1eefng gi\u00fap c\u00e1c b\u1ea1n ch\u1ecdn l\u1ef1a \u0111\u01b0\u1ee3c h\u01b0\u1edbng \u0111i \u0111\u00fang \u0111\u1eafn cho cu\u1ed9c \u0111\u1eddi m\u00ecnh.<\/p>\n<p class=\"QN2lPu\">\n<p class=\"QN2lPu\">V\u1edbi phong c\u00e1ch ng\u1eafn g\u1ecdn, vui t\u01b0\u01a1i, d\u00ed d\u1ecfm, d\u1ec5 hi\u1ec3u, nhi\u1ec1u h\u00ecnh \u1ea3nh minh h\u1ecda sinh \u0111\u1ed9ng v\u00e0 d\u1ec5 th\u01b0\u01a1ng, 7 Th\u00f3i Quen C\u1ee7a B\u1ea1n Tr\u1ebb Th\u00e0nh \u0110\u1ea1t c\u1ee7a Sean Covey \u0111\u00e3 \u0111\u01b0\u1ee3c b\u1ea1n \u0111\u1ecdc hoan ngh\u00eanh v\u00e0 \u0111\u00f3n nh\u1eadn nhi\u1ec7t t\u00ecnh tr\u00ean kh\u1eafp th\u1ebf gi\u1edbi. \u0110\u00e2y l\u00e0 m\u1ed9t trong nh\u1eefng cu\u1ed1n s\u00e1ch \u0111\u01b0\u1ee3c c\u00e1c \u0111\u1ecdc gi\u1ea3 tr\u1ebb y\u00eau th\u00edch v\u00e0 \u0111\u1ecdc nhi\u1ec1u nh\u1ea5t, v\u1edbi s\u1ed1 l\u01b0\u1ee3ng ph\u00e1t h\u00e0nh l\u00ean \u0111\u1ebfn h\u00e0ng tri\u1ec7u b\u1ea3n trong m\u1ed9t th\u1eddi gian ng\u1eafn. <\/p>\n<p class=\"QN2lPu\">\n<p class=\"QN2lPu\">Qu\u1ea3 th\u1eadt, 7 Th\u00f3i Quen C\u1ee7a B\u1ea1n Tr\u1ebb Th\u00e0nh \u0110\u1ea1t ch\u00ednh l\u00e0 chi\u1ebfc la b\u00e0n, l\u00e0 kim ch\u1ec9 nam gi\u00fap ta tr\u00e1nh \u0111\u01b0\u1ee3c nh\u1eefng th\u00f3i quen tai h\u1ea1i nh\u1eb1m x\u00e2y d\u1ef1ng nh\u1eefng th\u00f3i quen t\u1ed1t, h\u01b0\u1edbng \u0111\u1ebfn th\u00e0nh c\u00f4ng. \u0110\u00e2y kh\u00f4ng ch\u1ec9 l\u00e0 m\u1ed9t cu\u1ed1n s\u00e1ch \u0111\u1ec3 \u0111\u1ecdc m\u00e0 c\u00f2n l\u00e0 m\u1ed9t c\u1ea9m nang qu\u00fd gi\u00e1 \u0111\u01b0a b\u1ea1n \u0111\u1ebfn th\u00e0nh c\u00f4ng, \u0111\u1ea1t \u0111\u01b0\u1ee3c \u01b0\u1edbc m\u01a1 c\u1ee7a m\u00ecnh, x\u1ee9ng \u0111\u00e1ng v\u1edbi s\u1ef1 tin y\u00eau c\u1ee7a b\u1ea1n b\u00e8, ng\u01b0\u1eddi th\u00e2n, gia \u0111\u00ecnh v\u00e0 x\u00e3 h\u1ed9i.<\/p>\n<\/div>\n","protected":false},"excerpt":{"rendered":"<p>Nh\u00e0 ph\u00e1t h\u00e0nh: First News &#8211; Tr\u00ed Vi\u1ec7t T\u00e1c Gi\u1ea3: Sean Covey Ng\u00e0y ph\u00e1t h\u00e0nh: 2025 S\u1ed1 trang: 336 K\u00edch th\u01b0\u1edbc:14,5 x 20.5 cm NXB:NXB T\u1ed5ng h\u1ee3p TP.HCM Xu\u1ea5t x\u1ee9: Trong n\u01b0\u1edbc Ng\u00f4n ng\u1eef: Ti\u1ebfng Vi\u1ec7t Gi\u00e1 b\u00eca: 148.000 VND Lo\u1ea1i B\u00eca: B\u00eca m\u1ec1m M\u00f4 t\u1ea3 s\u1ea3n ph\u1ea9m: 7 Th\u00f3i Quen C\u1ee7a B\u1ea1n Tr\u1ebb Th\u00e0nh&#8230;<\/p>\n","protected":false},"featured_media":15513,"comment_status":"open","ping_status":"closed","template":"","meta":[],"product_brand":[1692],"product_cat":[1672],"product_tag":[],"class_list":{"0":"post-15341","1":"product","2":"type-product","3":"status-publish","4":"has-post-thumbnail","6":"product_brand-nxb-kim-dong","7":"product_cat-sach-huong-nghiep-phat-trien-ban-than","9":"first","10":"instock","11":"sale","12":"shipping-taxable","13":"purchasable","14":"product-type-simple"},"_links":{"self":[{"href":"https:\/\/web-ban-le.mbws.vn\/nha-sach\/wp-json\/wp\/v2\/product\/15341","targetHints":{"allow":["GET"]}}],"collection":[{"href":"https:\/\/web-ban-le.mbws.vn\/nha-sach\/wp-json\/wp\/v2\/product"}],"about":[{"href":"https:\/\/web-ban-le.mbws.vn\/nha-sach\/wp-json\/wp\/v2\/types\/product"}],"replies":[{"embeddable":true,"href":"https:\/\/web-ban-le.mbws.vn\/nha-sach\/wp-json\/wp\/v2\/comments?post=15341"}],"wp:featuredmedia":[{"embeddable":true,"href":"https:\/\/web-ban-le.mbws.vn\/nha-sach\/wp-json\/wp\/v2\/media\/15513"}],"wp:attachment":[{"href":"https:\/\/web-ban-le.mbws.vn\/nha-sach\/wp-json\/wp\/v2\/media?parent=15341"}],"wp:term":[{"taxonomy":"product_brand","embeddable":true,"href":"https:\/\/web-ban-le.mbws.vn\/nha-sach\/wp-json\/wp\/v2\/product_brand?post=15341"},{"taxonomy":"product_cat","embeddable":true,"href":"https:\/\/web-ban-le.mbws.vn\/nha-sach\/wp-json\/wp\/v2\/product_cat?post=15341"},{"taxonomy":"product_tag","embeddable":true,"href":"https:\/\/web-ban-le.mbws.vn\/nha-sach\/wp-json\/wp\/v2\/product_tag?post=15341"}],"curies":[{"name":"wp","href":"https:\/\/api.w.org\/{rel}","templated":true}]}}