{"id":15368,"date":"2025-10-31T13:35:09","date_gmt":"2025-10-31T06:35:09","guid":{"rendered":"https:\/\/web-ban-le.mbws.vn\/nha-sach\/?post_type=product&#038;p=15368"},"modified":"2025-11-01T19:42:37","modified_gmt":"2025-11-01T12:42:37","slug":"sach-muon-kiep-nhan-sinh-tap-3-bia-mem-first-news","status":"publish","type":"product","link":"https:\/\/web-ban-le.mbws.vn\/nha-sach\/san-pham\/sach-muon-kiep-nhan-sinh-tap-3-bia-mem-first-news\/","title":{"rendered":"S\u00e1ch Mu\u00f4n Ki\u1ebfp Nh\u00e2n Sinh T\u1eadp 3 (B\u00eca M\u1ec1m) &#8211; First News"},"content":{"rendered":"<div class=\"e8lZp3\">\n<p class=\"QN2lPu\">C\u00f4ng ty ph\u00e1t h\u00e0nh First News &#8211; Tr\u00ed Vi\u1ec7t<\/p>\n<p class=\"QN2lPu\">T\u00e1c gi\u1ea3: Nguy\u00ean Phong<\/p>\n<p class=\"QN2lPu\">Ng\u00e0y xu\u1ea5t b\u1ea3n: 2023<\/p>\n<p class=\"QN2lPu\">K\u00edch th\u01b0\u1edbc: 14.5 x 20.5 cm<\/p>\n<p class=\"QN2lPu\">Nh\u00e0 xu\u1ea5t b\u1ea3n: NXB T\u1ed5ng H\u1ee3p TPHCM<\/p>\n<p class=\"QN2lPu\">Lo\u1ea1i b\u00eca: B\u00eca m\u1ec1m<\/p>\n<p class=\"QN2lPu\">Xu\u1ea5t x\u1ee9: Trong n\u01b0\u1edbc<\/p>\n<p class=\"QN2lPu\">Ng\u00f4n ng\u1eef: Ti\u1ebfng Vi\u1ec7t<\/p>\n<p class=\"QN2lPu\">S\u1ed1 trang: 504<\/p>\n<p class=\"QN2lPu\">Gi\u00e1 B\u00eca: 218.000 VN\u0110<\/p>\n<p class=\"QN2lPu\">M\u00f4 t\u1ea3 s\u1ea3n ph\u1ea9m:<\/p>\n<p class=\"QN2lPu\">Hi\u1ebfm c\u00f3 cu\u1ed1n s\u00e1ch n\u00e0o ngay t\u1eeb khi ra m\u1eaft \u0111\u00e3 t\u1ea1o n\u00ean hi\u1ec7n t\u01b0\u1ee3ng v\u0103n h\u00f3a \u0111\u1ecdc v\u00e0 sau n\u1eeda n\u0103m \u0111\u00e3 tr\u1edf th\u00e0nh cu\u1ed1n s\u00e1ch b\u00e1n ch\u1ea1y nh\u1ea5t n\u0103m 2020 t\u1ea1i Vi\u1ec7t Nam nh\u01b0&nbsp;Mu\u00f4n Ki\u1ebfp Nh\u00e2n Sinh. \u0110\u00e1p l\u1ea1i s\u1ef1 mong \u0111\u1ee3i c\u1ee7a \u0111\u1ed9c gi\u1ea3 su\u1ed1t h\u01a1n ba th\u00e1ng,&nbsp;Mu\u00f4n Ki\u1ebfp Nh\u00e2n Sinh t\u1eadp 3&nbsp;\u0111\u00e3 ch\u00ednh th\u1ee9c ph\u00e1t h\u00e0nh tr\u00ean c\u1ea3 n\u01b0\u1edbc.<\/p>\n<p class=\"QN2lPu\">\n<p class=\"QN2lPu\">T\u00e1c gi\u1ea3 Nguy\u00ean Phong&nbsp;chia s\u1ebb trong cu\u1ed1n s\u00e1ch r\u1eb1ng, m\u1ecdi vi\u1ec7c d\u00f9 l\u1edbn hay nh\u1ecf c\u0169ng s\u1ebd g\u00f3p ph\u1ea7n \u1ea3nh h\u01b0\u1edfng tr\u1ef1c ti\u1ebfp \u0111\u1ebfn cu\u1ed9c s\u1ed1ng hi\u1ec7n t\u1ea1i ho\u1eb7c trong t\u01b0\u01a1ng lai, th\u1eadm ch\u00ed \u0111\u1ebfn t\u1eadn ki\u1ebfp sau. \u0110\u00f3 l\u00e0 nh\u1eefng nghi\u1ec7p b\u00e1o \u1edf ki\u1ebfp tr\u01b0\u1edbc c\u1ed9ng nghi\u1ec7p v\u1edbi h\u00e0nh vi c\u1ee7a ch\u00fang ta trong ki\u1ebfp n\u00e0y \u0111\u1ec3 h\u00ecnh th\u00e0nh n\u00ean b\u00e1nh xe nghi\u1ec7p l\u1ef1c kh\u1ed5ng l\u1ed3 ph\u1ee9c t\u1ea1p nh\u01b0ng l\u1ea1i kh\u00f4ng b\u1ecf s\u00f3t b\u1ea5t c\u1ee9 ai, b\u1ea5t c\u1ee9 qu\u1ed1c gia n\u00e0o v\u00e0 kh\u00f4ng b\u1ecf s\u00f3t b\u1ea5t c\u1ee9 h\u00e0nh vi hay t\u01b0 t\u01b0\u1edfng n\u00e0o. B\u1edfi l\u1ebd, ch\u00fang ta \u0111\u1ec1u l\u00e0 ph\u1ea7n t\u1eed c\u1ee7a m\u1ed9t s\u1ef1 s\u1ed1ng v\u0129 \u0111\u1ea1i thu\u1ed9c v\u1ec1 m\u1ed9t n\u0103ng l\u01b0\u1ee3ng kh\u1edfi thu\u1ef7, \u0111\u01b0\u1ee3c s\u1eafp \u0111\u1eb7t kh\u00e9o l\u00e9o b\u1edfi nh\u1eefng \u0111\u1ecbnh lu\u1eadt trong v\u0169 tr\u1ee5.<\/p>\n<\/div>\n","protected":false},"excerpt":{"rendered":"<p>C\u00f4ng ty ph\u00e1t h\u00e0nh First News &#8211; Tr\u00ed Vi\u1ec7t T\u00e1c gi\u1ea3: Nguy\u00ean Phong Ng\u00e0y xu\u1ea5t b\u1ea3n: 2023 K\u00edch th\u01b0\u1edbc: 14.5 x 20.5 cm Nh\u00e0 xu\u1ea5t b\u1ea3n: NXB T\u1ed5ng H\u1ee3p TPHCM Lo\u1ea1i b\u00eca: B\u00eca m\u1ec1m Xu\u1ea5t x\u1ee9: Trong n\u01b0\u1edbc Ng\u00f4n ng\u1eef: Ti\u1ebfng Vi\u1ec7t S\u1ed1 trang: 504 Gi\u00e1 B\u00eca: 218.000 VN\u0110 M\u00f4 t\u1ea3 s\u1ea3n ph\u1ea9m: Hi\u1ebfm c\u00f3&#8230;<\/p>\n","protected":false},"featured_media":15522,"comment_status":"open","ping_status":"closed","template":"","meta":[],"product_brand":[1692],"product_cat":[1673],"product_tag":[],"class_list":{"0":"post-15368","1":"product","2":"type-product","3":"status-publish","4":"has-post-thumbnail","6":"product_brand-nxb-kim-dong","7":"product_cat-sach-ton-giao-triet-hoc","9":"first","10":"instock","11":"sale","12":"shipping-taxable","13":"purchasable","14":"product-type-simple"},"_links":{"self":[{"href":"https:\/\/web-ban-le.mbws.vn\/nha-sach\/wp-json\/wp\/v2\/product\/15368","targetHints":{"allow":["GET"]}}],"collection":[{"href":"https:\/\/web-ban-le.mbws.vn\/nha-sach\/wp-json\/wp\/v2\/product"}],"about":[{"href":"https:\/\/web-ban-le.mbws.vn\/nha-sach\/wp-json\/wp\/v2\/types\/product"}],"replies":[{"embeddable":true,"href":"https:\/\/web-ban-le.mbws.vn\/nha-sach\/wp-json\/wp\/v2\/comments?post=15368"}],"wp:featuredmedia":[{"embeddable":true,"href":"https:\/\/web-ban-le.mbws.vn\/nha-sach\/wp-json\/wp\/v2\/media\/15522"}],"wp:attachment":[{"href":"https:\/\/web-ban-le.mbws.vn\/nha-sach\/wp-json\/wp\/v2\/media?parent=15368"}],"wp:term":[{"taxonomy":"product_brand","embeddable":true,"href":"https:\/\/web-ban-le.mbws.vn\/nha-sach\/wp-json\/wp\/v2\/product_brand?post=15368"},{"taxonomy":"product_cat","embeddable":true,"href":"https:\/\/web-ban-le.mbws.vn\/nha-sach\/wp-json\/wp\/v2\/product_cat?post=15368"},{"taxonomy":"product_tag","embeddable":true,"href":"https:\/\/web-ban-le.mbws.vn\/nha-sach\/wp-json\/wp\/v2\/product_tag?post=15368"}],"curies":[{"name":"wp","href":"https:\/\/api.w.org\/{rel}","templated":true}]}}