{"id":15369,"date":"2025-10-31T13:35:09","date_gmt":"2025-10-31T06:35:09","guid":{"rendered":"https:\/\/web-ban-le.mbws.vn\/nha-sach\/?post_type=product&#038;p=15369"},"modified":"2025-11-01T19:42:37","modified_gmt":"2025-11-01T12:42:37","slug":"sach-khi-minh-lon-len-firstnews","status":"publish","type":"product","link":"https:\/\/web-ban-le.mbws.vn\/nha-sach\/san-pham\/sach-khi-minh-lon-len-firstnews\/","title":{"rendered":"S\u00e1ch Khi M\u00ecnh L\u1edbn L\u00ean &#8211; FirstNews"},"content":{"rendered":"<div class=\"e8lZp3\">\n<p class=\"QN2lPu\">T\u00e1c Gi\u1ea3: Quentin Gr\u00e9ban<\/p>\n<p class=\"QN2lPu\">Ng\u00e0y ph\u00e1t h\u00e0nh: 2025<\/p>\n<p class=\"QN2lPu\">S\u1ed1 trang: 28<\/p>\n<p class=\"QN2lPu\">K\u00edch th\u01b0\u1edbc: 21 x 24 cm<\/p>\n<p class=\"QN2lPu\">NXB: NXB T\u1ed5ng h\u1ee3p TP.HCM<\/p>\n<p class=\"QN2lPu\">Gi\u00e1 b\u00eca: 28.000VND<\/p>\n<p class=\"QN2lPu\">M\u00f4 t\u1ea3 s\u1ea3n ph\u1ea9m:<\/p>\n<p class=\"QN2lPu\">&#8220;Khi m\u00ecnh l\u1edbn l\u00ean, m\u00ecnh s\u1ebd l\u00e0m ngh\u1ec1 g\u00ec?&#8221; V\u1edbi tr\u1ebb em, \u01b0\u1edbc m\u01a1 ngh\u1ec1 nghi\u1ec7p l\u00e0 m\u1ed9t trong nh\u1eefng \u0111i\u1ec1u c\u1ea7n nu\u00f4i d\u01b0\u1ee1ng ngay t\u1eeb tu\u1ed5i \u1ea5u th\u01a1. V\u00ec v\u1eady, vi\u1ec7c c\u00f3 nh\u1eefng g\u1ee3i m\u1edf v\u1ec1 c\u00f4ng vi\u1ec7c m\u01a1 \u01b0\u1edbc t\u1eeb khi c\u00f2n nh\u1ecf l\u00e0 n\u1ec1n t\u1ea3ng qu\u00fd gi\u00e1 cho vi\u1ec7c l\u1ef1a ch\u1ecdn ngh\u1ec1 nghi\u1ec7p trong t\u01b0\u01a1ng lai.<\/p>\n<p class=\"QN2lPu\">\n<p class=\"QN2lPu\">&#8220;Khi m\u00ecnh l\u1edbn l\u00ean&#8221; d\u00e0nh cho nh\u1eefng b\u1ea1n nh\u1ecf t\u1eeb 6 \u0111\u1ebfn 11 tu\u1ed5i, l\u00e0 t\u1eadp truy\u1ec7n tranh g\u1ee3i \u00fd v\u1ec1 ngh\u1ec1 nghi\u1ec7p t\u01b0\u01a1ng lai theo m\u1ed9t c\u00e1ch kh\u00f4ng th\u1ec3 \u0111\u00e1ng y\u00eau h\u01a1n.<\/p>\n<p class=\"QN2lPu\">\n<p class=\"QN2lPu\">T\u1eadp truy\u1ec7n b\u1eaft \u0111\u1ea7u b\u1eb1ng c\u00e2u h\u1ecfi: &#8220;C\u00e1c con, l\u1edbn l\u00ean c\u00e1c con mu\u1ed1n l\u00e0m ngh\u1ec1 g\u00ec?&#8221;. Sau \u0111\u00f3 l\u00e0 l\u1ea7n l\u01b0\u1ee3t nh\u1eefng c\u00e2u tr\u1ea3 l\u1eddi v\u1ec1 c\u00f4ng vi\u1ec7c mong mu\u1ed1n c\u1ee7a c\u00e1c b\u1ea1n nh\u1ecf &#8211; Antonie, Netalia, Lea&#8230; &#8211; m\u00e0 th\u1eadt ra l\u00e0 nh\u1eefng ch\u00fa c\u00fan d\u1ec5 th\u01b0\u01a1ng. Nh\u1eefng l\u1ef1a ch\u1ecdn ngh\u1ec1 nghi\u1ec7p \u0111\u01b0\u1ee3c \u0111\u01b0a ra r\u1ea5t th\u00fa v\u1ecb v\u00e0 phong ph\u00fa, t\u1eeb ngh\u1ec1 c\u1ea3nh s\u00e1t, b\u00e1c s\u0129, \u0111\u1ebfn ch\u1ee7 c\u1eeda h\u00e0ng b\u00e1n kem, hay th\u1eadm ch\u00ed l\u00e0 ngh\u1ec1&#8230; si\u00eau anh h\u00f9ng.<\/p>\n<p class=\"QN2lPu\">\n<p class=\"QN2lPu\">Nh\u1eefng n\u00e9t v\u1ebd \u0111\u00e1ng y\u00eau v\u00e0 h\u00ecnh \u1ea3nh c\u1ee7a nh\u1eefng ch\u00fa c\u00fan trong trang ph\u1ee5c b\u00e1c s\u0129, phi c\u00f4ng, th\u1ee3 x\u00e2y nh\u00e0&#8230; l\u00e0 nh\u1eefng g\u1ee3i m\u1edf nh\u1eb9 nh\u00e0ng cho b\u1ea1n \u0111\u1ecdc nh\u1ecf v\u1ec1 c\u00f4ng vi\u1ec7c m\u01a1 \u01b0\u1edbc trong t\u01b0\u01a1ng lai, \u0111\u1ed3ng th\u1eddi kh\u01a1i g\u1ee3i s\u1ef1 t\u00f2 m\u00f2 v\u00e0 tr\u00ed t\u01b0\u1edfng t\u01b0\u1ee3ng c\u1ee7a c\u00e1c em. T\u1eeb \u0111\u00f3, b\u00e9 s\u1ebd b\u1eaft \u0111\u1ea7u \u1ea5p \u1ee7 v\u00e0 nu\u00f4i d\u01b0\u1ee1ng c\u00e2u tr\u1ea3 l\u1eddi &#8220;Khi m\u00ecnh l\u1edbn l\u00ean&#8230;&#8221; c\u1ee7a ch\u00ednh m\u00ecnh.<\/p>\n<p class=\"QN2lPu\">\n<p class=\"QN2lPu\">Cu\u1ed1i c\u00f9ng, th\u00f4ng \u0111i\u1ec7p &#8220;Con c\u00f3 quy\u1ec1n theo \u0111u\u1ed5i m\u1ecdi \u01b0\u1edbc m\u01a1 m\u00e0 con mu\u1ed1n!&#8221; l\u00e0 l\u1eddi nh\u1eafc nh\u1edf th\u1eadt s\u1ef1 c\u1ea7n thi\u1ebft cho m\u1ed7i \u0111\u1ee9a tr\u1ebb.<\/p>\n<\/div>\n","protected":false},"excerpt":{"rendered":"<p>T\u00e1c Gi\u1ea3: Quentin Gr\u00e9ban Ng\u00e0y ph\u00e1t h\u00e0nh: 2025 S\u1ed1 trang: 28 K\u00edch th\u01b0\u1edbc: 21 x 24 cm NXB: NXB T\u1ed5ng h\u1ee3p TP.HCM Gi\u00e1 b\u00eca: 28.000VND M\u00f4 t\u1ea3 s\u1ea3n ph\u1ea9m: &#8220;Khi m\u00ecnh l\u1edbn l\u00ean, m\u00ecnh s\u1ebd l\u00e0m ngh\u1ec1 g\u00ec?&#8221; V\u1edbi tr\u1ebb em, \u01b0\u1edbc m\u01a1 ngh\u1ec1 nghi\u1ec7p l\u00e0 m\u1ed9t trong nh\u1eefng \u0111i\u1ec1u c\u1ea7n nu\u00f4i d\u01b0\u1ee1ng ngay t\u1eeb&#8230;<\/p>\n","protected":false},"featured_media":15531,"comment_status":"open","ping_status":"closed","template":"","meta":[],"product_brand":[1692],"product_cat":[1671],"product_tag":[],"class_list":{"0":"post-15369","1":"product","2":"type-product","3":"status-publish","4":"has-post-thumbnail","6":"product_brand-nxb-kim-dong","7":"product_cat-truyen-tranh","9":"first","10":"instock","11":"sale","12":"shipping-taxable","13":"purchasable","14":"product-type-simple"},"_links":{"self":[{"href":"https:\/\/web-ban-le.mbws.vn\/nha-sach\/wp-json\/wp\/v2\/product\/15369","targetHints":{"allow":["GET"]}}],"collection":[{"href":"https:\/\/web-ban-le.mbws.vn\/nha-sach\/wp-json\/wp\/v2\/product"}],"about":[{"href":"https:\/\/web-ban-le.mbws.vn\/nha-sach\/wp-json\/wp\/v2\/types\/product"}],"replies":[{"embeddable":true,"href":"https:\/\/web-ban-le.mbws.vn\/nha-sach\/wp-json\/wp\/v2\/comments?post=15369"}],"wp:featuredmedia":[{"embeddable":true,"href":"https:\/\/web-ban-le.mbws.vn\/nha-sach\/wp-json\/wp\/v2\/media\/15531"}],"wp:attachment":[{"href":"https:\/\/web-ban-le.mbws.vn\/nha-sach\/wp-json\/wp\/v2\/media?parent=15369"}],"wp:term":[{"taxonomy":"product_brand","embeddable":true,"href":"https:\/\/web-ban-le.mbws.vn\/nha-sach\/wp-json\/wp\/v2\/product_brand?post=15369"},{"taxonomy":"product_cat","embeddable":true,"href":"https:\/\/web-ban-le.mbws.vn\/nha-sach\/wp-json\/wp\/v2\/product_cat?post=15369"},{"taxonomy":"product_tag","embeddable":true,"href":"https:\/\/web-ban-le.mbws.vn\/nha-sach\/wp-json\/wp\/v2\/product_tag?post=15369"}],"curies":[{"name":"wp","href":"https:\/\/api.w.org\/{rel}","templated":true}]}}