{"id":15370,"date":"2025-10-31T13:35:09","date_gmt":"2025-10-31T06:35:09","guid":{"rendered":"https:\/\/web-ban-le.mbws.vn\/nha-sach\/?post_type=product&#038;p=15370"},"modified":"2025-11-01T19:42:36","modified_gmt":"2025-11-01T12:42:36","slug":"sach-hat-giong-tam-hon-danh-cho-thieu-nhi-dieu-uoc-gui-cac-vi-sao-tai-ban-first-news","status":"publish","type":"product","link":"https:\/\/web-ban-le.mbws.vn\/nha-sach\/san-pham\/sach-hat-giong-tam-hon-danh-cho-thieu-nhi-dieu-uoc-gui-cac-vi-sao-tai-ban-first-news\/","title":{"rendered":"S\u00e1ch H\u1ea1t Gi\u1ed1ng T\u00e2m H\u1ed3n D\u00e0nh Cho Thi\u1ebfu Nhi &#8211; \u0110i\u1ec1u \u01af\u1edbc G\u1eedi C\u00e1c V\u00ec Sao (T\u00e1i b\u1ea3n) &#8211; First News"},"content":{"rendered":"<div class=\"e8lZp3\">\n<p class=\"QN2lPu\">T\u00e1c Gi\u1ea3: Nhi\u1ec1u t\u00e1c gi\u1ea3<\/p>\n<p class=\"QN2lPu\">C\u00f4ng ty ph\u00e1t h\u00e0nh: First News \u2013 Tr\u00ed Vi\u1ec7t<\/p>\n<p class=\"QN2lPu\">N\u0103m ph\u00e1t h\u00e0nh: 2022<\/p>\n<p class=\"QN2lPu\">K\u00edch th\u01b0\u1edbc: 18.5 x 18.5 cm<\/p>\n<p class=\"QN2lPu\">NXB: NXB T\u1ed5ng h\u1ee3p TP.HCM<\/p>\n<p class=\"QN2lPu\">Gi\u00e1 B\u00eca: 56,000 VND<\/p>\n<p class=\"QN2lPu\">S\u1ed1 Trang: 50<\/p>\n<p class=\"QN2lPu\">Lo\u1ea1i B\u00eca: B\u00eca m\u1ec1m<\/p>\n<p class=\"QN2lPu\">M\u00f4 t\u1ea3 s\u1ea3n ph\u1ea9m:<\/p>\n<p class=\"QN2lPu\">N\u1ebfu c\u00f3 ai \u0111\u00f3 h\u1ecfi r\u1eb1ng l\u1ee9a tu\u1ed5i n\u00e0o c\u00f3 tr\u00ed t\u01b0\u1edfng t\u01b0\u1ee3ng phong ph\u00fa nh\u1ea5t th\u00ec c\u00f3 l\u1ebd c\u00e2u tr\u1ea3 l\u1eddi thu\u1ed9c v\u1ec1 nh\u1eefng \u0111\u1ee9a tr\u1ebb. C\u00e1c em lu\u00f4n c\u00f3 th\u1ec3 t\u01b0\u1edfng t\u01b0\u1ee3ng ra nh\u1eefng vi\u1ec5n c\u1ea3nh m\u00e0 m\u00ecnh th\u00edch ch\u1ec9 sau m\u1ed9t b\u1ed9 phim, m\u1ed9t b\u00e0i h\u00e1t, hay m\u1ed9t c\u00e2u chuy\u1ec7n.<\/p>\n<p class=\"QN2lPu\">\u201c\u0110i\u1ec1u \u01b0\u1edbc g\u1eedi c\u00e1c v\u00ec sao\u201d g\u1ed3m 20 c\u00e2u chuy\u1ec7n, m\u1edf \u0111\u1ea7u l\u00e0 truy\u1ec7n ng\u1eafn \u201cC\u00e2y \u1ed5i c\u1ee7a n\u1ed9i\u201d v\u1edbi nh\u00e2n v\u1eadt ch\u00ednh l\u00e0 c\u1eadu b\u00e9 Bum \u01b0\u1edbc m\u01a1 \u0111\u01b0\u1ee3c l\u00e0m c\u00e2y \u1ed5i trong s\u00e2n ng\u00f4i nh\u00e0 c\u0169 c\u1ee7a m\u00ecnh \u0111\u1ec3 l\u1ea1i \u0111\u01b0\u1ee3c nh\u00ecn th\u1ea5y \u0111\u00e1m b\u1ea1n n\u00f4 \u0111\u00f9a v\u00e0 \u0111\u1eb7c bi\u1ec7t l\u00e0 th\u1ea5y l\u1ea1i h\u00ecnh \u1ea3nh ng\u01b0\u1eddi \u00f4ng hi\u1ec1n h\u1eadu \u0111\u00e3 qua \u0111\u1eddi. Nh\u1eefng m\u1ea9u truy\u1ec7n theo sau c\u0169ng ch\u1ee9a \u0111\u1ea7y nh\u1eefng n\u00e9t d\u1ec5 th\u01b0\u01a1ng v\u00e0 ng\u00e2y ng\u00f4, t\u1eeb gi\u1ea5c m\u01a1 v\u1ec1 t\u00ecnh ch\u1ecb em v\u1edbi b\u00fap b\u00ea c\u1ee7a b\u00e9 Susu, tr\u00ed t\u01b0\u1edfng t\u01b0\u1ee3ng v\u1ec1 ng\u01b0\u1eddi m\u00e1y v\u00e0 robot c\u1ee7a m\u1ed9t c\u1eadu nh\u00f3c, ho\u1eb7c \u01b0\u1edbc m\u01a1 b\u00e9 nh\u1ecf c\u1ee7a c\u00f4 b\u00e9 M\u00edt trong \u0111\u00eam gi\u00e1ng sinh.<\/p>\n<p class=\"QN2lPu\">\n<p class=\"QN2lPu\">D\u0129 nhi\u00ean, ch\u1eb3ng c\u00f3 m\u1ea5y ng\u01b0\u1eddi l\u1edbn m\u01a1 \u01b0\u1edbc tr\u1edf th\u00e0nh si\u00eau anh h\u00f9ng \u0111\u1ec3 gi\u1ea3i c\u1ee9u th\u1ebf gi\u1edbi, hay \u0111em m\u1eb7t tr\u0103ng \u0111\u1eb7t trong l\u00f2ng b\u00e0n tay, n\u00ean nh\u1eefng m\u01a1 \u01b0\u1edbc c\u1ee7a c\u00e1c em \u0111\u00f4i khi th\u1eadt nh\u1ecf b\u00e9 v\u00e0 th\u01a1 ng\u00e2y, nh\u01b0ng ch\u00fang \u0111\u1ec1u mang theo s\u1ef1 thu\u1ea7n khi\u1ebft v\u00e0 trong s\u00e1ng \u0111\u1ebfn k\u1ef3 l\u1ea1.<\/p>\n<p class=\"QN2lPu\">\n<p class=\"QN2lPu\">V\u1edbi th\u00f4ng \u0111i\u1ec7p tr\u1ebb con lu\u00f4n c\u00f3 quy\u1ec1n \u0111\u01b0\u1ee3c m\u01a1 v\u00e0 theo \u0111u\u1ed5i \u01b0\u1edbc m\u01a1 \u0111\u1ec3 t\u1ea1o ra s\u1ef1 nhi\u1ec7m m\u00e0u trong cu\u1ed9c s\u1ed1ng, cu\u1ed1n s\u00e1ch \u201c\u0110i\u1ec1u \u01b0\u1edbc g\u1eedi c\u00e1c v\u00ec sao\u201d ch\u00ednh l\u00e0 ng\u01b0\u1eddi b\u1ea1n \u0111\u1ed3ng h\u00e0nh, gi\u00fap nu\u00f4i d\u01b0\u1ee1ng nh\u1eefng \u01b0\u1edbc m\u01a1 c\u1ee7a tr\u1ebb kh\u00f4ng ng\u1eebng l\u1edbn l\u00ean.<\/p>\n<\/div>\n","protected":false},"excerpt":{"rendered":"<p>T\u00e1c Gi\u1ea3: Nhi\u1ec1u t\u00e1c gi\u1ea3 C\u00f4ng ty ph\u00e1t h\u00e0nh: First News \u2013 Tr\u00ed Vi\u1ec7t N\u0103m ph\u00e1t h\u00e0nh: 2022 K\u00edch th\u01b0\u1edbc: 18.5 x 18.5 cm NXB: NXB T\u1ed5ng h\u1ee3p TP.HCM Gi\u00e1 B\u00eca: 56,000 VND S\u1ed1 Trang: 50 Lo\u1ea1i B\u00eca: B\u00eca m\u1ec1m M\u00f4 t\u1ea3 s\u1ea3n ph\u1ea9m: N\u1ebfu c\u00f3 ai \u0111\u00f3 h\u1ecfi r\u1eb1ng l\u1ee9a tu\u1ed5i n\u00e0o c\u00f3 tr\u00ed&#8230;<\/p>\n","protected":false},"featured_media":15532,"comment_status":"open","ping_status":"closed","template":"","meta":[],"product_brand":[1692],"product_cat":[1671],"product_tag":[],"class_list":{"0":"post-15370","1":"product","2":"type-product","3":"status-publish","4":"has-post-thumbnail","6":"product_brand-nxb-kim-dong","7":"product_cat-truyen-tranh","9":"first","10":"instock","11":"sale","12":"shipping-taxable","13":"purchasable","14":"product-type-simple"},"_links":{"self":[{"href":"https:\/\/web-ban-le.mbws.vn\/nha-sach\/wp-json\/wp\/v2\/product\/15370","targetHints":{"allow":["GET"]}}],"collection":[{"href":"https:\/\/web-ban-le.mbws.vn\/nha-sach\/wp-json\/wp\/v2\/product"}],"about":[{"href":"https:\/\/web-ban-le.mbws.vn\/nha-sach\/wp-json\/wp\/v2\/types\/product"}],"replies":[{"embeddable":true,"href":"https:\/\/web-ban-le.mbws.vn\/nha-sach\/wp-json\/wp\/v2\/comments?post=15370"}],"wp:featuredmedia":[{"embeddable":true,"href":"https:\/\/web-ban-le.mbws.vn\/nha-sach\/wp-json\/wp\/v2\/media\/15532"}],"wp:attachment":[{"href":"https:\/\/web-ban-le.mbws.vn\/nha-sach\/wp-json\/wp\/v2\/media?parent=15370"}],"wp:term":[{"taxonomy":"product_brand","embeddable":true,"href":"https:\/\/web-ban-le.mbws.vn\/nha-sach\/wp-json\/wp\/v2\/product_brand?post=15370"},{"taxonomy":"product_cat","embeddable":true,"href":"https:\/\/web-ban-le.mbws.vn\/nha-sach\/wp-json\/wp\/v2\/product_cat?post=15370"},{"taxonomy":"product_tag","embeddable":true,"href":"https:\/\/web-ban-le.mbws.vn\/nha-sach\/wp-json\/wp\/v2\/product_tag?post=15370"}],"curies":[{"name":"wp","href":"https:\/\/api.w.org\/{rel}","templated":true}]}}