{"id":15394,"date":"2025-10-31T13:35:32","date_gmt":"2025-10-31T06:35:32","guid":{"rendered":"https:\/\/web-ban-le.mbws.vn\/nha-sach\/?post_type=product&#038;p=15394"},"modified":"2025-11-01T19:42:36","modified_gmt":"2025-11-01T12:42:36","slug":"sach-nhung-bai-hoc-cuoc-song-first-news","status":"publish","type":"product","link":"https:\/\/web-ban-le.mbws.vn\/nha-sach\/san-pham\/sach-nhung-bai-hoc-cuoc-song-first-news\/","title":{"rendered":"S\u00e1ch &#8211; Nh\u1eefng B\u00e0i H\u1ecdc Cu\u1ed9c S\u1ed1ng &#8211; First News"},"content":{"rendered":"<div class=\"e8lZp3\">\n<p class=\"QN2lPu\">C\u00f4ng ty ph\u00e1t h\u00e0nh First News &#8211; Tr\u00ed Vi\u1ec7t<\/p>\n<p class=\"QN2lPu\">T\u00e1c gi\u1ea3: Hal Urban<\/p>\n<p class=\"QN2lPu\">Ng\u00e0y xu\u1ea5t b\u1ea3n 2025<\/p>\n<p class=\"QN2lPu\">K\u00edch th\u01b0\u1edbc 13 x 20.5 cm<\/p>\n<p class=\"QN2lPu\">Nh\u00e0 xu\u1ea5t b\u1ea3n: NXB T\u1ed5ng H\u1ee3p TP.HCM<\/p>\n<p class=\"QN2lPu\">Lo\u1ea1i b\u00eca B\u00eca m\u1ec1m<\/p>\n<p class=\"QN2lPu\">S\u1ed1 trang 160<\/p>\n<p class=\"QN2lPu\">Gi\u00e1 B\u00eca: 64.000 VND<\/p>\n<p class=\"QN2lPu\">GI\u1edaI THI\u1ec6U S\u00c1CH<\/p>\n<p class=\"QN2lPu\">Nh\u1eefng B\u00e0i H\u1ecdc Cu\u1ed9c S\u1ed1ng<\/p>\n<p class=\"QN2lPu\">Nh\u1eefng b\u00e0i h\u1ecdc cu\u1ed9c s\u1ed1ng c\u00f3 gi\u00e1 tr\u1ecb nh\u01b0 m\u1ed9t ng\u01b0\u1eddi th\u1ea7y th\u00f4ng th\u00e1i v\u1ec1 kinh nghi\u1ec7m s\u1ed1ng \u0111\u1ed1i v\u1edbi h\u00e0ng tri\u1ec7u b\u1ea1n \u0111\u1ecdc kh\u1eafp th\u1ebf gi\u1edbi. Cu\u1ed1n s\u00e1ch th\u1ec3 hi\u1ec7n 20 b\u00e0i h\u1ecdc s\u00e2u s\u1eafc, \u0111\u00fang \u0111\u1eafn v\u00e0 c\u00f3 gi\u00e1 tr\u1ecb v\u0129nh h\u1eb1ng \u0111\u01b0\u1ee3c \u0111\u00fac k\u1ebft t\u1eeb nh\u1eefng tr\u1ea3i nghi\u1ec7m th\u1ef1c ti\u1ec5n c\u1ee7a m\u1ed9t \u0111\u1eddi ng\u01b0\u1eddi lu\u00f4n suy t\u01b0, tr\u0103n tr\u1edf v\u1ec1 cu\u1ed9c s\u1ed1ng. Cu\u1ed1n s\u00e1ch s\u1ebd gi\u00fap ch\u00fang ta nh\u1eadn ra \u0111\u01b0\u1ee3c nh\u1eefng \u0111i\u1ec1u quan tr\u1ecdng nh\u1ea5t \u0111\u1ec3 t\u1ea1o n\u00ean m\u1ed9t cu\u1ed9c s\u1ed1ng c\u00f3 \u00fd ngh\u0129a th\u1ef1c s\u1ef1.<\/p>\n<p class=\"QN2lPu\">\n<p class=\"QN2lPu\">Cu\u1ed1n s\u00e1ch nhi\u1ec1u n\u0103m li\u1ec1n lu\u00f4n \u0111\u1ee9ng \u0111\u1ea7u c\u00e1c b\u1ea3ng x\u1ebfp h\u1ea1ng c\u1ee7a nh\u1eefng cu\u1ed1n s\u00e1ch b\u00e1n ch\u1ea1y v\u00e0 \u0111\u01b0\u1ee3c b\u1ea1n \u0111\u1ecdc y\u00eau th\u00edch nh\u1ea5t v\u00e0 \u0111\u00e3 \u0111\u01b0\u1ee3c d\u1ecbch ra nhi\u1ec1u ng\u00f4n ng\u1eef tr\u00ean th\u1ebf gi\u1edbi.Ch\u00fang ta h\u00e3y c\u00f9ng kh\u00e1m ph\u00e1 v\u00e0 chi\u00eam nghi\u1ec7m nh\u1eefng b\u00e0i h\u1ecdc c\u1ee7a cu\u1ed9c s\u1ed1ng qu\u00fd gi\u00e1 n\u00e0y \u0111\u1ec3 cu\u1ed9c s\u1ed1ng c\u1ee7a m\u00ecnh \u0111\u01b0\u1ee3c h\u1ea1nh ph\u00fac v\u00e0 th\u00e0nh c\u00f4ng h\u01a1n.<\/p>\n<p class=\"QN2lPu\">\n<p class=\"QN2lPu\">Nh\u1eadn \u0111\u1ecbnh<\/p>\n<p class=\"QN2lPu\">\n<p class=\"QN2lPu\">&#8220;T\u00f4i s\u1ebd lu\u00f4n n\u00e2ng niu quy\u1ec3n s\u00e1ch n\u00e0y nh\u01b0 m\u1ed9t cu\u1ed1n c\u1ea9m nang g\u1ed1i \u0111\u1ea7u gi\u01b0\u1eddng \u0111\u1ec3 gi\u00fap cho m\u00ecnh s\u1ed1ng m\u1ed9t cu\u1ed9c \u0111\u1eddi ho\u00e0n h\u1ea3o&#8230;.Cu\u1ed1n s\u00e1ch \u0111\u00e3 gi\u00fap t\u00f4i th\u1eadt s\u1ef1 nh\u1eadn ra nh\u1eefng gi\u00e1 tr\u1ecb v\u00e0 ph\u1ea9m ch\u1ea5t quan tr\u1ecdng \u0111\u1ec3 c\u00f3 \u0111\u01b0\u1ee3c th\u00e0nh c\u00f4ng v\u00e0 h\u1ea1nh ph\u00fac. Hy v\u1ecdng r\u1eb1ng nh\u1eefng ng\u01b0\u1eddi kh\u00e1c c\u0169ng c\u1ea3m nh\u1eadn \u0111\u01b0\u1ee3c nh\u1eefng \u0111i\u1ec1u nh\u01b0 v\u1eady khi \u0111\u1ecdc cu\u1ed1n s\u00e1ch n\u00e0y.<\/p>\n<p class=\"QN2lPu\">\n<p class=\"QN2lPu\">Xin c\u1ea3m \u01a1n t\u00e1c gi\u1ea3! C\u1ea3m \u01a1n nh\u1eefng tr\u1ea3i nghi\u1ec7m qu\u00fd gi\u00e1 v\u00e0 t\u1ea5m l\u00f2ng t\u00e2m huy\u1ebft v\u1edbi cu\u1ed9c s\u1ed1ng khi chia s\u1ebb v\u1edbi b\u1ea1n \u0111\u1ecdc nh\u1eefng kinh nghi\u1ec7m v\u00f4 gi\u00e1 n\u00e0y.&#8221;<\/p>\n<p class=\"QN2lPu\">\n<p class=\"QN2lPu\">(Rachel Lundrigan)<\/p>\n<p class=\"QN2lPu\">\n<p class=\"QN2lPu\">&#8220;V\u1edbi nh\u1eefng b\u00e0i h\u1ecdc v\u00e0 kinh nghi\u1ec7m s\u1ed1ng qu\u00fd b\u00e1u v\u00e0 c\u00f3 gi\u00e1 tr\u1ecb v\u0129nh h\u1eb1ng, cu\u1ed1n s\u00e1ch x\u1ee9ng \u0111\u00e1ng tr\u1edf th\u00e0nh m\u1ed9t c\u1ea9m nang s\u1ed1ng cho t\u1ea5t c\u1ea3 m\u1ecdi ng\u01b0\u1eddi&#8230;.&#8221;<\/p>\n<p class=\"QN2lPu\">\n<p class=\"QN2lPu\">(Ti\u1ebfn s\u0129 Ken Blanchard)<\/p>\n<\/div>\n","protected":false},"excerpt":{"rendered":"<p>C\u00f4ng ty ph\u00e1t h\u00e0nh First News &#8211; Tr\u00ed Vi\u1ec7t T\u00e1c gi\u1ea3: Hal Urban Ng\u00e0y xu\u1ea5t b\u1ea3n 2025 K\u00edch th\u01b0\u1edbc 13 x 20.5 cm Nh\u00e0 xu\u1ea5t b\u1ea3n: NXB T\u1ed5ng H\u1ee3p TP.HCM Lo\u1ea1i b\u00eca B\u00eca m\u1ec1m S\u1ed1 trang 160 Gi\u00e1 B\u00eca: 64.000 VND GI\u1edaI THI\u1ec6U S\u00c1CH Nh\u1eefng B\u00e0i H\u1ecdc Cu\u1ed9c S\u1ed1ng Nh\u1eefng b\u00e0i h\u1ecdc cu\u1ed9c s\u1ed1ng c\u00f3&#8230;<\/p>\n","protected":false},"featured_media":15533,"comment_status":"open","ping_status":"closed","template":"","meta":[],"product_brand":[1692],"product_cat":[1672],"product_tag":[],"class_list":{"0":"post-15394","1":"product","2":"type-product","3":"status-publish","4":"has-post-thumbnail","6":"product_brand-nxb-kim-dong","7":"product_cat-sach-huong-nghiep-phat-trien-ban-than","9":"first","10":"instock","11":"sale","12":"shipping-taxable","13":"purchasable","14":"product-type-simple"},"_links":{"self":[{"href":"https:\/\/web-ban-le.mbws.vn\/nha-sach\/wp-json\/wp\/v2\/product\/15394","targetHints":{"allow":["GET"]}}],"collection":[{"href":"https:\/\/web-ban-le.mbws.vn\/nha-sach\/wp-json\/wp\/v2\/product"}],"about":[{"href":"https:\/\/web-ban-le.mbws.vn\/nha-sach\/wp-json\/wp\/v2\/types\/product"}],"replies":[{"embeddable":true,"href":"https:\/\/web-ban-le.mbws.vn\/nha-sach\/wp-json\/wp\/v2\/comments?post=15394"}],"wp:featuredmedia":[{"embeddable":true,"href":"https:\/\/web-ban-le.mbws.vn\/nha-sach\/wp-json\/wp\/v2\/media\/15533"}],"wp:attachment":[{"href":"https:\/\/web-ban-le.mbws.vn\/nha-sach\/wp-json\/wp\/v2\/media?parent=15394"}],"wp:term":[{"taxonomy":"product_brand","embeddable":true,"href":"https:\/\/web-ban-le.mbws.vn\/nha-sach\/wp-json\/wp\/v2\/product_brand?post=15394"},{"taxonomy":"product_cat","embeddable":true,"href":"https:\/\/web-ban-le.mbws.vn\/nha-sach\/wp-json\/wp\/v2\/product_cat?post=15394"},{"taxonomy":"product_tag","embeddable":true,"href":"https:\/\/web-ban-le.mbws.vn\/nha-sach\/wp-json\/wp\/v2\/product_tag?post=15394"}],"curies":[{"name":"wp","href":"https:\/\/api.w.org\/{rel}","templated":true}]}}