{"id":15395,"date":"2025-10-31T13:35:32","date_gmt":"2025-10-31T06:35:32","guid":{"rendered":"https:\/\/web-ban-le.mbws.vn\/nha-sach\/?post_type=product&#038;p=15395"},"modified":"2025-11-01T19:42:36","modified_gmt":"2025-11-01T12:42:36","slug":"sach-dam-nghi-lai-first-news","status":"publish","type":"product","link":"https:\/\/web-ban-le.mbws.vn\/nha-sach\/san-pham\/sach-dam-nghi-lai-first-news\/","title":{"rendered":"S\u00e1ch &#8211; D\u00e1m Ngh\u0129 L\u1ea1i &#8211; First News"},"content":{"rendered":"<div class=\"e8lZp3\">\n<p class=\"QN2lPu\">C\u00f4ng ty ph\u00e1t h\u00e0nh: First News &#8211; Tr\u00ed Vi\u1ec7t<\/p>\n<p class=\"QN2lPu\">T\u00e1c gi\u1ea3:&nbsp;Adam Grant<\/p>\n<p class=\"QN2lPu\">Ng\u00e0y xu\u1ea5t b\u1ea3n: 2025<\/p>\n<p class=\"QN2lPu\">K\u00edch th\u01b0\u1edbc: 16 x 24 cm<\/p>\n<p class=\"QN2lPu\">Nh\u00e0 xu\u1ea5t b\u1ea3n: NXB D\u00e2n Tr\u00ed<\/p>\n<p class=\"QN2lPu\">S\u1ed1 trang: 336<\/p>\n<p class=\"QN2lPu\">Gi\u00e1 b\u00eca: 168.000 VN\u0110<\/p>\n<p class=\"QN2lPu\">Xu\u1ea5t x\u1ee9: Trong n\u01b0\u1edbc<\/p>\n<p class=\"QN2lPu\">Ng\u00f4n ng\u1eef: Ti\u1ebfng Vi\u1ec7t<\/p>\n<p class=\"QN2lPu\">Lo\u1ea1i B\u00eca: B\u00eca m\u1ec1m<\/p>\n<p class=\"QN2lPu\">M\u00f4 t\u1ea3 s\u1ea3n ph\u1ea9m:<\/p>\n<p class=\"QN2lPu\">D\u00e1m ngh\u0129 l\u1ea1i m\u1edf ra con \u0111\u01b0\u1eddng d\u1eabn \u0111\u1ebfn s\u1ef1 v\u01b0\u1ee3t tr\u1ed9i trong c\u00f4ng vi\u1ec7c v\u00e0 s\u1ef1 th\u00f4ng tu\u1ec7 trong \u0111\u1eddi s\u1ed1ng<\/p>\n<p class=\"QN2lPu\">\u201c\u0110\u00e2y ch\u00ednh l\u00e0 quy\u1ec3n s\u00e1ch b\u1ea1n c\u1ea7n, ngay l\u00fac n\u00e0y, trong th\u1eddi bu\u1ed5i hi\u1ec7n nay. D\u00e1m ngh\u0129 l\u1ea1i l\u00e0 s\u1ef1 \u0111an xen th\u00fa v\u1ecb gi\u1eefa nghi\u00ean c\u1ee9u v\u00e0 k\u1ec3 chuy\u1ec7n, cho ch\u00fang ta th\u00eam s\u1ee9c m\u1ea1nh tr\u00ed tu\u1ec7 l\u1eabn c\u1ea3m x\u00fac \u0111\u1ec3 lu\u00f4n gi\u1eef s\u1ef1 t\u00f2 m\u00f2 v\u00e0 ho\u00e0i nghi c\u1ea7n thi\u1ebft v\u1ec1 th\u1ebf gi\u1edbi h\u00f2ng c\u00f3 th\u1ec3 th\u1eadt s\u1ef1 chuy\u1ec3n bi\u1ebfn n\u00f3. Sau khi \u0111\u1ecdc quy\u1ec3n s\u00e1ch, t\u00f4i b\u1ed7ng th\u1ea5y tr\u00e0n tr\u1ec1 hy v\u1ecdng v\u1ec1 nh\u1eefng \u0111i\u1ec1u m\u00ecnh ch\u01b0a bi\u1ebft.\u201d<\/p>\n<p class=\"QN2lPu\">&#8211; Bren\u00e9 Brown, t\u00e1c gi\u1ea3 quy\u1ec3n Dare to Lead, s\u00e1ch b\u00e1n ch\u1ea1y c\u1ee7a New York Times&nbsp;&nbsp;<\/p>\n<p class=\"QN2lPu\">\n<p class=\"QN2lPu\">\u201cAdam Grant tin r\u1eb1ng c\u1edfi m\u1edf trong t\u01b0 duy l\u00e0 m\u1ed9t k\u1ef9 n\u0103ng c\u00f3 th\u1ec3 h\u1ecdc \u0111\u01b0\u1ee3c. V\u00e0 kh\u00f4ng ai c\u00f3 th\u1ec3 d\u1ea1y b\u1ea1n k\u1ef9 n\u0103ng v\u00f4 gi\u00e1 n\u00e0y t\u1ed1t b\u1eb1ng Adam Grant, th\u00f4ng qua quy\u1ec3n s\u00e1ch h\u1ebft s\u1ee9c th\u00fa v\u1ecb D\u00e1m ngh\u0129 l\u1ea1i. Nh\u1eefng hi\u1ec3u bi\u1ebft m\u00e0 quy\u1ec3n s\u00e1ch \u0111em l\u1ea1i gi\u00fap b\u1ea1n t\u00e1i t\u01b0 duy v\u1ec1 c\u00e1c quan \u0111i\u1ec3m c\u1ee7a ch\u00ednh m\u00ecnh c\u0169ng nh\u01b0 nh\u1eefng quy\u1ebft \u0111\u1ecbnh h\u1ec7 tr\u1ecdng trong \u0111\u1eddi b\u1ea1n.\u201d<\/p>\n<p class=\"QN2lPu\">&nbsp;&#8211; Daniel Kahneman, ng\u01b0\u1eddi \u0111o\u1ea1t gi\u1ea3i Nobel kinh t\u1ebf v\u00e0 t\u00e1c gi\u1ea3 quy\u1ec3n s\u00e1ch Thinking, Fast and Slow<\/p>\n<p class=\"QN2lPu\">\n<p class=\"QN2lPu\">\u201cQuy\u1ec3n s\u00e1ch ph\u1ea3i \u0111\u1ecdc d\u00e0nh cho b\u1ea5t k\u1ef3 ai mu\u1ed1n t\u1ea1o ra v\u0103n h\u00f3a h\u1ecdc t\u1eadp v\u00e0 khai ph\u00e1, d\u00f9 trong gia \u0111\u00ecnh, \u1edf n\u01a1i l\u00e0m vi\u1ec7c hay trong l\u1edbp h\u1ecdc. B\u1eb1ng s\u1ef1 n\u1ed3ng nhi\u1ec7t v\u00e0 h\u00e0i h\u01b0\u1edbc, Adam Grant ch\u1eaft l\u1ecdc nh\u1eefng nghi\u00ean c\u1ee9u c\u00f4ng phu th\u00e0nh m\u1ed9t l\u1eadp lu\u1eadn \u0111\u1ea7y thuy\u1ebft ph\u1ee5c cho th\u1ea5y t\u1ea1i sao ai c\u0169ng c\u1ea7n kh\u00f4ng ng\u1eebng ch\u1ea5t v\u1ea5n nh\u1eefng gi\u1ea3 \u0111\u1ecbnh c\u0169 v\u00e0 s\u00e1ng t\u1ea1o n\u00ean nh\u1eefng \u00fd t\u01b0\u1edfng v\u00e0 g\u00f3c nh\u00ecn m\u1edbi m\u1ebb. Cu\u1ed1n s\u00e1ch n\u00e0y ch\u1ee9a \u0111\u1ef1ng nh\u1eefng b\u00e0i h\u1ecdc quan tr\u1ecdng trong m\u1ed9t th\u1ebf gi\u1edbi ng\u00e0y c\u00e0ng ph\u00e2n c\u1ef1c.\u201d<\/p>\n<\/div>\n","protected":false},"excerpt":{"rendered":"<p>C\u00f4ng ty ph\u00e1t h\u00e0nh: First News &#8211; Tr\u00ed Vi\u1ec7t T\u00e1c gi\u1ea3:&nbsp;Adam Grant Ng\u00e0y xu\u1ea5t b\u1ea3n: 2025 K\u00edch th\u01b0\u1edbc: 16 x 24 cm Nh\u00e0 xu\u1ea5t b\u1ea3n: NXB D\u00e2n Tr\u00ed S\u1ed1 trang: 336 Gi\u00e1 b\u00eca: 168.000 VN\u0110 Xu\u1ea5t x\u1ee9: Trong n\u01b0\u1edbc Ng\u00f4n ng\u1eef: Ti\u1ebfng Vi\u1ec7t Lo\u1ea1i B\u00eca: B\u00eca m\u1ec1m M\u00f4 t\u1ea3 s\u1ea3n ph\u1ea9m: D\u00e1m ngh\u0129 l\u1ea1i m\u1edf&#8230;<\/p>\n","protected":false},"featured_media":15539,"comment_status":"open","ping_status":"closed","template":"","meta":[],"product_brand":[1692],"product_cat":[1672],"product_tag":[],"class_list":{"0":"post-15395","1":"product","2":"type-product","3":"status-publish","4":"has-post-thumbnail","6":"product_brand-nxb-kim-dong","7":"product_cat-sach-huong-nghiep-phat-trien-ban-than","9":"first","10":"instock","11":"sale","12":"shipping-taxable","13":"purchasable","14":"product-type-simple"},"_links":{"self":[{"href":"https:\/\/web-ban-le.mbws.vn\/nha-sach\/wp-json\/wp\/v2\/product\/15395","targetHints":{"allow":["GET"]}}],"collection":[{"href":"https:\/\/web-ban-le.mbws.vn\/nha-sach\/wp-json\/wp\/v2\/product"}],"about":[{"href":"https:\/\/web-ban-le.mbws.vn\/nha-sach\/wp-json\/wp\/v2\/types\/product"}],"replies":[{"embeddable":true,"href":"https:\/\/web-ban-le.mbws.vn\/nha-sach\/wp-json\/wp\/v2\/comments?post=15395"}],"wp:featuredmedia":[{"embeddable":true,"href":"https:\/\/web-ban-le.mbws.vn\/nha-sach\/wp-json\/wp\/v2\/media\/15539"}],"wp:attachment":[{"href":"https:\/\/web-ban-le.mbws.vn\/nha-sach\/wp-json\/wp\/v2\/media?parent=15395"}],"wp:term":[{"taxonomy":"product_brand","embeddable":true,"href":"https:\/\/web-ban-le.mbws.vn\/nha-sach\/wp-json\/wp\/v2\/product_brand?post=15395"},{"taxonomy":"product_cat","embeddable":true,"href":"https:\/\/web-ban-le.mbws.vn\/nha-sach\/wp-json\/wp\/v2\/product_cat?post=15395"},{"taxonomy":"product_tag","embeddable":true,"href":"https:\/\/web-ban-le.mbws.vn\/nha-sach\/wp-json\/wp\/v2\/product_tag?post=15395"}],"curies":[{"name":"wp","href":"https:\/\/api.w.org\/{rel}","templated":true}]}}