{"id":15397,"date":"2025-10-31T13:35:32","date_gmt":"2025-10-31T06:35:32","guid":{"rendered":"https:\/\/web-ban-le.mbws.vn\/nha-sach\/?post_type=product&#038;p=15397"},"modified":"2025-11-01T19:43:32","modified_gmt":"2025-11-01T12:43:32","slug":"sach-barrons-essential-words-for-the-ielts-3rd-edition-first-news","status":"publish","type":"product","link":"https:\/\/web-ban-le.mbws.vn\/nha-sach\/san-pham\/sach-barrons-essential-words-for-the-ielts-3rd-edition-first-news\/","title":{"rendered":"S\u00e1ch &#8211; BARRON&#8217;S ESSENTIAL WORDS FOR THE IELTS (3RD EDITION) &#8211; First News"},"content":{"rendered":"<div class=\"e8lZp3\">\n<p class=\"QN2lPu\">C\u00f4ng ty ph\u00e1t h\u00e0nh: First News &#8211; Tr\u00ed Vi\u1ec7t<\/p>\n<p class=\"QN2lPu\">T\u00e1c gi\u1ea3: Barron&#8217;s<\/p>\n<p class=\"QN2lPu\">Ng\u00e0y xu\u1ea5t b\u1ea3n: 2024<\/p>\n<p class=\"QN2lPu\">K\u00edch th\u01b0\u1edbc: 19 x 26 cm<\/p>\n<p class=\"QN2lPu\">Nh\u00e0 xu\u1ea5t b\u1ea3n: NXB T\u1ed5ng h\u1ee3p TP.HCM<\/p>\n<p class=\"QN2lPu\">S\u1ed1 trang: 380<\/p>\n<p class=\"QN2lPu\">G\u00eda: 208.000VN\u0110<\/p>\n<p class=\"QN2lPu\">Lo\u1ea1i b\u00eca: B\u00eca m\u1ec1m<\/p>\n<p class=\"QN2lPu\">M\u00f4 t\u1ea3 s\u1ea3n ph\u1ea9m:<\/p>\n<p class=\"QN2lPu\">BARRON&#8217;S ESSENTIAL WORDS FOR THE IELTS &#8211; 3rd EDITION<\/p>\n<p class=\"QN2lPu\">\n<p class=\"QN2lPu\">IELTS l\u00e0 k\u1ef3 thi v\u1ec1 b\u1ed1n k\u1ef9 n\u0103ng Nghe, \u0110\u1ecdc, Vi\u1ebft v\u00e0 N\u00f3i v\u1edbi t\u1ed5ng th\u1eddi gian thi l\u00e0 d\u01b0\u1edbi ba gi\u1edd. B\u1ea1n s\u1ebd thi t\u1eebng k\u1ef9 n\u0103ng v\u00e0o c\u00f9ng m\u1ed9t ng\u00e0y theo th\u1ee9 t\u1ef1 v\u00e0 kh\u00f4ng c\u00f3 th\u1eddi gian ngh\u1ec9 gi\u1eefa c\u00e1c m\u00f4n thi.<\/p>\n<p class=\"QN2lPu\">\n<p class=\"QN2lPu\">C\u00e1c k\u1ef3 thi IELTS kh\u00f4ng ki\u1ec3m tra t\u1eeb v\u1ef1ng tr\u1ef1c ti\u1ebfp hay kh\u00f4ng c\u00f3 b\u1ea5t k\u1ef3 c\u00e2u h\u1ecfi n\u00e0o trong b\u00e0i thi IELTS h\u1ecfi c\u1ee5 th\u1ec3 ngh\u0129a c\u1ee7a m\u1ed9t t\u1eeb. Tuy nhi\u00ean, m\u1ed9t trong nh\u1eefng ti\u00eau ch\u00ed ch\u1ea5m \u0111i\u1ec3m c\u1ee7a k\u1ef3 thi IELTS l\u00e0 m\u1ee9c \u0111\u1ed9 hi\u1ec3u t\u1eeb c\u1ee7a b\u1ea1n \u0111\u1ebfn \u0111\u00e2u. B\u1ea1n c\u00e0ng bi\u1ebft nhi\u1ec1u t\u1eeb, b\u1ea1n c\u00e0ng hi\u1ec3u \u0111\u01b0\u1ee3c nhi\u1ec1u h\u01a1n. B\u1ea1n c\u00e0ng bi\u1ebft \u0111\u01b0\u1ee3c nhi\u1ec1u t\u1eeb, b\u1ea1n c\u00e0ng c\u00f3 kh\u1ea3 n\u0103ng n\u00f3i v\u00e0 vi\u1ebft l\u01b0u lo\u00e1t h\u01a1n. <\/p>\n<p class=\"QN2lPu\">\n<p class=\"QN2lPu\">Barron&#8217;s Essential Words for IELTS &#8211; \u1ea4n b\u1ea3n l\u1ea7n 3 (600 t\u1eeb v\u1ef1ng thi\u1ebft y\u1ebfu cho k\u1ef3 thi IELTS) s\u1ebd gi\u00fap b\u1ea1n l\u00e0m quen v\u1edbi c\u00e1c t\u1eeb v\u1ef1ng m\u00e0 b\u1ea1n s\u1ebd t\u00ecm th\u1ea5y trong ph\u1ea7n \u0111\u1ecdc v\u00e0 nghe c\u1ee7a b\u00e0i thi IELTS (International English Language Testing System &#8211; H\u1ec7 th\u1ed1ng Ki\u1ec3m tra Ti\u1ebfng Anh qu\u1ed1c t\u1ebf). Khi s\u1ed1 l\u01b0\u1ee3ng t\u1eeb m\u00e0 b\u1ea1n hi\u1ec3u \u0111\u01b0\u1ee3c l\u00fac \u0111\u1ecdc v\u00e0 nghe t\u0103ng l\u00ean, th\u00ec v\u1ed1n t\u1eeb d\u00f9ng \u0111\u1ec3 n\u00f3i v\u00e0 vi\u1ebft c\u0169ng s\u1ebd \u0111\u01b0\u1ee3c c\u1ea3i thi\u1ec7n. T\u1eeb \u0111\u00f3, tr\u1edf th\u00e0nh m\u1ed9t c\u00f4ng c\u1ee5 thi\u1ebft y\u1ebfu gi\u00fap b\u1ea1n r\u00e8n luy\u1ec7n v\u00e0 \u0111\u1ea1t \u0111\u01b0\u1ee3c \u0111i\u1ec3m cao trong c\u00e1c k\u1ef3 thi IELTS.<\/p>\n<p class=\"QN2lPu\">\n<p class=\"QN2lPu\">Trong cu\u1ed1n Barron\u2019s Essential Words for the IELTS, b\u1ea1n c\u0169ng s\u1ebd th\u1ef1c h\u00e0nh m\u1ed9t chi\u1ebfn l\u01b0\u1ee3c h\u1ecdc t\u1eeb v\u00f4 c\u00f9ng hi\u1ec7u qu\u1ea3 gi\u00fap c\u1ea3i thi\u1ec7n kh\u1ea3 n\u0103ng hi\u1ec3u c\u1ee7a b\u1ea1n. Chi\u1ebfn l\u01b0\u1ee3c hi\u1ec7u qu\u1ea3 n\u00e0y ch\u00ednh l\u00e0 vi\u1ec7c s\u1eed d\u1ee5ng m\u1ed9t t\u1eeb theo b\u1ed1n c\u00e1ch: \u0110\u1ecdc t\u1eeb, vi\u1ebft t\u1eeb, nghe t\u1eeb v\u00e0 n\u00f3i t\u1eeb. M\u1ed7i ho\u1ea1t \u0111\u1ed9ng trong m\u1ed7i ch\u01b0\u01a1ng s\u1ebd gi\u00fap b\u1ea1n ph\u00e1t tri\u1ec3n chi\u1ebfn l\u01b0\u1ee3c n\u00e0y. \u0110\u1eb7c bi\u1ec7t \u1edf phi\u00ean b\u1ea3n m\u1edbi n\u00e0y \u0111\u01b0\u1ee3c c\u1eadp nh\u1eadt nh\u1eefng n\u1ed9i dung \u1edf c\u00e1c ph\u1ea7n nh\u01b0:<\/p>\n<p class=\"QN2lPu\">\n<p class=\"QN2lPu\">\u2022 Ph\u1ea7n gi\u1edbi thi\u1ec7u, h\u01b0\u1edbng d\u1eabn s\u1eed d\u1ee5ng s\u00e1ch v\u00e0 h\u01b0\u1edbng d\u1eabn l\u00e0m b\u00e0i, gi\u00fap ng\u01b0\u1eddi h\u1ecdc d\u1ec5 d\u00e0ng ti\u1ebfp c\u1eadn v\u00e0 theo d\u00f5i b\u00e0i h\u1ecdc.<\/p>\n<p class=\"QN2lPu\">\n<p class=\"QN2lPu\">\u2022 Danh m\u1ee5c t\u1eeb v\u1ef1ng bao g\u1ed3m: thi\u00ean nhi\u00ean, gi\u1ea3i tr\u00ed, giao th\u00f4ng, ngh\u1ec7 thu\u1eadt, s\u1ee9c kh\u1ecfe, v\u0103n h\u00f3a, du l\u1ecbch, kinh doanh, c\u00f4ng ngh\u1ec7, nh\u1eefng v\u1ea5n \u0111\u1ec1 x\u00e3 h\u1ed9i v\u00e0 gi\u00e1o d\u1ee5c. C\u00e1c t\u1eeb v\u1ef1ng \u0111\u01b0\u1ee3c chuy\u1ec3n t\u1ea3i qua h\u00e0ng lo\u1ea1t b\u00e0i t\u1eadp \u0111\u1ecdc t\u1eeb, nghe t\u1eeb, vi\u1ebft t\u1eeb.<\/p>\n<p class=\"QN2lPu\">\n<p class=\"QN2lPu\">\u2022 \u0110i\u1ec3m n\u1ed5i b\u1eadt c\u1ee7a cu\u1ed1n s\u00e1ch n\u00e0y so v\u1edbi m\u1ed9t s\u1ed1 cu\u1ed1n s\u00e1ch t\u1eeb v\u1ef1ng kh\u00e1c nh\u01b0 Cambridge Vocabulary for IELTS, Achieve IELTS Grammar And Vocabulary \u2026 ch\u00ednh l\u00e0 v\u1edbi c\u00f9ng m\u1ed9t l\u01b0\u1ee3ng t\u1eeb v\u1ef1ng, cu\u1ed1n s\u00e1ch thi\u1ebft k\u1ebf r\u1ea5t nhi\u1ec1u b\u00e0i nghe \u2013 \u0111\u1ecdc v\u00e0 c\u1ea3 vi\u1ebft \u0111\u1ec3 ng\u01b0\u1eddi \u0111\u1ecdc c\u00f3 th\u1ec3 \u1ee9ng d\u1ee5ng \u0111\u01b0\u1ee3c t\u1eeb v\u1ef1ng ch\u1ee9 kh\u00f4ng ch\u1ec9 h\u1ecdc t\u1eeb \u0111\u01a1n thu\u1ea7n. T\u1eeb v\u1ef1ng c\u00f2n \u0111\u01b0\u1ee3c cung c\u1ea5p theo c\u1ea3 \u201cword families\u201d (gia \u0111\u00ecnh t\u1eeb) v\u00e0 c\u1ea3 nh\u1eefng t\u1eeb \u0111\u1ed3ng ngh\u0129a.<\/p>\n<p class=\"QN2lPu\">\n<p class=\"QN2lPu\">\u2022 B\u1ed5 sung th\u00eam B\u1ea3ng ch\u1ec9 m\u1ee5c t\u1eeb v\u00e0 ph\u1ea7n tra c\u1ee9u b\u00e0i nghe, \u0111\u01b0\u1eddng d\u1eabn QR code t\u1edbi b\u00e0i nghe \u0111\u1ec3 ng\u01b0\u1eddi ng\u01b0\u1eddi h\u1ecdc c\u00f3 th\u1ec3 nghe tr\u00ean c\u00e1c thi\u1ebft b\u1ecb d\u1ec5 d\u00e0ng.<\/p>\n<p class=\"QN2lPu\">\n<p class=\"QN2lPu\">\u2022 G\u1ed3m c\u00e1c ph\u1ea7n \u0111\u01b0\u1ee3c thi\u1ebft k\u1ebf \u0111\u1ec3 t\u1ed1i \u0111a h\u00f3a hi\u1ec7u qu\u1ea3 s\u1eed d\u1ee5ng v\u00e0 th\u1ef1c h\u00e0nh.<\/p>\n<p class=\"QN2lPu\">\n<p class=\"QN2lPu\">Quy\u1ec3n s\u00e1ch \u0111\u01b0\u1ee3c chia th\u00e0nh m\u01b0\u1eddi b\u00e0i h\u1ecdc, m\u1ed7i b\u00e0i h\u1ecdc t\u1eadp trung v\u00e0o m\u1ed9t ch\u1ee7 \u0111\u1ec1 ch\u00ednh. M\u1ed7i ch\u1ee7 \u0111\u1ec1 ch\u00ednh trong m\u1ed7i b\u00e0i h\u1ecdc l\u1ea1i \u0111\u01b0\u1ee3c tri\u1ec3n khai theo ba \u0111\u1ec1 t\u00e0i, m\u1ed7i \u0111\u1ec1 t\u00e0i gi\u1edbi thi\u1ec7u hai m\u01b0\u01a1i t\u1eeb m\u1edbi theo b\u1ed1i c\u1ea3nh c\u1ee7a ch\u1ee7 \u0111\u1ec1 b\u00e0i h\u1ecdc. B\u1ea1n s\u1ebd luy\u1ec7n t\u1eadp nh\u1eefng t\u1eeb v\u1ef1ng m\u1edbi n\u00e0y b\u1eb1ng c\u00e1ch l\u00e0m nh\u1eefng b\u00e0i t\u1eadp \u0111\u01b0\u1ee3c bi\u00ean so\u1ea1n gi\u1ed1ng nh\u01b0 nh\u1eefng c\u00e2u h\u1ecfi trong b\u00e0i thi IELTS.<\/p>\n<\/div>\n","protected":false},"excerpt":{"rendered":"<p>C\u00f4ng ty ph\u00e1t h\u00e0nh: First News &#8211; Tr\u00ed Vi\u1ec7t T\u00e1c gi\u1ea3: Barron&#8217;s Ng\u00e0y xu\u1ea5t b\u1ea3n: 2024 K\u00edch th\u01b0\u1edbc: 19 x 26 cm Nh\u00e0 xu\u1ea5t b\u1ea3n: NXB T\u1ed5ng h\u1ee3p TP.HCM S\u1ed1 trang: 380 G\u00eda: 208.000VN\u0110 Lo\u1ea1i b\u00eca: B\u00eca m\u1ec1m M\u00f4 t\u1ea3 s\u1ea3n ph\u1ea9m: BARRON&#8217;S ESSENTIAL WORDS FOR THE IELTS &#8211; 3rd EDITION IELTS l\u00e0 k\u1ef3 thi&#8230;<\/p>\n","protected":false},"featured_media":15556,"comment_status":"open","ping_status":"closed","template":"","meta":[],"product_brand":[1693],"product_cat":[1678],"product_tag":[],"class_list":{"0":"post-15397","1":"product","2":"type-product","3":"status-publish","4":"has-post-thumbnail","6":"product_brand-nxb-tre","7":"product_cat-sach-hoc-ngoai-ngu-tu-dien","9":"first","10":"instock","11":"sale","12":"shipping-taxable","13":"purchasable","14":"product-type-simple"},"_links":{"self":[{"href":"https:\/\/web-ban-le.mbws.vn\/nha-sach\/wp-json\/wp\/v2\/product\/15397","targetHints":{"allow":["GET"]}}],"collection":[{"href":"https:\/\/web-ban-le.mbws.vn\/nha-sach\/wp-json\/wp\/v2\/product"}],"about":[{"href":"https:\/\/web-ban-le.mbws.vn\/nha-sach\/wp-json\/wp\/v2\/types\/product"}],"replies":[{"embeddable":true,"href":"https:\/\/web-ban-le.mbws.vn\/nha-sach\/wp-json\/wp\/v2\/comments?post=15397"}],"wp:featuredmedia":[{"embeddable":true,"href":"https:\/\/web-ban-le.mbws.vn\/nha-sach\/wp-json\/wp\/v2\/media\/15556"}],"wp:attachment":[{"href":"https:\/\/web-ban-le.mbws.vn\/nha-sach\/wp-json\/wp\/v2\/media?parent=15397"}],"wp:term":[{"taxonomy":"product_brand","embeddable":true,"href":"https:\/\/web-ban-le.mbws.vn\/nha-sach\/wp-json\/wp\/v2\/product_brand?post=15397"},{"taxonomy":"product_cat","embeddable":true,"href":"https:\/\/web-ban-le.mbws.vn\/nha-sach\/wp-json\/wp\/v2\/product_cat?post=15397"},{"taxonomy":"product_tag","embeddable":true,"href":"https:\/\/web-ban-le.mbws.vn\/nha-sach\/wp-json\/wp\/v2\/product_tag?post=15397"}],"curies":[{"name":"wp","href":"https:\/\/api.w.org\/{rel}","templated":true}]}}