{"id":15421,"date":"2025-10-31T13:35:55","date_gmt":"2025-10-31T06:35:55","guid":{"rendered":"https:\/\/web-ban-le.mbws.vn\/nha-sach\/?post_type=product&#038;p=15421"},"modified":"2025-11-04T13:47:35","modified_gmt":"2025-11-04T06:47:35","slug":"sach-suc-manh-cua-hien-tai-eckhart-tolle-first-news","status":"publish","type":"product","link":"https:\/\/web-ban-le.mbws.vn\/nha-sach\/san-pham\/sach-suc-manh-cua-hien-tai-eckhart-tolle-first-news\/","title":{"rendered":"S\u00e1ch S\u1ee9c M\u1ea1nh C\u1ee7a Hi\u1ec7n T\u1ea1i &#8211; Eckhart Tolle &#8211; First News"},"content":{"rendered":"<div class=\"e8lZp3\">\n<p class=\"QN2lPu\">C\u00f4ng ty ph\u00e1t h\u00e0nh: First News &#8211; Tr\u00ed Vi\u1ec7t<\/p>\n<p class=\"QN2lPu\">T\u00e1c Gi\u1ea3: Eckhart Tolle<\/p>\n<p class=\"QN2lPu\">Ng\u00e0y ph\u00e1t h\u00e0nh: 2025<\/p>\n<p class=\"QN2lPu\">S\u1ed1 trang:400<\/p>\n<p class=\"QN2lPu\">K\u00edch th\u01b0\u1edbc: 14,5 x 20.5 cm<\/p>\n<p class=\"QN2lPu\">NXB:NXB T\u1ed5ng h\u1ee3p TP.HCM<\/p>\n<p class=\"QN2lPu\">Gi\u00e1 b\u00eca: 168.000 VND<\/p>\n<p class=\"QN2lPu\">Xu\u1ea5t x\u1ee9: Trong n\u01b0\u1edbc<\/p>\n<p class=\"QN2lPu\">Ng\u00f4n ng\u1eef: Ti\u1ebfng Vi\u1ec7t<\/p>\n<p class=\"QN2lPu\">M\u00f4 t\u1ea3 s\u1ea3n ph\u1ea9m:<\/p>\n<p class=\"QN2lPu\">S\u1ee8C M\u1ea0NH C\u1ee6A HI\u1ec6N T\u1ea0I<\/p>\n<p class=\"QN2lPu\">\n<p class=\"QN2lPu\">S\u1ee9c M\u1ea1nh C\u1ee7a Hi\u1ec7n T\u1ea1i \u0111\u01b0\u1ee3c vi\u1ebft m\u1ed9t c\u00e1ch s\u00fac t\u00edch v\u00e0 th\u00e2m thu\u00fd n\u00ean nhi\u1ec1u khi ta ch\u1ec9 c\u1ea7n \u0111\u1ecdc m\u1ed9t c\u00e2u hay m\u1ed9t \u0111o\u1ea1n ng\u1eafn th\u00ec \u0111\u00e3 c\u1ea3m th\u1ea5y v\u1eeba \u0111\u1ee7, v\u00ec qu\u1ea3 th\u1ef1c ch\u00fang ta c\u1ea7n c\u00f3 kh\u00f4ng gian \u0111\u1ec3 chi\u00eam nghi\u1ec7m nh\u1eefng \u0111i\u1ec1u s\u00e2u s\u1eafc m\u00e0 t\u00e1c gi\u1ea3 \u0111\u00e3 \u0111\u01b0a ra. Nh\u1edd s\u1eed d\u1ee5ng ng\u00f4n ng\u1eef \u0111\u01b0\u01a1ng \u0111\u1ea1i n\u00ean &#8220;S\u1ee9c M\u1ea1nh C\u1ee7a Hi\u1ec7n T\u1ea1i&#8221; d\u1ec5 d\u00e0ng \u0111i v\u00e0o l\u00f2ng \u0111\u1ed9c gi\u1ea3. Cu\u1ed1n s\u00e1ch n\u00e0y c\u00f3 n\u0103ng l\u1ef1c r\u1ea5t l\u1edbn \u0111\u1ec3 gi\u00fap b\u1ea1n chuy\u1ec3n ho\u00e1 kh\u1ed5 \u0111au v\u00e0 \u0111\u01b0a b\u1ea1n \u0111\u1ebfn gi\u1ea3i tho\u00e1t.<\/p>\n<p class=\"QN2lPu\">\n<p class=\"QN2lPu\">S\u1ee9c M\u1ea1nh C\u1ee7a Hi\u1ec7n T\u1ea1i s\u1ebd r\u1ea5t h\u1eefu \u00edch v\u00e0 th\u1ef1c d\u1ee5ng n\u1ebfu b\u1ea1n \u0111ang c\u00f3 nh\u1eefng kh\u00f3 kh\u0103n trong \u0111\u1eddi s\u1ed1ng c\u00e1 nh\u00e2n, hay \u0111\u1eddi s\u1ed1ng v\u1ee3 ch\u1ed3ng, cu\u1ed1n s\u00e1ch n\u00e0y s\u1ebd gi\u00fap b\u1ea1n v\u01b0\u1ee3t qua nh\u1eefng kh\u00f3 kh\u0103n \u0111\u00f3, x\u00e2y d\u1ef1ng l\u1ea1i m\u1ed1i quan h\u1ec7 ng\u00e0y m\u1ed9t t\u1ed1t \u0111\u1eb9p h\u01a1n. Th\u1eadm ch\u00ed s\u00e1ch c\u00f2n c\u00f3 kh\u1ea3 n\u0103ng gi\u00fap b\u1ea1n th\u1ef1c hi\u1ec7n nh\u1eefng \u01b0\u1edbc m\u01a1, ho\u00e0i b\u00e3o s\u00e2u k\u00edn c\u1ee7a b\u1ea1n. V\u00e0 xa h\u01a1n n\u1eefa, &#8220;S\u1ee9c m\u1ea1nh c\u1ee7a hi\u1ec7n t\u1ea1i&#8221; c\u00f3 th\u1ec3 gi\u00fap b\u1ea1n th\u1ef1c hi\u1ec7n \u0111\u01b0\u1ee3c m\u1ee5c \u0111\u00edch t\u1ed1i h\u1eadu c\u1ee7a m\u1ed9t con ng\u01b0\u1eddi l\u00e0 nh\u1eadn th\u1ee9c \u0111\u01b0\u1ee3c b\u1ea3n ch\u1ea5t ch\u00e2n th\u1ef1c c\u1ee7a m\u00ecnh l\u00e0 g\u00ec.<\/p>\n<p class=\"QN2lPu\">\n<p class=\"QN2lPu\">S\u1ee9c m\u1ea1nh c\u1ee7a hi\u1ec7n t\u1ea1i &#8211; The Power of now &#8211; t\u00e1c ph\u1ea9m n\u1ed5i ti\u1ebfng th\u1ebf gi\u1edbi, \u0111\u01b0\u1ee3c th\u1eddi b\u00e1o New York Times b\u00ecnh ch\u1ecdn l\u00e0 cu\u1ed1n s\u00e1ch hay v\u00e0 b\u00e1n ch\u1ea1y nh\u1ea5t, th\u1ef1c s\u1ef1 thi\u1ebft th\u1ef1c v\u00e0 h\u1eefu \u00edch cho cu\u1ed9c s\u1ed1ng tinh th\u1ea7n m\u1ecdi ng\u01b0\u1eddi trong th\u1eddi \u0111\u1ea1i m\u1edbi. Ch\u00e2n l\u00fd m\u00e0 b\u1eadc th\u1ea7y v\u1ec1 t\u00e2m linh &#8211; Eckhart Tolle, truy\u1ec1n t\u1ea3i trong t\u00e1c ph\u1ea9m \u0111\u1eb7c bi\u1ec7t n\u00e0y ch\u00ednh l\u00e0 ph\u00e2n t\u00edch \u0111\u01b0\u1ee3c n\u1ed7i \u0111au kh\u1ed5 tinh th\u1ea7n c\u1ee7a con ng\u01b0\u1eddi x\u1ea3y ra tri\u1ec1n mi\u00ean khi lu\u00f4n ch\u00ecm \u0111\u1eafm suy ngh\u0129 v\u00e0o qu\u00e1 kh\u1ee9 v\u00e0 kh\u00f4ng nh\u1eadn th\u1ee9c \u0111\u01b0\u1ee3c gi\u00e1 tr\u1ecb v\u00e0 s\u1ee9c m\u1ea1nh c\u1ee7a Hi\u1ec7n t\u1ea1i. Khi t\u1eadp trung v\u00e0o hi\u1ec7n t\u1ea1i, b\u1ea1n s\u1ebd v\u01b0\u1ee3t l\u00ean t\u1ea5t c\u1ea3 nh\u1eefng suy ngh\u0129 ti\u00eau c\u1ef1c, t\u00ecm \u0111\u01b0\u1ee3c b\u1ea3n ng\u00e3 c\u1ee7a m\u00ecnh v\u00e0 tinh th\u1ea7n c\u1ee7a b\u1ea1n s\u1ebd thanh th\u1ea3n h\u01a1n r\u1ea5t nhi\u1ec1u.<\/p>\n<p class=\"QN2lPu\">\n<p class=\"QN2lPu\">Cu\u1ed1n s\u00e1ch l\u00e0 ng\u01b0\u1eddi \u0111\u1ed3ng h\u00e0nh gi\u00fap b\u1ea1n t\u00ecm v\u1ec1 v\u1edbi ch\u00ednh m\u00ecnh. B\u1ea1n s\u1ebd b\u1ea5t ng\u1edd kh\u00e1m ph\u00e1 ra nh\u1eefng ch\u00e2n gi\u00e1 tr\u1ecb qu\u00fd b\u00e1u m\u00e0 ch\u00ednh b\u1ea1n \u0111ang c\u00f3 s\u1eb5n nh\u01b0ng b\u1ea1n \u0111\u00e3 kh\u00f4ng nh\u1eadn ra. Cu\u1ed1n s\u00e1ch l\u00e0 kim ch\u1ec9 nam cho t\u1ea5t c\u1ea3 ch\u00fang ta t\u00ecm l\u1ea1i gi\u00e1 tr\u1ecb \u0111\u00edch th\u1ef1c c\u1ee7a cu\u1ed9c s\u1ed1ng v\u00e0 c\u1ea3m nh\u1eadn nh\u1eefng gi\u00e1 tr\u1ecb t\u01b0\u01a1i \u0111\u1eb9p v\u1ed1n c\u00f3.<\/p>\n<\/div>\n","protected":false},"excerpt":{"rendered":"<p>C\u00f4ng ty ph\u00e1t h\u00e0nh: First News &#8211; Tr\u00ed Vi\u1ec7t T\u00e1c Gi\u1ea3: Eckhart Tolle Ng\u00e0y ph\u00e1t h\u00e0nh: 2025 S\u1ed1 trang:400 K\u00edch th\u01b0\u1edbc: 14,5 x 20.5 cm NXB:NXB T\u1ed5ng h\u1ee3p TP.HCM Gi\u00e1 b\u00eca: 168.000 VND Xu\u1ea5t x\u1ee9: Trong n\u01b0\u1edbc Ng\u00f4n ng\u1eef: Ti\u1ebfng Vi\u1ec7t M\u00f4 t\u1ea3 s\u1ea3n ph\u1ea9m: S\u1ee8C M\u1ea0NH C\u1ee6A HI\u1ec6N T\u1ea0I S\u1ee9c M\u1ea1nh C\u1ee7a Hi\u1ec7n T\u1ea1i&#8230;<\/p>\n","protected":false},"featured_media":15561,"comment_status":"open","ping_status":"closed","template":"","meta":[],"product_brand":[1692],"product_cat":[1672],"product_tag":[],"class_list":{"0":"post-15421","1":"product","2":"type-product","3":"status-publish","4":"has-post-thumbnail","6":"product_brand-nxb-kim-dong","7":"product_cat-sach-huong-nghiep-phat-trien-ban-than","9":"first","10":"instock","11":"sale","12":"featured","13":"shipping-taxable","14":"purchasable","15":"product-type-simple"},"_links":{"self":[{"href":"https:\/\/web-ban-le.mbws.vn\/nha-sach\/wp-json\/wp\/v2\/product\/15421","targetHints":{"allow":["GET"]}}],"collection":[{"href":"https:\/\/web-ban-le.mbws.vn\/nha-sach\/wp-json\/wp\/v2\/product"}],"about":[{"href":"https:\/\/web-ban-le.mbws.vn\/nha-sach\/wp-json\/wp\/v2\/types\/product"}],"replies":[{"embeddable":true,"href":"https:\/\/web-ban-le.mbws.vn\/nha-sach\/wp-json\/wp\/v2\/comments?post=15421"}],"wp:featuredmedia":[{"embeddable":true,"href":"https:\/\/web-ban-le.mbws.vn\/nha-sach\/wp-json\/wp\/v2\/media\/15561"}],"wp:attachment":[{"href":"https:\/\/web-ban-le.mbws.vn\/nha-sach\/wp-json\/wp\/v2\/media?parent=15421"}],"wp:term":[{"taxonomy":"product_brand","embeddable":true,"href":"https:\/\/web-ban-le.mbws.vn\/nha-sach\/wp-json\/wp\/v2\/product_brand?post=15421"},{"taxonomy":"product_cat","embeddable":true,"href":"https:\/\/web-ban-le.mbws.vn\/nha-sach\/wp-json\/wp\/v2\/product_cat?post=15421"},{"taxonomy":"product_tag","embeddable":true,"href":"https:\/\/web-ban-le.mbws.vn\/nha-sach\/wp-json\/wp\/v2\/product_tag?post=15421"}],"curies":[{"name":"wp","href":"https:\/\/api.w.org\/{rel}","templated":true}]}}