{"id":15422,"date":"2025-10-31T13:35:55","date_gmt":"2025-10-31T06:35:55","guid":{"rendered":"https:\/\/web-ban-le.mbws.vn\/nha-sach\/?post_type=product&#038;p=15422"},"modified":"2025-11-04T13:47:35","modified_gmt":"2025-11-04T06:47:35","slug":"sach-khong-bao-gio-la-that-bai-tat-ca-la-thu-thach-bia-mem-first-news","status":"publish","type":"product","link":"https:\/\/web-ban-le.mbws.vn\/nha-sach\/san-pham\/sach-khong-bao-gio-la-that-bai-tat-ca-la-thu-thach-bia-mem-first-news\/","title":{"rendered":"S\u00e1ch Kh\u00f4ng Bao Gi\u1edd L\u00e0 Th\u1ea5t B\u1ea1i! T\u1ea5t C\u1ea3 L\u00e0 Th\u1eed Th\u00e1ch (B\u00eca M\u1ec1m) &#8211; First News"},"content":{"rendered":"<div class=\"e8lZp3\">\n<p class=\"QN2lPu\">T\u00e1c Gi\u1ea3: Chung Ju Yung<\/p>\n<p class=\"QN2lPu\">Nh\u00e0 Ph\u00e1t H\u00e0nh: First News &#8211; Tr\u00ed Vi\u1ec7t<\/p>\n<p class=\"QN2lPu\">Ng\u00e0y ph\u00e1t h\u00e0nh: 2025<\/p>\n<p class=\"QN2lPu\">S\u1ed1 trang: 512<\/p>\n<p class=\"QN2lPu\">K\u00edch th\u01b0\u1edbc: 14.5 x 20.5 cm<\/p>\n<p class=\"QN2lPu\">Xu\u1ea5t x\u1ee9: Trong n\u01b0\u1edbc<\/p>\n<p class=\"QN2lPu\">Ng\u00f4n ng\u1eef: Ti\u1ebfng vi\u1ec7t<\/p>\n<p class=\"QN2lPu\">Lo\u1ea1i h\u00ecnh: B\u00eca M\u1ec1m<\/p>\n<p class=\"QN2lPu\">NXB: NXB D\u00e2n Tr\u00ed<\/p>\n<p class=\"QN2lPu\">Gi\u00e1 b\u00eca: 208.000 VND<\/p>\n<p class=\"QN2lPu\">M\u00f4 t\u1ea3 s\u1ea3n ph\u1ea9m:<\/p>\n<p class=\"QN2lPu\">Th\u1ea5t b\u1ea1i x\u1ea3y ra l\u00e0 \u0111\u1ec3 con ng\u01b0\u1eddi nh\u1eadn ra s\u1ee9c m\u1ea1nh n\u1ed9i t\u1ea1i c\u1ee7a b\u1ea3n th\u00e2n, b\u1edfi kh\u00f4ng ai s\u1ed1ng m\u00e0 ch\u1ec9 tr\u1ea3i qua nh\u1eefng th\u00e0nh c\u00f4ng trong su\u1ed1t cu\u1ed9c \u0111\u1eddi. Tuy v\u1eady, ta v\u1eabn lu\u00f4n b\u0103n kho\u0103n t\u1ef1 h\u1ecfi b\u1ea3n th\u00e2n r\u1eb1ng bao nhi\u00eau l\u1ea7n th\u1ea5t b\u1ea1i m\u1edbi \u0111\u1ee7 \u0111\u1ec3 th\u00e0nh c\u00f4ng?<\/p>\n<p class=\"QN2lPu\">M\u1ed7i ng\u01b0\u1eddi \u0111\u1ec1u c\u00f3 \u0111\u1ecbnh ngh\u0129a kh\u00e1c nhau v\u1ec1 th\u00e0nh c\u00f4ng. N\u00f3 c\u00f3 th\u1ec3 \u0111\u01b0\u1ee3c hi\u1ec3u l\u00e0 \u0111\u1ea1t \u0111\u01b0\u1ee3c m\u1ee5c ti\u00eau \u0111\u00e3 \u0111\u1ec1 ra, nh\u01b0ng \u1edf m\u1ed9t g\u00f3c nh\u00ecn kh\u00e1c th\u00ec th\u00e0nh c\u00f4ng ch\u00ednh l\u00e0 r\u00fat ra \u0111\u01b0\u1ee3c kinh nghi\u1ec7m v\u00e0 hi\u00ean ngang b\u01b0\u1edbc ti\u1ebfp sau nh\u1eefng l\u1ea7n th\u1ea5t b\u1ea1i. Vi\u1ec7c th\u1ea5u hi\u1ec3u b\u1ea3n ch\u1ea5t c\u1ee7a th\u00e0nh c\u00f4ng l\u1eabn th\u1ea5t b\u1ea1i \u0111\u00f2i h\u1ecfi \u00fd ch\u00ed v\u00e0 t\u1ea7m nh\u00ecn c\u1ee7a ch\u00ednh b\u1ea3n th\u00e2n ng\u01b0\u1eddi tr\u1ea3i nghi\u1ec7m. Chung Ju-yung &#8211; ng\u01b0\u1eddi kh\u1edfi nghi\u1ec7p t\u1eeb hai b\u00e0n tay tr\u1eafng \u0111\u00e3 tr\u1edf th\u00e0nh ch\u1ee7 t\u1ecbch c\u1ee7a Hyundai, m\u1ed9t t\u1eadp \u0111o\u00e0n n\u1ed5i ti\u1ebfng tr\u00ean th\u1ebf gi\u1edbi v\u00e0 l\u00e0 ni\u1ec1m t\u1ef1 h\u00e0o c\u1ee7a ng\u01b0\u1eddi d\u00e2n H\u00e0n Qu\u1ed1c &#8211; c\u00f3 l\u1ebd h\u01a1n ai h\u1ebft s\u1ebd th\u1ea5u hi\u1ec3u nh\u1eefng v\u1ea5t v\u1ea3, th\u1eed th\u00e1ch v\u00e0 b\u00e0i h\u1ecdc x\u01b0\u01a1ng m\u00e1u tr\u00ean con \u0111\u01b0\u1eddng chinh ph\u1ee5c \u0111\u1ec9nh vinh quang c\u1ee7a m\u00ecnh.<\/p>\n<p class=\"QN2lPu\">\n<p class=\"QN2lPu\">\u201cKh\u00f4ng bao gi\u1edd l\u00e0 th\u1ea5t b\u1ea1i! T\u1ea5t c\u1ea3 l\u00e0 th\u1eed th\u00e1ch\u201d \u0111\u01b0\u1ee3c xem nh\u01b0 cu\u1ed1n t\u1ef1 truy\u1ec7n chi ti\u1ebft v\u1ec1 cu\u1ed9c \u0111\u1eddi l\u1eabn s\u1ef1 nghi\u1ec7p c\u1ee7a c\u1ed1 Ch\u1ee7 t\u1ecbch Chung Ju-yung. Kh\u00f4ng ch\u1ec9 thu\u1eadt l\u1ea1i h\u00e0nh tr\u00ecnh t\u1ea1o l\u1eadp n\u00ean m\u1ed9t t\u1eadp \u0111o\u00e0n c\u00f4ng nghi\u1ec7p ph\u00e1t tri\u1ec3n b\u1eadc nh\u1ea5t, cu\u1ed1n s\u00e1ch c\u00f2n ch\u1ee9a \u0111\u1ef1ng nh\u1eefng b\u00e0i h\u1ecdc s\u00e2u s\u1eafc v\u1ec1 qu\u1ea3n tr\u1ecb, kinh doanh c\u0169ng nh\u01b0 \u0111\u1ea1o l\u00e0m ng\u01b0\u1eddi v\u1edbi tinh th\u1ea7n \u201c\u0111\u1eafc nh\u00e2n t\u00e2m\u201d. \u0110\u00e2y ch\u00ednh l\u00e0 cu\u1ed1n s\u00e1ch g\u1ed1i \u0111\u1ea7u gi\u01b0\u1eddng c\u1ee7a r\u1ea5t nhi\u1ec1u doanh nh\u00e2n Vi\u1ec7t Nam.<\/p>\n<p class=\"QN2lPu\">\n<p class=\"QN2lPu\">\u201cKh\u00f4ng bao gi\u1edd l\u00e0 th\u1ea5t b\u1ea1i! T\u1ea5t c\u1ea3 l\u00e0 th\u1eed th\u00e1ch\u201d, \u1ea5n ph\u1ea9m \u0111\u00e3 \u0111\u01b0\u1ee3c t\u00e1i b\u1ea3n nhi\u1ec1u l\u1ea7n t\u1ea1i Vi\u1ec7t Nam v\u00e0 kh\u00f4ng c\u00f2n \u0111\u01a1n thu\u1ea7n l\u00e0 t\u1ef1a \u0111\u1ec1 c\u1ee7a m\u1ed9t cu\u1ed1n s\u00e1ch, t\u00ean c\u1ee7a n\u00f3 \u0111\u00e3 tr\u1edf th\u00e0nh ph\u01b0\u01a1ng ch\u00e2m s\u1ed1ng, truy\u1ec1n c\u1ea3m h\u1ee9ng cho r\u1ea5t nhi\u1ec1u b\u1ea1n tr\u1ebb.<\/p>\n<p class=\"QN2lPu\">Qua t\u1eebng trang h\u1ed3i k\u00fd, ng\u01b0\u1eddi \u0111\u1ecdc s\u1ebd c\u1ea3m nh\u1eadn \u0111\u01b0\u1ee3c tu\u1ed5i th\u01a1 ngh\u00e8o kh\u00f3 v\u00e0 kh\u00e1t khao l\u00e0m gi\u00e0u c\u1ee7a c\u1ed1 Ch\u1ee7 t\u1ecbch T\u1eadp \u0111o\u00e0n Hyundai: ba l\u1ea7n tr\u1ed1n ch\u1ea1y kh\u1ecfi gia \u0111\u00ecnh v\u00e0 qu\u00ea nh\u00e0 v\u1edbi kh\u00e1t khao tho\u00e1t kh\u1ecfi cu\u1ed9c s\u1ed1ng v\u1ea5t v\u1ea3 c\u1ee7a ng\u01b0\u1eddi l\u00e0m n\u00f4ng. \u0110\u1eb7c bi\u1ec7t, \u00f4ng g\u00e2y d\u1ef1ng c\u01a1 nghi\u1ec7p t\u1eeb xu\u1ea5t ph\u00e1t \u0111i\u1ec3m kh\u00f4ng m\u1ed9t \u0111\u1ed3ng xu d\u00ednh t\u00fai. Con \u0111\u01b0\u1eddng v\u01b0\u01a1n \u0111\u1ebfn th\u00e0nh c\u00f4ng c\u1ee7a \u00f4ng Chung ho\u00e0n to\u00e0n kh\u00f4ng \u00eam \u1ea3. Khi v\u1eeba l\u1eadp nghi\u1ec7p v\u1edbi \u0111\u00f4i ch\u00fat th\u00e0nh t\u1ef1u, \u00f4ng l\u1ea1i g\u1eb7p bi\u1ebfn c\u1ed1 v\u00e0 tr\u1edf v\u1ec1 v\u1ea1ch xu\u1ea5t ph\u00e1t. Th\u1ebf nh\u01b0ng, \u0111i\u1ec1u quan tr\u1ecdng l\u00e0 con ng\u01b0\u1eddi \u1ea5y kh\u00f4ng bao gi\u1edd ngh\u0129 m\u00ecnh th\u1ea5t b\u1ea1i.<\/p>\n<p class=\"QN2lPu\">\n<p class=\"QN2lPu\">Trong m\u1ecdi ho\u00e0n c\u1ea3nh, k\u1ec3 c\u1ea3 khi \u0111\u00e3 tr\u1edf n\u00ean gi\u00e0u c\u00f3, \u00f4ng v\u1eabn lu\u00f4n xem m\u00ecnh l\u00e0 m\u1ed9t ng\u01b0\u1eddi lao \u0111\u1ed9ng l\u00e0m gi\u00e0u b\u1eb1ng ch\u00ednh n\u0103ng l\u1ef1c c\u1ee7a m\u00ecnh, lu\u00f4n c\u1ea7n ki\u1ec7m, ch\u00e2n th\u00e0nh v\u00e0 th\u1eb3ng th\u1eafn. V\u00e0 tr\u00ean h\u1ebft, \u00f4ng lu\u00f4n c\u00f3 t\u1ea7m nh\u00ecn c\u1ee7a m\u1ed9t ng\u01b0\u1eddi y\u00eau n\u01b0\u1edbc, lu\u00f4n ngh\u0129 \u0111\u1ebfn l\u1ee3i \u00edch chung. Ch\u00ednh v\u00ec \u0111i\u1ec1u \u0111\u00f3, \u00f4ng \u0111\u00e3 v\u01b0\u1ee3t qua r\u1ea5t nhi\u1ec1u ch\u01b0\u1edbng ng\u1ea1i t\u01b0\u1edfng ch\u1eebng nh\u01b0 kh\u00f4ng th\u1ec3 v\u01b0\u1ee3t qua trong cu\u1ed9c \u0111\u1eddi l\u00e0m doanh nh\u00e2n c\u1ee7a m\u00ecnh.<\/p>\n<p class=\"QN2lPu\">\n<p class=\"QN2lPu\">V\u1edbi 9 ch\u01b0\u01a1ng s\u00e1ch, b\u1ea1n \u0111\u1ecdc s\u1ebd l\u1ea7n l\u01b0\u1ee3t \u0111i qua t\u1eebng ch\u1eb7ng \u0111\u01b0\u1eddng m\u00e0 c\u1ed1 Ch\u1ee7 t\u1ecbch Chung Ju-yung t\u1eebng tr\u1ea3i qua: t\u1eeb th\u1eddi th\u01a1 \u1ea5u thi\u1ebfu th\u1ed1n v\u00e0 h\u00e0nh tr\u00ecnh th\u1ef1c hi\u1ec7n \u01b0\u1edbc m\u01a1 &#8211; l\u00ean Seoul h\u1ecdc \u0111\u1ec3 \u0111\u1ed5i \u0111\u1eddi, cho \u0111\u1ebfn nh\u1eefng va v\u1ea5p khi b\u1eaft \u0111\u1ea7u d\u1ea5n th\u00e2n v\u00e0o th\u01b0\u01a1ng tr\u01b0\u1eddng, v\u00e0 cu\u1ed1i c\u00f9ng l\u00e0 ch\u1eb7ng \u0111\u01b0\u1eddng x\u00e2y d\u1ef1ng \u0111\u1ebf ch\u1ebf Hyundai \u0111\u1ed3 s\u1ed9, tr\u1edf th\u00e0nh b\u1ed9 m\u1eb7t c\u1ee7a \u0111\u1ea5t n\u01b0\u1edbc H\u00e0n Qu\u1ed1c.<\/p>\n<p class=\"QN2lPu\">Ch\u01b0\u01a1ng 1: Cha m\u1eb9 v\u00e0 Qu\u00ea h\u01b0\u01a1ng<\/p>\n<p class=\"QN2lPu\">Ch\u01b0\u01a1ng 2: Kh\u1edfi \u0111\u1ea7u c\u1ee7a Hyundai<\/p>\n<p class=\"QN2lPu\">Ch\u01b0\u01a1ng 3: T\u00f4i l\u00e0 m\u1ed9t nh\u00e0 x\u00e2y d\u1ef1ng<\/p>\n<p class=\"QN2lPu\">Ch\u01b0\u01a1ng 4: C\u00f4ng ty \u00f4-t\u00f4 Hyundai v\u00e0 c\u00f4ng ty \u0111\u00f3ng t\u00e0u Hyundai<\/p>\n<p class=\"QN2lPu\">Ch\u01b0\u01a1ng 5: Nh\u1eefng th\u0103ng tr\u1ea7m \u1edf Trung \u0110\u00f4ng v\u00e0 n\u0103m 1980 \u0111\u1ea7y bi\u1ebfn \u0111\u1ed9ng<\/p>\n<p class=\"QN2lPu\">Ch\u01b0\u01a1ng 6: \u0110\u0103ng cai Th\u1ebf v\u1eadn h\u1ed9i Olympic 1988 v\u00e0 Nh\u00e0 n\u01b0\u1edbc C\u1ed9ng ho\u00e0 th\u1ee9 n\u0103m<\/p>\n<p class=\"QN2lPu\">Ch\u01b0\u01a1ng 7: D\u1ef1 \u00e1n n\u00fai Kim C\u01b0\u01a1ng v\u00e0 Siberia \u0111\u1ea7y ti\u1ec1m n\u0103ng<\/p>\n<p class=\"QN2lPu\">Ch\u01b0\u01a1ng 8: Con \u0111\u01b0\u1eddng y\u00eau n\u01b0\u1edbc, th\u01b0\u01a1ng d\u00e2n<\/p>\n<p class=\"QN2lPu\">Ch\u01b0\u01a1ng 9: Tri\u1ebft l\u00fd c\u1ee7a t\u00f4i, tinh th\u1ea7n c\u1ee7a Hyundai<\/p>\n<p class=\"QN2lPu\">L\u1eddi cu\u1ed1i s\u00e1ch: Sinh ra tr\u00ean m\u1ea3nh \u0111\u1ea5t n\u00e0y<\/p>\n<p class=\"QN2lPu\">\n<p class=\"QN2lPu\">\u0110\u1eb7c bi\u1ec7t, trong \u1ea5n b\u1ea3n m\u1edbi nh\u1ea5t, \u0111\u1ea7y \u0111\u1ee7 nh\u1ea5t do First News &#8211; Tr\u00ed Vi\u1ec7t ph\u00e1t h\u00e0nh, \u0111\u1ed9c gi\u1ea3 s\u1ebd \u0111\u1ecdc \u0111\u01b0\u1ee3c b\u1ee9c t\u00e2m th\u01b0 c\u1ee7a ng\u01b0\u1eddi con trai Chung Mong-joon vi\u1ebft v\u1ec1 cha m\u00ecnh &#8211; ch\u1ec9 xu\u1ea5t hi\u1ec7n trong b\u1ea3n d\u1ecbch ti\u1ebfng Vi\u1ec7t cho \u0111\u1ebfn th\u1eddi \u0111i\u1ec3m hi\u1ec7n t\u1ea1i.<\/p>\n<\/div>\n","protected":false},"excerpt":{"rendered":"<p>T\u00e1c Gi\u1ea3: Chung Ju Yung Nh\u00e0 Ph\u00e1t H\u00e0nh: First News &#8211; Tr\u00ed Vi\u1ec7t Ng\u00e0y ph\u00e1t h\u00e0nh: 2025 S\u1ed1 trang: 512 K\u00edch th\u01b0\u1edbc: 14.5 x 20.5 cm Xu\u1ea5t x\u1ee9: Trong n\u01b0\u1edbc Ng\u00f4n ng\u1eef: Ti\u1ebfng vi\u1ec7t Lo\u1ea1i h\u00ecnh: B\u00eca M\u1ec1m NXB: NXB D\u00e2n Tr\u00ed Gi\u00e1 b\u00eca: 208.000 VND M\u00f4 t\u1ea3 s\u1ea3n ph\u1ea9m: Th\u1ea5t b\u1ea1i x\u1ea3y ra l\u00e0&#8230;<\/p>\n","protected":false},"featured_media":15570,"comment_status":"open","ping_status":"closed","template":"","meta":[],"product_brand":[1692],"product_cat":[1672],"product_tag":[],"class_list":{"0":"post-15422","1":"product","2":"type-product","3":"status-publish","4":"has-post-thumbnail","6":"product_brand-nxb-kim-dong","7":"product_cat-sach-huong-nghiep-phat-trien-ban-than","9":"first","10":"instock","11":"sale","12":"featured","13":"shipping-taxable","14":"purchasable","15":"product-type-simple"},"_links":{"self":[{"href":"https:\/\/web-ban-le.mbws.vn\/nha-sach\/wp-json\/wp\/v2\/product\/15422","targetHints":{"allow":["GET"]}}],"collection":[{"href":"https:\/\/web-ban-le.mbws.vn\/nha-sach\/wp-json\/wp\/v2\/product"}],"about":[{"href":"https:\/\/web-ban-le.mbws.vn\/nha-sach\/wp-json\/wp\/v2\/types\/product"}],"replies":[{"embeddable":true,"href":"https:\/\/web-ban-le.mbws.vn\/nha-sach\/wp-json\/wp\/v2\/comments?post=15422"}],"wp:featuredmedia":[{"embeddable":true,"href":"https:\/\/web-ban-le.mbws.vn\/nha-sach\/wp-json\/wp\/v2\/media\/15570"}],"wp:attachment":[{"href":"https:\/\/web-ban-le.mbws.vn\/nha-sach\/wp-json\/wp\/v2\/media?parent=15422"}],"wp:term":[{"taxonomy":"product_brand","embeddable":true,"href":"https:\/\/web-ban-le.mbws.vn\/nha-sach\/wp-json\/wp\/v2\/product_brand?post=15422"},{"taxonomy":"product_cat","embeddable":true,"href":"https:\/\/web-ban-le.mbws.vn\/nha-sach\/wp-json\/wp\/v2\/product_cat?post=15422"},{"taxonomy":"product_tag","embeddable":true,"href":"https:\/\/web-ban-le.mbws.vn\/nha-sach\/wp-json\/wp\/v2\/product_tag?post=15422"}],"curies":[{"name":"wp","href":"https:\/\/api.w.org\/{rel}","templated":true}]}}