{"id":15423,"date":"2025-10-31T13:35:55","date_gmt":"2025-10-31T06:35:55","guid":{"rendered":"https:\/\/web-ban-le.mbws.vn\/nha-sach\/?post_type=product&#038;p=15423"},"modified":"2025-11-04T13:47:34","modified_gmt":"2025-11-04T06:47:34","slug":"sach-tin-vao-chinh-minh-song-ngu-first-news","status":"publish","type":"product","link":"https:\/\/web-ban-le.mbws.vn\/nha-sach\/san-pham\/sach-tin-vao-chinh-minh-song-ngu-first-news\/","title":{"rendered":"S\u00e1ch Tin V\u00e0o Ch\u00ednh M\u00ecnh (Song Ng\u1eef) &#8211; First News"},"content":{"rendered":"<div class=\"e8lZp3\">\n<p class=\"QN2lPu\">T\u00e1c Gi\u1ea3: Louise L. Hay<\/p>\n<p class=\"QN2lPu\">C\u00f4ng ty ph\u00e1t h\u00e0nh: First News &#8211; Tr\u00ed Vi\u1ec7t<\/p>\n<p class=\"QN2lPu\">Ng\u00e0y ph\u00e1t h\u00e0nh: 2025<\/p>\n<p class=\"QN2lPu\">S\u1ed1 trang: 160<\/p>\n<p class=\"QN2lPu\">K\u00edch th\u01b0\u1edbc: 14,5 x 20.5 cm<\/p>\n<p class=\"QN2lPu\">NXB: NXB T\u1ed5ng h\u1ee3p TP.HCM<\/p>\n<p class=\"QN2lPu\">Gi\u00e1 b\u00eca: 68.000 VND<\/p>\n<p class=\"QN2lPu\">M\u00f4 t\u1ea3 s\u1ea3n ph\u1ea9m:<\/p>\n<p class=\"QN2lPu\">Tin V\u00e0o Ch\u00ednh M\u00ecnh<\/p>\n<p class=\"QN2lPu\">\n<p class=\"QN2lPu\">Tin V\u00e0o Ch\u00ednh M\u00ecnh h\u01b0\u1edbng d\u1eabn b\u1ea1n t\u1eadp trung v\u00e0o th\u00e1i \u0111\u1ed9 s\u1ed1ng v\u00e0 s\u1eed d\u1ee5ng s\u1ee9c m\u1ea1nh c\u1ee7a s\u1ef1 t\u1ef1 kh\u1eb3ng \u0111\u1ecbnh \u0111\u1ec3 v\u01b0\u1ee3t qua nh\u1eefng kh\u00f3 kh\u0103n, h\u00e0n g\u1eafn nh\u1eefng v\u1ebft th\u01b0\u01a1ng v\u00e0 v\u01b0\u01a1n l\u00ean trong cu\u1ed9c s\u1ed1ng. Cu\u1ed1n s\u00e1ch c\u00f2n gi\u00fap b\u1ea1n nh\u00ecn nh\u1eadn r\u00f5 b\u1ea3n th\u00e2n m\u00ecnh h\u01a1n \u0111\u1ec3 \u0111\u1ecbnh h\u01b0\u1edbng suy ngh\u0129 \u0111\u1ed1i v\u1edbi m\u1ecdi v\u1ea5n \u0111\u1ec1 trong cu\u1ed9c s\u1ed1ng.<\/p>\n<p class=\"QN2lPu\">\n<p class=\"QN2lPu\">D\u00f9 cu\u1ed9c s\u1ed1ng v\u1eabn \u0111ang g\u1eb7p nhi\u1ec1u kh\u00f3 kh\u0103n, th\u1ea5t b\u1ea1i, ch\u01b0a \u0111\u01b0\u1ee3c nh\u01b0 b\u1ea1n mong mu\u1ed1n; nh\u01b0ng ngay t\u1eeb b\u00e2y gi\u1edd, t\u1eeb gi\u00e2y ph\u00fat hi\u1ec7n t\u1ea1i n\u00e0y b\u1ea1n c\u00f3 th\u1ec3 thay \u0111\u1ed5i t\u1ea5t c\u1ea3 b\u1eb1ng nh\u1eefng suy ngh\u0129 ho\u1eb7c ng\u00f4n t\u1eeb m\u00e0 b\u1ea1n di\u1ec5n \u0111\u1ea1t. Khi l\u00e0m \u0111\u01b0\u1ee3c nh\u01b0 th\u1ebf, b\u1ea1n s\u1ebd th\u1ea5y m\u1ecdi th\u1ee9 trong cu\u1ed9c s\u1ed1ng c\u1ee7a b\u1ea1n c\u0169ng s\u1ebd thay \u0111\u1ed5i theo v\u00ec \u0111\u00e2y l\u00e0 \u0111i\u1ec3m b\u1eaft \u0111\u1ea7u c\u1ee7a m\u1ecdi con \u0111\u01b0\u1eddng d\u1eabn \u0111\u1ebfn s\u1ef1 thay \u0111\u1ed5i.<\/p>\n<p class=\"QN2lPu\">\n<p class=\"QN2lPu\">Kho\u1ea3nh kh\u1eafc b\u1ea1n \u0111ang th\u1ef1c s\u1ef1 s\u1ed1ng ch\u00ednh l\u00e0 kho\u1ea3nh kh\u1eafc c\u1ee7a hi\u1ec7n t\u1ea1i. \u0110\u00f3 l\u00e0 th\u1eddi \u0111i\u1ec3m duy nh\u1ea5t m\u00e0 b\u1ea1n c\u00f3 quy\u1ec1n v\u00e0 c\u00f3 th\u1ec3 ki\u1ec3m so\u00e1t m\u1ecdi th\u1ee9. \u201cNg\u00e0y h\u00f4m qua \u0111\u00e3 l\u00e0 l\u1ecbch s\u1eed, ng\u00e0y mai v\u1eabn c\u00f2n l\u00e0 \u0111i\u1ec1u b\u00ed \u1ea9n, ch\u1ec9 c\u00f3 h\u00f4m nay m\u1edbi l\u00e0 m\u1ed9t m\u00f3n qu\u00e0, \u0111\u00f3 l\u00e0 l\u00fd do v\u00ec sao ch\u00fang ta g\u1ecdi hi\u1ec7n t\u1ea1i l\u00e0 qu\u00e0 t\u1eb7ng c\u1ee7a cu\u1ed9c s\u1ed1ng.\u201d H\u00e3y b\u1eaft \u0111\u1ea7u b\u1eb1ng c\u00e1ch c\u1ea3m nh\u1eadn nh\u1eefng \u0111i\u1ec1u t\u1ed1t \u0111\u1eb9p ngay v\u00e0o l\u00fac n\u00e0y, b\u1ea1n s\u1ebd c\u00f3 \u0111\u01b0\u1ee3c nh\u1eefng gi\u00e2y ph\u00fat t\u01b0\u01a1i s\u00e1ng v\u00e0 tr\u00e0n \u0111\u1ea7y ni\u1ec1m vui trong t\u01b0\u01a1ng lai.<\/p>\n<p class=\"QN2lPu\">\n<p class=\"QN2lPu\">\u0110\u00e2y l\u00e0 m\u1ed9t cu\u1ed1n s\u00e1ch hay, \u00fd ngh\u0129a v\u00e0 h\u1eefu \u00edch cho b\u1ea1n \u0111\u1ecdc m\u1ecdi l\u1ee9a tu\u1ed5i, nh\u01b0 m\u1ed9t ng\u01b0\u1eddi b\u1ea1n chia s\u1ebb v\u1edbi b\u1ea1n m\u1ecdi kh\u00eda c\u1ea1nh trong cu\u1ed9c s\u1ed1ng, v\u00e0 b\u1ea1n s\u1ebd c\u00f3 th\u00eam \u0111i\u1ec3m t\u1ef1a cho cu\u1ed9c \u0111\u1eddi m\u00ecnh. \u0110\u00e2y \u0111\u01b0\u1ee3c g\u1ecdi l\u00e0 cu\u1ed1n s\u00e1ch c\u00f3 th\u1ec3 l\u00e0m thay \u0111\u1ed5i cu\u1ed9c s\u1ed1ng c\u1ee7a b\u1ea1n.<\/p>\n<p class=\"QN2lPu\">\n<p class=\"QN2lPu\">M\u1ed9t khi b\u1ea1n thay \u0111\u1ed5i suy ngh\u0129 theo chi\u1ec1u h\u01b0\u1edbng t\u00edch c\u1ef1c h\u01a1n, ch\u1eafc ch\u1eafn b\u1ea1n s\u1ebd t\u1ea1o \u0111\u01b0\u1ee3c thay \u0111\u1ed5i l\u1edbn trong m\u1ecdi l\u0129nh v\u1ef1c c\u1ee7a cu\u1ed9c s\u1ed1ng.<\/p>\n<p class=\"QN2lPu\">#Firstnews #Sach #Tinvaochinhminh <\/p>\n<\/div>\n","protected":false},"excerpt":{"rendered":"<p>T\u00e1c Gi\u1ea3: Louise L. Hay C\u00f4ng ty ph\u00e1t h\u00e0nh: First News &#8211; Tr\u00ed Vi\u1ec7t Ng\u00e0y ph\u00e1t h\u00e0nh: 2025 S\u1ed1 trang: 160 K\u00edch th\u01b0\u1edbc: 14,5 x 20.5 cm NXB: NXB T\u1ed5ng h\u1ee3p TP.HCM Gi\u00e1 b\u00eca: 68.000 VND M\u00f4 t\u1ea3 s\u1ea3n ph\u1ea9m: Tin V\u00e0o Ch\u00ednh M\u00ecnh Tin V\u00e0o Ch\u00ednh M\u00ecnh h\u01b0\u1edbng d\u1eabn b\u1ea1n t\u1eadp trung v\u00e0o th\u00e1i&#8230;<\/p>\n","protected":false},"featured_media":15579,"comment_status":"open","ping_status":"closed","template":"","meta":[],"product_brand":[1692],"product_cat":[1672],"product_tag":[],"class_list":{"0":"post-15423","1":"product","2":"type-product","3":"status-publish","4":"has-post-thumbnail","6":"product_brand-nxb-kim-dong","7":"product_cat-sach-huong-nghiep-phat-trien-ban-than","9":"first","10":"instock","11":"sale","12":"featured","13":"shipping-taxable","14":"purchasable","15":"product-type-simple"},"_links":{"self":[{"href":"https:\/\/web-ban-le.mbws.vn\/nha-sach\/wp-json\/wp\/v2\/product\/15423","targetHints":{"allow":["GET"]}}],"collection":[{"href":"https:\/\/web-ban-le.mbws.vn\/nha-sach\/wp-json\/wp\/v2\/product"}],"about":[{"href":"https:\/\/web-ban-le.mbws.vn\/nha-sach\/wp-json\/wp\/v2\/types\/product"}],"replies":[{"embeddable":true,"href":"https:\/\/web-ban-le.mbws.vn\/nha-sach\/wp-json\/wp\/v2\/comments?post=15423"}],"wp:featuredmedia":[{"embeddable":true,"href":"https:\/\/web-ban-le.mbws.vn\/nha-sach\/wp-json\/wp\/v2\/media\/15579"}],"wp:attachment":[{"href":"https:\/\/web-ban-le.mbws.vn\/nha-sach\/wp-json\/wp\/v2\/media?parent=15423"}],"wp:term":[{"taxonomy":"product_brand","embeddable":true,"href":"https:\/\/web-ban-le.mbws.vn\/nha-sach\/wp-json\/wp\/v2\/product_brand?post=15423"},{"taxonomy":"product_cat","embeddable":true,"href":"https:\/\/web-ban-le.mbws.vn\/nha-sach\/wp-json\/wp\/v2\/product_cat?post=15423"},{"taxonomy":"product_tag","embeddable":true,"href":"https:\/\/web-ban-le.mbws.vn\/nha-sach\/wp-json\/wp\/v2\/product_tag?post=15423"}],"curies":[{"name":"wp","href":"https:\/\/api.w.org\/{rel}","templated":true}]}}