{"id":15424,"date":"2025-10-31T13:35:55","date_gmt":"2025-10-31T06:35:55","guid":{"rendered":"https:\/\/web-ban-le.mbws.vn\/nha-sach\/?post_type=product&#038;p=15424"},"modified":"2025-11-04T13:47:34","modified_gmt":"2025-11-04T06:47:34","slug":"sach-viet-song-first-news","status":"publish","type":"product","link":"https:\/\/web-ban-le.mbws.vn\/nha-sach\/san-pham\/sach-viet-song-first-news\/","title":{"rendered":"S\u00e1ch Vi\u1ebft &#038; S\u1ed1ng &#8211; First News"},"content":{"rendered":"<div class=\"e8lZp3\">\n<p class=\"QN2lPu\">* Th\u00f4ng tin s\u00e1ch<\/p>\n<p class=\"QN2lPu\">\u2022 Nh\u00e0 xu\u1ea5t b\u1ea3n: NXB D\u00e2n Tr\u00ed <\/p>\n<p class=\"QN2lPu\">\u2022 T\u00e1c gi\u1ea3: Anne Lamott<\/p>\n<p class=\"QN2lPu\">\u2022 S\u1ed1 trang: 312<\/p>\n<p class=\"QN2lPu\">\u2022 Kh\u1ed5 s\u00e1ch: 14,5 x 20,5 cm <\/p>\n<p class=\"QN2lPu\">\u2022 Quy c\u00e1ch in: B\u00eca m\u1ec1m, tay g\u1ea5p, c\u00f3 hi\u1ec7u \u1ee9ng <\/p>\n<p class=\"QN2lPu\">\u2022 Gi\u00e1 b\u00eca: 168.000<\/p>\n<p class=\"QN2lPu\">Gi\u1edbi thi\u1ec7u s\u00e1ch: Vi\u1ebft &amp; S\u1ed1ng<\/p>\n<p class=\"QN2lPu\">\n<p class=\"QN2lPu\">Anne Lamott xu\u1ea5t b\u1ea3n cu\u1ed1n s\u00e1ch \u201cVi\u1ebft v\u00e0 S\u1ed1ng\u201d (t\u1ef1a g\u1ed1c: Bird by bird) n\u0103m 1994, ch\u1ec9 m\u1ed9t n\u0103m tr\u01b0\u1edbc khi Internet b\u00f9ng n\u1ed5 to\u00e0n c\u1ea7u, l\u00e0m thay \u0111\u1ed5i v\u0129nh vi\u1ec5n th\u00f3i quen \u0111\u1ecdc, vi\u1ebft v\u00e0 ti\u00eau th\u1ee5 v\u0103n h\u00f3a c\u1ee7a nh\u00e2n lo\u1ea1i. <\/p>\n<p class=\"QN2lPu\">Trong th\u1ebf gi\u1edbi s\u1ed1 hi\u1ec7n \u0111\u1ea1i, thay v\u00ec tr\u00f2 chuy\u1ec7n, ch\u00fang ta b\u1eaft bu\u1ed9c ph\u1ea3i vi\u1ebft \u0111\u1ec3 giao ti\u1ebfp nhi\u1ec1u h\u01a1n bao gi\u1edd h\u1ebft, th\u00f4ng qua t\u1eebng email, t\u1eebng d\u00f2ng tin nh\u1eafn, t\u1eebng b\u00e0i \u0111\u0103ng m\u1ea1ng x\u00e3 h\u1ed9i. H\u1ec7 qu\u1ea3 l\u00e0, gi\u1eefa t\u1ed1c \u0111\u1ed9 lan truy\u1ec1n nhanh ch\u00f3ng v\u00e0 nh\u1eefng h\u1ea1n ch\u1ebf trong vi\u1ec7c giao ti\u1ebfp qua con ch\u1eef, nhu c\u1ea7u v\u1ec1 m\u1ed9t l\u1ed1i vi\u1ebft hi\u1ec7u qu\u1ea3 ng\u00e0y c\u00e0ng tr\u1edf n\u00ean c\u1ea5p thi\u1ebft. Trong b\u1ed1i c\u1ea3nh \u1ea5y, \u201cVi\u1ebft v\u00e0 S\u1ed1ng\u201d v\u1eabn lu\u00f4n \u0111\u01b0\u1ee3c xem l\u00e0 quy\u1ec3n c\u1ea9m nang kh\u00f4ng th\u1ec3 thi\u1ebfu d\u00e0nh cho b\u1ea5t c\u1ee9 ai mu\u1ed1n c\u1ea3i thi\u1ec7n kh\u1ea3 n\u0103ng vi\u1ebft l\u00e1ch, d\u00f9 l\u00e0 m\u1ed9t c\u00e2y b\u00fat chuy\u00ean nghi\u1ec7p hay m\u1ed9t ng\u01b0\u1eddi mu\u1ed1n th\u1ecfa m\u00e3n kh\u00e1t khao s\u00e1ng t\u1ea1o.<\/p>\n<p class=\"QN2lPu\">\n<p class=\"QN2lPu\">N\u1ed9i dung c\u1ee7a \u201cVi\u1ebft v\u00e0 S\u1ed1ng\u201d h\u00f2a quy\u1ec7n nh\u1ecbp nh\u00e0ng hai kh\u00eda c\u1ea1nh ri\u00eang t\u01b0 v\u00e0 chuy\u00ean nghi\u1ec7p c\u1ee7a ngh\u1ec1 vi\u1ebft. \u0110\u00e2y kh\u00f4ng ph\u1ea3i l\u00e0 cu\u1ed1n s\u00e1ch gi\u00e1o khoa \u0111\u1ea7y \u1eafp nh\u1eefng quy t\u1eafc, m\u00e0 n\u00f3 gi\u1ed1ng nh\u01b0 m\u1ed9t quy\u1ec3n t\u1ef1 truy\u1ec7n duy\u00ean d\u00e1ng thu\u1eadt l\u1ea1i h\u00e0nh tr\u00ecnh tr\u01b0\u1edfng th\u00e0nh v\u1ec1 t\u01b0 t\u01b0\u1edfng, t\u00ecnh c\u1ea3m l\u1eabn t\u01b0 duy v\u00e0 k\u1ef9 n\u0103ng c\u1ee7a ch\u00ednh t\u00e1c gi\u1ea3 tr\u00ean con \u0111\u01b0\u1eddng tr\u1edf th\u00e0nh m\u1ed9t nh\u00e0 v\u0103n. <\/p>\n<p class=\"QN2lPu\">\n<p class=\"QN2lPu\">T\u00e0i n\u0103ng thi\u00ean b\u1ea9m c\u00f9ng nh\u1eefng tr\u1ea3i nghi\u1ec7m s\u00e2u s\u1eafc t\u1eeb thu\u1edf \u1ea5u th\u01a1 \u0111\u00e3 gi\u00fap Anne Lamott c\u00f3 nh\u1eefng quan s\u00e1t v\u1eeba d\u00ed d\u1ecfm v\u1eeba s\u1eafc s\u1ea3o v\u1ec1 m\u1ecdi kh\u00eda c\u1ea1nh c\u1ee7a ngh\u1ec1, tr\u01b0\u1edbc h\u1ebft l\u00e0 trong vai tr\u00f2 c\u1ee7a m\u1ed9t ng\u01b0\u1eddi \u0111\u1ecdc say m\u00ea, sau \u0111\u00f3 l\u00e0 m\u1ed9t ng\u01b0\u1eddi vi\u1ebft ki\u00ean nh\u1eabn v\u00e0 cu\u1ed1i c\u00f9ng l\u00e0 m\u1ed9t ng\u01b0\u1eddi d\u1eabn \u0111\u01b0\u1eddng t\u1eadn t\u1ee5y.<\/p>\n<p class=\"QN2lPu\">Trong \u201cVi\u1ebft v\u00e0 S\u1ed1ng\u201d, Anne Lamott kh\u00f4ng ch\u1ec9 chia s\u1ebb v\u1edbi ch\u00fang ta c\u00e1ch bi\u1ebfn vi\u1ec7c vi\u1ebft l\u00e1ch th\u00e0nh m\u1ed9t c\u00f4ng c\u1ee5 \u0111\u1ec3 hi\u1ec3u b\u1ea3n th\u00e2n h\u01a1n, m\u00e0 c\u00f2n h\u01b0\u1edbng d\u1eabn ta c\u00e1ch s\u1ed1ng t\u1ed1t h\u01a1n. T\u00e1c gi\u1ea3 kh\u00f4ng d\u1ea1y vi\u1ebft b\u1eb1ng v\u0103n m\u1eabu hay c\u00f4ng th\u1ee9c c\u00f3 s\u1eb5n, thay v\u00e0o \u0111\u00f3, b\u00e0 \u0111\u1ed3ng h\u00e0nh c\u00f9ng ng\u01b0\u1eddi \u0111\u1ecdc trong h\u00e0nh tr\u00ecnh khai m\u1edf nh\u1eadn th\u1ee9c song song v\u1edbi ho\u00e0n thi\u1ec7n k\u1ef9 thu\u1eadt, \u0111\u1ec3 vi\u1ebft l\u00e1ch tr\u1edf th\u00e0nh m\u1ed9t th\u00f3i quen h\u1eb1ng ng\u00e0y v\u00e0 l\u00e0 m\u1ed9t ph\u1ea3n x\u1ea1 c\u1ee7a t\u01b0 duy. <\/p>\n<p class=\"QN2lPu\">Nh\u01b0 Lamott b\u1ed9c b\u1ea1ch trong s\u00e1ch: \u201cT\u00f4i th\u1eadt s\u1ef1 tin r\u1eb1ng \u0111\u1ec3 tr\u1edf th\u00e0nh m\u1ed9t nh\u00e0 v\u0103n, b\u1ea1n ph\u1ea3i h\u1ecdc c\u00e1ch tr\u00e2n tr\u1ecdng cu\u1ed9c s\u1ed1ng. N\u1ebfu kh\u00f4ng th\u00ec t\u1ea1i sao b\u1ea1n l\u1ea1i vi\u1ebft? T\u1ea1i sao b\u1ea1n l\u1ea1i t\u1ed3n t\u1ea1i? Tr\u00e2n tr\u1ecdng cu\u1ed9c s\u1ed1ng ngh\u0129a l\u00e0 b\u1ea1n ng\u1ea1c nhi\u00ean tr\u01b0\u1edbc th\u1ebf gi\u1edbi xung quanh, b\u1ea1n hi\u1ec7n di\u1ec7n trong t\u1eebng kho\u1ea3nh kh\u1eafc v\u00e0 b\u1ea1n m\u1edf l\u00f2ng \u0111\u00f3n nh\u1eadn t\u1ea5t c\u1ea3 nh\u1eefng g\u00ec x\u1ea3y ra tr\u00ean \u0111\u1eddi. N\u1ebfu kh\u00f4ng c\u00f3 s\u1ef1 tr\u00e2n tr\u1ecdng \u0111\u00f3, ch\u00fang ta s\u1ebd tr\u1edf n\u00ean chai s\u1ea1n v\u00e0 kh\u00f4ng c\u00f2n kh\u1ea3 n\u0103ng s\u00e1ng t\u1ea1o\u201d. <\/p>\n<p class=\"QN2lPu\">\n<p class=\"QN2lPu\">Anne Lamott lu\u00f4n nh\u1ea5n m\u1ea1nh r\u1eb1ng vi\u1ec7c vi\u1ebft ph\u1ea3i b\u1eaft ngu\u1ed3n t\u1eeb nh\u1eefng tr\u1ea3i nghi\u1ec7m \u0111\u1eddi th\u01b0\u1eddng \u0111\u00f4i khi h\u1ebft s\u1ee9c v\u1ee5n v\u1eb7t v\u00e0 \u0111au \u0111\u1edbn, b\u1edfi v\u00ec \u0111\u00f3 l\u00e0 nh\u1eefng tr\u1ea3i nghi\u1ec7m mang \u0111\u1ebfn c\u1ea3m x\u00fac ch\u00e2n th\u1ef1c nh\u1ea5t. Vi\u1ebft l\u00e1ch ch\u00ednh l\u00e0 c\u00e1ch b\u00e0 \u0111\u1ed1i di\u1ec7n v\u1edbi th\u1ef1c t\u1ea1i v\u00e0 can \u0111\u1ea3m gi\u00e3i b\u00e0y nh\u1eefng g\u00f3c khu\u1ea5t c\u1ee7a t\u00e2m h\u1ed3n. <\/p>\n<p class=\"QN2lPu\">Vi\u1ec7c vi\u1ebft c\u0169ng gi\u00fap b\u00e0 nh\u1eadn ra \u00e1nh s\u00e1ng trong nh\u1eefng kho\u1ea3nh kh\u1eafc u \u00e1m nh\u1ea5t, gi\u1ed1ng nh\u01b0 m\u1ed9t h\u00ecnh th\u1ee9c ch\u1eefa l\u00e0nh ch\u1ee9 kh\u00f4ng ch\u1ec9 \u0111\u01a1n thu\u1ea7n l\u00e0 m\u1ed9t k\u1ef9 n\u0103ng ngh\u1ec1 nghi\u1ec7p, nh\u01b0 b\u00e0 t\u00e2m s\u1ef1: \u201cT\u00f4i lu\u00f4n c\u1ea3m th\u1ea5y nh\u00e0 v\u0103n ch\u00ednh l\u00e0 nh\u1eefng ng\u01b0\u1eddi c\u00f3 kh\u1ea3 n\u0103ng th\u1ea5u hi\u1ec3u s\u00e2u s\u1eafc v\u1ec1 t\u00e2m l\u00fd v\u00e0 c\u1ea3m x\u00fac c\u1ee7a ng\u01b0\u1eddi kh\u00e1c, v\u00e0 \u0111\u00f3 l\u00e0 m\u1ed9t kh\u1ea3 n\u0103ng k\u1ef3 di\u1ec7u. C\u00e1c nh\u00e0 v\u0103n kh\u00f4ng ch\u1ec9 gi\u00fap ng\u01b0\u1eddi \u0111\u1ecdc tho\u00e1t ra kh\u1ecfi b\u1ea3n th\u00e2n m\u00e0 c\u00f2n c\u00f3 th\u1ec3 d\u1eabn d\u1eaft ng\u01b0\u1eddi \u0111\u1ecdc quay v\u1ec1 v\u1edbi ch\u00ednh m\u00ecnh\u201d.<\/p>\n<p class=\"QN2lPu\">\n<p class=\"QN2lPu\">Anne Lamott \u0111\u1eb7t t\u1ef1a g\u1ed1c cho s\u00e1ch l\u00e0 \u201cBird by bird\u201d, \u0111\u00fac k\u1ebft t\u1eeb m\u1ed9t m\u1ea9u chuy\u1ec7n gia \u0111\u00ecnh khi anh trai b\u00e0 ph\u1ea3i vi\u1ebft m\u1ed9t b\u00e0i b\u00e1o c\u00e1o v\u1ec1 c\u00e1c lo\u00e0i chim nh\u01b0ng l\u1ea1i c\u1ea3m th\u1ea5y b\u1ea5t l\u1ef1c tr\u01b0\u1edbc kh\u1ed1i l\u01b0\u1ee3ng c\u00f4ng vi\u1ec7c kh\u1ed5ng l\u1ed3 ph\u1ea3i ho\u00e0n th\u00e0nh. L\u00fac \u1ea5y, cha c\u1ee7a b\u00e0 \u0111\u00e3 l\u00ean ti\u1ebfng khuy\u00ean nh\u1ee7: \u201cT\u1eebng con chim m\u1ed9t th\u00f4i, con trai. Ch\u1ec9 c\u1ea7n gi\u1ea3i quy\u1ebft t\u1eebng con chim m\u1ed9t\u201d. <\/p>\n<p class=\"QN2lPu\">\n<p class=\"QN2lPu\">L\u1eddi khuy\u00ean gi\u1ea3n d\u1ecb n\u00e0y \u0111\u00e3 tr\u1edf th\u00e0nh ph\u01b0\u01a1ng ch\u00e2m s\u1ed1ng v\u00e0 vi\u1ebft m\u00e0 Anne Lamott mu\u1ed1n g\u1eedi g\u1eafm \u0111\u1ebfn m\u1ecdi \u0111\u1ed9c gi\u1ea3: B\u1ea5t k\u1ef3 c\u00f4ng vi\u1ec7c l\u1edbn lao n\u00e0o c\u0169ng c\u00f3 th\u1ec3 ho\u00e0n th\u00e0nh n\u1ebfu ta ki\u00ean nh\u1eabn l\u00e0m t\u1eebng b\u01b0\u1edbc nh\u1ecf. Lamott c\u0169ng kh\u1eb3ng \u0111\u1ecbnh r\u1eb1ng kh\u00f4ng m\u1ed9t ai, k\u1ec3 c\u1ea3 c\u00e1c nh\u00e0 v\u0103n n\u1ed5i ti\u1ebfng, c\u00f3 th\u1ec3 vi\u1ebft ra nh\u1eefng \u0111o\u1ea1n v\u0103n ho\u00e0n h\u1ea3o ngay t\u1eeb l\u1ea7n \u0111\u1ea7u. V\u1eady n\u00ean d\u00f9 l\u1ed9n x\u1ed9n \u0111\u1ebfn \u0111\u00e2u th\u00ec b\u1ea3n nh\u00e1p \u0111\u1ea7u ti\u00ean v\u1eabn l\u00e0 b\u01b0\u1edbc c\u1ea7n thi\u1ebft \u0111\u1ec3 m\u1edf ra d\u00f2ng ch\u1ea3y s\u00e1ng t\u1ea1o trong ta. \u0110\u00e2y ch\u00ednh l\u00e0 l\u1eddi nh\u1eafc nh\u1edf qu\u00fd gi\u00e1 gi\u00fap xoa d\u1ecbu nh\u1eefng n\u1ed7i lo v\u00e0 \u00e1p l\u1ef1c m\u00e0 g\u1ea7n nh\u01b0 ng\u01b0\u1eddi vi\u1ebft n\u00e0o c\u0169ng ph\u1ea3i \u0111\u1ed1i di\u1ec7n.<\/p>\n<p class=\"QN2lPu\">\n<p class=\"QN2lPu\">Th\u1eadt v\u1eady, qu\u00e1 tr\u00ecnh quan s\u00e1t, \u0111\u1ecdc, ngh\u0129 v\u00e0 vi\u1ebft c\u00f3 th\u1ec3 gi\u00fap ch\u00fang ta c\u00f3 kh\u00f4ng gian ri\u00eang \u0111\u1ec3 \u0111\u1ed1i tho\u1ea1i v\u1edbi ch\u00ednh m\u00ecnh, \u0111\u1ec3 t\u00e1i k\u1ebft n\u1ed1i v\u1edbi c\u1ea3m x\u00fac m\u1edbi m\u1ebb v\u00e0 ch\u00e2n th\u1ef1c c\u1ee7a b\u1ea3n th\u00e2n tr\u01b0\u1edbc m\u1ed9t x\u00e3 h\u1ed9i c\u00f3 qu\u00e1 nhi\u1ec1u th\u00f4ng tin \u1ed3n \u00e0o, h\u1ed7n \u0111\u1ed9n. Sau khi \u0111\u1ecdc quy\u1ec3n s\u00e1ch n\u00e0y, ch\u00fang ta c\u00f3 th\u1ec3 kh\u00f4ng tr\u1edf th\u00e0nh nh\u00e0 v\u0103n, nh\u01b0ng ch\u00fang ta c\u00f3 th\u1ec3 tr\u1edf th\u00e0nh m\u1ed9t ng\u01b0\u1eddi vi\u1ebft t\u1eed t\u1ebf h\u01a1n, m\u1ed9t \u0111\u1ed9c gi\u1ea3 th\u1ea5u c\u1ea3m h\u01a1n v\u00e0 nh\u00ecn chung l\u00e0 m\u1ed9t con ng\u01b0\u1eddi t\u1ed1t h\u01a1n. V\u00e0 khi \u1ea5y, nh\u1eefng con ch\u1eef c\u1ee7a ch\u00fang ta s\u1ebd kh\u00f4ng ch\u1ec9 l\u00e0 ph\u01b0\u01a1ng ti\u1ec7n truy\u1ec1n \u0111\u1ea1t m\u00e0 \u0111\u00e3 tr\u1edf th\u00e0nh nh\u1ecbp \u0111i\u1ec7u c\u1ee7a \u0111\u1eddi s\u1ed1ng.<\/p>\n<p class=\"QN2lPu\">* V\u1ec1 t\u00e1c gi\u1ea3:<\/p>\n<p class=\"QN2lPu\">Anne Lamott l\u00e0 t\u00e1c gi\u1ea3 c\u1ee7a c\u00e1c t\u1ef1a s\u00e1ch b\u00e1n ch\u1ea1y do The New York Times b\u00ecnh ch\u1ecdn nh\u01b0 Almost Everything; Hallelujah Anyway; Help, Thanks, Wow; Small Victories; Stitches; Some Assembly Required; Grace (Eventually); Plan B; Traveling Mercies; v\u00e0 Operating Instructions. B\u00e0 c\u0169ng l\u00e0 t\u00e1c gi\u1ea3 c\u1ee7a b\u1ea3y quy\u1ec3n ti\u1ec3u thuy\u1ebft, trong \u0111\u00f3 c\u00f3 Imperfect Birds v\u00e0 Rosie. <\/p>\n<\/div>\n","protected":false},"excerpt":{"rendered":"<p>* Th\u00f4ng tin s\u00e1ch \u2022 Nh\u00e0 xu\u1ea5t b\u1ea3n: NXB D\u00e2n Tr\u00ed \u2022 T\u00e1c gi\u1ea3: Anne Lamott \u2022 S\u1ed1 trang: 312 \u2022 Kh\u1ed5 s\u00e1ch: 14,5 x 20,5 cm \u2022 Quy c\u00e1ch in: B\u00eca m\u1ec1m, tay g\u1ea5p, c\u00f3 hi\u1ec7u \u1ee9ng \u2022 Gi\u00e1 b\u00eca: 168.000 Gi\u1edbi thi\u1ec7u s\u00e1ch: Vi\u1ebft &amp; S\u1ed1ng Anne Lamott xu\u1ea5t b\u1ea3n cu\u1ed1n s\u00e1ch \u201cVi\u1ebft&#8230;<\/p>\n","protected":false},"featured_media":15588,"comment_status":"open","ping_status":"closed","template":"","meta":[],"product_brand":[1692],"product_cat":[1672],"product_tag":[],"class_list":{"0":"post-15424","1":"product","2":"type-product","3":"status-publish","4":"has-post-thumbnail","6":"product_brand-nxb-kim-dong","7":"product_cat-sach-huong-nghiep-phat-trien-ban-than","9":"first","10":"instock","11":"sale","12":"featured","13":"shipping-taxable","14":"purchasable","15":"product-type-simple"},"_links":{"self":[{"href":"https:\/\/web-ban-le.mbws.vn\/nha-sach\/wp-json\/wp\/v2\/product\/15424","targetHints":{"allow":["GET"]}}],"collection":[{"href":"https:\/\/web-ban-le.mbws.vn\/nha-sach\/wp-json\/wp\/v2\/product"}],"about":[{"href":"https:\/\/web-ban-le.mbws.vn\/nha-sach\/wp-json\/wp\/v2\/types\/product"}],"replies":[{"embeddable":true,"href":"https:\/\/web-ban-le.mbws.vn\/nha-sach\/wp-json\/wp\/v2\/comments?post=15424"}],"wp:featuredmedia":[{"embeddable":true,"href":"https:\/\/web-ban-le.mbws.vn\/nha-sach\/wp-json\/wp\/v2\/media\/15588"}],"wp:attachment":[{"href":"https:\/\/web-ban-le.mbws.vn\/nha-sach\/wp-json\/wp\/v2\/media?parent=15424"}],"wp:term":[{"taxonomy":"product_brand","embeddable":true,"href":"https:\/\/web-ban-le.mbws.vn\/nha-sach\/wp-json\/wp\/v2\/product_brand?post=15424"},{"taxonomy":"product_cat","embeddable":true,"href":"https:\/\/web-ban-le.mbws.vn\/nha-sach\/wp-json\/wp\/v2\/product_cat?post=15424"},{"taxonomy":"product_tag","embeddable":true,"href":"https:\/\/web-ban-le.mbws.vn\/nha-sach\/wp-json\/wp\/v2\/product_tag?post=15424"}],"curies":[{"name":"wp","href":"https:\/\/api.w.org\/{rel}","templated":true}]}}