{"id":15447,"date":"2025-10-31T13:36:18","date_gmt":"2025-10-31T06:36:18","guid":{"rendered":"https:\/\/web-ban-le.mbws.vn\/nha-sach\/?post_type=product&#038;p=15447"},"modified":"2025-11-04T13:47:34","modified_gmt":"2025-11-04T06:47:34","slug":"sach-sat-na-nay-la-thien-thu-first-news","status":"publish","type":"product","link":"https:\/\/web-ban-le.mbws.vn\/nha-sach\/san-pham\/sach-sat-na-nay-la-thien-thu-first-news\/","title":{"rendered":"S\u00e1ch S\u00e1t-na N\u00e0y L\u00e0 Thi\u00ean Thu &#8211; First News"},"content":{"rendered":"<div class=\"e8lZp3\">\n<p class=\"QN2lPu\">C\u00f4ng ty ph\u00e1t h\u00e0nh: First News &#8211; Tr\u00ed Vi\u1ec7t<\/p>\n<p class=\"QN2lPu\">T\u00e1c gi\u1ea3: Th\u00edch \u0110\u1ed3ng T\u00e2m<\/p>\n<p class=\"QN2lPu\">Ng\u00e0y xu\u1ea5t b\u1ea3n: 2024<\/p>\n<p class=\"QN2lPu\">K\u00edch th\u01b0\u1edbc: 13 x 19 cm<\/p>\n<p class=\"QN2lPu\">Nh\u00e0 xu\u1ea5t b\u1ea3n: NXB D\u00e2n Tr\u00ed<\/p>\n<p class=\"QN2lPu\">S\u1ed1 trang: 136<\/p>\n<p class=\"QN2lPu\">Xu\u1ea5t x\u1ee9: Trong n\u01b0\u1edbc<\/p>\n<p class=\"QN2lPu\">Ng\u00f4n ng\u1eef: Ti\u1ebfng Vi\u1ec7t<\/p>\n<p class=\"QN2lPu\">Gi\u00e1: 68.000 VN\u0110<\/p>\n<p class=\"QN2lPu\">Lo\u1ea1i B\u00eca: B\u00eca m\u1ec1m<\/p>\n<p class=\"QN2lPu\">M\u00f4 t\u1ea3 s\u1ea3n ph\u1ea9m:<\/p>\n<p class=\"QN2lPu\">\u201cS\u00e1t-na n\u00e0y l\u00e0 thi\u00ean thu\u201d l\u00e0 cu\u1ed1n s\u00e1ch \u0111\u01b0\u1ee3c t\u00e1c gi\u1ea3 vi\u1ebft cho ch\u00ednh m\u00ecnh c\u0169ng l\u00e0 vi\u1ebft cho nh\u1eefng ng\u01b0\u1eddi h\u1eefu duy\u00ean tr\u00ean con \u0111\u01b0\u1eddng hi\u1ec3u v\u00e0 th\u01b0\u01a1ng b\u1ea5t t\u1eadn. Trong tri\u1ebft l\u00fd Ph\u1eadt gi\u00e1o, S\u00e1t-na (K\u1e63a\u1e47a) l\u00e0 m\u1ed9t \u0111\u01a1n v\u1ecb ph\u00e2n chia th\u1eddi gian v\u00f4 c\u00f9ng nh\u1ecf (m\u1ed9t s\u00e1t-na b\u1eb1ng 0,013 gi\u00e2y) m\u00e0 m\u1ecdi th\u1ee9 thay \u0111\u1ed5i, bi\u1ebfn chuy\u1ec3n li\u00ean t\u1ee5c, kh\u00f4ng ng\u1eebng \u2013 m\u1ed9t s\u00e1t-na tr\u00f4i qua \u0111\u00e3 c\u00f3 mu\u00f4n v\u00e0n s\u1ef1 \u0111\u1ed5i thay, sinh di\u1ec7t. \u0110i\u1ec1u n\u00e0y c\u00f3 ngh\u0129a l\u00e0 kh\u00f4ng c\u00f3 m\u1ed9t c\u00e1i g\u00ec t\u1ed3n t\u1ea1i m\u00e3i m\u00e3i v\u00e0 ch\u00fang ta ch\u1ec9 c\u00f3 m\u1ed9t th\u1eddi kh\u1eafc \u0111\u1ec3 s\u1ed1ng tr\u1ecdn v\u1eb9n trong ch\u00e1nh ni\u1ec7m, t\u1ec9nh gi\u00e1c \u2013 \u0111\u00f3 l\u00e0 gi\u00e2y ph\u00fat hi\u1ec7n t\u1ea1i.<\/p>\n<p class=\"QN2lPu\">\n<p class=\"QN2lPu\">B\u1eb1ng nh\u1eefng chia s\u1ebb m\u1ed9c m\u1ea1c, g\u1ea7n g\u0169i xoay quanh \u0111\u1eddi s\u1ed1ng th\u01b0\u1eddng ng\u00e0y, \u0111\u01b0\u1ee3c soi chi\u1ebfu d\u01b0\u1edbi tri\u1ebft l\u00fd nh\u00e0 Ph\u1eadt, t\u00e1c gi\u1ea3 g\u1eedi g\u1eafm t\u00e2m nguy\u1ec7n mong m\u1ecdi ng\u01b0\u1eddi \u0111\u1ec1u c\u00f3 th\u1ec3 nh\u00ecn \u0111\u1eddi b\u1eb1ng \u00e1nh m\u1eaft y\u00eau th\u01b0\u01a1ng, b\u1eb1ng ch\u00e1nh ni\u1ec7m, b\u1eb1ng nh\u1eadn th\u1ee9c r\u1eb1ng trong m\u1ed7i s\u00e1t-na ng\u1eafn ng\u1ee7i \u0111\u1ec1u t\u1ed3n t\u1ea1i sinh di\u1ec7t, \u0111\u1ec1u bi\u1ebfn \u0111\u1ed5i kh\u00f4ng ng\u1eebng. B\u1edfi th\u1ebf m\u00e0 qu\u00e1 kh\u1ee9 v\u00e0 t\u01b0\u01a1ng lai \u0111\u1ec1u kh\u00f4ng quan tr\u1ecdng b\u1eb1ng hi\u1ec7n t\u1ea1i. Hi\u1ec7n t\u1ea1i l\u00e0 nh\u1ea5t th\u1eddi m\u00e0 c\u0169ng l\u00e0 thi\u00ean thu n\u1ebfu ta s\u1ed1ng tr\u1ecdn t\u1eebng kho\u1ea3nh kh\u1eafc.<\/p>\n<p class=\"QN2lPu\">\n<p class=\"QN2lPu\">\u201cS\u00e1t-na n\u00e0y l\u00e0 thi\u00ean thu\u201d v\u00e0 \u201c\u0110\u1ee7 duy\u00ean ta l\u1ea1i t\u01b0\u01a1ng ph\u00f9ng\u201d t\u1eebng \u0111\u01b0\u1ee3c \u0110\u1ea1i \u0111\u1ee9c Th\u00edch \u0110\u1ed3ng T\u00e2m xu\u1ea5t b\u1ea3n v\u1edbi t\u01b0 c\u00e1ch c\u00e1 nh\u00e2n, nh\u1eb1m m\u1ee5c \u0111\u00edch g\u00e2y qu\u1ef9 cho c\u00e1c ho\u1ea1t \u0111\u1ed9ng nh\u00e0 ch\u00f9a. L\u1ea7n t\u00e1i b\u1ea3n n\u00e0y, cu\u1ed1n s\u00e1ch \u0111\u01b0\u1ee3c ch\u1ec9nh s\u1eeda, b\u1ed5 sung v\u00e0 kho\u00e1c m\u1ed9t di\u1ec7n m\u1ea1o ho\u00e0n to\u00e0n m\u1edbi.<\/p>\n<p class=\"QN2lPu\">Tr\u00e2n tr\u1ecdng gi\u1edbi thi\u1ec7u c\u00f9ng b\u1ea1n \u0111\u1ecdc.<\/p>\n<\/div>\n","protected":false},"excerpt":{"rendered":"<p>C\u00f4ng ty ph\u00e1t h\u00e0nh: First News &#8211; Tr\u00ed Vi\u1ec7t T\u00e1c gi\u1ea3: Th\u00edch \u0110\u1ed3ng T\u00e2m Ng\u00e0y xu\u1ea5t b\u1ea3n: 2024 K\u00edch th\u01b0\u1edbc: 13 x 19 cm Nh\u00e0 xu\u1ea5t b\u1ea3n: NXB D\u00e2n Tr\u00ed S\u1ed1 trang: 136 Xu\u1ea5t x\u1ee9: Trong n\u01b0\u1edbc Ng\u00f4n ng\u1eef: Ti\u1ebfng Vi\u1ec7t Gi\u00e1: 68.000 VN\u0110 Lo\u1ea1i B\u00eca: B\u00eca m\u1ec1m M\u00f4 t\u1ea3 s\u1ea3n ph\u1ea9m: \u201cS\u00e1t-na n\u00e0y l\u00e0&#8230;<\/p>\n","protected":false},"featured_media":15597,"comment_status":"open","ping_status":"closed","template":"","meta":[],"product_brand":[1692],"product_cat":[1673],"product_tag":[],"class_list":{"0":"post-15447","1":"product","2":"type-product","3":"status-publish","4":"has-post-thumbnail","6":"product_brand-nxb-kim-dong","7":"product_cat-sach-ton-giao-triet-hoc","9":"first","10":"instock","11":"sale","12":"featured","13":"shipping-taxable","14":"purchasable","15":"product-type-simple"},"_links":{"self":[{"href":"https:\/\/web-ban-le.mbws.vn\/nha-sach\/wp-json\/wp\/v2\/product\/15447","targetHints":{"allow":["GET"]}}],"collection":[{"href":"https:\/\/web-ban-le.mbws.vn\/nha-sach\/wp-json\/wp\/v2\/product"}],"about":[{"href":"https:\/\/web-ban-le.mbws.vn\/nha-sach\/wp-json\/wp\/v2\/types\/product"}],"replies":[{"embeddable":true,"href":"https:\/\/web-ban-le.mbws.vn\/nha-sach\/wp-json\/wp\/v2\/comments?post=15447"}],"wp:featuredmedia":[{"embeddable":true,"href":"https:\/\/web-ban-le.mbws.vn\/nha-sach\/wp-json\/wp\/v2\/media\/15597"}],"wp:attachment":[{"href":"https:\/\/web-ban-le.mbws.vn\/nha-sach\/wp-json\/wp\/v2\/media?parent=15447"}],"wp:term":[{"taxonomy":"product_brand","embeddable":true,"href":"https:\/\/web-ban-le.mbws.vn\/nha-sach\/wp-json\/wp\/v2\/product_brand?post=15447"},{"taxonomy":"product_cat","embeddable":true,"href":"https:\/\/web-ban-le.mbws.vn\/nha-sach\/wp-json\/wp\/v2\/product_cat?post=15447"},{"taxonomy":"product_tag","embeddable":true,"href":"https:\/\/web-ban-le.mbws.vn\/nha-sach\/wp-json\/wp\/v2\/product_tag?post=15447"}],"curies":[{"name":"wp","href":"https:\/\/api.w.org\/{rel}","templated":true}]}}