{"id":15448,"date":"2025-10-31T13:36:18","date_gmt":"2025-10-31T06:36:18","guid":{"rendered":"https:\/\/web-ban-le.mbws.vn\/nha-sach\/?post_type=product&#038;p=15448"},"modified":"2025-11-04T13:47:34","modified_gmt":"2025-11-04T06:47:34","slug":"sach-chua-lanh-noi-dau-firstnews","status":"publish","type":"product","link":"https:\/\/web-ban-le.mbws.vn\/nha-sach\/san-pham\/sach-chua-lanh-noi-dau-firstnews\/","title":{"rendered":"S\u00e1ch Ch\u1eefa L\u00e0nh N\u1ed7i \u0110au FirstNews"},"content":{"rendered":"<div class=\"e8lZp3\">\n<p class=\"QN2lPu\">C\u00f4ng ty ph\u00e1t h\u00e0nh: First News &#8211; Tr\u00ed Vi\u1ec7t<\/p>\n<p class=\"QN2lPu\">T\u00e1c Gi\u1ea3: Louise L. Hay<\/p>\n<p class=\"QN2lPu\">Ng\u00e0y ph\u00e1t h\u00e0nh: 2024<\/p>\n<p class=\"QN2lPu\">S\u1ed1 trang: 160<\/p>\n<p class=\"QN2lPu\">K\u00edch th\u01b0\u1edbc:14,5 x 20.5 cm<\/p>\n<p class=\"QN2lPu\">NXB:NXB T\u1ed5ng h\u1ee3p TP.HCM<\/p>\n<p class=\"QN2lPu\">Gi\u00e1 b\u00eca: 108.000 VND<\/p>\n<p class=\"QN2lPu\">Xu\u1ea5t x\u1ee9: Trong n\u01b0\u1edbc<\/p>\n<p class=\"QN2lPu\">Ng\u00f4n ng\u1eef: Ti\u1ebfng Vi\u1ec7t<\/p>\n<p class=\"QN2lPu\">M\u00f4 t\u1ea3 s\u1ea3n ph\u1ea9m:<\/p>\n<p class=\"QN2lPu\">Cu\u1ed9c s\u1ed1ng h\u00e0ng ng\u00e0y \u0111\u1ea7y r\u1eaby lo toan, t\u1ea5t b\u1eadt lu\u00f4n khi\u1ebfn cho b\u1ea1n c\u00f3 c\u1ea3m gi\u00e1c nh\u01b0 m\u00ecnh \u0111ang \u0111\u1ed1i \u0111\u1ea7u v\u1edbi nhi\u1ec1u \u00e1p l\u1ef1c cu\u1ed9c s\u1ed1ng. Nh\u1eefng n\u1ed7i \u0111au, m\u00e2u thu\u1eabn trong c\u00e1c m\u1ed1i quan h\u1ec7 b\u1ea1n b\u00e8, c\u00f4ng vi\u1ec7c, t\u00ecnh c\u1ea3m\u2026 lu\u00f4n n\u1ea3y sinh khi\u1ebfn cho b\u1ea1n c\u1ea3m th\u1ea5y ch\u00e1n n\u1ea3n, m\u1ec7t m\u1ecfi v\u00e0 kh\u00f4ng c\u00f2n c\u1ea3m nh\u1eadn \u0111\u01b0\u1ee3c \u00fd ngh\u0129a cu\u1ed9c s\u1ed1ng. Qu\u00e1 kh\u1ee9, hi\u1ec7n t\u1ea1i v\u00e0 t\u01b0\u01a1ng lai lu\u00f4n di\u1ec5n ra n\u1ed1i ti\u1ebfp nhau kh\u00f4ng c\u00f3 m\u1ed9t ranh gi\u1edbi r\u00f5 r\u00e0ng n\u00e0o. Trong ph\u00fat gi\u00e2y n\u00e0y, ch\u00fang ta \u0111ang ngh\u0129 g\u00ec, \u0111ang l\u00e0m g\u00ec th\u00ec \u0111\u00f3 l\u00e0 hi\u1ec7n t\u1ea1i, nh\u01b0ng ch\u1ec9 ngay sau \u0111\u00f3, n\u00f3 \u0111\u00e3 l\u00e0 c\u1ee7a ph\u00fat gi\u00e2y tr\u01b0\u1edbc, v\u00e0 ch\u00fang ta \u0111\u00e3 l\u1ea1i \u0111i tr\u00ean nh\u1eefng \u00fd ngh\u0129 m\u1edbi c\u1ee7a t\u01b0\u01a1ng lai.<\/p>\n<p class=\"QN2lPu\">\n<p class=\"QN2lPu\">Th\u1eddi gian b\u1ea5t t\u1eadn, th\u1ebf gi\u1edbi v\u00f4 c\u00f9ng, nh\u01b0ng suy ngh\u0129 c\u1ee7a ch\u00fang ta c\u00f2n r\u1ed9ng l\u1edbn v\u00e0 m\u1ea1nh m\u1ebd h\u01a1n nhi\u1ec1u. Ch\u00fang ta c\u00f3 th\u1ec3 ki\u1ebfn t\u1ea1o ra cu\u1ed9c s\u1ed1ng theo \u00fd m\u00ecnh v\u00ec ch\u00fang ta sinh ra \u0111\u1ec3 trao quy\u1ec1n l\u00e0m vi\u1ec7c \u0111\u00f3. M\u1ed7i ng\u01b0\u1eddi ch\u00fang ta l\u00e0 m\u1ed9t \u00f4ng ho\u00e0ng, b\u00e0 ch\u00faa cai qu\u1ea3n c\u00e1c b\u1ed9 ph\u1eadn c\u1ee7a th\u1ec3 x\u00e1c, h\u01b0\u1edbng d\u1eabn c\u00e1c ho\u1ea1t \u0111\u1ed9ng tinh th\u1ea7n, l\u00e0m cho \u0111\u1eddi s\u1ed1ng c\u1ee7a m\u00ecnh th\u1ecbnh v\u01b0\u1ee3ng h\u01a1n l\u00ean. Nh\u01b0ng nhi\u1ec1u ng\u01b0\u1eddi \u0111\u00e3 kh\u00f4ng \u00fd th\u1ee9c \u0111\u01b0\u1ee3c \u0111i\u1ec1u \u0111\u00f3 v\u00e0 \u0111ang ph\u1ea3i ch\u1ecbu \u0111\u1ef1ng m\u1ed9t cu\u1ed9c s\u1ed1ng v\u1edbi bu\u1ed3n \u0111au, b\u1ea5t h\u1ea1nh v\u00e0 nh\u1eefng v\u1ebft th\u01b0\u01a1ng kh\u00f4ng th\u1ec3 n\u00e0o c\u1ee9u ch\u1eefa \u0111\u01b0\u1ee3c.<\/p>\n<p class=\"QN2lPu\">\n<p class=\"QN2lPu\">N\u1ebfu b\u1ea1n v\u1eabn c\u00f2n b\u0103n kho\u0103n ch\u01b0a bi\u1ebft n\u00ean b\u1eaft \u0111\u1ea7u t\u1eeb \u0111\u00e2u v\u00e0 n\u00ean s\u1eed d\u1ee5ng ph\u01b0\u01a1ng ph\u00e1p n\u00e0o t\u1ed1t nh\u1ea5t \u0111\u1ec3 v\u1ef1c d\u1eady ch\u00ednh m\u00ecnh, th\u00ec h\u00e3y th\u1eed \u0111\u1ecdc quy\u1ec3n s\u00e1ch n\u00e0y. T\u1ea1o h\u00f3a \u0111\u00e3 ban t\u1eb7ng cho b\u1ea1n cu\u1ed9c s\u1ed1ng v\u1edbi nh\u1eefng m\u00f3n qu\u00e0 v\u00f4 gi\u00e1 m\u00e0 b\u1ea1n ch\u01b0a nh\u1eadn th\u1ea5y \u0111\u01b0\u1ee3c th\u00ec ch\u00fang t\u00f4i trao t\u1eb7ng b\u1ea1n ni\u1ec1m tin \u0111\u1ec3 s\u1eb5n s\u00e0ng \u0111\u00f3n nh\u1eadn ch\u00fang.<\/p>\n<p class=\"QN2lPu\">\n<p class=\"QN2lPu\">Ch\u1eefa L\u00e0nh N\u1ed7i \u0110au s\u1ebd gi\u00fap b\u1ea1n kh\u01a1i d\u1eady nh\u1eefng n\u0103ng l\u1ef1c th\u1ef1c s\u1ef1 \u0111ang ti\u1ec1m \u1ea9n b\u00ean trong m\u00ecnh. S\u1ee9c m\u1ea1nh \u0111\u00f3 s\u1ebd t\u00e1c \u0111\u1ed9ng kh\u00f4ng ch\u1ec9 \u0111\u1ebfn suy ngh\u0129 v\u00e0 cu\u1ed9c s\u1ed1ng c\u1ee7a ri\u00eang b\u1ea1n m\u00e0 c\u00f2n \u1ea3nh h\u01b0\u1edfng tr\u1ef1c ti\u1ebfp \u0111\u1ebfn nh\u1eefng ng\u01b0\u1eddi m\u00e0 b\u1ea1n ti\u1ebfp x\u00fac h\u00e0ng ng\u00e0y. C\u00f3 th\u1ec3 tr\u01b0\u1edbc \u0111\u00e2y b\u1ea1n ch\u01b0a nh\u1eadn ra nh\u01b0ng th\u1eadt s\u1ef1 l\u00e0 b\u1ea1n \u0111ang s\u1ee1 h\u1eefu m\u1ed9t tinh th\u1ea7n m\u1ea1nh m\u1ebd, l\u1ea1c quan \u0111ang c\u1ea7n \u0111\u01b0\u1ee3c kh\u00e1m ph\u00e1.<\/p>\n<\/div>\n","protected":false},"excerpt":{"rendered":"<p>C\u00f4ng ty ph\u00e1t h\u00e0nh: First News &#8211; Tr\u00ed Vi\u1ec7t T\u00e1c Gi\u1ea3: Louise L. Hay Ng\u00e0y ph\u00e1t h\u00e0nh: 2024 S\u1ed1 trang: 160 K\u00edch th\u01b0\u1edbc:14,5 x 20.5 cm NXB:NXB T\u1ed5ng h\u1ee3p TP.HCM Gi\u00e1 b\u00eca: 108.000 VND Xu\u1ea5t x\u1ee9: Trong n\u01b0\u1edbc Ng\u00f4n ng\u1eef: Ti\u1ebfng Vi\u1ec7t M\u00f4 t\u1ea3 s\u1ea3n ph\u1ea9m: Cu\u1ed9c s\u1ed1ng h\u00e0ng ng\u00e0y \u0111\u1ea7y r\u1eaby lo toan, t\u1ea5t&#8230;<\/p>\n","protected":false},"featured_media":15602,"comment_status":"open","ping_status":"closed","template":"","meta":[],"product_brand":[1692],"product_cat":[1672],"product_tag":[],"class_list":{"0":"post-15448","1":"product","2":"type-product","3":"status-publish","4":"has-post-thumbnail","6":"product_brand-nxb-kim-dong","7":"product_cat-sach-huong-nghiep-phat-trien-ban-than","9":"first","10":"instock","11":"sale","12":"featured","13":"shipping-taxable","14":"purchasable","15":"product-type-simple"},"_links":{"self":[{"href":"https:\/\/web-ban-le.mbws.vn\/nha-sach\/wp-json\/wp\/v2\/product\/15448","targetHints":{"allow":["GET"]}}],"collection":[{"href":"https:\/\/web-ban-le.mbws.vn\/nha-sach\/wp-json\/wp\/v2\/product"}],"about":[{"href":"https:\/\/web-ban-le.mbws.vn\/nha-sach\/wp-json\/wp\/v2\/types\/product"}],"replies":[{"embeddable":true,"href":"https:\/\/web-ban-le.mbws.vn\/nha-sach\/wp-json\/wp\/v2\/comments?post=15448"}],"wp:featuredmedia":[{"embeddable":true,"href":"https:\/\/web-ban-le.mbws.vn\/nha-sach\/wp-json\/wp\/v2\/media\/15602"}],"wp:attachment":[{"href":"https:\/\/web-ban-le.mbws.vn\/nha-sach\/wp-json\/wp\/v2\/media?parent=15448"}],"wp:term":[{"taxonomy":"product_brand","embeddable":true,"href":"https:\/\/web-ban-le.mbws.vn\/nha-sach\/wp-json\/wp\/v2\/product_brand?post=15448"},{"taxonomy":"product_cat","embeddable":true,"href":"https:\/\/web-ban-le.mbws.vn\/nha-sach\/wp-json\/wp\/v2\/product_cat?post=15448"},{"taxonomy":"product_tag","embeddable":true,"href":"https:\/\/web-ban-le.mbws.vn\/nha-sach\/wp-json\/wp\/v2\/product_tag?post=15448"}],"curies":[{"name":"wp","href":"https:\/\/api.w.org\/{rel}","templated":true}]}}