{"id":143,"date":"2025-06-20T10:00:20","date_gmt":"2025-06-20T03:00:20","guid":{"rendered":"https:\/\/core.mbws.vn\/?page_id=143"},"modified":"2025-06-20T10:09:09","modified_gmt":"2025-06-20T03:09:09","slug":"chinh-sach-thanh-toan","status":"publish","type":"page","link":"https:\/\/web-ban-le.mbws.vn\/oto-xe-may-xe-dap\/chinh-sach-thanh-toan\/","title":{"rendered":"Ch\u00ednh s\u00e1ch thanh to\u00e1n"},"content":{"rendered":"<p>Ch\u1ea5p nh\u1eadn thanh to\u00e1n qua:<\/p>\n<ul class=\"wp-block-list\">\n<li><strong>COD<\/strong>\u00a0\u2013 Nh\u1eadn h\u00e0ng r\u1ed3i thanh to\u00e1n.<\/li>\n<\/ul>\n<p><strong>COD l\u00e0 g\u00ec?<\/strong><\/p>\n<p>COD l\u00e0 vi\u1ebft t\u1eaft c\u1ee7a Cash On Delivery, ngh\u0129a l\u00e0 thanh to\u00e1n khi nh\u1eadn h\u00e0ng. V\u1edbi ph\u01b0\u01a1ng th\u1ee9c thanh to\u00e1n n\u00e0y, qu\u00fd kh\u00e1ch thanh to\u00e1n b\u1eb1ng ti\u1ec1n m\u1eb7t cho nh\u00e2n vi\u00ean giao h\u00e0ng ngay khi nh\u1eadn \u0111\u01b0\u1ee3c \u0111\u01a1n h\u00e0ng c\u1ee7a m\u00ecnh. Ch\u00fang t\u00f4i ch\u1ea5p nh\u1eadn h\u00ecnh th\u1ee9c thanh to\u00e1n khi nh\u1eadn h\u00e0ng (COD) cho h\u1ea7u h\u1ebft \u0111\u01a1n h\u00e0ng tr\u00ean to\u00e0n qu\u1ed1c.<\/p>\n","protected":false},"excerpt":{"rendered":"<p>Ch\u1ea5p nh\u1eadn thanh to\u00e1n qua: COD\u00a0\u2013 Nh\u1eadn h\u00e0ng r\u1ed3i thanh to\u00e1n. COD l\u00e0 g\u00ec? COD l\u00e0 vi\u1ebft t\u1eaft c\u1ee7a Cash On Delivery, ngh\u0129a l\u00e0 thanh to\u00e1n khi nh\u1eadn h\u00e0ng. V\u1edbi ph\u01b0\u01a1ng th\u1ee9c thanh to\u00e1n n\u00e0y, qu\u00fd kh\u00e1ch thanh to\u00e1n b\u1eb1ng ti\u1ec1n m\u1eb7t cho nh\u00e2n vi\u00ean giao h\u00e0ng ngay khi nh\u1eadn \u0111\u01b0\u1ee3c \u0111\u01a1n h\u00e0ng c\u1ee7a m\u00ecnh&#8230;.<\/p>\n","protected":false},"author":1,"featured_media":0,"parent":0,"menu_order":9,"comment_status":"closed","ping_status":"closed","template":"page-blank-title-center.php","meta":{"footnotes":""},"class_list":["post-143","page","type-page","status-publish","hentry"],"_links":{"self":[{"href":"https:\/\/web-ban-le.mbws.vn\/oto-xe-may-xe-dap\/wp-json\/wp\/v2\/pages\/143","targetHints":{"allow":["GET"]}}],"collection":[{"href":"https:\/\/web-ban-le.mbws.vn\/oto-xe-may-xe-dap\/wp-json\/wp\/v2\/pages"}],"about":[{"href":"https:\/\/web-ban-le.mbws.vn\/oto-xe-may-xe-dap\/wp-json\/wp\/v2\/types\/page"}],"author":[{"embeddable":true,"href":"https:\/\/web-ban-le.mbws.vn\/oto-xe-may-xe-dap\/wp-json\/wp\/v2\/users\/1"}],"replies":[{"embeddable":true,"href":"https:\/\/web-ban-le.mbws.vn\/oto-xe-may-xe-dap\/wp-json\/wp\/v2\/comments?post=143"}],"version-history":[{"count":3,"href":"https:\/\/web-ban-le.mbws.vn\/oto-xe-may-xe-dap\/wp-json\/wp\/v2\/pages\/143\/revisions"}],"predecessor-version":[{"id":155,"href":"https:\/\/web-ban-le.mbws.vn\/oto-xe-may-xe-dap\/wp-json\/wp\/v2\/pages\/143\/revisions\/155"}],"wp:attachment":[{"href":"https:\/\/web-ban-le.mbws.vn\/oto-xe-may-xe-dap\/wp-json\/wp\/v2\/media?parent=143"}],"curies":[{"name":"wp","href":"https:\/\/api.w.org\/{rel}","templated":true}]}}