{"id":13709,"date":"2025-10-24T09:52:42","date_gmt":"2025-10-24T02:52:42","guid":{"rendered":"https:\/\/web-ban-le.mbws.vn\/oto-xe-may-xe-dap\/?post_type=product&#038;p=13709"},"modified":"2025-11-04T00:13:59","modified_gmt":"2025-11-03T17:13:59","slug":"xe-may-yamaha-lexi-155-vva-abs","status":"publish","type":"product","link":"https:\/\/web-ban-le.mbws.vn\/oto-xe-may-xe-dap\/san-pham\/xe-may-yamaha-lexi-155-vva-abs\/","title":{"rendered":"Xe m\u00e1y yamaha LEXI 155 VVA &#8211; ABS"},"content":{"rendered":"<div class=\"e8lZp3\">\n<p class=\"QN2lPu\">YAMAHA  LEXI \u0111\u01b0\u1ee3c b\u1ea3o h\u00e0nh 3 n\u0103m ho\u1eb7c 30.000 km tu\u1ef3 theo \u0111i\u1ec1u ki\u00ean n\u00e0o \u0111\u1ebfn tr\u01b0\u1edbc&nbsp;<\/p>\n<p class=\"QN2lPu\">Gi\u00e1 b\u00e1n xe \u0111\u00e3 bao g\u1ed3m thu\u1ebf VAT, ch\u01b0a bao g\u1ed3m thu\u1ebf tr\u01b0\u1edbc b\u1ea1, bi\u1ec3n s\u1ed1, chi ph\u00ed thanh to\u00e1n c\u1ee7a Shopee.<\/p>\n<p class=\"QN2lPu\">YAMAHA 74 KH\u00c2M THI\u00caN&nbsp; &nbsp;&nbsp;c\u00f3 h\u1ed7 tr\u1ee3 v\u1ec1 th\u1ee7 t\u1ee5c \u0111\u0103ng k\u00fd, kh\u00e1ch h\u00e0ng mua xe c\u00f3 th\u1ec3 T\u1ef0 \u0110I \u0110\u0102NG K\u00cd&nbsp;<\/p>\n<p class=\"QN2lPu\">Kh\u00e1ch h\u00e0ng nh\u1eadn xe t\u1ea1i c\u1eeda h\u00e0ng.<\/p>\n<p class=\"QN2lPu\">C\u00c1C B\u01af\u1edaC MUA H\u00c0NG<\/p>\n<p class=\"QN2lPu\">1. Ch\u1ecdn xe:<\/p>\n<p class=\"QN2lPu\">Kh\u00e1ch h\u00e0ng ch\u1ecdn xe m\u00e0u s\u1eafc, phi\u00ean b\u1ea3n&nbsp;&nbsp;v\u00e0 chat v\u1edbi c\u1eeda h\u00e0ng \u0111\u1ec3 bi\u1ebft th\u00eam th\u00f4ng tin v\u1ec1 s\u1ea3n ph\u1ea9m v\u00e0 c\u00e1c chi ph\u00ed ph\u00e1t sinh.<\/p>\n<p class=\"QN2lPu\">2. Ch\u1ecdn h\u00ecnh th\u1ee9c thanh to\u00e1n:<\/p>\n<p class=\"QN2lPu\">&nbsp;&#8211; Tr\u1ea3 th\u1eb3ng<\/p>\n<p class=\"QN2lPu\">&nbsp;&#8211; Tr\u1ea3 g\u00f3p 0% b\u1eb1ng th\u1ebb t\u00edn d\u1ee5ng ( credit )&nbsp;<\/p>\n<p class=\"QN2lPu\">3. X\u00e1c nh\u1eadn \u0111\u01a1n h\u00e0ng<\/p>\n<p class=\"QN2lPu\">Sau khi \u0111\u1eb7t h\u00e0ng th\u00e0nh c\u00f4ng Shop li\u00ean h\u1ec7 v\u00e0 th\u00f4ng b\u00e1o th\u1eddi gian nh\u1eadn xe trong v\u00f2ng 24h<\/p>\n<p class=\"QN2lPu\">4. Nh\u1eadn xe:<\/p>\n<p class=\"QN2lPu\">Kh\u00e1ch h\u00e0ng ra nh\u1eadn xe t\u1ea1i \u0111\u1ea1i l\u00fd ch\u00ednh h\u00e3ng&nbsp;<\/p>\n<p class=\"QN2lPu\">\u0110\u1ea1i l\u00fd Yamaha Xe M\u00e1y 74&nbsp;KH\u00c2M THI\u00caN HN<\/p>\n<p class=\"QN2lPu\">\u0110T : 098 . 5877  . 381<\/p>\n<p class=\"QN2lPu\">\u2b50\ufe0f\u2b50\ufe0f\u2b50\ufe0f\u2b50\ufe0f\u2b50\ufe0f<\/p>\n<p class=\"QN2lPu\">YAMAHA LEXI<\/p>\n<p class=\"QN2lPu\">Xu\u1ea5t ph\u00e1t t\u1eeb kh\u00e1i ni\u1ec7m &#8220;k\u1ebft h\u1ee3p phong c\u00e1ch th\u1ec3 thao v\u00e0 s\u1ef1 tinh t\u1ebf th\u1eddi th\u01b0\u1ee3ng&#8221;, LEXI 2024 ho\u00e0n to\u00e0n m\u1edbi mang l\u1ea1i s\u1ee9c h\u1ea5p d\u1eabn kh\u00f3 c\u01b0\u1ee1ng v\u1edbi ki\u1ec3u d\u00e1ng hi\u1ec7n \u0111\u1ea1i v\u00e0 sang tr\u1ecdng, kh\u1ea3 n\u0103ng k\u1ebft n\u1ed1i \u0111i\u1ec7n tho\u1ea1i th\u00f4ng minh ti\u1ec7n l\u1ee3i, s\u1ee9c m\u1ea1nh kh\u1ed1i \u0111\u1ed9ng c\u01a1 155cc cho c\u00f4ng su\u1ea5t v\u00e0 hi\u1ec7u su\u1ea5t v\u01b0\u1ee3t tr\u1ed9i so v\u1edbi nh\u1eefng kh\u1ed1i \u0111\u1ed9ng c\u01a1 c\u00f9ng dung t\u00edch.<\/p>\n<p class=\"QN2lPu\">H\u1ec7 th\u1ed1ng ch\u1ed1ng b\u00f3 c\u1ee9ng phanh ABS (Anti-lock Braking System) l\u00e0 c\u01a1 c\u1ea5u phanh \u0111i\u1ec1u khi\u1ec3n \u0111i\u1ec7n t\u1eed, gi\u00fap ng\u0103n ng\u1eeba vi\u1ec7c h\u00e3m c\u1ee9ng b\u00e1nh xe trong t\u00ecnh hu\u1ed1ng phanh kh\u1ea9n c\u1ea5p, t\u0103ng s\u1ef1 tho\u1ea3i m\u00e1i v\u00e0 tr\u01a1n tru khi d\u1eebng xe cho ng\u01b0\u1eddi l\u00e1i khi \u0111i\u1ec1u khi\u1ec3n xe. H\u1ec7 th\u1ed1ng ch\u1ed1ng b\u00f3 c\u1ee9ng phanh ABS s\u1ebd t\u1ef1 \u0111\u1ed9ng nh\u1ea5p nh\u1ea3 gi\u00fap c\u00e1c b\u00e1nh xe kh\u00f4ng b\u1ecb b\u00f3 c\u1ee9ng.<\/p>\n<p class=\"QN2lPu\">\n<\/div>\n","protected":false},"excerpt":{"rendered":"<p>YAMAHA LEXI \u0111\u01b0\u1ee3c b\u1ea3o h\u00e0nh 3 n\u0103m ho\u1eb7c 30.000 km tu\u1ef3 theo \u0111i\u1ec1u ki\u00ean n\u00e0o \u0111\u1ebfn tr\u01b0\u1edbc&nbsp; Gi\u00e1 b\u00e1n xe \u0111\u00e3 bao g\u1ed3m thu\u1ebf VAT, ch\u01b0a bao g\u1ed3m thu\u1ebf tr\u01b0\u1edbc b\u1ea1, bi\u1ec3n s\u1ed1, chi ph\u00ed thanh to\u00e1n c\u1ee7a Shopee. YAMAHA 74 KH\u00c2M THI\u00caN&nbsp; &nbsp;&nbsp;c\u00f3 h\u1ed7 tr\u1ee3 v\u1ec1 th\u1ee7 t\u1ee5c \u0111\u0103ng k\u00fd, kh\u00e1ch h\u00e0ng mua xe&#8230;<\/p>\n","protected":false},"featured_media":13715,"comment_status":"open","ping_status":"closed","template":"","meta":[],"product_brand":[1383],"product_cat":[1211,1213],"product_tag":[],"class_list":{"0":"post-13709","1":"product","2":"type-product","3":"status-publish","4":"has-post-thumbnail","6":"product_brand-yamaha","7":"product_cat-mo-to","8":"product_cat-xe-tay-ga","10":"first","11":"instock","12":"sale","13":"featured","14":"shipping-taxable","15":"purchasable","16":"product-type-variable"},"_links":{"self":[{"href":"https:\/\/web-ban-le.mbws.vn\/oto-xe-may-xe-dap\/wp-json\/wp\/v2\/product\/13709","targetHints":{"allow":["GET"]}}],"collection":[{"href":"https:\/\/web-ban-le.mbws.vn\/oto-xe-may-xe-dap\/wp-json\/wp\/v2\/product"}],"about":[{"href":"https:\/\/web-ban-le.mbws.vn\/oto-xe-may-xe-dap\/wp-json\/wp\/v2\/types\/product"}],"replies":[{"embeddable":true,"href":"https:\/\/web-ban-le.mbws.vn\/oto-xe-may-xe-dap\/wp-json\/wp\/v2\/comments?post=13709"}],"wp:featuredmedia":[{"embeddable":true,"href":"https:\/\/web-ban-le.mbws.vn\/oto-xe-may-xe-dap\/wp-json\/wp\/v2\/media\/13715"}],"wp:attachment":[{"href":"https:\/\/web-ban-le.mbws.vn\/oto-xe-may-xe-dap\/wp-json\/wp\/v2\/media?parent=13709"}],"wp:term":[{"taxonomy":"product_brand","embeddable":true,"href":"https:\/\/web-ban-le.mbws.vn\/oto-xe-may-xe-dap\/wp-json\/wp\/v2\/product_brand?post=13709"},{"taxonomy":"product_cat","embeddable":true,"href":"https:\/\/web-ban-le.mbws.vn\/oto-xe-may-xe-dap\/wp-json\/wp\/v2\/product_cat?post=13709"},{"taxonomy":"product_tag","embeddable":true,"href":"https:\/\/web-ban-le.mbws.vn\/oto-xe-may-xe-dap\/wp-json\/wp\/v2\/product_tag?post=13709"}],"curies":[{"name":"wp","href":"https:\/\/api.w.org\/{rel}","templated":true}]}}