{"id":13710,"date":"2025-10-24T09:52:42","date_gmt":"2025-10-24T02:52:42","guid":{"rendered":"https:\/\/web-ban-le.mbws.vn\/oto-xe-may-xe-dap\/?post_type=product&#038;p=13710"},"modified":"2025-11-04T00:13:59","modified_gmt":"2025-11-03T17:13:59","slug":"xe-may-yamaha-xs155r-moi","status":"publish","type":"product","link":"https:\/\/web-ban-le.mbws.vn\/oto-xe-may-xe-dap\/san-pham\/xe-may-yamaha-xs155r-moi\/","title":{"rendered":"Xe M\u00e1y Yamaha XS155R m\u1edbi"},"content":{"rendered":"<div class=\"e8lZp3\">\n<p class=\"QN2lPu\">YAMAHA SX155R \u0111\u01b0\u1ee3c b\u1ea3o h\u00e0nh 3 n\u0103m ho\u1eb7c 30.000 km tu\u1ef3 theo \u0111i\u1ec1u ki\u00ean n\u00e0o \u0111\u1ebfn tr\u01b0\u1edbc&nbsp;<\/p>\n<p class=\"QN2lPu\">L\u01afU \u00dd : kh\u00e1ch h\u00e0ng nh\u1eafn tin cho shop \u0111\u1ec3 \u0111\u01b0\u1ee3c t\u01b0 v\u1ea5n tr\u01b0\u1edbc khi \u0111\u1eb7t h\u00e0ng&nbsp;<\/p>\n<p class=\"QN2lPu\">  Gi\u00e1 b\u00e1n xe \u0111\u00e3 bao g\u1ed3m thu\u1ebf VAT, ch\u01b0a bao g\u1ed3m thu\u1ebf tr\u01b0\u1edbc b\u1ea1, bi\u1ec3n s\u1ed1, chi ph\u00ed thanh to\u00e1n c\u1ee7a Shopee.<\/p>\n<p class=\"QN2lPu\">YAMAHA 74 KH\u00c2M THI\u00caN c\u00f3 h\u1ed7 tr\u1ee3 v\u1ec1 th\u1ee7 t\u1ee5c \u0111\u0103ng k\u00fd, kh\u00e1ch h\u00e0ng mua xe c\u00f3 th\u1ec3 T\u1ef0 \u0110I \u0110\u0102NG K\u00cd <\/p>\n<p class=\"QN2lPu\">Kh\u00e1ch h\u00e0ng nh\u1eadn xe t\u1ea1i c\u1eeda h\u00e0ng.<\/p>\n<p class=\"QN2lPu\">Th\u1eddi h\u1ea1n b\u1ea3o h\u00e0nh: 3 n\u0103m<\/p>\n<p class=\"QN2lPu\">\n<p class=\"QN2lPu\">C\u00c1C B\u01af\u1edaC MUA H\u00c0NG<\/p>\n<p class=\"QN2lPu\">1. Ch\u1ecdn xe:<\/p>\n<p class=\"QN2lPu\">Kh\u00e1ch h\u00e0ng ch\u1ecdn xe m\u00e0u s\u1eafc, phi\u00ean b\u1ea3n  v\u00e0 chat v\u1edbi c\u1eeda h\u00e0ng \u0111\u1ec3 bi\u1ebft th\u00eam th\u00f4ng tin v\u1ec1 s\u1ea3n ph\u1ea9m v\u00e0 c\u00e1c chi ph\u00ed ph\u00e1t sinh.<\/p>\n<p class=\"QN2lPu\">2. Ch\u1ecdn h\u00ecnh th\u1ee9c thanh to\u00e1n:<\/p>\n<p class=\"QN2lPu\"> &#8211; Tr\u1ea3 th\u1eb3ng: b\u1eb1ng Th\u1ebb t\u00edn d\u1ee5ng, V\u00ed AirPay<\/p>\n<p class=\"QN2lPu\"> &#8211; Tr\u1ea3 g\u00f3p 0% b\u1eb1ng th\u1ebb t\u00edn d\u1ee5ng ( credit ) <\/p>\n<p class=\"QN2lPu\">3. X\u00e1c nh\u1eadn \u0111\u01a1n h\u00e0ng<\/p>\n<p class=\"QN2lPu\">Sau khi \u0111\u1eb7t h\u00e0ng th\u00e0nh c\u00f4ng Shop li\u00ean h\u1ec7 v\u00e0 th\u00f4ng b\u00e1o th\u1eddi gian nh\u1eadn xe trong v\u00f2ng 24h<\/p>\n<p class=\"QN2lPu\">4. Nh\u1eadn xe:<\/p>\n<p class=\"QN2lPu\">Kh\u00e1ch h\u00e0ng ra nh\u1eadn xe t\u1ea1i \u0111\u1ea1i l\u00fd ch\u00ednh h\u00e3ng <\/p>\n<p class=\"QN2lPu\">74 kh\u00e2m thi\u00ean <\/p>\n<p class=\"QN2lPu\">*Sau khi \u0111\u1eb7t h\u00e0ng th\u00e0nh c\u00f4ng, c\u1eeda h\u00e0ng s\u1ebd li\u00ean h\u1ec7 v\u00e0 th\u00f4ng b\u00e1o th\u1eddi gian nh\u1eadn xe trong v\u00f2ng 24h.<\/p>\n<p class=\"QN2lPu\">\u0110\u1ea0I L\u00dd YAMAHA XE M\u00c1Y 74<\/p>\n<p class=\"QN2lPu\">\u0110T : 098.  5877.  381<\/p>\n<p class=\"QN2lPu\">\n<p class=\"QN2lPu\">Yamaha XS155R \u0111\u01b0\u1ee3c Yamaha Motor Vi\u1ec7t Nam ph\u00e2n ph\u1ed1i ch\u00ednh h\u00e3ng t\u1eeb \u0111\u1ea7u n\u0103m 2023. \u0110\u00e2y l\u00e0 d\u00f2ng xe r\u1ea5t \u0111\u00e1ng \u0111\u01b0\u1ee3c mong ch\u1edd nh\u1edd thi\u1ebft k\u1ebf c\u1ed5 \u0111i\u1ec3n \u0111\u1eb9p m\u1eaft nh\u01b0ng v\u1eabn s\u1edf h\u1eefu kh\u1ed1i \u0111\u1ed9ng c\u01a1 m\u1ea1nh m\u1ebd. V\u1edbi th\u00f4ng \u0111i\u1ec7p \u201cFeel your ride: L\u00e1i c\u1ea3m x\u00fac, Ch\u1ea5t \u0111am m\u00ea\u201d, XS155R \u0111\u01b0\u1ee3c k\u1ef3 v\u1ecdng mang \u0111\u1ebfn nh\u1eefng tr\u1ea3i nghi\u1ec7m l\u00e1i ph\u1ea5n kh\u00edch v\u00e0 th\u00fa v\u1ecb cho kh\u00e1ch h\u00e0ng.<\/p>\n<\/div>\n","protected":false},"excerpt":{"rendered":"<p>YAMAHA SX155R \u0111\u01b0\u1ee3c b\u1ea3o h\u00e0nh 3 n\u0103m ho\u1eb7c 30.000 km tu\u1ef3 theo \u0111i\u1ec1u ki\u00ean n\u00e0o \u0111\u1ebfn tr\u01b0\u1edbc&nbsp; L\u01afU \u00dd : kh\u00e1ch h\u00e0ng nh\u1eafn tin cho shop \u0111\u1ec3 \u0111\u01b0\u1ee3c t\u01b0 v\u1ea5n tr\u01b0\u1edbc khi \u0111\u1eb7t h\u00e0ng&nbsp; Gi\u00e1 b\u00e1n xe \u0111\u00e3 bao g\u1ed3m thu\u1ebf VAT, ch\u01b0a bao g\u1ed3m thu\u1ebf tr\u01b0\u1edbc b\u1ea1, bi\u1ec3n s\u1ed1, chi ph\u00ed thanh to\u00e1n c\u1ee7a&#8230;<\/p>\n","protected":false},"featured_media":13734,"comment_status":"open","ping_status":"closed","template":"","meta":[],"product_brand":[1383],"product_cat":[1211,1213],"product_tag":[],"class_list":{"0":"post-13710","1":"product","2":"type-product","3":"status-publish","4":"has-post-thumbnail","6":"product_brand-yamaha","7":"product_cat-mo-to","8":"product_cat-xe-tay-ga","10":"first","11":"instock","12":"sale","13":"featured","14":"shipping-taxable","15":"purchasable","16":"product-type-variable"},"_links":{"self":[{"href":"https:\/\/web-ban-le.mbws.vn\/oto-xe-may-xe-dap\/wp-json\/wp\/v2\/product\/13710","targetHints":{"allow":["GET"]}}],"collection":[{"href":"https:\/\/web-ban-le.mbws.vn\/oto-xe-may-xe-dap\/wp-json\/wp\/v2\/product"}],"about":[{"href":"https:\/\/web-ban-le.mbws.vn\/oto-xe-may-xe-dap\/wp-json\/wp\/v2\/types\/product"}],"replies":[{"embeddable":true,"href":"https:\/\/web-ban-le.mbws.vn\/oto-xe-may-xe-dap\/wp-json\/wp\/v2\/comments?post=13710"}],"wp:featuredmedia":[{"embeddable":true,"href":"https:\/\/web-ban-le.mbws.vn\/oto-xe-may-xe-dap\/wp-json\/wp\/v2\/media\/13734"}],"wp:attachment":[{"href":"https:\/\/web-ban-le.mbws.vn\/oto-xe-may-xe-dap\/wp-json\/wp\/v2\/media?parent=13710"}],"wp:term":[{"taxonomy":"product_brand","embeddable":true,"href":"https:\/\/web-ban-le.mbws.vn\/oto-xe-may-xe-dap\/wp-json\/wp\/v2\/product_brand?post=13710"},{"taxonomy":"product_cat","embeddable":true,"href":"https:\/\/web-ban-le.mbws.vn\/oto-xe-may-xe-dap\/wp-json\/wp\/v2\/product_cat?post=13710"},{"taxonomy":"product_tag","embeddable":true,"href":"https:\/\/web-ban-le.mbws.vn\/oto-xe-may-xe-dap\/wp-json\/wp\/v2\/product_tag?post=13710"}],"curies":[{"name":"wp","href":"https:\/\/api.w.org\/{rel}","templated":true}]}}